{"id":8450,"date":"2026-03-27T10:56:40","date_gmt":"2026-03-27T09:56:40","guid":{"rendered":"https:\/\/cirnef.normandie-univ.fr\/?page_id=8450"},"modified":"2026-03-27T11:12:03","modified_gmt":"2026-03-27T10:12:03","slug":"hdr-soutenues-au-cirnef-2020-2025","status":"publish","type":"page","link":"https:\/\/cirnef.normandie-univ.fr\/?page_id=8450","title":{"rendered":"HDR soutenues au CIRNEF 2020-2026"},"content":{"rendered":"\n\n\t<p><strong>2026<\/strong><\/p>\n<strong>HDR d&rsquo;\u00c9milie Dubois<br \/>\nle 10 f\u00e9vrier 2026 \u00e0 l&rsquo;Universit\u00e9 de Caen Normandie<br \/>\n<\/strong><em>Accompagner les pratiques innovantes par la recherche en p\u00e9dagogie. Pour le d\u00e9veloppement d&rsquo;une recherche sur la relation \u00e9ducative<\/em><strong><br \/>\n<\/strong>Garant : Laurent Lescouarch<br \/>\nJury : J. Delalande (Caen), L. Gutierrez (Paris Nanterre), J. Houssaye (Rouen), M. Janner-Raimondi (Sorbonne Paris Nord), F. Serina-Karsky (ICP), S. Wagnon (Montpellier) et L. Lescouarch (Caen).\n<p><strong>2025<\/strong><\/p>\n<strong>HDR de St\u00e9phanie Gasse<\/strong><br \/>\n<strong>le 26 f\u00e9vrier 2025 \u00e0 l&rsquo;Universit\u00e9 de Rouen Normandie<\/strong><br \/>\n<em>Les espaces sociaux de formation humaine : une configuration des conceptions multiformes en \u00e9ducation et formation<\/em><br \/>\nGarant : Thierry Ardouin<br \/>\nJury : I. Barbosa de Oliveira (Universidade Est\u00e1cio de S\u00e1, Br\u00e9sil), M. Hatano-Chalvidan (Strasbourg), J. Houssaye (Rouen), J. Paiva (Universidade do Estado do Rio de Janeiro, UERJ, Br\u00e9sil), P. Roquet (CNAM, Paris), R. Wittorski (Rouen) et T. Ardouin (Rouen).\n<strong>HDR de Matthieu Laville<\/strong><br \/>\n<strong>le 17 juin 2025 \u00e0 l&rsquo;Universit\u00e9 de Caen Normandie<\/strong><br \/>\n<em>Proposition ouverte \u00e0 une vision non-innocente de l&rsquo;\u00e9ducation inclusive<\/em><br \/>\nGarant : Philippe Mazereau<br \/>\nJury : S. Alvarez de Toledo (\u00e9ditrice et historienne de l&rsquo;art), L. Gremion (HEP, canton de Vaud, Suisse), L. Gutierrez (Paris Nanterre), M. Janner-Raimondi (Sorbonne Paris Nord), L. Pelletier (Lyon 2), M. Winance (Inserm, Cermes3), R. Wittorski (Rouen) et P. Mazereau (Caen).\n<p><strong>2024<\/strong><\/p>\n<strong>HDR d&rsquo;Alexandre Ploy\u00e9<\/strong><br \/>\n<strong>le 14 mars 2024 \u00e0 l&rsquo;Universit\u00e9 de Rouen Normandie<\/strong><br \/>\n<em>\u00c9l\u00e9ments pour une th\u00e9orie critique de l&rsquo;inclusion scolaire<\/em><br \/>\nGarant : Arnaud Dubois<br \/>\nJury : G. Pelgrims (Gen\u00e8ve), S. Canat (Montpellier), M. Kohout-Diaz (Bordeaux), C. Delarue-Breton (Rouen), L. Gavarini (Paris 8 Vincennes Saint Denis) et A. Dubois (Rouen).\n<strong>HDR de Najoua Mohib<\/strong><br \/>\n<strong>le 22 novembre 2024 \u00e0 l&rsquo;Universit\u00e9 de Rouen Normandie<\/strong><br \/>\n<em>L&rsquo;ing\u00e9nierie p\u00e9dagogique : une pratique r\u00e9v\u00e9latrice des dynamiques transformationnelles des \u00e9cosyst\u00e8mes de l&rsquo;\u00e9ducation et de la formation<\/em><br \/>\nGarant : Richard Wittorski<br \/>\nJury : P. Champy-Remoussenard (Lille), B. De Li\u00e8vre (Mons, Belgique), L. Durat (UHA), J.-F. Marcel (Toulouse), J. Thievenaz (UPEC) et R. Wittorski (Rouen).\n<strong>HDR de Xavier Sido<\/strong><br \/>\n<strong>le 28 novembre 2024 \u00e0 l&rsquo;Universit\u00e9 de Caen Normandie<\/strong><br \/>\n<em>L&rsquo;enseignement math\u00e9matique dans la formation professionnelle scolaris\u00e9e : une identit\u00e9 singuli\u00e8re ? Questions par et pour la didactique des math\u00e9matiques<\/em><br \/>\nGarante : Isabelle Harl\u00e9<br \/>\nJury : C. Chambris (Cergy), G. Gueudet (Paris Saclay), J. Lebeaume (Paris-Cit\u00e9), F. Maillard (Paris 8), Y. Reuter (Lille), A. Zaid (Lille) et I. Harl\u00e9 (Caen).\n<strong>HDR de Herv\u00e9 Daguet<\/strong><br \/>\n<strong>le 4 d\u00e9cembre 2024 \u00e0 l&rsquo;Universit\u00e9 de Rouen Normandie<\/strong><br \/>\n<em>Des dispositifs num\u00e9riques pour accompagner et former aux espaces sociaux en \u00e9ducation et en formation<\/em><br \/>\nGarant : Jean-Luc Rinaudo<br \/>\nJury : G.L. Baron (Paris Cit\u00e9), J. Beziat (Caen), B. Coulibaly (UHA), A. Cordier (Univ. de Lorraine), A. Jaillet (CY Paris Universit\u00e9), C. Papi (T\u00c9LUQ, Qu\u00e9bec, Canada) et J.-L. Rinaudo (Rouen).\n<p><strong>2023<\/strong><\/p>\n<strong>HDR d&rsquo;Elsa Chachkine<\/strong><br \/>\n<strong>le 31 mai 2023 \u00e0 l&rsquo;Universit\u00e9 de Rouen Normandie<\/strong><br \/>\n<em>Penser les formations. De la conception de dispositifs d&rsquo;apprentissage des langues aux dispositifs d&rsquo;accompagnement \u00e0 la recherche<\/em><br \/>\nGarante : Emmanuelle Annoot<br \/>\nJury : L. Cadet (Cergy-Pontoise), L. Cosnefroy (Lyon), A. Dubois (Rouen), M. Frenay (Louvain-la-Neuve, Belgique), J.-L. Rinaudo (Rouen) et E. Annoot (Rouen).\n<p><strong>2022<\/strong><\/p>\n<strong>HDR de Maude Hatano-Chalvidan<\/strong><br \/>\n<strong>le 17 novembre 2022 \u00e0 l&rsquo;Universit\u00e9 de Caen Normandie<\/strong><br \/>\n<em>Les positionnements identitaires : pour une approche des professionnalit\u00e9s par les discours sur soi<\/em><br \/>\nGarant : Thierry Piot<br \/>\nJury : M. Kaddouri (Lille), J.F. Marcel (Toulouse), C. Niewiadomski (Lille), T. Perez-Roux (Montpellier), T. Piot (Caen), D. Perisset-Bagnoud (Gen\u00e8ve) et R. Wittorski (Rouen).\n<p><strong>2021<\/strong><\/p>\n<strong>HDR d&rsquo;\u00c9ric Saillot<\/strong><br \/>\n<strong>le 29 juin 2021 \u00e0 l&rsquo;Universit\u00e9 de Caen Normandie<\/strong><br \/>\n<em>Contribution \u00e0 une th\u00e9orie de l&rsquo;activit\u00e9 d&rsquo;ajustement : approche compr\u00e9hensive et transformative, du travail enseignant aux m\u00e9tiers de l&rsquo;interaction humaine<\/em><br \/>\nGarant : Thierry Piot<br \/>\nJury : M. Altet (Nantes), J.-F. Marcel (Toulouse), F. Saujat (AMU), D. Bucheton (Montpellier), L. Numa-Dubocage (Cergy-Pontoise), T. Piot (Caen) et J. Thievenaz (UPEC).\n<strong>HDR de B\u00e9atrice Savarieau<\/strong><br \/>\n<strong>le 17 d\u00e9cembre 2021 \u00e0 l&rsquo;Universit\u00e9 de Rouen Normandie<\/strong><br \/>\n<em>\u00ab\u00a0La distance capacitante\u00a0\u00bb, une approche de la construction sociale des espaces num\u00e9riques d&rsquo;apprentissage en formation des adultes<\/em><br \/>\nGarant : Richard Wittorski<br \/>\nJury : J. Audran (Strasbourg), J. Beziat (Caen), G. Lameul (Rennes), S. Fernagu (Paris), S. Simonian (Lyon), J.-F. Th\u00e9mines (Caen) et R. Wittorski (Rouen).\n<p><strong>2020<\/strong><\/p>\n<strong>HDR de Diane Bedoin<\/strong><br \/>\n<strong>le 1er d\u00e9cembre 2020 \u00e0 l&rsquo;Universit\u00e9 de Rouen Normandie<\/strong><br \/>\n<em>Parcours identitaires et inclusifs. Pour une approche sociologique de la surdit\u00e9 et du handicap dans les recherches en \u00e9ducation<\/em><br \/>\nGarante : Emmanuelle Annoot<br \/>\nJury : E. Annoot (Rouen), A. Barr\u00e8re (Paris Descartes), A. Blanc (Grenoble), M. Janner-Raimondi (Paris Sorbonne Nord), E. Plaisance (Paris Descartes), D. Poizat (Lyon) et P. Tremblay (Laval, Qu\u00e9bec).\n\n","protected":false},"excerpt":{"rendered":"<p>2026 HDR d&rsquo;\u00c9milie Dubois le 10 f\u00e9vrier 2026 \u00e0 l&rsquo;Universit\u00e9 de Caen Normandie Accompagner les pratiques innovantes par la recherche en p\u00e9dagogie. Pour le d\u00e9veloppement d&rsquo;une recherche sur la relation \u00e9ducative Garant : Laurent Lescouarch Jury : J. Delalande (Caen), L. Gutierrez (Paris Nanterre), J. Houssaye (Rouen), M. Janner-Raimondi (Sorbonne Paris Nord), F. Serina-Karsky (ICP), &hellip;<\/p>\n<p class=\"read-more\"> <a class=\"\" href=\"https:\/\/cirnef.normandie-univ.fr\/?page_id=8450\"> <span class=\"screen-reader-text\">HDR soutenues au CIRNEF 2020-2026<\/span> Lire la suite \u00bb<\/a><\/p>\n","protected":false},"author":8,"featured_media":0,"parent":0,"menu_order":0,"comment_status":"closed","ping_status":"closed","template":"","meta":{"site-sidebar-layout":"default","site-content-layout":"default","ast-global-header-display":"","ast-main-header-display":"","ast-hfb-above-header-display":"","ast-hfb-below-header-display":"","ast-hfb-mobile-header-display":"","site-post-title":"","ast-breadcrumbs-content":"","ast-featured-img":"","footer-sml-layout":"","theme-transparent-header-meta":"","adv-header-id-meta":"","stick-header-meta":"","header-above-stick-meta":"","header-main-stick-meta":"","header-below-stick-meta":"","footnotes":""},"coauthors":[23],"class_list":["post-8450","page","type-page","status-publish","hentry"],"_links":{"self":[{"href":"https:\/\/cirnef.normandie-univ.fr\/index.php?rest_route=\/wp\/v2\/pages\/8450","targetHints":{"allow":["GET"]}}],"collection":[{"href":"https:\/\/cirnef.normandie-univ.fr\/index.php?rest_route=\/wp\/v2\/pages"}],"about":[{"href":"https:\/\/cirnef.normandie-univ.fr\/index.php?rest_route=\/wp\/v2\/types\/page"}],"author":[{"embeddable":true,"href":"https:\/\/cirnef.normandie-univ.fr\/index.php?rest_route=\/wp\/v2\/users\/8"}],"replies":[{"embeddable":true,"href":"https:\/\/cirnef.normandie-univ.fr\/index.php?rest_route=%2Fwp%2Fv2%2Fcomments&post=8450"}],"version-history":[{"count":5,"href":"https:\/\/cirnef.normandie-univ.fr\/index.php?rest_route=\/wp\/v2\/pages\/8450\/revisions"}],"predecessor-version":[{"id":8462,"href":"https:\/\/cirnef.normandie-univ.fr\/index.php?rest_route=\/wp\/v2\/pages\/8450\/revisions\/8462"}],"wp:attachment":[{"href":"https:\/\/cirnef.normandie-univ.fr\/index.php?rest_route=%2Fwp%2Fv2%2Fmedia&parent=8450"}],"wp:term":[{"taxonomy":"author","embeddable":true,"href":"https:\/\/cirnef.normandie-univ.fr\/index.php?rest_route=%2Fwp%2Fv2%2Fcoauthors&post=8450"}],"curies":[{"name":"wp","href":"https:\/\/api.w.org\/{rel}","templated":true}]}}