{"id":7306,"date":"2024-12-10T10:21:23","date_gmt":"2024-12-10T09:21:23","guid":{"rendered":"http:\/\/cirnef.normandie-univ.fr\/?page_id=7306"},"modified":"2025-05-07T12:12:29","modified_gmt":"2025-05-07T10:12:29","slug":"pauline-born","status":"publish","type":"page","link":"https:\/\/cirnef.normandie-univ.fr\/?page_id=7306","title":{"rendered":"Pauline Born"},"content":{"rendered":"\n\n\t\t\t\t<a href=\"https:\/\/cirnef.normandie-univ.fr\/wp-content\/uploads\/2024\/12\/image1420-1.png\" target=\"_self\" itemprop=\"url\">\n\t\t\t\t<img loading=\"lazy\" decoding=\"async\" src=\"https:\/\/cirnef.normandie-univ.fr\/wp-content\/uploads\/2024\/12\/image1420-1.png\" alt=\"image1420\" itemprop=\"image\" height=\"580\" width=\"547\" title=\"image1420\" onerror=\"this.style.display='none'\"  \/>\n\t\t\t\t<\/a>\n\t<h2>Identit\u00e9<\/h2>\n<h4>Pauline BORN<\/h4>\nAdresse :<br \/>\nUniversit\u00e9 de Rouen Normandie<br \/>\nUFR des Sciences de l&rsquo;Homme et de la Soci\u00e9t\u00e9<br \/>\nCIRNEF UR 7454<br \/>\nRue Lavoisier<br \/>\n76821 Mont-Saint-Aignan cedex\nEmail : pauline.born@univ-rouen.fr<br \/>\nListe des publications dans HAL : <a href=\"\/\/cv.hal.science\/pauline-born\">lien<\/a>\n\t<h2>Mots-cl\u00e9s<\/h2>\n<blockquote><p>Formation des adultes ; Professionnalisation ; Comp\u00e9tence ; Identit\u00e9 professionnelle ; Engagement<\/p><\/blockquote>\n\t\t\t<a href=\"#\" id=\"fl-accordion--label-0\" tabindex=\"0\" aria-controls=\"fl-accordion--panel-0\">Pr\u00e9sentation<\/a>\n\t\t\t\t\t\t\t<a href=\"#\" id=\"fl-accordion--icon-0\" tabindex=\"0\" aria-controls=\"fl-accordion--panel-0\"><i>Collapse<\/i><\/a>\n\t\t<p>Ma\u00eetresse de conf\u00e9rences en sciences de l&rsquo;\u00e9ducation et de la formation<\/p>\n<p>Responsable du M2 ICFDC<\/p>\n<p>Rattach\u00e9e au th\u00e8me 2 du laboratoire<\/p>\n\t\t\t<a href=\"#\" id=\"fl-accordion--label-0\" tabindex=\"0\" aria-controls=\"fl-accordion--panel-0\">Recherche<\/a>\n\t\t\t\t\t\t\t<a href=\"#\" id=\"fl-accordion--icon-0\" tabindex=\"0\" aria-controls=\"fl-accordion--panel-0\"><i>Collapse<\/i><\/a>\n\t\t<p>Ma recherche s&rsquo;inscrit principalement dans le champ de la formation des adultes.<\/p>\n<p>Mes travaux de th\u00e8se ont port\u00e9 sur l&rsquo;impact de la formation initiale des sapeurs-pompiers volontaires sur leur processus de professionnalisation. B\u00e9n\u00e9ficiant d&rsquo;un financement CIFRE, j&rsquo;ai pu acc\u00e9der \u00e0 un terrain de recherche rare pour collecter mes donn\u00e9es. J&rsquo;ai interrog\u00e9 des sapeurs-pompiers volontaires toujours en activit\u00e9, mais aussi des individus d\u00e9crocheurs. En m&rsquo;appuyant sur une approche quantitative, et en mobilisant en particulier des mod\u00e9lisations de relations structurelles bas\u00e9es sur une analyse des structures de covariance, je me suis concentr\u00e9e sur le processus d&rsquo;appropriation de cette formation et sur le processus de professionnalisation de cette population. En parall\u00e8le, une approche qualitative, bas\u00e9e essentiellement sur l&rsquo;analyse d&rsquo;entretiens semi-directifs, m&rsquo;a permis de mettre en lumi\u00e8re les obstacles rencontr\u00e9s par les sapeurs-pompiers volontaires au cours de leur formation initiale, mais \u00e9galement dans leur engagement en g\u00e9n\u00e9ral. Je poursuis actuellement ces travaux de recherche en m&rsquo;int\u00e9ressant d\u00e9sormais \u00e0 la population des formateurs chez les sapeurs-pompiers, en lien avec leur propre formation et leur professionnalisation.<\/p>\n<p>En parall\u00e8le, j&rsquo;ai particip\u00e9 \u00e0 diff\u00e9rentes recherches li\u00e9es \u00e0 la question de la professionnalisation des enseignants \u00e0 l&rsquo;universit\u00e9.<\/p>\n\t\t\t<a href=\"#\" id=\"fl-accordion--label-1\" tabindex=\"0\" aria-controls=\"fl-accordion--panel-1\">M\u00e9thodes de recherche<\/a>\n\t\t\t\t\t\t\t<a href=\"#\" id=\"fl-accordion--icon-1\" tabindex=\"0\" aria-controls=\"fl-accordion--panel-1\"><i>Expand<\/i><\/a>\n\t\tApproche quantitative ; approche qualitative ; approche mixte\n\t\t\t<a href=\"#\" id=\"fl-accordion--label-2\" tabindex=\"0\" aria-controls=\"fl-accordion--panel-2\">Enseignement<\/a>\n\t\t\t\t\t\t\t<a href=\"#\" id=\"fl-accordion--icon-2\" tabindex=\"0\" aria-controls=\"fl-accordion--panel-2\"><i>Expand<\/i><\/a>\n\t\t<p>Mes cours sont essentiellement en lien avec la formation des adultes et sont dispens\u00e9s aux \u00e9tudiants de licence et aux \u00e9tudiants de master rattach\u00e9s au d\u00e9partement de sciences de l&rsquo;\u00e9ducation et de la formation.<\/p>\n\n","protected":false},"excerpt":{"rendered":"<p>Identit\u00e9 Pauline BORN Adresse : Universit\u00e9 de Rouen Normandie UFR des Sciences de l&rsquo;Homme et de la Soci\u00e9t\u00e9 CIRNEF UR 7454 Rue Lavoisier 76821 Mont-Saint-Aignan cedex Email : pauline.born@univ-rouen.fr Liste des publications dans HAL : lien Mots-cl\u00e9s Formation des adultes ; Professionnalisation ; Comp\u00e9tence ; Identit\u00e9 professionnelle ; Engagement Pr\u00e9sentation Collapse Ma\u00eetresse de conf\u00e9rences en &hellip;<\/p>\n<p class=\"read-more\"> <a class=\"\" href=\"https:\/\/cirnef.normandie-univ.fr\/?page_id=7306\"> <span class=\"screen-reader-text\">Pauline Born<\/span> Lire la suite \u00bb<\/a><\/p>\n","protected":false},"author":163,"featured_media":0,"parent":0,"menu_order":0,"comment_status":"closed","ping_status":"closed","template":"","meta":{"site-sidebar-layout":"default","site-content-layout":"default","ast-global-header-display":"","ast-main-header-display":"","ast-hfb-above-header-display":"","ast-hfb-below-header-display":"","ast-hfb-mobile-header-display":"","site-post-title":"","ast-breadcrumbs-content":"","ast-featured-img":"","footer-sml-layout":"","theme-transparent-header-meta":"","adv-header-id-meta":"","stick-header-meta":"","header-above-stick-meta":"","header-main-stick-meta":"","header-below-stick-meta":"","footnotes":""},"coauthors":[],"class_list":["post-7306","page","type-page","status-publish","hentry"],"_links":{"self":[{"href":"https:\/\/cirnef.normandie-univ.fr\/index.php?rest_route=\/wp\/v2\/pages\/7306","targetHints":{"allow":["GET"]}}],"collection":[{"href":"https:\/\/cirnef.normandie-univ.fr\/index.php?rest_route=\/wp\/v2\/pages"}],"about":[{"href":"https:\/\/cirnef.normandie-univ.fr\/index.php?rest_route=\/wp\/v2\/types\/page"}],"author":[{"embeddable":true,"href":"https:\/\/cirnef.normandie-univ.fr\/index.php?rest_route=\/wp\/v2\/users\/163"}],"replies":[{"embeddable":true,"href":"https:\/\/cirnef.normandie-univ.fr\/index.php?rest_route=%2Fwp%2Fv2%2Fcomments&post=7306"}],"version-history":[{"count":1,"href":"https:\/\/cirnef.normandie-univ.fr\/index.php?rest_route=\/wp\/v2\/pages\/7306\/revisions"}],"predecessor-version":[{"id":7725,"href":"https:\/\/cirnef.normandie-univ.fr\/index.php?rest_route=\/wp\/v2\/pages\/7306\/revisions\/7725"}],"wp:attachment":[{"href":"https:\/\/cirnef.normandie-univ.fr\/index.php?rest_route=%2Fwp%2Fv2%2Fmedia&parent=7306"}],"wp:term":[{"taxonomy":"author","embeddable":true,"href":"https:\/\/cirnef.normandie-univ.fr\/index.php?rest_route=%2Fwp%2Fv2%2Fcoauthors&post=7306"}],"curies":[{"name":"wp","href":"https:\/\/api.w.org\/{rel}","templated":true}]}}