{"id":606,"date":"2019-02-07T11:00:04","date_gmt":"2019-02-07T10:00:04","guid":{"rendered":"http:\/\/cirnef.normandie-univ.fr\/?page_id=606"},"modified":"2026-04-03T16:58:34","modified_gmt":"2026-04-03T14:58:34","slug":"programmes-de-recherche","status":"publish","type":"page","link":"https:\/\/cirnef.normandie-univ.fr\/?page_id=606","title":{"rendered":"Recherches"},"content":{"rendered":"\n\n\t<strong>Projet \u00ab\u00a0Les repr\u00e9sentations du service sanitaire des \u00e9tudiants en sant\u00e9 normand par les r\u00e9f\u00e9rents de proximit\u00e9\u00a0\u00bb<br \/>\n<\/strong>2026-2027\n<p>Cette recherche s&rsquo;int\u00e9resse aux \u00e9carts entre les prescriptions concernant les missions de stage de service sanitaire normand des \u00e9tudiants en sant\u00e9 et les pratiques r\u00e9elles (notamment concernant les th\u00e9matiques des actions d&rsquo;\u00e9ducation \u00e0 la sant\u00e9 et les publics cibles de ces actions). L&rsquo;objectif est de faire un \u00e9tat des lieux des pratiques d\u00e9clar\u00e9es par les r\u00e9f\u00e9rents de proximit\u00e9 (tuteurs de stage) et d&rsquo;apporter des \u00e9l\u00e9ments de compr\u00e9hension des \u00e9carts entre prescriptions et pratiques r\u00e9elles \u00e0 partir de leurs repr\u00e9sentations.<\/p>\n<p><u>Porteurs<\/u>\u00a0: C\u00e9line Mahieu, ma\u00eetre de conf\u00e9rences, CIRNEF\u00a0: <a href=\"mailto:celine.mahieu1@univ-rouen.fr\">celine.mahieu1@univ-rouen.fr<\/a> et Delphine Guyet, ma\u00eetresse de conf\u00e9rences associ\u00e9e, CIRNEF : <a href=\"mailto:delphine.guyet@unicaen.fr\">delphine.guyet@unicaen.fr<\/a><\/p>\n<p>Cette recherche est r\u00e9alis\u00e9e avec la participation de Carole Pornet, m\u00e9decin inspecteur de sant\u00e9 publique \u00e0 la Direction de la sant\u00e9 publique \/ P\u00f4le pr\u00e9vention promotion de la sant\u00e9 de l&rsquo;ARS Normandie \u00e0 Caen, et avec Jo\u00ebl Ladner, ma\u00eetre de conf\u00e9rences des universit\u00e9s habilit\u00e9 \u00e0 diriger des recherches \u00e0 l&rsquo;INSERM UMR 1073 de l&rsquo;Universit\u00e9 de Rouen-Normandie et praticien hospitalier responsable du D\u00e9partement d&rsquo;\u00e9pid\u00e9miologie et de promotion de la sant\u00e9 du Centre hospitalier universitaire de Rouen Normandie.<\/p>\n<p><img loading=\"lazy\" decoding=\"async\" src=\"http:\/\/cirnef.normandie-univ.fr\/wp-content\/uploads\/2025\/06\/logo-univ-rouen-normandie-couleur-300x108.png\" alt=\"\" width=\"130\" height=\"47\" \/><\/p>\n<p>&nbsp;<\/p>\n<strong><br \/>\n***<\/strong>\n<strong>Projet \u00ab\u00a0TrEMa\u00a0\u00bb (Transformation des Etudes de Ma\u00efeutique)<br \/>\n<\/strong>2025-2032<strong><br \/>\n<\/strong>\n<p><img loading=\"lazy\" decoding=\"async\" src=\"http:\/\/cirnef.normandie-univ.fr\/wp-content\/uploads\/2025\/06\/LOGO-TREMA-rose-203x300.png\" alt=\"\" width=\"107\" height=\"158\" \/><\/p>\n<p>Ce projet vise \u00e0 \u00e9tudier l&rsquo;appropriation et les perceptions de la r\u00e9forme des \u00e9tudes de sage-femme suite \u00e0 la loi du 25 janvier 2023, pr\u00e9voyant notamment un nouveau r\u00e9f\u00e9rentiel de formation bas\u00e9 sur une approche par comp\u00e9tences, avec l&rsquo;ajout d&rsquo;un troisi\u00e8me cycle et la d\u00e9livrance d&rsquo;un titre de Docteur en ma\u00efeutique. Le projet se fonde sur une approche m\u00e9thodologique mixte et longitudinale aupr\u00e8s de plusieurs cat\u00e9gories de participants (des \u00e9tudiants sages-femmes, des sages-femmes enseignantes, des enseignants-chercheurs en ma\u00efeutique, des responsables de structures de formation en ma\u00efeutique, des sages-femmes cliniciennes, diff\u00e9rents professionnels de sant\u00e9, des repr\u00e9sentants administratifs institutionnels et politiques, des usagers).<\/p>\nPorteur\u00a0: C\u00e9line Mahieu, ma\u00eetre de conf\u00e9rences, CIRNEF : <a href=\"mailto:celine.mahieu1@univ-rouen.fr\">celine.mahieu1@univ-rouen.fr<\/a><br \/>\nCo-porteur : Anne Demeester, ma\u00eetre de conf\u00e9rences, ADEF<br \/>\nFinancement : Association nationale des sages-femmes coordinatrices, Conf\u00e9rence nationale des enseignants en ma\u00efeutique, Conseil national professionnel de ma\u00efeutique<br \/>\nPartenaires\u00a0: Aix-Marseille Universit\u00e9, laboratoire ADEF\n<p><img loading=\"lazy\" decoding=\"async\" src=\"http:\/\/cirnef.normandie-univ.fr\/wp-content\/uploads\/2025\/06\/logo-univ-rouen-normandie-couleur-300x108.png\" alt=\"\" width=\"130\" height=\"47\" \/><\/p>\n<p><img loading=\"lazy\" decoding=\"async\" src=\"http:\/\/cirnef.normandie-univ.fr\/wp-content\/uploads\/2025\/06\/AMU-v2.png\" alt=\"\" width=\"110\" height=\"51\" \/><\/p>\n<p>&nbsp;<\/p>\n<strong><br \/>\n***<\/strong>\n<strong>Projet \u00ab <\/strong><strong>L&rsquo;impact de la formation des formateurs sur leur professionnalisation chez les sapeurs-pompiers<\/strong><strong>\u00a0\u00bb<\/strong><strong><br \/>\n<\/strong>2025-2028\n<p>Cette recherche s&rsquo;int\u00e9resse aux formateurs sapeurs-pompiers, en particulier \u00e0 leur formation et \u00e0 leur professionnalisation, avec trois objectifs distincts : cerner l&rsquo;identit\u00e9 professionnelle des accompagnateurs de proximit\u00e9, identifier l&rsquo;effet de la formation des formateurs-accompagnateurs sur leur engagement professionnel et analyser les comp\u00e9tences li\u00e9es \u00e0 l&rsquo;approche par les comp\u00e9tences (APC) d\u00e9velopp\u00e9es par les concepteurs de formation au cours de leur formation.<\/p>\n<u>Porteur\u00a0<\/u>: Pauline Born, ma\u00eetresse de conf\u00e9rences, CIRNEF : <a href=\"mailto:pauline.born@univ-rouen.fr\">pauline.born@univ-rouen.fr<\/a><br \/>\nPartenaires : SDIS 27, SDIS 76, SDIS 49 et SDIS 50.\n<p><img loading=\"lazy\" decoding=\"async\" src=\"http:\/\/cirnef.normandie-univ.fr\/wp-content\/uploads\/2025\/06\/logo-univ-rouen-normandie-couleur-300x108.png\" alt=\"\" width=\"130\" height=\"47\" \/><\/p>\n<p>&nbsp;<\/p>\n<strong><br \/>\n***<\/strong>\n<strong>Projet \u00ab<\/strong><strong> La cohabitation des valeurs acad\u00e9miques et entrepreneuriales : une exploration des dilemmes \u00e9thiques des doctorats financ\u00e9s avec une CIFRE<\/strong><strong>\u00a0\u00bb<br \/>\n<\/strong>2025-2028\n<p>Cette recherche s&rsquo;int\u00e9resse au financement des th\u00e8ses par le biais d&rsquo;une CIFRE. Nous nous int\u00e9ressons aux interactions entre les trois acteurs principaux de ce type de convention : le doctorant, le laboratoire acad\u00e9mique et l&rsquo;entreprise. Nous cherchons \u00e0 appr\u00e9hender l&rsquo;influence des relations sur le d\u00e9roulement de la recherche et sur le manuscrit de th\u00e8se.<\/p>\n<p><u>Porteurs<\/u>\u00a0: Pauline Born, ma\u00eetresse de conf\u00e9rences, CIRNEF\u00a0: <a href=\"mailto:pauline.born@univ-rouen.fr\">pauline.born@univ-rouen.fr<\/a> et C\u00e9line Mahieu, ma\u00eetre de conf\u00e9rences, CIRNEF\u00a0: <a href=\"mailto:celine.mahieu1@univ-rouen.fr\">celine.mahieu1@univ-rouen.fr<\/a><\/p>\n<p><img loading=\"lazy\" decoding=\"async\" src=\"http:\/\/cirnef.normandie-univ.fr\/wp-content\/uploads\/2025\/06\/logo-univ-rouen-normandie-couleur-300x108.png\" alt=\"\" width=\"130\" height=\"47\" \/><\/p>\n<p>&nbsp;<\/p>\n<strong><br \/>\n***<\/strong>\n<strong>Projet ENGA-JE \u00ab Engagement des jeunes enfants \u00bb<br \/>\n<\/strong>2025-2028<strong><br \/>\n<\/strong><br \/>\nLe projet ENGA-JE vise \u00e0 comprendre les facteurs qui favorisent ou limitent l&rsquo;engagement des jeunes enfants avec des troubles du neurod\u00e9veloppement dans deux structures d&rsquo;accueil de la petite enfance : la cr\u00e8che et l&rsquo;\u00e9cole maternelle. L&rsquo;objectif est d&rsquo;identifier les pistes qui favorisent la transition entre la cr\u00e8che et l&rsquo;\u00e9cole maternelle, notamment \u00e0 travers les pratiques professionnelles des acteurs des diff\u00e9rentes structures.\n<p>Porteurs : Julien Despois : <a href=\"mailto:julien.despois@univ-rouen.fr\">julien.despois@univ-rouen.fr<\/a>, Claire Povie : <a href=\"mailto:claire.povie@univ-rouen.fr\">claire.povie@univ-rouen.fr<\/a> et En\u00e9a Chassagnon : <a href=\"mailto:enea.chassagnon@univ-rouen.fr\">enea.chassagnon@univ-rouen.fr<\/a><\/p>\n<p>Ce projet s&rsquo;inscrit dans l&rsquo;action 2 du PIA3 100% IDT \u00ab B\u00e2tir un r\u00e9seau de recherches collaboratives \u00bb.<\/p>\n<p><strong>***<\/strong><\/p>\n<b>Projet TARL \u00ab Teaching at the right level \u00bb<br \/>\n<\/b>2025-2026\n<p>Ce projet \u00e9tudie l&rsquo;effet de pratiques de coenseignement inclusif, c&rsquo;est-\u00e0-dire entre un ou une enseignant.e sp\u00e9cialis\u00e9.e et un ou une non sp\u00e9cialis\u00e9.e, sur leur d\u00e9veloppement professionnel quant au soutien de l&rsquo;engagement cognitif des \u00e9l\u00e8ves. Plus pr\u00e9cis\u00e9ment, ce projet s&rsquo;ins\u00e8re dans le dispositif \u00ab\u00a0teaching at the right level\u00a0\u00bb dans lequel les enseignants sp\u00e9cialis\u00e9s du RASED de la circonscription d&rsquo;Elbeuf (76) coenseignent avec les enseignants des classes du milieu ordinaire dans des groupes de besoin. L&rsquo;objectif est double\u00a0: r\u00e9pondre aux besoins de tous les \u00e9l\u00e8ves et permettre le d\u00e9veloppement des pratiques engageantes chez les enseignants non sp\u00e9cialis\u00e9s.<\/p>\n<p>Porteur : Julien Despois :\u00a0<a href=\"mailto:julien.despois@univ-rouen.fr\">julien.despois@univ-rouen.fr<\/a><\/p>\n<p>Ce projet s&rsquo;inscrit dans l&rsquo;action 1 du PIA3 100% IDT \u00ab Observatoire des parcours inclusifs \u00bb.<\/p>\n<p><strong>***<\/strong><\/p>\n<strong>Projet ORLYSUP \u00ab Orientation du lyc\u00e9e au sup\u00e9rieur \u00bb<\/strong><br \/>\n2021-2026\n<img loading=\"lazy\" decoding=\"async\" src=\"http:\/\/cirnef.normandie-univ.fr\/wp-content\/uploads\/2025\/06\/Orlysup.jpg\" alt=\"\" width=\"108\" height=\"123\" \/>Le projet ORLYSUP a pour ambition d&rsquo;\u00e9tudier le processus d&rsquo;orientation du secondaire au sup\u00e9rieur, en r\u00e9unissant, dans une m\u00eame \u00e9quipe pluridisciplinaire (sciences de l&rsquo;\u00e9ducation et de la formation, psychologie, sociologie, \u00e9conomie), des chercheurs qui travaillent sur ces deux segments du syst\u00e8me \u00e9ducatif et vise \u00e0 saisir les effets conjugu\u00e9s de deux politiques \u00e9ducatives : la r\u00e9forme du lyc\u00e9e de 2018 et la loi relative \u00e0 l&rsquo;orientation et \u00e0 la r\u00e9ussite des \u00e9tudiants (ORE). Si l&rsquo;orientation est certes un sujet trait\u00e9 de longue date, les nouvelles modalit\u00e9s d&rsquo;acc\u00e8s \u00e0 l&rsquo;enseignement sup\u00e9rieur &#8211; notamment avec <em>Parcoursup<\/em> &#8211; n\u00e9cessitent de r\u00e9interroger les pratiques et le v\u00e9cu des lyc\u00e9ens et \u00e9tudiants, ainsi que l&rsquo;accompagnement de ces jeunes par les acteurs de l&rsquo;orientation.<br \/>\n<br \/>\nPorteur : Carole Daverne-Bailly, professeure des universit\u00e9s, CIRNEF : <a href=\"mailto:carole.daverne-bailly@univ-rouen.fr\">carole.daverne-bailly@univ-rouen.fr<\/a>\n<p>Le projet ORLYSUP s&rsquo;inscrit dans le PIA3 \u00ab 100% Inclusion, un D\u00e9fi, un Territoire \u00bb, plus pr\u00e9cis\u00e9ment dans l&rsquo;action 1 \u00ab Observatoire des parcours inclusifs \u00bb.<\/p>\n<p><strong>***<\/strong><\/p>\n<strong>Programme d&rsquo;investissement d&rsquo;avenir PIA 3 \u00ab 100% IDT : Inclusion, un D\u00e9fi, un Territoire \u00bb<br \/>\n<\/strong>2020-2030\n<img loading=\"lazy\" decoding=\"async\" src=\"http:\/\/cirnef.normandie-univ.fr\/wp-content\/uploads\/2025\/06\/PIA-300x147.jpg\" alt=\"\" width=\"150\" height=\"73\" \/>Objectif : Cr\u00e9er un p\u00f4le structurant multidisciplinaire pour relever le d\u00e9fi de l&rsquo;inclusion pour tous par le d\u00e9cloisonnement des territoires \u00e9ducatifs dans les r\u00e9gions acad\u00e9miques Hauts-de-France et Normandie.<br \/>\nProgramme port\u00e9 par l&rsquo;Universit\u00e9 de Picardie-Jules Verne avec ses partenaires, l&rsquo;Universit\u00e9 de Rouen Normandie, l&rsquo;Universit\u00e9 de Caen Normandie, l&rsquo;Universit\u00e9 d&rsquo;Artois et l&rsquo;Universit\u00e9 de Lille.\n&gt; p\u00f4le rouennais :<br \/>\n&#8211; action 1 : concevoir un observatoire de l&rsquo;inclusion pour tous<br \/>\n&#8211; action 2 : structurer et d\u00e9ployer un r\u00e9seau d&rsquo;\u00e9tablissements formateurs articul\u00e9s \u00e0 la recherche sur l&rsquo;inclusion<br \/>\n&gt; p\u00f4le caennais :<br \/>\n&#8211; action 3 : construire des formations partag\u00e9es au sein du p\u00f4le<br \/>\n<br \/>\nPorteur : Amael Andr\u00e9, professeur des universit\u00e9s, CIRNEF : <a href=\"mailto:amael.andre@univ-rouen.fr\" target=\"_blank\" rel=\"noopener\">amael.andre@univ-rouen.fr<\/a><br \/>\nSite : <a href=\"https:\/\/www.polepilote-100idt.fr\/\" target=\"_blank\" rel=\"noopener\">https:\/\/www.polepilote-100idt.fr\/\u00a0<\/a>\n<p><strong>***<\/strong><\/p>\n<strong>Projet MANOUE (Mascareignes Normandie pour le num\u00e9rique en \u00e9ducation)<\/strong><br \/>\n2019-2020<br \/>\nPorteur\u00a0: Jacques Beziat, professeur des universit\u00e9s, CIRNEF : <a href=\"mailto:jacques.beziat@unicaen.fr\">jacques.beziat@unicaen.fr<\/a><br \/>\nFinancement : Ambassade de France \u00e0 Maurice, appel Hubert Curien Le R\u00e9duit 2019<br \/>\nRecherche-action pour accompagner l&rsquo;\u00e9volution des dispositifs de formation et le changement des pratiques par l&rsquo;hybridation et l&rsquo;usage des technologies num\u00e9riques \u00e0 l&rsquo;universit\u00e9 des Mascareignes (\u00eele Maurice)\n<p><strong>***<\/strong><\/p>\n<strong>BQRE (Bonus qualit\u00e9 recherche \u00e9quipement) sur la th\u00e9matique de l&rsquo;orientation du lyc\u00e9e \u00e0 l&rsquo;enseignement sup\u00e9rieur<br \/>\n<\/strong>2019-2020<br \/>\nPorteur : Carole Daverne-Bailly, ma\u00eetre de conf\u00e9rences HDR, CIRNEF : <a href=\"mailto:carole.daverne-bailly@univ-rouen.fr\">carole.daverne-bailly@univ-rouen.fr<\/a><br \/>\nFinancement : Universit\u00e9 de Rouen Normandie (BQRE)<br \/>\nEnqu\u00eate aupr\u00e8s de lyc\u00e9ens de premi\u00e8re g\u00e9n\u00e9rale et d&rsquo;acteurs professionnels dans deux EPLE (Etablissement public local d&rsquo;enseignement)<br \/>\nEclairage sur le r\u00f4le des acteurs professionnels et de ses implications en termes d&rsquo;orientation dans un contexte de changement de politiques \u00e9ducatives (r\u00e9forme du lyc\u00e9e et loi ORE) :\u00a0<a href=\"https:\/\/doi.org\/10.4000\/edso.13048\" target=\"_blank\" rel=\"noopener\">https:\/\/doi.org\/10.4000\/edso.13048<\/a>\n<p><strong>***<\/strong><\/p>\n<strong>Projet \u00ab Construire une universit\u00e9 Aspie-Friendly \u00bb<br \/>\n<\/strong>2018-2028<br \/>\nObjectif\u00a0: Am\u00e9liorer l&rsquo;inclusion des personnes avec autisme sans d\u00e9ficience intellectuelle (d\u00e9nomm\u00e9es \u00ab Aspies \u00bb) dans l&rsquo;enseignement sup\u00e9rieur et vers l&rsquo;insertion professionnelle<br \/>\nPorteur : Bertrand Monthubert, Coordinateur du projet, Universit\u00e9 f\u00e9d\u00e9rale de Toulouse<br \/>\nConsortium\u00a0: 17 \u00e9tablissements, 4 entreprises, 3 laboratoires<br \/>\nVolet \u00ab\u00a0Accompagnement vie sur le campus\u00a0\u00bb: Philippe Brun, professeur des universit\u00e9s, CIRNEF : <a href=\"mailto:philippe.brun@univ-rouen.fr\">philippe.brun@univ-rouen.fr<\/a><br \/>\nSite\u00a0: <a href=\"https:\/\/aspie-friendly.fr\/\">https:\/\/aspie-friendly.fr\/<\/a><br \/>\nProjet financ\u00e9 pour la p\u00e9riode 2018-2028 dans le cadre du PIA \u00ab\u00a0Nouveaux Cursus \u00e0 l&rsquo;Universit\u00e9\u00a0\u00bb ANR17-NCUN-0017\n<p><img loading=\"lazy\" decoding=\"async\" src=\"http:\/\/cirnef.normandie-univ.fr\/wp-content\/uploads\/2020\/03\/Investir-l-avenir.png\" alt=\"\" width=\"56\" height=\"56\" \/> <a href=\"https:\/\/aspie-friendly.fr\/ \"><img loading=\"lazy\" decoding=\"async\" src=\"http:\/\/cirnef.normandie-univ.fr\/wp-content\/uploads\/2020\/03\/aspie-1.jpg\" alt=\"\" width=\"204\" height=\"41\" \/><\/a><\/p>\n<p>&nbsp;<\/p>\n<strong><br \/>\n***<\/strong>\n<strong>Projet \u00ab\u00a0Regards crois\u00e9s sur les enjeux contemporains de l&rsquo;hyperactivit\u00e9\/TDAH chez les 6-12 ans : information, \u00e9ducation, formation et sant\u00e9\u00a0\u00bb<br \/>\n<\/strong>2018-2021<br \/>\nCe projet vise \u00e0 \u00e9tudier l&rsquo;ensemble des variables cliniques, d\u00e9mographiques, institutionnelles et sociales contribuant au diagnostic et au soin des enfants TDAH en France. Le projet se fonde sur une \u00e9tude r\u00e9trospective de cohorte dans les bases de donn\u00e9es de l&rsquo;Assurance Maladie.<br \/>\nPorteur : S\u00e9bastien Ponnou-Delaffon, professeur des universit\u00e9s, psychanalyste<br \/>\nFinancement : Fondation mutualiste EOVI mcd &#8211; La Fondation de l&rsquo;Avenir<br \/>\nPartenaires : Fondation mutualiste EOVI mcd &#8211; La Fondation de l&rsquo;Avenir, Universit\u00e9 de Dijon &#8211; Bourgogne, Institut Median Conseil, CESREES, CNIL.<br \/>\nArticle : Ponnou, S. (2022). Pr\u00e9valence, diagnostic et m\u00e9dication de l&rsquo;hyperactivit\u00e9\/TDAH en France. <em>Annales m\u00e9dico-psychologiques, revue psychiatrique, 180<\/em>(10), 995-999.\n<p><img loading=\"lazy\" decoding=\"async\" src=\"http:\/\/cirnef.normandie-univ.fr\/wp-content\/uploads\/2025\/06\/Logo-EOVI_MCD-Fondation_Q-sous-egide_v2-300x155.png\" alt=\"\" width=\"130\" height=\"67\" \/><\/p>\n<p><img loading=\"lazy\" decoding=\"async\" src=\"http:\/\/cirnef.normandie-univ.fr\/wp-content\/uploads\/2021\/02\/Fondation-de-l-avenir-300x92.png\" alt=\"\" width=\"160\" height=\"49\" \/><\/p>\n<p>&nbsp;<\/p>\n<strong><br \/>\n***<\/strong>\n<strong>Projet de recherche interdisciplinaire \u00ab Parcours inclusif du jeune enfant ayant un trouble du spectre autistique scolaris\u00e9 dans les Unit\u00e9s d&rsquo;Enseignement Maternelle : quelle articulation entre le milieu sp\u00e9cialis\u00e9 et le milieu ordinaire ?<\/strong><br \/>\n2018-2021<br \/>\nPorteur : Amael Andr\u00e9, professeur des universit\u00e9s, CIRNEF : <a href=\"mailto:amael.andre@univ-rouen.fr\" target=\"_blank\" rel=\"noopener\">amael.andre@univ-rouen.fr<\/a><br \/>\nFinancement : Caisse Nationale de Solidarit\u00e9 pour l&rsquo;Autonomie (CNSA)<br \/>\nEquipe CIRNEF : Amael Andr\u00e9, Diane Bedoin, Philippe Brun, Pascale Deneuve, Julien Despois, Richard Wittorski<br \/>\nPartenaires : CRFDP, RECIFES, CRAHN (Centre R\u00e9gional Autisme Haute Normandie), Rectorat de Rouen, Philippe Tremblay (Professeur en Sciences de l&rsquo;\u00e9ducation, Universit\u00e9 de Laval), GEACC (Grupo de Etnometodologia e Analise Conversacional da Clusividade social, Universit\u00e9 de Lisbonne).\n<p><strong>***<\/strong><\/p>\n<strong>Groupe de Recherche interdisciplinaire \u00ab Ambition et ruralit\u00e9s en Normandie \u00bb<\/strong><br \/>\n2018-2021<br \/>\nPorteur : Amael Andr\u00e9 (professeur des universit\u00e9s, CIRNEF) co-responsable avec Catherine Delarue-Breton pour Rouen et Gerard Boudesseul pour Caen<br \/>\nFinancements : ESPE de Rouen, Rectorat de Normandie<br \/>\nEquipe CIRNEF : Amael Andr\u00e9, Diane Bedoin, Pascale Deneuve<br \/>\nPartenaires : Ce projet r\u00e9unit 19 enseignants-chercheurs des Universit\u00e9s de Rouen et de Caen Normandie (laboratoires de Rouen : LDAR, CRFDP, DYLIS, ERIAC, IDEES, CETAPS) et le Rectorat de Normandie (4 formateurs acad\u00e9miques, Coll\u00e8ge de Gournay-en-Bray, Coll\u00e8ge de Fleury-sur-Andelle, circonscriptions de Neufch\u00e2tel-en-Bray et de Val-de-Reuil).\n<p><strong>***<\/strong><\/p>\n<strong>Partenariat Bourdeilles-Universit\u00e9s<br \/>\n<\/strong>2018-2021<br \/>\nCe projet de recherche \u00ab Bourdeilles-Universit\u00e9 \u00bb consiste \u00e0 soutenir le d\u00e9ploiement de pratiques cliniques, la prise en compte de la parole des r\u00e9sidents et les principes de d\u00e9mocratie sanitaires au sein d&rsquo;institutions m\u00e9dicosociales accueillant des personnes en situation de polyhandicap et de d\u00e9pendance. Le projet repose sur la cr\u00e9ation d&rsquo;un \u00ab collectif chercheur \u00bb engag\u00e9 dans des m\u00e9thodes cliniques et ethno-anthropologiques de terrain.<br \/>\nPorteur : S\u00e9bastien Ponnou, professeur des universit\u00e9s, psychanalyste<br \/>\nFinancements : EPAC Les deux S\u00e9quoias, Bourdeilles ; ARS Aquitaine.<br \/>\nPartenaires : EPAC Les deux S\u00e9quoias, Bourdeilles ; Universit\u00e9 de Limoges ; Universit\u00e9 de Lille.<br \/>\nArticle : Ponnou, S., Lemoine, M., Bartkowiak, N., Foug\u00e8res, N. et Pala, D. (2018). R\u00e9cit d&rsquo;un partenariat institution-universit\u00e9 pour produire des connaissances partag\u00e9es. <em>Le sociographe, 64,<\/em> I-XII. <a href=\"https:\/\/doi.org\/10.3917\/graph.064.0122\" target=\"_blank\" rel=\"noopener\">https:\/\/doi.org\/10.3917\/graph.064.0122<\/a>\n\n","protected":false},"excerpt":{"rendered":"<p>Projet \u00ab\u00a0Les repr\u00e9sentations du service sanitaire des \u00e9tudiants en sant\u00e9 normand par les r\u00e9f\u00e9rents de proximit\u00e9\u00a0\u00bb 2026-2027 Cette recherche s&rsquo;int\u00e9resse aux \u00e9carts entre les prescriptions concernant les missions de stage de service sanitaire normand des \u00e9tudiants en sant\u00e9 et les pratiques r\u00e9elles (notamment concernant les th\u00e9matiques des actions d&rsquo;\u00e9ducation \u00e0 la sant\u00e9 et les publics &hellip;<\/p>\n<p class=\"read-more\"> <a class=\"\" href=\"https:\/\/cirnef.normandie-univ.fr\/?page_id=606\"> <span class=\"screen-reader-text\">Recherches<\/span> Lire la suite \u00bb<\/a><\/p>\n","protected":false},"author":1,"featured_media":0,"parent":0,"menu_order":0,"comment_status":"closed","ping_status":"closed","template":"","meta":{"site-sidebar-layout":"no-sidebar","site-content-layout":"page-builder","ast-global-header-display":"","ast-main-header-display":"","ast-hfb-above-header-display":"","ast-hfb-below-header-display":"","ast-hfb-mobile-header-display":"","site-post-title":"disabled","ast-breadcrumbs-content":"","ast-featured-img":"disabled","footer-sml-layout":"","theme-transparent-header-meta":"","adv-header-id-meta":"","stick-header-meta":"","header-above-stick-meta":"","header-main-stick-meta":"","header-below-stick-meta":"","footnotes":""},"coauthors":[34],"class_list":["post-606","page","type-page","status-publish","hentry"],"_links":{"self":[{"href":"https:\/\/cirnef.normandie-univ.fr\/index.php?rest_route=\/wp\/v2\/pages\/606","targetHints":{"allow":["GET"]}}],"collection":[{"href":"https:\/\/cirnef.normandie-univ.fr\/index.php?rest_route=\/wp\/v2\/pages"}],"about":[{"href":"https:\/\/cirnef.normandie-univ.fr\/index.php?rest_route=\/wp\/v2\/types\/page"}],"author":[{"embeddable":true,"href":"https:\/\/cirnef.normandie-univ.fr\/index.php?rest_route=\/wp\/v2\/users\/1"}],"replies":[{"embeddable":true,"href":"https:\/\/cirnef.normandie-univ.fr\/index.php?rest_route=%2Fwp%2Fv2%2Fcomments&post=606"}],"version-history":[{"count":5,"href":"https:\/\/cirnef.normandie-univ.fr\/index.php?rest_route=\/wp\/v2\/pages\/606\/revisions"}],"predecessor-version":[{"id":8534,"href":"https:\/\/cirnef.normandie-univ.fr\/index.php?rest_route=\/wp\/v2\/pages\/606\/revisions\/8534"}],"wp:attachment":[{"href":"https:\/\/cirnef.normandie-univ.fr\/index.php?rest_route=%2Fwp%2Fv2%2Fmedia&parent=606"}],"wp:term":[{"taxonomy":"author","embeddable":true,"href":"https:\/\/cirnef.normandie-univ.fr\/index.php?rest_route=%2Fwp%2Fv2%2Fcoauthors&post=606"}],"curies":[{"name":"wp","href":"https:\/\/api.w.org\/{rel}","templated":true}]}}