{"id":585,"date":"2019-02-07T10:55:45","date_gmt":"2019-02-07T09:55:45","guid":{"rendered":"http:\/\/cirnef.normandie-univ.fr\/?page_id=585"},"modified":"2022-02-22T11:13:07","modified_gmt":"2022-02-22T10:13:07","slug":"ressources-2","status":"publish","type":"page","link":"https:\/\/cirnef.normandie-univ.fr\/?page_id=585","title":{"rendered":"Ressources"},"content":{"rendered":"\n\n\t<h4><strong>Le laboratoire vous propose un certain nombre de ressources, que vous pouvez retrouver dans les pages suivantes :<\/strong><\/h4>\n<hr \/>\n<p><a href=\"http:\/\/cirnef.normandie-univ.fr\/?page_id=191\"><strong>Publications en ligne<\/strong><\/a><strong> : <\/strong>Les publications disponibles et partag\u00e9es par les membres du laboratoire.<\/p>\n<p><a href=\"http:\/\/cirnef.normandie-univ.fr\/?page_id=193\"><strong>Conf\u00e9rences en ligne<\/strong><\/a><strong> :<\/strong> Revoir les conf\u00e9rences organis\u00e9es ou impliquant des membres du laboratoire.<\/p>\n<p><a href=\"http:\/\/cirnef.normandie-univ.fr\/?page_id=203\"><strong>M\u00e9moires de master<\/strong><\/a><strong> :<\/strong> Les m\u00e9moires r\u00e9alis\u00e9s par les \u00e9tudiants de master disponibles \u00e0 la lecture.<\/p>\n<p><strong><a href=\"http:\/\/cirnef.normandie-univ.fr\/?page_id=212\">Logiciels et mat\u00e9riel<\/a> :<\/strong> L&rsquo;ensemble des logiciels, libres ou propri\u00e9taire, mis \u00e0 disposition, ainsi que les diff\u00e9rents outils.<\/p>\n<p><strong><a href=\"http:\/\/cirnef.normandie-univ.fr\/?page_id=34\">Liens institutionnels<\/a> :<\/strong> Une liste de tous les liens institutionnels et r\u00e9seaux scientifiques en lien avec le laboratoire.<\/p>\n<p><a href=\"http:\/\/cirnef.normandie-univ.fr\/?page_id=4261\" target=\"_blank\" rel=\"noopener\"><strong>RGPD<\/strong> <\/a>: Des ressources pour vous familiariser avec le r\u00e8glement europ\u00e9en sur la protection des donn\u00e9es personnelles.<\/p>\n\n","protected":false},"excerpt":{"rendered":"<p>Le laboratoire vous propose un certain nombre de ressources, que vous pouvez retrouver dans les pages suivantes : Publications en ligne : Les publications disponibles et partag\u00e9es par les membres du laboratoire. Conf\u00e9rences en ligne : Revoir les conf\u00e9rences organis\u00e9es ou impliquant des membres du laboratoire. M\u00e9moires de master : Les m\u00e9moires r\u00e9alis\u00e9s par les &hellip;<\/p>\n<p class=\"read-more\"> <a class=\"\" href=\"https:\/\/cirnef.normandie-univ.fr\/?page_id=585\"> <span class=\"screen-reader-text\">Ressources<\/span> Lire la suite \u00bb<\/a><\/p>\n","protected":false},"author":1,"featured_media":0,"parent":0,"menu_order":0,"comment_status":"closed","ping_status":"closed","template":"","meta":{"site-sidebar-layout":"default","site-content-layout":"default","ast-global-header-display":"","ast-main-header-display":"","ast-hfb-above-header-display":"","ast-hfb-below-header-display":"","ast-hfb-mobile-header-display":"","site-post-title":"","ast-breadcrumbs-content":"","ast-featured-img":"","footer-sml-layout":"","theme-transparent-header-meta":"","adv-header-id-meta":"","stick-header-meta":"","header-above-stick-meta":"","header-main-stick-meta":"","header-below-stick-meta":"","footnotes":""},"coauthors":[],"class_list":["post-585","page","type-page","status-publish","hentry"],"_links":{"self":[{"href":"https:\/\/cirnef.normandie-univ.fr\/index.php?rest_route=\/wp\/v2\/pages\/585","targetHints":{"allow":["GET"]}}],"collection":[{"href":"https:\/\/cirnef.normandie-univ.fr\/index.php?rest_route=\/wp\/v2\/pages"}],"about":[{"href":"https:\/\/cirnef.normandie-univ.fr\/index.php?rest_route=\/wp\/v2\/types\/page"}],"author":[{"embeddable":true,"href":"https:\/\/cirnef.normandie-univ.fr\/index.php?rest_route=\/wp\/v2\/users\/1"}],"replies":[{"embeddable":true,"href":"https:\/\/cirnef.normandie-univ.fr\/index.php?rest_route=%2Fwp%2Fv2%2Fcomments&post=585"}],"version-history":[{"count":0,"href":"https:\/\/cirnef.normandie-univ.fr\/index.php?rest_route=\/wp\/v2\/pages\/585\/revisions"}],"wp:attachment":[{"href":"https:\/\/cirnef.normandie-univ.fr\/index.php?rest_route=%2Fwp%2Fv2%2Fmedia&parent=585"}],"wp:term":[{"taxonomy":"author","embeddable":true,"href":"https:\/\/cirnef.normandie-univ.fr\/index.php?rest_route=%2Fwp%2Fv2%2Fcoauthors&post=585"}],"curies":[{"name":"wp","href":"https:\/\/api.w.org\/{rel}","templated":true}]}}