{"id":5590,"date":"2022-06-08T15:51:12","date_gmt":"2022-06-08T13:51:12","guid":{"rendered":"http:\/\/cirnef.normandie-univ.fr\/?page_id=5590"},"modified":"2025-05-14T14:09:47","modified_gmt":"2025-05-14T12:09:47","slug":"cyrielle-le-her","status":"publish","type":"page","link":"https:\/\/cirnef.normandie-univ.fr\/?page_id=5590","title":{"rendered":"Cyrielle Le Her"},"content":{"rendered":"\n\n\t<h2>Identit\u00e9<\/h2>\n<h4>Cyrielle Le HER<\/h4>\nAdresse :<br \/>\nUniversit\u00e9 de Caen Normandie<br \/>\n14032 CAEN CEDEX\n<p>Email : <a href=\"mailto:cyrielle.leher@unicaen.fr\" target=\"_blank\" rel=\"noopener\">cyrielle.leher@unicaen.fr<\/a><\/p>\n\t<h2>Informations<\/h2>\n<strong>Inscrite en th\u00e8se entre :<\/strong> Novembre 2020 et Novembre 2024<br \/>\nLangue(s) pratiqu\u00e9e(s) : Fran\u00e7ais\n<strong>Th\u00e8me de rattachement :<\/strong><br \/>\nTh\u00e8me 3\u00a0:\u00a0Espaces sociaux, dispositifs et num\u00e9rique en \u00e9ducation et en formation (EDNEF)\n<p><strong>Titre de la th\u00e8se : <\/strong>Communaut\u00e9 d&rsquo;apprentissage professionnelle et d\u00e9veloppement professionnel des enseignants : le cas des cellules d&rsquo;animation p\u00e9dagogique zonales du premier degr\u00e9 \u00e0 Dakar et en Casamance au S\u00e9n\u00e9gal<\/p>\n<p><strong>Directeur de th\u00e8se :<\/strong> Professeur Jacques B\u00e9ziat<\/p>\n<strong>Mots-cl\u00e9s<\/strong><br \/>\nFormation continue des enseignants &#8211; El\u00e9mentaire &#8211; Communaut\u00e9 d&rsquo;Apprentissage Professionnelle &#8211; Afrique francophone &#8211; S\u00e9n\u00e9gal &#8211; TICE\n<p>&nbsp;<\/p>\n\t\t\t\t<a href=\"https:\/\/cirnef.normandie-univ.fr\/wp-content\/uploads\/2024\/02\/photo-cyrielle.jpg\" target=\"_self\" itemprop=\"url\">\n\t\t\t\t<img loading=\"lazy\" decoding=\"async\" src=\"https:\/\/cirnef.normandie-univ.fr\/wp-content\/uploads\/2024\/02\/photo-cyrielle.jpg\" alt=\"photo cyrielle\" itemprop=\"image\" height=\"426\" width=\"426\" title=\"photo cyrielle\" onerror=\"this.style.display='none'\"  \/>\n\t\t\t\t<\/a>\n\t\t\t<a href=\"#\" id=\"fl-accordion--label-0\" tabindex=\"0\" aria-controls=\"fl-accordion--panel-0\">Pr\u00e9sentation du projet de th\u00e8se<\/a>\n\t\t\t\t\t\t\t<a href=\"#\" id=\"fl-accordion--icon-0\" tabindex=\"0\" aria-controls=\"fl-accordion--panel-0\"><i>Collapse<\/i><\/a>\n\t\t<p>Dans le cadre de ma th\u00e8se en Sciences de l&rsquo;\u00e9ducation et de la formation, j&rsquo;\u00e9tudie le cas des collectifs d&rsquo;enseignant au S\u00e9n\u00e9gal appel\u00e9s Cellules d&rsquo;Animation P\u00e9dagogiques<a href=\"#_ftn1\" name=\"_ftnref1\"><sup>[1]<\/sup><\/a>. Il s&rsquo;agit de collectifs d&rsquo;enseignants intra (cellule interne) ou inter-\u00e9tablissement (cellule zonale) qui se regroupent huit heures dans le mois pour \u00e9changer sur leurs pratiques p\u00e9dagogiques dans un but d&rsquo;am\u00e9lioration des enseignements-apprentissages. Apr\u00e8s avoir constat\u00e9 un manque de dynamisme du dispositif, en 2017, le MEN du S\u00e9n\u00e9gal et ses partenaires internationaux ont souhait\u00e9 redynamiser les cellules d&rsquo;animation zonales de Casamance \u00e0 travers le Projet d&rsquo;Am\u00e9lioration de l&rsquo;Education de Base en Casamance. Les responsables des cellules ont \u00e9t\u00e9 dot\u00e9 de tablettes et vid\u00e9oprojecteurs pour filmer un de leur pair en classe (Gueye Seye, A. Nicot-Guillorel, M., 2018) ayant pour but d&rsquo;analyser les pratiques p\u00e9dagogiques. Ce projet a \u00e9galement permis de concevoir des grilles d&rsquo;observation des pratiques inspir\u00e9es du projet Observation des Pratiques Enseignantes en Relation avec les Apprentissages (Altet et al., 2015).<\/p>\n<p>De nombreuses recherches ont montr\u00e9 l&rsquo;importance de la coop\u00e9ration entre enseignant \u00e0 travers les concepts de Communaut\u00e9s d&rsquo;Apprentissages Professionnelles (Leclerc et Labelle, 2013), de Communaut\u00e9s de Pratiques (Lave et Wenger, 1991 ; Wenger, 1998) et de la place du num\u00e9rique dans ces collectifs selon le concept de Communaut\u00e9s Virtuelles d&rsquo;Enseignants (Daele et Charlier, 2006 ; Blitz, 2013).<\/p>\n<p>Ces recherches sont centr\u00e9es sur des probl\u00e9matiques dans des contextes occidentaux. Peu de contenus scientifiques semblent pr\u00e9sents sur ces concepts dans le contexte africain. Pourtant les actes du s\u00e9minaire international du programme APPRENDRE<a href=\"#_ftn2\" name=\"_ftnref2\"><sup>[2]<\/sup><\/a> montrent qu&rsquo;ils existent des collectifs d&rsquo;enseignants dans les pays d&rsquo;Afrique francophone (Adotevi et Le Her, 2021).<\/p>\n<p>Dans le cadre de ma th\u00e8se, il s&rsquo;agit de donner des \u00e9l\u00e9ments de r\u00e9ponses aux questions suivantes : comment fonctionnent les collectifs d&rsquo;enseignants \u00e0 l&rsquo;\u00e9l\u00e9mentaire dans les r\u00e9gions de Dakar et de Casamance au S\u00e9n\u00e9gal ? Sont-ils de v\u00e9ritables Communaut\u00e9s d&rsquo;Apprentissage Professionnelles au sens de la recherche ?\u00a0 Comment les acteurs du syst\u00e8me \u00e9ducatif en parlent-ils ? Quelle place pour le num\u00e9rique ?<\/p>\n<p><a href=\"#_ftnref1\" name=\"_ftn1\">[1]<\/a> Ce cadre de formation continue est formalis\u00e9 par le d\u00e9cret n\u00b079-1165 du 20 d\u00e9cembre 1979 du Minist\u00e8re de l&rsquo;Education Nationale (MEN) du S\u00e9n\u00e9gal.<\/p>\n<p><a href=\"#_ftnref2\" name=\"_ftn2\">[2]<\/a> <a href=\"https:\/\/apprendre.auf.org\/\">APPRENDRE\u00a0<\/a>est un programme d&rsquo;Appui \u00e0 la Professionnalisation des Pratiques Enseignantes et au D\u00e9veloppement des Ressources<\/p>\n\t\t\t<a href=\"#\" id=\"fl-accordion--label-1\" tabindex=\"0\" aria-controls=\"fl-accordion--panel-1\">Collaborations<\/a>\n\t\t\t\t\t\t\t<a href=\"#\" id=\"fl-accordion--icon-1\" tabindex=\"0\" aria-controls=\"fl-accordion--panel-1\"><i>Expand<\/i><\/a>\n\t\t<ul>\n<li>Membre du Groupe Th\u00e9matique d&rsquo;Expertise 3 (GTE3) \u00ab<em>\u00a0appui aux collectifs enseignants et communaut\u00e9s d&rsquo;apprentissage professionnel dans les \u00e9tablissements et les r\u00e9seaux disciplinaires\u00a0<\/em>\u00bb du programme d&rsquo;Appui \u00e0 la professionnalisation et au d\u00e9veloppement des ressources (APPRENDRE) \u00e0 l&rsquo;Agence Universitaire de la Francophonie (AUF).Accompagnement \u00e0 la r\u00e9daction d&rsquo;un <a href=\"https:\/\/apprendre.auf.org\/ressource-guide-comment-mettre-en-place-une-strategie-de-collaboration-entre-enseignants\/\">guide<\/a> pour la mise en \u0153uvre d&rsquo;une communaut\u00e9 d&rsquo;apprentissage professionnelle (CAP) en contexte scolaire sous la direction de Jean Adotevi et Amadou Gueye Seye avec les membres du GTE3, janvier 2023<\/li>\n<li>R\u00e9daction des <a href=\"https:\/\/apprendre.auf.org\/wp-content\/uploads\/2021\/10\/Actes-du-seminaire-Se-professionaliser-en-collaborant.pdf\">actes<\/a> du 3\u00e8me s\u00e9minaire international en ligne \u00ab\u00a0<em>se professionnaliser en collaborant<\/em>\u00bb sous la direction de Jean Adotevi et Martial Demb\u00e9l\u00e9, 1<sup>er<\/sup> octobre 2021<\/li>\n<li>Cr\u00e9ation de <a href=\"https:\/\/apprendre.auf.org\/zoom-sur-les-35-projets-de-recherche-en-education-soutenus-dans-le-cadre-dapprendre\/\">3 guides synth\u00e9tiques<\/a> pour pr\u00e9senter les recherches-actions en cours dans les pays partenaires du programme, article sur le site internet du programme <em>\u00ab\u00a0Zoom sur les 35 projets de recherche en \u00e9ducation soutenus dans le cadre d&rsquo;APPRENDRE\u00a0\u00bb, <\/em>25 juin 2020<\/li>\n<li>Cor\u00e9daction de la <a href=\"https:\/\/apprendre.auf.org\/wp-content\/uploads\/2019\/05\/Synthese-Apprendre-EDA-CPC-CL-EV-20-03-2019.pdf\">synth\u00e8se<\/a> du 1<sup>er<\/sup> s\u00e9minaire international du programme APPRENDRE : <em>\u00ab Documenter et \u00e9clairer les politiques \u00e9ducatives \u00bb<\/em> et article sur le site internet du programme, avec Christelle Pauty-Combemorel, sous la direction d&rsquo;Emmanuelle Voulgre, 12 mai 2019<\/li>\n<li>Participation \u00e0 la synth\u00e8se orale du 1<sup>er<\/sup> s\u00e9minaire international du programme APPRENDRE, sous la direction de Mohamed Miled, d\u00e9cembre 2018, Cit\u00e9 Universitaire de Paris<\/li>\n<\/ul>\n\t\t\t<a href=\"#\" id=\"fl-accordion--label-2\" tabindex=\"0\" aria-controls=\"fl-accordion--panel-2\">Cours dispens\u00e9s<\/a>\n\t\t\t\t\t\t\t<a href=\"#\" id=\"fl-accordion--icon-2\" tabindex=\"0\" aria-controls=\"fl-accordion--panel-2\"><i>Expand<\/i><\/a>\n\t\t<p>2023-2024 : <em>Attach\u00e9e Temporaire d&rsquo;Enseignement et de Recherche (ATER)<\/em> \u00e0 l&rsquo;Universit\u00e9 de Caen Normandie en Sciences de l&rsquo;\u00e9ducation et de la formation \u00e0 temps plein :<\/p>\n<ul>\n<li>TD de M\u00e9thodologie en L1 et L3<\/li>\n<li>CM et TD Discours et identit\u00e9s professionnelles en L3<\/li>\n<li>Conf\u00e9rence internationale en M2 IFACI<\/li>\n<\/ul>\n<p>2022-2023 : <em>Attach\u00e9e Temporaire d&rsquo;Enseignement et de Recherche (ATER)<\/em> \u00e0 l&rsquo;Universit\u00e9 de Caen Normandie en Sciences de l&rsquo;\u00e9ducation et de la formation \u00e0 temps plein :<\/p>\n<ul>\n<li>TD de M\u00e9thodologie en L1<\/li>\n<li>TD Innovations sociales et technologies \u00e9ducatives en L2<\/li>\n<li>TD Dispositifs et pratiques instrument\u00e9es en L3<\/li>\n<li>Accompagnement m\u00e9thodologie de m\u00e9moire en M2 INES<\/li>\n<\/ul>\n<p>2021-2022 : Charg\u00e9e de TD &#8211; <em>Num\u00e9rique en \u00e9ducation et formation<\/em> &#8211; 80 \u00e9tudiants &#8211; 96 heures<\/p>\n\t\t\t<a href=\"#\" id=\"fl-accordion--label-3\" tabindex=\"0\" aria-controls=\"fl-accordion--panel-3\">Communications<\/a>\n\t\t\t\t\t\t\t<a href=\"#\" id=\"fl-accordion--icon-3\" tabindex=\"0\" aria-controls=\"fl-accordion--panel-3\"><i>Expand<\/i><\/a>\n\t\t<ul>\n<li>Le Her, C. (2024). Se professionnaliser en collaborant dans l&rsquo;enseignement primaire au S\u00e9n\u00e9gal : le cas des cellules d&rsquo;animation p\u00e9dagogique zonales \u00e0 Dakar et en Casamance. <em>Communication individuelle de 30 minutes. S\u00e9minaire de Recherche en<\/em><br \/>\n<em>\u00c9ducation en Territoires Africains (R\u00c9TA), Association des Enseignant.e.s et<\/em><br \/>\n<em>Cherchercheur.e.s en Sciences de l&rsquo;Education (AECSE)<\/em>, le 01 octobre 2024.<\/li>\n<li>Le Her, C. (2023). L&rsquo;utilisation des technologies informatis\u00e9es dans les cellules d&rsquo;animation p\u00e9dagogique zonales. La perception des enseignants de l&rsquo;\u00e9l\u00e9mentaire : le cas de Dakar et de la r\u00e9gion Casamance au S\u00e9n\u00e9gal. <em>Communication individuelle de 30<\/em><br \/>\n<em>minutes. Colloque international \u00e9TIC 5 \u00ab L&rsquo;\u00e9cole au fil du temps \u00e0 l&rsquo;\u00e9gard des<\/em><br \/>\n<em>technologies de l&rsquo;information et de la communication ? Quelles \u00e9volutions r\u00e9centes ? \u00bb, <\/em>Universit\u00e9 de Caen Normandie, France, du 9 au 11 octobre 2023.<\/li>\n<li>Le Her, C. (2022). Communaut\u00e9 d&rsquo;enseignant, num\u00e9rique et d\u00e9veloppement<br \/>\nprofessionnel : quels d\u00e9fis pour quels d\u00e9terminants de durabilit\u00e9 ? Le cas du S\u00e9n\u00e9gal.<br \/>\n<em>Communication individuelle de 30 minutes. Neuvi\u00e8me colloque international en<\/em><br \/>\n<em>\u00e9ducation du CRIFPE<\/em>, Montr\u00e9al, Qu\u00e9bec, Canada, 5 et 6 mai 2022<\/li>\n<\/ul>\n\t\t\t<a href=\"#\" id=\"fl-accordion--label-4\" tabindex=\"0\" aria-controls=\"fl-accordion--panel-4\">Publications<\/a>\n\t\t\t\t\t\t\t<a href=\"#\" id=\"fl-accordion--icon-4\" tabindex=\"0\" aria-controls=\"fl-accordion--panel-4\"><i>Expand<\/i><\/a>\n\t\t<ul>\n<li>Le Her, C. (accept\u00e9, en cours de publication). Etude de la dynamique interne des communaut\u00e9s d&rsquo;apprentissage professionnelles dans l&rsquo;enseignement primaire au S\u00e9n\u00e9gal. <em>Revue Education et socialisation, Les Cahiers du CERFEE.<\/em> Elle est class\u00e9e \u00ab \u00c0 comit\u00e9 de lecture par l&rsquo;HCERES \u00bb, Presses universitaires de la M\u00e9diterran\u00e9e, France.<\/li>\n<li>Le Her, C. (2024). Les communaut\u00e9s d&rsquo;apprentissage professionnelles pour la formation des enseignants : d\u00e9fis et d\u00e9terminants de durabilit\u00e9 des cellules<br \/>\nd&rsquo;animation p\u00e9dagogique dans les \u00e9coles \u00e9l\u00e9mentaires \u00e0 Dakar et en Casamance. <em>Revue internationale Lakisa<\/em> class\u00e9e \u00ab Revue d&rsquo;interface en sciences de l&rsquo;\u00e9ducation et reconnue par le CAMES, Universit\u00e9 Marien Ngouabi, R\u00e9publique du Congo.<\/li>\n<li>Le Her, C. (2023). La perception des enseignants de l&rsquo;int\u00e9r\u00eat de l&rsquo;utilisation des technologies informatis\u00e9es dans les communaut\u00e9s d&rsquo;apprentissage professionnelles (CAP) en Afrique francophone. Le cas des Cellules d&rsquo;Animation P\u00e9dagogiques et Culturelles (CAPC) au S\u00e9n\u00e9gal. <em>Revue internationale M\u00e9diations &amp; M\u00e9diatisations,<\/em> Teluq, n\u00b014, Montr\u00e9al, Canada. Elle est class\u00e9e \u00ab Revue d&rsquo;interface en sciences de l&rsquo;\u00e9ducation \u00bb.<\/li>\n<\/ul>\n\n","protected":false},"excerpt":{"rendered":"<p>Identit\u00e9 Cyrielle Le HER Adresse : Universit\u00e9 de Caen Normandie 14032 CAEN CEDEX Email : cyrielle.leher@unicaen.fr Informations Inscrite en th\u00e8se entre : Novembre 2020 et Novembre 2024 Langue(s) pratiqu\u00e9e(s) : Fran\u00e7ais Th\u00e8me de rattachement : Th\u00e8me 3\u00a0:\u00a0Espaces sociaux, dispositifs et num\u00e9rique en \u00e9ducation et en formation (EDNEF) Titre de la th\u00e8se : Communaut\u00e9 d&rsquo;apprentissage professionnelle &hellip;<\/p>\n<p class=\"read-more\"> <a class=\"\" href=\"https:\/\/cirnef.normandie-univ.fr\/?page_id=5590\"> <span class=\"screen-reader-text\">Cyrielle Le Her<\/span> Lire la suite \u00bb<\/a><\/p>\n","protected":false},"author":151,"featured_media":0,"parent":0,"menu_order":0,"comment_status":"closed","ping_status":"closed","template":"","meta":{"site-sidebar-layout":"default","site-content-layout":"default","ast-global-header-display":"","ast-main-header-display":"","ast-hfb-above-header-display":"","ast-hfb-below-header-display":"","ast-hfb-mobile-header-display":"","site-post-title":"","ast-breadcrumbs-content":"","ast-featured-img":"","footer-sml-layout":"","theme-transparent-header-meta":"","adv-header-id-meta":"","stick-header-meta":"","header-above-stick-meta":"","header-main-stick-meta":"","header-below-stick-meta":"","footnotes":""},"coauthors":[],"class_list":["post-5590","page","type-page","status-publish","hentry"],"_links":{"self":[{"href":"https:\/\/cirnef.normandie-univ.fr\/index.php?rest_route=\/wp\/v2\/pages\/5590","targetHints":{"allow":["GET"]}}],"collection":[{"href":"https:\/\/cirnef.normandie-univ.fr\/index.php?rest_route=\/wp\/v2\/pages"}],"about":[{"href":"https:\/\/cirnef.normandie-univ.fr\/index.php?rest_route=\/wp\/v2\/types\/page"}],"author":[{"embeddable":true,"href":"https:\/\/cirnef.normandie-univ.fr\/index.php?rest_route=\/wp\/v2\/users\/151"}],"replies":[{"embeddable":true,"href":"https:\/\/cirnef.normandie-univ.fr\/index.php?rest_route=%2Fwp%2Fv2%2Fcomments&post=5590"}],"version-history":[{"count":1,"href":"https:\/\/cirnef.normandie-univ.fr\/index.php?rest_route=\/wp\/v2\/pages\/5590\/revisions"}],"predecessor-version":[{"id":7813,"href":"https:\/\/cirnef.normandie-univ.fr\/index.php?rest_route=\/wp\/v2\/pages\/5590\/revisions\/7813"}],"wp:attachment":[{"href":"https:\/\/cirnef.normandie-univ.fr\/index.php?rest_route=%2Fwp%2Fv2%2Fmedia&parent=5590"}],"wp:term":[{"taxonomy":"author","embeddable":true,"href":"https:\/\/cirnef.normandie-univ.fr\/index.php?rest_route=%2Fwp%2Fv2%2Fcoauthors&post=5590"}],"curies":[{"name":"wp","href":"https:\/\/api.w.org\/{rel}","templated":true}]}}