{"id":4583,"date":"2021-03-19T11:56:06","date_gmt":"2021-03-19T10:56:06","guid":{"rendered":"http:\/\/cirnef.normandie-univ.fr\/?page_id=4583"},"modified":"2025-05-13T15:26:47","modified_gmt":"2025-05-13T13:26:47","slug":"karen-abou-assi","status":"publish","type":"page","link":"https:\/\/cirnef.normandie-univ.fr\/?page_id=4583","title":{"rendered":"Karen Abou Assi"},"content":{"rendered":"\n\n\t<h2>Identit\u00e9<\/h2>\n<h4>Karen Abou Assi<\/h4>\n<p>Email : Karen.abou-assi@univ-rouen.fr<\/p>\n\t<h2>Informations<\/h2>\n<p>Th\u00e8mes de rattachement :<\/p>\n<p><em>Th\u00e8me 1 : Enfants, jeunes et adultes en interactions et dialogue<\/em><\/p>\n<p><em>Th\u00e8me 3 : <\/em><em>Espaces sociaux, dispositifs et num\u00e9rique en \u00e9ducation et formation<\/em><\/p>\n<p>Titre de la th\u00e8se : \u0399mplicati\u03bfn des f\u03bfncti\u03bfns ex\u00e9cutives dans les activit\u00e9s de c\u03bfdage et de r\u03bfb\u03bftique : un effet de r\u00e9cipr\u03bfcit\u00e9 ?<\/p>\n<p>Langues pratiqu\u00e9es : Fran\u00e7ais, Anglais, Arabe.<\/p>\n<p>&nbsp;<\/p>\n\t\t\t\t<a href=\"https:\/\/cirnef.normandie-univ.fr\/wp-content\/uploads\/2021\/03\/Photo-Karen.jpg\" target=\"_self\" itemprop=\"url\">\n\t\t\t\t<img decoding=\"async\" src=\"http:\/\/cirnef.normandie-univ.fr\/wp-content\/uploads\/2021\/03\/Photo-Karen.jpg\" alt=\"Photo Karen\" itemprop=\"image\" title=\"Photo Karen\" onerror=\"this.style.display='none'\"  \/>\n\t\t\t\t<\/a>\n\t\t\t<a href=\"#\" id=\"fl-accordion--label-0\" tabindex=\"0\" aria-controls=\"fl-accordion--panel-0\">Pr\u00e9sentation de la th\u00e8se<\/a>\n\t\t\t\t\t\t\t<a href=\"#\" id=\"fl-accordion--icon-0\" tabindex=\"0\" aria-controls=\"fl-accordion--panel-0\"><i>Collapse<\/i><\/a>\n\t\t<h4>R\u00e9sum\u00e9<\/h4>\n<p>La th\u00e8se \u00e9tudie les liens entre le codage et la robotique en tant que savoir \u00e0 enseigner, et les fonctions ex\u00e9cutives froides et chaudes. L&rsquo;enseignement du codage et de la robotique est encourag\u00e9 par les institutions \u00e9ducatives dans une perspective de d\u00e9veloppement des comp\u00e9tences du XXIe si\u00e8cle et de la litt\u00e9ratie num\u00e9rique \u00e0 travers le d\u00e9veloppement d&rsquo;une pens\u00e9e informatique chez les \u00e9l\u00e8ves. Cet enseignement se base sur les principes du constructionnisme. Il implique un engagement actif de la part des \u00e9l\u00e8ves, privil\u00e9gie l&rsquo;apprentissage collaboratif et donne \u00e0 l&rsquo;enseignant un r\u00f4le d&rsquo;enseignant-facilitateur. Ce dernier doit pousser les \u00e9l\u00e8ves \u00e0 bricoler, cr\u00e9er et collaborer en utilisant des strat\u00e9gies de m\u00e9tacognition. Un protocole de codage et de robotique a \u00e9t\u00e9 con\u00e7u et pr\u00e9sent\u00e9 \u00e0 35 \u00e9l\u00e8ves \u00e2g\u00e9s de 9 \u00e0 11 ans scolaris\u00e9s en classe de CM1 et CM2, dans diff\u00e9rents \u00e9tablissements scolaires des secteurs publics ou priv\u00e9s au Liban. Les d\u00e9fis pr\u00e9sent\u00e9s par les activit\u00e9s de codage et de robotique augmentaient en difficult\u00e9s de s\u00e9ance en s\u00e9ance et n\u00e9cessitaient un engagement actif et une collaboration de la part des participants. Des observations structur\u00e9es et des mesures r\u00e9p\u00e9t\u00e9es ont permis de montrer que le protocole de codage et de robotique con\u00e7u dans le cadre de cette \u00e9tude a permis l&rsquo;engagement des fonctions ex\u00e9cutives dans l&rsquo;apprentissage du codage et de la robotique, et que r\u00e9ciproquement, les s\u00e9ances de codage et de robotique pr\u00e9sent\u00e9es ont permis le d\u00e9veloppement des fonctions ex\u00e9cutives froides et chaudes. De plus, les donn\u00e9es collect\u00e9es ont permis de montrer que tous les participants pouvaient b\u00e9n\u00e9ficier des s\u00e9ances de codage et de robotique ind\u00e9pendamment de leur niveau socio\u00e9conomique, de leur sexe, de leur participation ant\u00e9rieure \u00e0 des s\u00e9ances de robotique ou \u00e0 leur niveau ex\u00e9cutif.<\/p>\n<h4>Mots-cl\u00e9s<\/h4>\n<blockquote><p>Codage et Robotique &#8211; Fonctions Ex\u00e9cutives &#8211; Apprentissage Collaboratif &#8211; Pratiques P\u00e9dagogiques.<\/p><\/blockquote>\n<p>Th\u00e8se pr\u00e9par\u00e9e sous la direction de Jean-Luc Rinaudo (PU) et soutenue en juillet 2022.<\/p>\n\t\t\t<a href=\"#\" id=\"fl-accordion--label-1\" tabindex=\"0\" aria-controls=\"fl-accordion--panel-1\">Publications<\/a>\n\t\t\t\t\t\t\t<a href=\"#\" id=\"fl-accordion--icon-1\" tabindex=\"0\" aria-controls=\"fl-accordion--panel-1\"><i>Expand<\/i><\/a>\n\t\tAbou Assi, K. The Development of Attentional Inhibition Through Coding and Robotics: Associating Between Tinkering, Creating, and Problem Solving in a Group Setting. Int J of Soc Robotics (2022). https:\/\/doi.org\/10.1007\/s12369-022-00916-8.\nAbou Assi, K., El Khoury, H., Malek, R., &amp; Naccache, H. (2019). Impact de l&rsquo;entra\u00eenement assist\u00e9 par ordinateur sur les fonctions ex\u00e9cutives dans le cadre d&rsquo;un trouble d\u00e9ficitaire de l&rsquo;attention chez des enfants \u00e2g\u00e9s entre 7 et 9 ans. <i>Frantice, 16<\/i>(2), 12-31.\n\t\t\t<a href=\"#\" id=\"fl-accordion--label-2\" tabindex=\"0\" aria-controls=\"fl-accordion--panel-2\">Communications<\/a>\n\t\t\t\t\t\t\t<a href=\"#\" id=\"fl-accordion--icon-2\" tabindex=\"0\" aria-controls=\"fl-accordion--panel-2\"><i>Expand<\/i><\/a>\n\t\t<p>Communication orale au colloque AREF sous le titre \u00ab D\u00e9marches adopt\u00e9es par les enseignants pour l&rsquo;\u00e9laboration d&rsquo;un programme d&rsquo;apprentissage pour les enfants autistes en UEMA \u00bb. Universit\u00e9 de Lausanne, Suisse.<\/p>\n<p>Communication orale au colloque AREF sous le titre \u00ab Le d\u00e9veloppement des fonctions ex\u00e9cutives chaudes par l&rsquo;apprentissage collaboratif chez des enfants \u00e2g\u00e9s de 9 \u00e0 12 ans au cours d&rsquo;ateliers de robotique \u00bb. Universit\u00e9 de Lausanne, Suisse.<\/p>\n<p>Communication orale au colloque \u00e9TIC 4 sous le titre \u00ab Les pratiques enseignantes n\u00e9cessaires \u00e0 la r\u00e9ussite des activit\u00e9s de codage et de robotique \u00e0 l&rsquo;\u00e9cole \u00bb. Universit\u00e9 de Caen, France.<\/p>\n<p>Communication orale au colloque international FEE \u00ab Fonctions ex\u00e9cutives chez l&rsquo;enfant \u00bb sous le titre \u00ab Le r\u00f4le du codage et de la robotique par rapport au d\u00e9veloppement du contr\u00f4le des interf\u00e9rences : Implication de la motivation, de la cr\u00e9ation et de la collaboration au sein d&rsquo;un groupe de travail. \u00bb. Universit\u00e9s d&rsquo;Angers et de Savoie, France.<\/p>\n<p>Communication orale au 7<sup>\u00e8me<\/sup> colloque du RIFEFF sous le titre \u00ab Les jeux num\u00e9riques : m\u00e9diateurs \u00e0 distance aupr\u00e8s de jeunes ayant un TDA\/H \u00bb. Universit\u00e9 Cergy-Pontoise, Paris, France.<\/p>\nCommunication orale au colloque Science et Psychomotricit\u00e9 sous le titre \u00ab L&rsquo;entra\u00eenement \u00e0 distance aux jeux num\u00e9riques : support \u00e0 la r\u00e9\u00e9ducation des fonctions ex\u00e9cutives aupr\u00e8s d&rsquo;enfants libanais ayant un TDA\/H \u00bb. Universit\u00e9 Paul Sabatier, Toulouse, France.\n\t\t\t<a href=\"#\" id=\"fl-accordion--label-3\" tabindex=\"0\" aria-controls=\"fl-accordion--panel-3\">Collaborations<\/a>\n\t\t\t\t\t\t\t<a href=\"#\" id=\"fl-accordion--icon-3\" tabindex=\"0\" aria-controls=\"fl-accordion--panel-3\"><i>Expand<\/i><\/a>\n\t\t\t<a href=\"#\" id=\"fl-accordion--label-4\" tabindex=\"0\" aria-controls=\"fl-accordion--panel-4\">Cours dispens\u00e9s<\/a>\n\t\t\t\t\t\t\t<a href=\"#\" id=\"fl-accordion--icon-4\" tabindex=\"0\" aria-controls=\"fl-accordion--panel-4\"><i>Expand<\/i><\/a>\n\t\t<p>Troubles des Apprentissages aux \u00e9tudiants en L3 de Sciences de l&rsquo;\u00c9ducation.<\/p>\n\t\t\t<a href=\"#\" id=\"fl-accordion--label-5\" tabindex=\"0\" aria-controls=\"fl-accordion--panel-5\">Prix, bourses, etc&#8230;<\/a>\n\t\t\t\t\t\t\t<a href=\"#\" id=\"fl-accordion--icon-5\" tabindex=\"0\" aria-controls=\"fl-accordion--panel-5\"><i>Expand<\/i><\/a>\n\n","protected":false},"excerpt":{"rendered":"<p>Identit\u00e9 Karen Abou Assi Email : Karen.abou-assi@univ-rouen.fr Informations Th\u00e8mes de rattachement : Th\u00e8me 1 : Enfants, jeunes et adultes en interactions et dialogue Th\u00e8me 3 : Espaces sociaux, dispositifs et num\u00e9rique en \u00e9ducation et formation Titre de la th\u00e8se : \u0399mplicati\u03bfn des f\u03bfncti\u03bfns ex\u00e9cutives dans les activit\u00e9s de c\u03bfdage et de r\u03bfb\u03bftique : un effet &hellip;<\/p>\n<p class=\"read-more\"> <a class=\"\" href=\"https:\/\/cirnef.normandie-univ.fr\/?page_id=4583\"> <span class=\"screen-reader-text\">Karen Abou Assi<\/span> Lire la suite \u00bb<\/a><\/p>\n","protected":false},"author":144,"featured_media":0,"parent":0,"menu_order":0,"comment_status":"closed","ping_status":"closed","template":"","meta":{"site-sidebar-layout":"default","site-content-layout":"default","ast-global-header-display":"","ast-main-header-display":"","ast-hfb-above-header-display":"","ast-hfb-below-header-display":"","ast-hfb-mobile-header-display":"","site-post-title":"","ast-breadcrumbs-content":"","ast-featured-img":"","footer-sml-layout":"","theme-transparent-header-meta":"default","adv-header-id-meta":"","stick-header-meta":"default","header-above-stick-meta":"","header-main-stick-meta":"","header-below-stick-meta":"","footnotes":""},"coauthors":[],"class_list":["post-4583","page","type-page","status-publish","hentry"],"_links":{"self":[{"href":"https:\/\/cirnef.normandie-univ.fr\/index.php?rest_route=\/wp\/v2\/pages\/4583","targetHints":{"allow":["GET"]}}],"collection":[{"href":"https:\/\/cirnef.normandie-univ.fr\/index.php?rest_route=\/wp\/v2\/pages"}],"about":[{"href":"https:\/\/cirnef.normandie-univ.fr\/index.php?rest_route=\/wp\/v2\/types\/page"}],"author":[{"embeddable":true,"href":"https:\/\/cirnef.normandie-univ.fr\/index.php?rest_route=\/wp\/v2\/users\/144"}],"replies":[{"embeddable":true,"href":"https:\/\/cirnef.normandie-univ.fr\/index.php?rest_route=%2Fwp%2Fv2%2Fcomments&post=4583"}],"version-history":[{"count":1,"href":"https:\/\/cirnef.normandie-univ.fr\/index.php?rest_route=\/wp\/v2\/pages\/4583\/revisions"}],"predecessor-version":[{"id":7781,"href":"https:\/\/cirnef.normandie-univ.fr\/index.php?rest_route=\/wp\/v2\/pages\/4583\/revisions\/7781"}],"wp:attachment":[{"href":"https:\/\/cirnef.normandie-univ.fr\/index.php?rest_route=%2Fwp%2Fv2%2Fmedia&parent=4583"}],"wp:term":[{"taxonomy":"author","embeddable":true,"href":"https:\/\/cirnef.normandie-univ.fr\/index.php?rest_route=%2Fwp%2Fv2%2Fcoauthors&post=4583"}],"curies":[{"name":"wp","href":"https:\/\/api.w.org\/{rel}","templated":true}]}}