{"id":4460,"date":"2021-02-08T10:51:19","date_gmt":"2021-02-08T09:51:19","guid":{"rendered":"http:\/\/cirnef.normandie-univ.fr\/?page_id=4460"},"modified":"2025-05-14T11:17:51","modified_gmt":"2025-05-14T09:17:51","slug":"veronique-ferre","status":"publish","type":"page","link":"https:\/\/cirnef.normandie-univ.fr\/?page_id=4460","title":{"rendered":"V\u00e9ronique Ferr\u00e9"},"content":{"rendered":"\n\n\t<h2>Identit\u00e9<\/h2>\n<h4>V\u00e9ronique FERR\u00c9<\/h4>\nAdresse :<br \/>\nUniversit\u00e9 de Rouen Normandie<br \/>\nUFR des Sciences de l&rsquo;Homme et de la Soci\u00e9t\u00e9<br \/>\nCIRNEF EA 7454<br \/>\n76821 Mont-Saint-Aignan cedex\n<p>Email : veronique.ferre@univ-rouen.fr<\/p>\n\t<h2>Informations<\/h2>\nInscrit en th\u00e8se depuis : 1\/11\/2017<br \/>\nLangue(s) pratiqu\u00e9e(s) : Fran\u00e7ais\n<p>Th\u00e8mes de rattachement : Th\u00e8me 1 et Th\u00e8me 2<\/p>\nTitre de la th\u00e8se : Professionnalisation de la personne ressource.<br \/>\nDirecteur de th\u00e8se : Richard Wittorski et Diane Bedoin\n<p>&nbsp;<\/p>\n\t\t\t\t<a href=\"https:\/\/cirnef.normandie-univ.fr\/wp-content\/uploads\/2021\/04\/ihOJFxWBRVe2IU2yszNZg_thumb_2cc.jpg\" target=\"_self\" itemprop=\"url\">\n\t\t\t\t<img loading=\"lazy\" decoding=\"async\" src=\"https:\/\/cirnef.normandie-univ.fr\/wp-content\/uploads\/2021\/04\/ihOJFxWBRVe2IU2yszNZg_thumb_2cc.jpg\" alt=\"ihOJFxWBRVe2IU+2yszNZg_thumb_2cc\" itemprop=\"image\" height=\"199\" width=\"169\" title=\"ihOJFxWBRVe2IU+2yszNZg_thumb_2cc\" onerror=\"this.style.display='none'\"  \/>\n\t\t\t\t<\/a>\n\t\t\t<a href=\"#\" id=\"fl-accordion--label-0\" tabindex=\"0\" aria-controls=\"fl-accordion--panel-0\">Pr\u00e9sentation du projet de th\u00e8se<\/a>\n\t\t\t\t\t\t\t<a href=\"#\" id=\"fl-accordion--icon-0\" tabindex=\"0\" aria-controls=\"fl-accordion--panel-0\"><i>Collapse<\/i><\/a>\n\t\t<p>La professionnalisation de la fonction personne ressource de l&rsquo;enseignant sp\u00e9cialis\u00e9 qui accompagne la politique inclusive dans un \u00e9tablissement du second degr\u00e9<\/p>\n<p>&nbsp;<\/p>\n<p>Mots cl\u00e9s : inclusion, d\u00e9veloppement professionnel, professionnalisation, personne ressource, activit\u00e9, identit\u00e9<\/p>\n<p>&nbsp;<\/p>\n<h4>Mots-cl\u00e9s<\/h4>\n<blockquote><p>&nbsp;<\/p><\/blockquote>\n\t\t\t<a href=\"#\" id=\"fl-accordion--label-1\" tabindex=\"0\" aria-controls=\"fl-accordion--panel-1\">Publications<\/a>\n\t\t\t\t\t\t\t<a href=\"#\" id=\"fl-accordion--icon-1\" tabindex=\"0\" aria-controls=\"fl-accordion--panel-1\"><i>Expand<\/i><\/a>\n\t\t<p>Note de lecture :<\/p>\n<p>Ferr\u00e9, V. (2019), Revue Alter.<\/p>\n<p><em>Puech I. et Touahria-Gaillard A. (dir.), \u00ab L&rsquo;accompagnement du handicap \u00e0 domicile. Enjeux moraux, sociaux et politiques \u00bb, Grenoble, PUG<\/em><\/p>\n<p>&nbsp;<\/p>\n<p>Ferr\u00e9, V.; Bedoin, D. (2021)\u00a0<em>Professionnalisation de la fonction personne ressource du m\u00e9tier d&rsquo;enseignant sp\u00e9cialis\u00e9 : quelles activit\u00e9s, quelle identit\u00e9? <\/em>Revue \u00c9ducation et soci\u00e9t\u00e9 inclusive<\/p>\n<p>Andr\u00e9, A.; Carpentier, C.; Ferr\u00e9, V. (2021),\u00a0<em>Entre adaptation cibl\u00e9e et adaptation pour tous : vers une pyramide inclusive en EPS. <\/em>In Andr\u00e9, A.; Margas, N.,\u00a0<em>L&rsquo;inclusion<\/em>, Revue EPS<\/p>\n\t\t\t<a href=\"#\" id=\"fl-accordion--label-2\" tabindex=\"0\" aria-controls=\"fl-accordion--panel-2\">Communications<\/a>\n\t\t\t\t\t\t\t<a href=\"#\" id=\"fl-accordion--icon-2\" tabindex=\"0\" aria-controls=\"fl-accordion--panel-2\"><i>Expand<\/i><\/a>\n\t\t<p>Ferr\u00e9, V. L<em>a personne ressource en France,\u00a0<\/em>colloque de l&rsquo;ACFAS, 537 collaborer entre enseignants pour optimiser le soutien aux \u00e9l\u00e8ves en difficult\u00e9 au secondaire : initiatives et partenariats de recherche, les 28 et 29 mai 2019, Gatineau (Qu\u00e9bec, Canada)<\/p>\n<p>Ferr\u00e9, V. <em>L&rsquo;activit\u00e9 de la personne ressource : une activit\u00e9 sur, dans et par le travail<\/em>. Colloque DiffFrancoPhoLIE, Le 2O novembre 2020, Lille (France)<\/p>\n<p>Ferr\u00e9,V.\u00a0<i>La co-construction de l&rsquo;activit\u00e9 et de l&rsquo;identit\u00e9 du\u00a0sujet enseignant sp\u00e9cialis\u00e9 lors d&rsquo;une activit\u00e9 de coenseignement en lyc\u00e9e professionnel<\/i>, congr\u00e8s de l&rsquo;ACFAS, symposium 552 le d\u00e9veloppement professionnel en contexte de coenseignement : apprentissage, identit\u00e9 et enjeux, les 6 et 7 mai 2021, Sherbrooke (Qu\u00e9bec, Canada)<\/p>\n<p>&nbsp;<\/p>\n<p>Ferr\u00e9, V.; Bedoin D. <em>Fonction personne ressource au coll\u00e8ge en France : le cas d&rsquo;une activit\u00e9 men\u00e9e aupr\u00e8s des Accompagnants des \u00c9l\u00e8ves en Situation de Handicap, congr\u00e8s de l&rsquo;ACFAS, symposium 542, le 9 mai 2022, Universit\u00e9 de\u00a0<\/em><i>Laval (Qu\u00e9bec, Canada)<\/i><\/p>\n<p>Ferr\u00e9, V.\u00a0<em>La fonction personne ressource du m\u00e9tier d&rsquo;enseignant sp\u00e9cialis\u00e9 : le cas d&rsquo;une activit\u00e9 d&rsquo;accompagnement lors de la mise en place des plans d&rsquo;accompagnement personnalis\u00e9<\/em>, \u00a0congr\u00e8s du REF 2022, journ\u00e9e doctorale, Universit\u00e9 de Namur (Belgique)<\/p>\n<p>&nbsp;<\/p>\n\t\t\t<a href=\"#\" id=\"fl-accordion--label-3\" tabindex=\"0\" aria-controls=\"fl-accordion--panel-3\">Collaborations<\/a>\n\t\t\t\t\t\t\t<a href=\"#\" id=\"fl-accordion--icon-3\" tabindex=\"0\" aria-controls=\"fl-accordion--panel-3\"><i>Expand<\/i><\/a>\n\t\t\t<a href=\"#\" id=\"fl-accordion--label-4\" tabindex=\"0\" aria-controls=\"fl-accordion--panel-4\">Cours dispens\u00e9s<\/a>\n\t\t\t\t\t\t\t<a href=\"#\" id=\"fl-accordion--icon-4\" tabindex=\"0\" aria-controls=\"fl-accordion--panel-4\"><i>Expand<\/i><\/a>\n\t\t<p><strong>2019-2020<\/strong> :<\/p>\n<p>L2 en sciences de l&rsquo;\u00e9ducation option les m\u00e9tiers de la formation et de l&rsquo;animation (CM + TD). Universit\u00e9 de Rouen<\/p>\n<p>Encadrement de m\u00e9moire MEEF mention 1 \u00e0 l&rsquo;INSP\u00c9 de Rouen- Le Havre<\/p>\n<p><strong>2020-2021<\/strong><\/p>\n<p>L2 en sciences de l&rsquo;\u00e9ducation option connaissances des institutions \u00e9ducatives et de la formation (CM + TD)<\/p>\n<p>L3 Forse \u00a0(universit\u00e9 de Rouen\/CNED)encadrement du dossier quanti\/quali (environ 3O \u00e9tudiants) avec animation d&rsquo;un forum, 6h de classe virtuelle et correction. Correction de copies sur la th\u00e9matique de l&rsquo;\u00e9valuation<\/p>\n<p>CAPPEI + M1 master MEEF mention 4 (EBEP) : tronc commun sur la personne ressource<\/p>\n<p>Master 1 MEEF mention 2 tronc commun : module sur la diversit\u00e9, le genre et l&rsquo;inclusion<\/p>\n<p>Master 1 sciences de l&rsquo;\u00e9ducation professionnalisation et professionnalis\u00e9s<\/p>\n<p>Master 2 MEEF mention 2 parcours adapt\u00e9 \u00e0 temps plein. tutorat de 3 \u00e9tudiants sur l&rsquo;\u00e9crit \u00e0 caract\u00e8re scientifique<\/p>\n<p><strong>2021-2022<\/strong><\/p>\n<p>L2 en sciences de l&rsquo;\u00e9ducation option connaissances des institutions \u00e9ducatives et de la formation (CM + TD)<\/p>\n<p>L3 Forse \u00a0(universit\u00e9 de Rouen\/CNED)encadrement du dossier quanti\/quali (environ 3O \u00e9tudiants) avec animation d&rsquo;un forum, 6h de classe virtuelle et correction. Correction de copies sur la th\u00e9matique de l&rsquo;\u00e9valuation<\/p>\n<p>Master 1 sciences de l&rsquo;\u00e9ducation professionnalisation et professionnalis\u00e9s<\/p>\n<p>Master 2 MEEF tronc commun module inclusion et module approfondissement inclusion<\/p>\n<p>Master 2 MEEF mention 2 parcours adapt\u00e9 \u00e0 temps plein. tutorat de 3 \u00e9tudiants sur l&rsquo;\u00e9crit \u00e0 caract\u00e8re scientifique<\/p>\n\t\t\t<a href=\"#\" id=\"fl-accordion--label-5\" tabindex=\"0\" aria-controls=\"fl-accordion--panel-5\">Prix, bourses, etc&#8230;<\/a>\n\t\t\t\t\t\t\t<a href=\"#\" id=\"fl-accordion--icon-5\" tabindex=\"0\" aria-controls=\"fl-accordion--panel-5\"><i>Expand<\/i><\/a>\n\n","protected":false},"excerpt":{"rendered":"<p>Identit\u00e9 V\u00e9ronique FERR\u00c9 Adresse : Universit\u00e9 de Rouen Normandie UFR des Sciences de l&rsquo;Homme et de la Soci\u00e9t\u00e9 CIRNEF EA 7454 76821 Mont-Saint-Aignan cedex Email : veronique.ferre@univ-rouen.fr Informations Inscrit en th\u00e8se depuis : 1\/11\/2017 Langue(s) pratiqu\u00e9e(s) : Fran\u00e7ais Th\u00e8mes de rattachement : Th\u00e8me 1 et Th\u00e8me 2 Titre de la th\u00e8se : Professionnalisation de la &hellip;<\/p>\n<p class=\"read-more\"> <a class=\"\" href=\"https:\/\/cirnef.normandie-univ.fr\/?page_id=4460\"> <span class=\"screen-reader-text\">V\u00e9ronique Ferr\u00e9<\/span> Lire la suite \u00bb<\/a><\/p>\n","protected":false},"author":141,"featured_media":0,"parent":0,"menu_order":0,"comment_status":"closed","ping_status":"closed","template":"","meta":{"site-sidebar-layout":"default","site-content-layout":"default","ast-global-header-display":"","ast-main-header-display":"","ast-hfb-above-header-display":"","ast-hfb-below-header-display":"","ast-hfb-mobile-header-display":"","site-post-title":"","ast-breadcrumbs-content":"","ast-featured-img":"","footer-sml-layout":"","theme-transparent-header-meta":"default","adv-header-id-meta":"","stick-header-meta":"default","header-above-stick-meta":"","header-main-stick-meta":"","header-below-stick-meta":"","footnotes":""},"coauthors":[],"class_list":["post-4460","page","type-page","status-publish","hentry"],"_links":{"self":[{"href":"https:\/\/cirnef.normandie-univ.fr\/index.php?rest_route=\/wp\/v2\/pages\/4460","targetHints":{"allow":["GET"]}}],"collection":[{"href":"https:\/\/cirnef.normandie-univ.fr\/index.php?rest_route=\/wp\/v2\/pages"}],"about":[{"href":"https:\/\/cirnef.normandie-univ.fr\/index.php?rest_route=\/wp\/v2\/types\/page"}],"author":[{"embeddable":true,"href":"https:\/\/cirnef.normandie-univ.fr\/index.php?rest_route=\/wp\/v2\/users\/141"}],"replies":[{"embeddable":true,"href":"https:\/\/cirnef.normandie-univ.fr\/index.php?rest_route=%2Fwp%2Fv2%2Fcomments&post=4460"}],"version-history":[{"count":1,"href":"https:\/\/cirnef.normandie-univ.fr\/index.php?rest_route=\/wp\/v2\/pages\/4460\/revisions"}],"predecessor-version":[{"id":7804,"href":"https:\/\/cirnef.normandie-univ.fr\/index.php?rest_route=\/wp\/v2\/pages\/4460\/revisions\/7804"}],"wp:attachment":[{"href":"https:\/\/cirnef.normandie-univ.fr\/index.php?rest_route=%2Fwp%2Fv2%2Fmedia&parent=4460"}],"wp:term":[{"taxonomy":"author","embeddable":true,"href":"https:\/\/cirnef.normandie-univ.fr\/index.php?rest_route=%2Fwp%2Fv2%2Fcoauthors&post=4460"}],"curies":[{"name":"wp","href":"https:\/\/api.w.org\/{rel}","templated":true}]}}