{"id":4361,"date":"2021-01-26T14:24:15","date_gmt":"2021-01-26T13:24:15","guid":{"rendered":"http:\/\/cirnef.normandie-univ.fr\/?page_id=4361"},"modified":"2025-05-14T10:51:35","modified_gmt":"2025-05-14T08:51:35","slug":"angelique-blanc-serra","status":"publish","type":"page","link":"https:\/\/cirnef.normandie-univ.fr\/?page_id=4361","title":{"rendered":"Ang\u00e9lique Blanc-Serra"},"content":{"rendered":"\n\n\t<h2>Identit\u00e9<\/h2>\n<h4>Ang\u00e9lique BLANC-SERRA<\/h4>\n<p>Post doctorante \u00e0 l&rsquo;Universit\u00e0 di Pasquale Paoli &#8211; Corse (ann\u00e9e civile 2024)<\/p>\n<p>Docteure en Sciences de l&rsquo;\u00e9ducation<\/p>\n<p>Email : angelique.blancserra@gmail.com<\/p>\n\t\t\t\t<a href=\"https:\/\/cirnef.normandie-univ.fr\/wp-content\/uploads\/2021\/02\/DSC_0412-2.jpg\" target=\"_self\" itemprop=\"url\">\n\t\t\t\t<img loading=\"lazy\" decoding=\"async\" src=\"https:\/\/cirnef.normandie-univ.fr\/wp-content\/uploads\/2021\/02\/DSC_0412-2.jpg\" alt=\"DSC_0412 (2)\" itemprop=\"image\" height=\"2505\" width=\"1729\" title=\"DSC_0412 (2)\" onerror=\"this.style.display='none'\"  \/>\n\t\t\t\t<\/a>\n\t<h2>Mots-cl\u00e9s<\/h2>\n<blockquote><p>Histoire des institutions scolaires XVIIIe-XXe si\u00e8cles &#8211; politiques \u00e9ducatives &#8211; relation entre \u00c9tat et acteurs locaux &#8211; modalit\u00e9s de circulation des savoirs &#8211; histoire de la scolarisation et de l&rsquo;alphab\u00e9tisation.<\/p><\/blockquote>\n\t\t\t<a href=\"#\" id=\"fl-accordion--label-0\" tabindex=\"0\" aria-controls=\"fl-accordion--panel-0\">Pr\u00e9sentation<\/a>\n\t\t\t\t\t\t\t<a href=\"#\" id=\"fl-accordion--icon-0\" tabindex=\"0\" aria-controls=\"fl-accordion--panel-0\"><i>Collapse<\/i><\/a>\n\t\t<p>Apr\u00e8s un doctorat en Sciences de l&rsquo;\u00e9ducation &#8211; <em>Le r\u00e9seau \u00e9ducatif \u00e0 Brian\u00e7on de la R\u00e9publique des Escartons (1343) \u00e0 la fin du XIX<sup>e<\/sup> si\u00e8cle<\/em>) &#8211; j&rsquo;ai effectu\u00e9 une charge d&rsquo;enseignement en 2017 \u00e0 l&rsquo;Universit\u00e9 Jean Monnet (Saint Etienne) avant d&rsquo;\u00eatre recrut\u00e9e comme ATER \u00e0 l&rsquo;Universit\u00e9 de Caen (D\u00e9partement des Sciences de l&rsquo;\u00e9ducation) sur un profil histoire de l&rsquo;\u00e9ducation \/ philosophie de l&rsquo;\u00e9ducation (2017-2019). Lors des ann\u00e9es universitaires 2021-2022 (premier semestre) et 2022-2023 (second semestre), deux charges de cours ayant trait \u00e0 l&rsquo;histoire de l&rsquo;\u00e9ducation et une traitant de la la\u00efcit\u00e9 ont \u00e9t\u00e9 donn\u00e9 \u00e0 l&rsquo;ILEPS-CERGY.<\/p>\n<p>Mon activit\u00e9 de chercheuse s&rsquo;est d\u00e9velopp\u00e9e en deux temps, mais toujours dans la continuit\u00e9 de r\u00e9flexions ayant comme source les sciences de l&rsquo;\u00e9ducation.<\/p>\n<p>Dans un premier temps, ma th\u00e8se, en mettant la focale sur un empan historique \u00e9tendu (XIV<sup>e<\/sup> &#8211; XIX<sup>e<\/sup> si\u00e8cle), apporte un \u00e9clairage socio-historique sur les valeurs transmises dans et par l&rsquo;\u00e9cole gr\u00e2ce \u00e0 un territoire vecteur d&rsquo;id\u00e9al d\u00e9mocratique, et peut, par le truchement du regard r\u00e9trospectif, contribuer \u00e0 la r\u00e9flexion sur les politiques \u00e9ducatives actuelles.<\/p>\n<p>Dans un second temps, mes activit\u00e9s de recherche actuelles, bien que privil\u00e9giant essentiellement une approche historique, s&rsquo;orientent aussi vers une r\u00e9flexion plus large relative au ph\u00e9nom\u00e8ne \u00e9ducatif et \u00e0 son \u00e9volution.<\/p>\n<ul>\n<li>politiques \u00e9ducatives\u00a0: elles sont interrog\u00e9es \u00e0 un niveau micro et macro afin d&rsquo;analyser les discours, les pratiques et les relations de chacun des acteurs. Les politiques \u00e9ducatives sont \u00e9galement \u00e9tudi\u00e9es plus sp\u00e9cifiquement dans leur r\u00e9ception et leur appropriation \u00e0 l&rsquo;\u00e9chelle locale.<\/li>\n<li>histoire des institutions scolaires\u00a0: il s&rsquo;agit ici d&rsquo;observer aussi bien les structures elles-m\u00eames que leurs diff\u00e9rents aspects (acteurs de l&rsquo;\u00e9cole, p\u00e9dagogie utilis\u00e9e, organisation de la vie scolaire, mat\u00e9rialit\u00e9 des classes) dans une dimension diachronique.<\/li>\n<li>circulation des savoirs\u00a0: se pose ici la question des modalit\u00e9s, et plus pr\u00e9cis\u00e9ment, sous quelles formes et dans quelles mesures, en fonction d&rsquo;un contexte, les savoirs circulent.<\/li>\n<li>histoire de la scolarisation et de l&rsquo;alphab\u00e9tisation : en lien avec les territoires de montagne, il convient de r\u00e9fl\u00e9chir \u00e0 l&rsquo;influence de ces derniers sur leur rapport \u00e0 la forme scolaire.<\/li>\n<\/ul>\n<p>Mes activit\u00e9s de recherche s&rsquo;inscrivent \u00e9galement au sein de deux projets post-doctoraux, men\u00e9s \u00e0 l&rsquo;UMR LISA &#8211; Universit\u00e0 di Corsica Pasquale Paoli.<\/p>\n<ul>\n<li>Le premier, men\u00e9 au cours de l&rsquo;ann\u00e9e civile 2022, a port\u00e9 sur \u00ab\u00a0La m\u00e9moire orale des instituteurs corses au milieu du XXe si\u00e8cle\u00a0\u00bb. Ce projet a donn\u00e9 lieu \u00e0 un parcours th\u00e9matique <a href=\"https:\/\/m3c.universita.corsica\/s\/fr\/page\/parcours-la-memoire-des-instituteurs-corses-decennies-1940-1960\">La m\u00e9moire des instituteurs corses du milieu du XXe si\u00e8cle (d\u00e9cennies 1940-1960) \u00b7 FR (universita.corsica)<\/a><\/li>\n<li>Le second, en cours, s&rsquo;int\u00e9resse\u00a0 au r\u00e9seau \u00e9ducatif Corse au d\u00e9but de la IIIe R\u00e9publique.<\/li>\n<\/ul>\n<p>&nbsp;<\/p>\n<p>Par ailleurs, je suis<\/p>\n<ul>\n<li>Membre associ\u00e9e du CIRNEF, th\u00e8me 4<\/li>\n<li>Membre \u00e9lue du CA de l&rsquo;ATRHE (Association Transdisciplinaire pour des Recherches Historiques sur l&rsquo;\u00c9ducation) depuis 2018.<\/li>\n<\/ul>\n\t\t\t<a href=\"#\" id=\"fl-accordion--label-1\" tabindex=\"0\" aria-controls=\"fl-accordion--panel-1\">Publications<\/a>\n\t\t\t\t\t\t\t<a href=\"#\" id=\"fl-accordion--icon-1\" tabindex=\"0\" aria-controls=\"fl-accordion--panel-1\"><i>Expand<\/i><\/a>\n\t\t<p><strong>Revues r\u00e9f\u00e9renc\u00e9es \u00e0 comit\u00e9 de lecture international<\/strong><\/p>\n<p>\u00a4 Blanc-Serra, A. (2023). R\u00e9ception d&rsquo;une loi scolaire par les instances locales. L&rsquo;exemple des \u00c9coles Primaires Sup\u00e9rieures (1833-1850). <em>Recherches en \u00e9ducation<\/em>.<\/p>\n<p>Blanc-Serra, A. (2018). Les instituteurs \u00e0 Brian\u00e7on du XIV<sup>e<\/sup> jusqu&rsquo;au XIX<sup>e<\/sup> si\u00e8cle\u00a0: un statut pr\u00e9curseur\u00a0? <em>Carrefours de l&rsquo;\u00e9ducation<\/em>, n\u00b045, 121-140.<\/p>\n<p>\u00a4 Blanc-Serra, A. (2016). Entre pouvoir local et central : Le r\u00e9seau \u00e9ducatif brian\u00e7onnais (1592-1902). <em>Penser l&rsquo;\u00e9ducation<\/em>, n\u00b038, 9-26.<\/p>\n<p>\u00a4 Blanc-Serra, A (\u00e0 para\u00eetre). Comprendre l&rsquo;alphab\u00e9tisation en territoire haut-alpin : de l&rsquo;enqu\u00eate Maggiolo \u00e0 la consid\u00e9ration de l&rsquo;aisance de la signature. <em>Histoire de l&rsquo;\u00e9ducation<\/em>, n\u00b0162.<\/p>\n<p>&nbsp;<\/p>\n<p><strong>Chapitres d&rsquo;ouvrage scientifique<\/strong><\/p>\n<p>\u00a4 Blanc-Serra, A et Sorba, N. (2024). Entre vocation et n\u00e9cessit\u00e9. Parcours d&rsquo;instituteurs en Corse dans la premi\u00e8re moiti\u00e9 du XXe si\u00e8cle. In D. Jouffroy (dir.), <em>I Maistrelli, Institutrices et instituteurs de Corse de la Belle Epoque \u00e0 1914<\/em>. Ajaccio : Albiana.<\/p>\n<p>\u00a4 Blanc-Serra, A. (2024). D&rsquo;une unit\u00e9 linguistique \u00e0 une autre : regards crois\u00e9s sur un territoire franco-italien (1600-1900). In J-L Le Cam (dir.), <em>L&rsquo;\u00e9cole et les langues dans les espaces en situation de partage linguistique \u00e0 travers l&rsquo;histoire<\/em>. Rennes : Presses Universitaires de Rennes.<\/p>\n<p>\u00a4 Blanc-Serra, A., Robert, A. D. &amp; Seguy, J.-Y. (2020). Face aux refus d&rsquo;\u00e9cole, d\u00e9fense, critique et accompagnement des \u00ab commissions municipales scolaires \u00bb (1880-1930). In Y. Michel et J. Cahon (dir.), <em>Refus et refus\u00e9s d&rsquo;\u00e9cole<\/em>. Grenoble\u00a0: Presses Universitaires de Grenoble, collection \u00ab\u00a0enseignement et r\u00e9formes\u00a0\u00bb.<\/p>\n<p>&nbsp;<\/p>\n<p><strong>Autres publications<\/strong><\/p>\n<p>\u00a4 Blanc-Serra, A. (2021). \u00ab Riondet X., Hofstetter R. et Go H-L (Dir.), Les acteurs de l&rsquo;\u00c9ducation nouvelle au XX<sup>e<\/sup> si\u00e8cle, France\u00a0: Presses Universitaires de Grenoble\u00a0\u00bb. <em>Recherches et \u00e9ducation<\/em>\u00a0\u00bb.<\/p>\n<p>\u00a4 Blanc-Serra, A. (2014). L&rsquo;offre scolaire sous la R\u00e9publique des Escartons : l&rsquo;exemple de Brian\u00e7on. <em>Bulletin de la Soci\u00e9t\u00e9 d&rsquo;Etudes des Hautes-Alpes<\/em>, 53-75.<\/p>\n\t\t\t<a href=\"#\" id=\"fl-accordion--label-2\" tabindex=\"0\" aria-controls=\"fl-accordion--panel-2\">Communications<\/a>\n\t\t\t\t\t\t\t<a href=\"#\" id=\"fl-accordion--icon-2\" tabindex=\"0\" aria-controls=\"fl-accordion--panel-2\"><i>Expand<\/i><\/a>\n\t\t<p><strong>Internationales avec expertise scientifique<\/strong><\/p>\n<p>\u00a4 <em>2024, 12-14 juin<\/em>. L&rsquo;enseignement mutuel en Provence. Entre int\u00e9r\u00eat et r\u00e9sistance. Communication pr\u00e9sent\u00e9e au Colloque Scientifique International \u00ab Innovation, r\u00e9forme, exp\u00e9rimentation en \u00e9ducation : perspectives historiques (XVIIe-XXIe si\u00e8cles \u00bb, Caen, France.<\/p>\n<p>\u00a4 <em>2024, 22-23 mai<\/em>. Le fran\u00e7ais sera seul en usage dans l&rsquo;\u00e9cole : entre stricte application et compromis de la part des instituteurs et des autorit\u00e9s scolaires en territoire montagneux. Communication pr\u00e9sent\u00e9e au Colloque Scientifique International \u00ab L&rsquo;\u00e9ducation une affaire d&rsquo;\u00c9tat ? \u00bb, Corte, France.<\/p>\n<p><em>\u00a4 2019, 24-25 juin<\/em>. Entre savoirs prescrits et savoirs diffus\u00e9s\u00a0: l&rsquo;exemple des \u00e9coles primaires sup\u00e9rieures (1833-1850). Communication pr\u00e9sent\u00e9e au Colloque Scientifique International \u00ab\u00a0Passages, transferts, trajectoires en \u00e9ducation\u00a0\u00bb, Gen\u00e8ve, Suisse.<\/p>\n<p><em>\u00a0\u00a4 <\/em><em>2017, 1-2 juin<\/em>. Face aux refus d&rsquo;\u00e9cole\u00a0: le point de vue des inspecteurs, leurs analyses, leurs solutions, leur appr\u00e9ciation du r\u00f4le des commissions scolaires dans quelques d\u00e9partements (1880-1930). Communication pr\u00e9sent\u00e9e avec Jean-Yves Seguy et Andr\u00e9 D. Robert, au Colloque Scientifique International \u00ab\u00a0Les refus d&rsquo;\u00e9cole\u00a0\u00bb, Amiens, France.<\/p>\n<p><em>\u00a0\u00a4 <\/em><em>2016, 19-21 mai<\/em>. Regards crois\u00e9s sur un territoire franco-italien\u00a0: une place pour l&rsquo;idiome local\u00a0? Communication pr\u00e9sent\u00e9e au Colloque Scientifique International \u00ab\u00a0L&rsquo;\u00e9cole et les langues dans les espaces en situation de partage linguistique \u00e0 travers l&rsquo;histoire\u00a0\u00bb, Quimper, France.<\/p>\n<p><em>\u00a0\u00a4 <\/em><em>2015, 8-10 janvier<\/em>. \u00catre instituteur \u00e0 Brian\u00e7on au XIX<sup>e<\/sup> si\u00e8cle\u00a0: un statut pr\u00e9curseur\u00a0?. Communication pr\u00e9sent\u00e9e au Colloque Scientifique International \u00ab\u00a0Condition(s) enseignante(s), Conditions pour enseigner. R\u00e9alit\u00e9s, enjeux, d\u00e9fis\u00a0\u00bb, Lyon, France.<\/p>\n<p>&nbsp;<\/p>\n<p><strong>Nationale avec expertise scientifique<\/strong><\/p>\n<p><em>\u00a4 2017, 24-29 avril<\/em>. La montagne comme lieu d&rsquo;instruction et de savoirs. Plus qu&rsquo;une tradition, un h\u00e9ritage \u00e0 transmettre. Communication pr\u00e9sent\u00e9e au Congr\u00e8s national des soci\u00e9t\u00e9s historiques et scientifiques \u00ab\u00a0Circulations montagnardes, circulations europ\u00e9ennes\u00a0\u00bb, Pau, France.<\/p>\n<p>&nbsp;<\/p>\n<p><strong>Autres communications (s\u00e9lection)<\/strong><\/p>\n<p>\u00a4 <em>2023, 15 septembre<\/em>. De R\u00e9publique en R\u00e9publique : mise en \u0153uvre et p\u00e9rennisation du r\u00e9seau \u00e9ducatif brian\u00e7onnais (1592-1902). Communication pr\u00e9sent\u00e9e lors des Journ\u00e9es du patrimoine, Brian\u00e7on, France.<\/p>\n<p>\u00a4 <em>2023, 08 juin<\/em>. Les instituteurs corses au milieu du XXe si\u00e8cle : restitution et pr\u00e9sentation du projet postdoctoral. Communication pr\u00e9sent\u00e9e \u00e0 la Journ\u00e9e d&rsquo;\u00e9tude \u00ab La m\u00e9moire de l&rsquo;\u00e9ducation en Corse \u00bb, Corte, France.<\/p>\n<p>\u00a4 <em>2021<\/em>. Poser sa marque ou signer. R\u00e9flexion autour des r\u00e9sultats de l&rsquo;enqu\u00eate Maggiolo en territoire alpin. Communication pr\u00e9sent\u00e9e \u00e0 la Journ\u00e9e nationale des jeunes chercheurs et chercheuses en histoire de l&rsquo;\u00e9ducation \u00ab Epist\u00e9mologies et mises en pratique \u00bb, Paris, France.<\/p>\n<p><em>\u00a0<\/em><em>\u00a4 2015, 09 juin<\/em>. Quelles modalit\u00e9s d&rsquo;enseignement pour un peuple franc, libre et bourgeois\u00a0: pr\u00e9sentation de l&rsquo;\u00e9cole brian\u00e7onnaise entre 1343 et 1789. Communication pr\u00e9sent\u00e9e \u00e0 la Journ\u00e9e Internationale des Archives, Brian\u00e7on, France.<\/p>\n<p><em>\u00a4 2014, 11 avril<\/em>. L&rsquo;enseignement primaire communal et ses diff\u00e9rentes formes de scolarisation prolong\u00e9es, de la R\u00e9volution \u00e0 la loi Goblet (1886). Communication pr\u00e9sent\u00e9e \u00e0 l&rsquo;Universit\u00e9 du Temps Libre de l&rsquo;Embrunais, Embrun, France.<\/p>\n\t\t\t<a href=\"#\" id=\"fl-accordion--label-3\" tabindex=\"0\" aria-controls=\"fl-accordion--panel-3\">Enseignement<\/a>\n\t\t\t\t\t\t\t<a href=\"#\" id=\"fl-accordion--icon-3\" tabindex=\"0\" aria-controls=\"fl-accordion--panel-3\"><i>Expand<\/i><\/a>\n\t\t<p><em>2022-2023,<\/em> second semestre, Charg\u00e9e d&rsquo;enseignement (ILEPS &#8211; CERGY)<\/p>\n<ul>\n<li>Introduction aux sciences de l&rsquo;\u00e9ducation: apports en histoire de l&rsquo;\u00e9ducation : 1e ann\u00e9e de licence (CM &#8211; 17 heures \/ TD &#8211; 10 heures)<\/li>\n<li>Histoire de la la\u00efcit\u00e9 : 2e ann\u00e9e de Licence (TD &#8211; 13,5 heures)<\/li>\n<li>Histoire de l&rsquo;enfance et de l&rsquo;adolescence dans et hors l&rsquo;\u00e9cole : 3e ann\u00e9e de licence (CM &#8211; 9heures \/ TD &#8211; 14 heures)<\/li>\n<\/ul>\n<p>&nbsp;<\/p>\n<p><em>2021-2022,<\/em> premier semestre, Charg\u00e9e d&rsquo;enseignement (ILEPS &#8211; CERGY)<\/p>\n<ul>\n<li>Introduction aux sciences de l&rsquo;\u00e9ducation: apports en histoire de l&rsquo;\u00e9ducation : 1e ann\u00e9e de licence (CM &#8211; 17 heures \/ TD &#8211; 10 heures)<\/li>\n<li>Histoire de l&rsquo;enfance et de l&rsquo;adolescence dans et hors l&rsquo;\u00e9cole : 3e ann\u00e9e de licence (CM &#8211; 9heures \/ TD &#8211; 14 heures)<\/li>\n<\/ul>\n<p>&nbsp;<\/p>\n<p><em>2018-2019,<\/em> Attach\u00e9e Temporaire d&rsquo;Enseignement et de Recherche \u00e0 temps plein (Universit\u00e9 de Caen Normandie, D\u00e9partement des Sciences de l&rsquo;\u00e9ducation)<\/p>\n<ul>\n<li>Histoire de l&rsquo;enfance et de la famille\u00a0: 1<sup>e<\/sup> ann\u00e9e de Licence (CM &#8211; 25 heures)<\/li>\n<li>Initiation aux M\u00e9thodes Universitaires\u00a0: 1<sup>e<\/sup> ann\u00e9e de Licence (TD &#8211; 24 heures)<\/li>\n<li>Histoire des institutions scolaires\u00a0: 2<sup>e<\/sup> ann\u00e9e de Licence (TD &#8211; 14 heures)<\/li>\n<li>\u00c9ducation et libert\u00e9\u00a0: 2<sup>e<\/sup> ann\u00e9e de Licence (TD &#8211; 21 heures)<\/li>\n<li>\u00c9pist\u00e9mologie des sciences humaines et sociales\u00a0: 2<sup>e<\/sup> ann\u00e9e de Licence (CM &#8211; 8 heures)<\/li>\n<li>Projet Professionnel Personnalis\u00e9 de l&rsquo;Etudiant\u00a0: 2<sup>e<\/sup> ann\u00e9e de Licence (TD &#8211; 6 heures)<\/li>\n<li>Les syst\u00e8mes \u00e9ducatifs\u00a0: 3<sup>e<\/sup> ann\u00e9e de Licence (TD &#8211; 26 heures)<\/li>\n<li>Penseurs et techniques de l&rsquo;\u00c9ducation nouvelle\u00a0: 3<sup>e<\/sup> ann\u00e9e de Licence (TD &#8211; 26 heures)<\/li>\n<li>Entrainement \u00e0 l&rsquo;argumentation et \u00e0 la synth\u00e8se\u00a0: 3<sup>e<\/sup> ann\u00e9e de Licence (TD &#8211; 26 heures)<\/li>\n<\/ul>\n<p>&nbsp;<\/p>\n<p><em>2017-2018,<\/em> Attach\u00e9e Temporaire d&rsquo;Enseignement et de Recherche \u00e0 temps plein (Universit\u00e9 de Caen Normandie, D\u00e9partement des Sciences de l&rsquo;\u00e9ducation)<\/p>\n<p>&nbsp;<\/p>\n<p><em>2017, <\/em>Charg\u00e9e d&rsquo;enseignement (Universit\u00e9 Jean-Monnet Saint-\u00c9tienne, D\u00e9partement des Sciences de l&rsquo;\u00e9ducation)<\/p>\n<ul>\n<li>Histoire du syst\u00e8me \u00e9ducatif:1<sup>e<\/sup> ann\u00e9e de Licence (TD &#8211; 48 heures)<\/li>\n<\/ul>\n\n","protected":false},"excerpt":{"rendered":"<p>Identit\u00e9 Ang\u00e9lique BLANC-SERRA Post doctorante \u00e0 l&rsquo;Universit\u00e0 di Pasquale Paoli &#8211; Corse (ann\u00e9e civile 2024) Docteure en Sciences de l&rsquo;\u00e9ducation Email : angelique.blancserra@gmail.com Mots-cl\u00e9s Histoire des institutions scolaires XVIIIe-XXe si\u00e8cles &#8211; politiques \u00e9ducatives &#8211; relation entre \u00c9tat et acteurs locaux &#8211; modalit\u00e9s de circulation des savoirs &#8211; histoire de la scolarisation et de l&rsquo;alphab\u00e9tisation. Pr\u00e9sentation &hellip;<\/p>\n<p class=\"read-more\"> <a class=\"\" href=\"https:\/\/cirnef.normandie-univ.fr\/?page_id=4361\"> <span class=\"screen-reader-text\">Ang\u00e9lique Blanc-Serra<\/span> Lire la suite \u00bb<\/a><\/p>\n","protected":false},"author":139,"featured_media":0,"parent":0,"menu_order":0,"comment_status":"closed","ping_status":"closed","template":"","meta":{"site-sidebar-layout":"default","site-content-layout":"default","ast-global-header-display":"","ast-main-header-display":"","ast-hfb-above-header-display":"","ast-hfb-below-header-display":"","ast-hfb-mobile-header-display":"","site-post-title":"","ast-breadcrumbs-content":"","ast-featured-img":"","footer-sml-layout":"","theme-transparent-header-meta":"default","adv-header-id-meta":"","stick-header-meta":"default","header-above-stick-meta":"","header-main-stick-meta":"","header-below-stick-meta":"","footnotes":""},"coauthors":[],"class_list":["post-4361","page","type-page","status-publish","hentry"],"_links":{"self":[{"href":"https:\/\/cirnef.normandie-univ.fr\/index.php?rest_route=\/wp\/v2\/pages\/4361","targetHints":{"allow":["GET"]}}],"collection":[{"href":"https:\/\/cirnef.normandie-univ.fr\/index.php?rest_route=\/wp\/v2\/pages"}],"about":[{"href":"https:\/\/cirnef.normandie-univ.fr\/index.php?rest_route=\/wp\/v2\/types\/page"}],"author":[{"embeddable":true,"href":"https:\/\/cirnef.normandie-univ.fr\/index.php?rest_route=\/wp\/v2\/users\/139"}],"replies":[{"embeddable":true,"href":"https:\/\/cirnef.normandie-univ.fr\/index.php?rest_route=%2Fwp%2Fv2%2Fcomments&post=4361"}],"version-history":[{"count":1,"href":"https:\/\/cirnef.normandie-univ.fr\/index.php?rest_route=\/wp\/v2\/pages\/4361\/revisions"}],"predecessor-version":[{"id":7793,"href":"https:\/\/cirnef.normandie-univ.fr\/index.php?rest_route=\/wp\/v2\/pages\/4361\/revisions\/7793"}],"wp:attachment":[{"href":"https:\/\/cirnef.normandie-univ.fr\/index.php?rest_route=%2Fwp%2Fv2%2Fmedia&parent=4361"}],"wp:term":[{"taxonomy":"author","embeddable":true,"href":"https:\/\/cirnef.normandie-univ.fr\/index.php?rest_route=%2Fwp%2Fv2%2Fcoauthors&post=4361"}],"curies":[{"name":"wp","href":"https:\/\/api.w.org\/{rel}","templated":true}]}}