{"id":4319,"date":"2021-01-22T17:25:46","date_gmt":"2021-01-22T16:25:46","guid":{"rendered":"http:\/\/cirnef.normandie-univ.fr\/?page_id=4319"},"modified":"2026-04-02T17:31:14","modified_gmt":"2026-04-02T15:31:14","slug":"ouvrages-2","status":"publish","type":"page","link":"https:\/\/cirnef.normandie-univ.fr\/?page_id=4319","title":{"rendered":"Ouvrages scientifiques (2020-2026)"},"content":{"rendered":"\n<p>Les noms des membres du laboratoire apparaissent en gras.<\/p>\n<p><strong>Amavi, M.R. <\/strong>(2022). <em>Professionnalisation du social en France<\/em>. L&rsquo;Harmattan.<\/p>\n<p><strong>Ardouin, T.<\/strong> (2023). <em>Ing\u00e9nierie de formation. Int\u00e9grez les nouveaux modes de formation dans votre p\u00e9dagogie<\/em> (6e \u00e9d.). Dunod.<\/p>\n<strong>Buznic-Bourgeacq, P.<\/strong> (2021). <em>Prendre en compte le sujet. Enjeux \u00e9pist\u00e9mologiques et d\u00e9fis m\u00e9thodologiques pour les sciences humaines.<\/em> Champ social.\n<p><strong>Daverne-Bailly, C. et Wittorski, R.<\/strong> (2022). <em>Research Methodology in Education and Training.<\/em> ISTE &amp; Wiley.<\/p>\n<p><strong>Dubois, A.<\/strong>, Geffard, P. et Schlemminger, G. (2023). <em>Une p\u00e9dagogie pour le XXIe si\u00e8cle. Pratiquer la p\u00e9dagogie institutionnelle dans l&rsquo;enseignement sup\u00e9rieur.<\/em> Champ social.<\/p>\n<p><strong>Dubois, A.<\/strong>, Guignard, M. et le Groupe de p\u00e9dagogie institutionnelle Paris-Cr\u00e9teil (GPIPC). (2021). <em>Une p\u00e9dagogie pour grandir. P\u00e9dagogie institutionnelle et approche groupale.<\/em> L&rsquo;Harmattan.<\/p>\n<p><strong>Guihard-Lepetit, S.<\/strong> (2021). <em>D\u00e9ficience intellectuelle et apprentissage de la lecture. <\/em>L&rsquo;Harmattan.<\/p>\n<p><strong>Harl\u00e9, I.<\/strong> (2021). <em>Penser le curriculum scolaire. Le regard crois\u00e9 de la sociologie, des didactiques et de l&rsquo;histoire<\/em>. Presses universitaires de Grenoble.<\/p>\n<p><strong>Hubert, B.<\/strong> (2023). <em>Le droit \u00e0 l&rsquo;\u00e9criture. Une \u00e9thique de la d\u00e9licatesse au service de la d\u00e9mocratie face \u00e0 l&rsquo;Anthropoc\u00e8ne<\/em>. T\u00e9ra\u00e8dre.<\/p>\n<p><strong>Kahn, P.<\/strong> (2023). <em>Quelle la\u00efcit\u00e9 voulons-nous ? Essai sur la la\u00efcit\u00e9 et ses possibles<\/em>. ESF.<\/p>\n<p><strong>Kalali, F.<\/strong> (2023). <em>Perspectives curriculaires en \u00e9ducation scientifique<\/em>. PUR.<\/p>\n<p><strong>Laville, M.<\/strong>&nbsp;(2020).&nbsp;<em>L&rsquo;enseignant r\u00e9f\u00e9rent : une fonction au c\u0153ur&nbsp;de l&rsquo;\u00e9ducation inclusive.<\/em>&nbsp;INSHEA-Champ social.<\/p>\n<strong>Marty, O.<\/strong>&nbsp;(2020).&nbsp;<em>Enseignements \u00e0 distance. Des arts savants, le g\u00e9nie d&rsquo;un m\u00e9tier, l&rsquo;instruction en valeurs : anthropologies d&rsquo;une organisation \u00e9ducative.<\/em> Peter Lang.<br>\n<a href=\"https:\/\/www.peterlang.com\/view\/title\/63964\" target=\"_blank\" rel=\"noopener\">https:\/\/www.peterlang.com\/view\/title\/63964<\/a>\n<p>Perreau, T. et <strong>Wittorski, R. <\/strong>(2023). <em>Travailler, se former. Se prendre en main et pour quoi faire ? <\/em>Champ social.<\/p>\n<p><strong>Rinaudo, J.-L. <\/strong>(2023). <em>Enseigner : quoi qu&rsquo;il en co\u00fbte ?<\/em> <em>Liens psychiques et continuit\u00e9 p\u00e9dagogique \u00e0 distance.<\/em> \u00c9r\u00e8s.<\/p>\n<p><strong>Ruolt, A.<\/strong> (2021).<em> A l&rsquo;ombre du grand c\u00e8dre. Histoire de l&rsquo;Institut Biblique de Nogent (1921-2021).<\/em> \u00c9ditions de l&rsquo;Institut Biblique.<\/p>\n<p><strong>Saillot, \u00c9.<\/strong>&nbsp;(2020).&nbsp;<em>(S&rsquo;)ajuster au c\u0153ur de l&rsquo;activit\u00e9 d&rsquo;enseignement-apprentissage. Construire une posture d&rsquo;ajustement.<\/em>&nbsp;L&rsquo;Harmattan.<\/p>\n<p><strong>Sissoko, T.<\/strong> (2021). <em>Les conditions de la r\u00e9ussite dans les universit\u00e9s maliennes. Approches m\u00e9thodologiques.<\/em> L&rsquo;Harmattan.<\/p>\n<p><strong>Thouroude, L.<\/strong> (2022). <em>Pr\u00e9venir les handicaps et les violences. La posture de l&rsquo;entre-deux en \u00e9ducation<\/em>. Champ social.<\/p>\n<p><strong>Toux, B.<\/strong>&nbsp;(2020).&nbsp;<em>Le professeur des \u00e9coles et l&rsquo;\u00e9l\u00e8ve en situation de handicap.<\/em>&nbsp;L&rsquo;Harmattan.<\/p>\n<p><strong>Tschirhart, A.<\/strong> (2021). <i>Des enfants cach\u00e9s de la Shoah t\u00e9moignent. <\/i>L&rsquo;Harmattan.<\/p>\n<p><strong>Vari, J.<\/strong> (2021). <em>Playful Trajectories and Experimentations &#8211; Video Games in the Moral and Political Socialization of Children and Young People. <\/em>Brill<em>.<\/em><\/p>\n<p><strong>Vincent, H.<\/strong> (2021). <em>De l&rsquo;innovation en p\u00e9dagogie<\/em>. CNRS \u00c9ditions.<\/p>\n","protected":false},"excerpt":{"rendered":"<p>Les noms des membres du laboratoire apparaissent en gras. Amavi, M.R. (2022). Professionnalisation du social en France. L&rsquo;Harmattan. Ardouin, T. (2023). Ing\u00e9nierie de formation. Int\u00e9grez les nouveaux modes de formation dans votre p\u00e9dagogie (6e \u00e9d.). Dunod. Buznic-Bourgeacq, P. (2021). Prendre en compte le sujet. Enjeux \u00e9pist\u00e9mologiques et d\u00e9fis m\u00e9thodologiques pour les sciences humaines. Champ social. &hellip;<\/p>\n<p class=\"read-more\"> <a class=\"\" href=\"https:\/\/cirnef.normandie-univ.fr\/?page_id=4319\"> <span class=\"screen-reader-text\">Ouvrages scientifiques (2020-2026)<\/span> Lire la suite \u00bb<\/a><\/p>\n","protected":false},"author":8,"featured_media":0,"parent":0,"menu_order":0,"comment_status":"closed","ping_status":"closed","template":"","meta":{"site-sidebar-layout":"default","site-content-layout":"default","ast-global-header-display":"","ast-main-header-display":"","ast-hfb-above-header-display":"","ast-hfb-below-header-display":"","ast-hfb-mobile-header-display":"","site-post-title":"","ast-breadcrumbs-content":"","ast-featured-img":"","footer-sml-layout":"","theme-transparent-header-meta":"default","adv-header-id-meta":"","stick-header-meta":"default","header-above-stick-meta":"","header-main-stick-meta":"","header-below-stick-meta":"","footnotes":""},"coauthors":[23],"class_list":["post-4319","page","type-page","status-publish","hentry"],"_links":{"self":[{"href":"https:\/\/cirnef.normandie-univ.fr\/index.php?rest_route=\/wp\/v2\/pages\/4319","targetHints":{"allow":["GET"]}}],"collection":[{"href":"https:\/\/cirnef.normandie-univ.fr\/index.php?rest_route=\/wp\/v2\/pages"}],"about":[{"href":"https:\/\/cirnef.normandie-univ.fr\/index.php?rest_route=\/wp\/v2\/types\/page"}],"author":[{"embeddable":true,"href":"https:\/\/cirnef.normandie-univ.fr\/index.php?rest_route=\/wp\/v2\/users\/8"}],"replies":[{"embeddable":true,"href":"https:\/\/cirnef.normandie-univ.fr\/index.php?rest_route=%2Fwp%2Fv2%2Fcomments&post=4319"}],"version-history":[{"count":1,"href":"https:\/\/cirnef.normandie-univ.fr\/index.php?rest_route=\/wp\/v2\/pages\/4319\/revisions"}],"predecessor-version":[{"id":8513,"href":"https:\/\/cirnef.normandie-univ.fr\/index.php?rest_route=\/wp\/v2\/pages\/4319\/revisions\/8513"}],"wp:attachment":[{"href":"https:\/\/cirnef.normandie-univ.fr\/index.php?rest_route=%2Fwp%2Fv2%2Fmedia&parent=4319"}],"wp:term":[{"taxonomy":"author","embeddable":true,"href":"https:\/\/cirnef.normandie-univ.fr\/index.php?rest_route=%2Fwp%2Fv2%2Fcoauthors&post=4319"}],"curies":[{"name":"wp","href":"https:\/\/api.w.org\/{rel}","templated":true}]}}