{"id":4298,"date":"2021-01-22T17:03:59","date_gmt":"2021-01-22T16:03:59","guid":{"rendered":"http:\/\/cirnef.normandie-univ.fr\/?page_id=4298"},"modified":"2026-04-02T17:31:40","modified_gmt":"2026-04-02T15:31:40","slug":"chapitres-douvrages","status":"publish","type":"page","link":"https:\/\/cirnef.normandie-univ.fr\/?page_id=4298","title":{"rendered":"Chapitres d&rsquo;ouvrages (2020-2026)"},"content":{"rendered":"\n\n\t<p>Les noms des membres du laboratoire apparaissent en gras.<\/p>\n<p><strong>Andr\u00e9, A.<\/strong>, Carpentier, C. et Ferr\u00e9, V. (2021). Entre adaptation cibl\u00e9e et adaptation pour tous : vers une pyramide inclusive en EPS. Dans A. Andr\u00e9 et N. Margas (dir.), <em>L&rsquo;inclusion<\/em> (p. 78-92). \u00c9ditions revue EP&amp;S.<\/p>\n<p><strong>Annoot, E.<\/strong> (2020). La place de la collaboration entre pairs dans l&rsquo;entr\u00e9e dans le m\u00e9tier d&rsquo;enseignant-chercheur. Dans C. M\u00e9rini, J.-F. Marcel et T. Piot (dir.), <em>L&rsquo;observation des pratiques collaboratives dans les m\u00e9tiers de l&rsquo;interaction humaine : des pratiques pluri-adress\u00e9es <\/em>(p. 137-151). Presses universitaires de Rouen et du Havre.<\/p>\n<p><strong>Annoot, E.<\/strong> (2021). Introduction. Dans E. Annoot et J.-M. de Ketele (dir.), <em>Recherche ou expertise en enseignement sup\u00e9rieur : des postures et des identit\u00e9s \u00e0 construire<\/em> (p. 25-30). \u00c9ditions Academia.<\/p>\n<p><strong>Annoot, E.<\/strong> (2021). \u00catre chercheur et devenir expert. Quelle influence de la discipline ? Dans E. Annoot et J.-M. de Ketele (dir.), <em>Recherche ou expertise en enseignement sup\u00e9rieur : des postures et des identit\u00e9s \u00e0 construire <\/em>(p. 91-110)<em>.<\/em> Editions Academia.<\/p>\n<p><strong>Annoot, E.<\/strong> (2023). Postface. Dans S. Bridoux, N. Grenier-Boley et C. Leininger-Fr\u00e9zal (dir.), <em>Les recherches en p\u00e9dagogie universitaire. Vers une approche disciplinairement situ\u00e9e<\/em>. ISTE \u00e9ditions.<\/p>\n<p><strong>Ardouin, T.<\/strong> (2020). D&rsquo;une ing\u00e9nierie en miettes \u00e0 une ing\u00e9nierie en acte : les r\u00e9f\u00e9rentiels de la r\u00e9ing\u00e9nierie du master sciences de l&rsquo;\u00e9ducation \u00e0 l&rsquo;Universit\u00e9 de Rouen Normandie. Dans E. Charlier, J.-F. Roussel, M. Giglio et P. Mayen (dir.)<em>,<\/em>\u00a0<em>Penser le m\u00e9tier par la formation<\/em>\u00a0(p. 49-70). \u00c9ditions HEP-BEJUNE.<\/p>\n<p><strong>Bodergat, J.-Y.<\/strong> (2020). Chefs d&rsquo;\u00e9tablissement tuteurs de leur adjoint : quelles place et logique de formation pour une mission en plus ? Dans J.-Y. Bodergat, B. Verquin Savarieau et R. Wittorski (dir.), <em>L&rsquo;accompagnement et l&rsquo;apprentissage du m\u00e9tier d&rsquo;encadrant<\/em> (p. 71-87). ISTE.<\/p>\n<p><strong>Boissart, M.<\/strong> (2020). Le contrat individuel de professionnalisation : outil de formation ? Dans J.-Y. Bodergat, B. Verquin Savarieau et R. Wittorski (dir.),<em> L&rsquo;accompagnement et l&rsquo;apprentissage du m\u00e9tier d&rsquo;encadrant<\/em> (p. 51-67). ISTE.<\/p>\n<p><strong>Brun, P.<\/strong> (2020). Etre d\u00e9\u00e7u et ne pas le montrer : une \u00e9preuve difficile \u00e0 surmonter pour l&rsquo;enfant. Dans H. Vincent, N. Guirimand, E. Brossais, P. Buznic-Bourgeacq, A. Firode et A.-L. Le Guern (dir.), <em>Savoir, \u00e9preuves, confiance en \u00e9ducation et formation <\/em>(p. 157-170). Champ social.<\/p>\n<p><strong>Buznic-Bourgeacq, P. et Ponnou, S.<\/strong> (2020). \u00c9preuve et transmission : vers une clinique du r\u00e9el pour l&rsquo;\u00e9ducation. Dans H. Vincent, N. Guirimand, E. Brossais, P. Buznic-Bourgeacq, A. Firode et A.-L. Le Guern (dir.), <em>Savoir, \u00e9preuves, confiance en \u00e9ducation et formation <\/em>(p. 78-94). Champ social.<\/p>\n<p><strong>Cl\u00e9net, C.<\/strong> (2020). Entre tutorat et accompagnement : quelles configurations pour un d\u00e9veloppement professionnel personnalis\u00e9 ? Dans J.-Y. Bodergat, B. Verquin-Savarieau et R. Wittorski (dir.), <em>L&rsquo;accompagnement et l&rsquo;apprentissage du m\u00e9tier d&rsquo;encadrant<\/em> (p. 13-28). ISTE.<\/p>\n<p>De Ketele, J.-M. et <strong>Annoot, E.<\/strong> (2021). Conclusion. Dans E. Annoot et J.-M. de Ketele (dir.), <em>Recherche ou expertise en enseignement sup\u00e9rieur : des postures et des identit\u00e9s \u00e0 construire<\/em> (p. 231-238). \u00c9ditions Academia.<\/p>\n<p><strong>Delesque, G.<\/strong> (2021).. Le tiers paysage comme tiers lieu et tiers temps p\u00e9dagogiques, entre ville et nature. Dans M.-L. Martinez et C. Poplimont (dir.), <em>Le tiers comme objet et sujet. Relation \u00e9ducative, fonction tierce et m\u00e9diation<\/em> (p. 167-179). ISTE.<\/p>\n<p><strong>Gallet, S.<\/strong> (2021). Le travail social dans une perspective internationale. Opportunit\u00e9s et d\u00e9fis pour les professionnalisations. Dans E. Annoot et J.-M. de Ketele (dir.), <em>Recherche ou expertise en enseignement sup\u00e9rieur : des postures et des identit\u00e9s \u00e0 construire<\/em> (p.137-166). Editions Academia.<\/p>\n<p><strong>Guirimand, N.<\/strong> (2020). L&rsquo;annonce d&rsquo;un diagnostic de cancer : \u00e9preuves et reconfiguration de la relation de confiance entre soignants et malades. Dans H. Vincent, N. Guirimand, E. Brossais, P. Buznic-Bourgeacq, A. Firode et A.-L. Le Guern (dir.), <em>Savoir, \u00e9preuves, confiance en \u00e9ducation et formation <\/em>(p. 186-197). Champ social.<\/p>\n<p><strong>Hatano-Chalvidan, M.<\/strong> (2020). \u00ab Faire m\u00e9tier de ce que l&rsquo;on est \u00bb ou les enjeux identitaires de la relation tutorale. Dans J.-Y. Bodergat, B. Verquin-Savarieau et R. Wittorski (dir.), <em>L&rsquo;accompagnement et l&rsquo;apprentissage du m\u00e9tier d&rsquo;encadrant<\/em> (p. 119-135). ISTE.<\/p>\n<p><strong>Hubert, B.<\/strong> (2020). Concilier par l&rsquo;\u00e9criture migration familiale et langue scolaire. Dans D. Leroy (dir.), <em>\u00c9critures et\/en Migrations. Exp\u00e9riences, tensions, transformations<\/em> (p. 27-46). Editions Petra.<\/p>\n<p><strong>Hubert, B.<\/strong> et Lamargot, S. (2020). Donner un espace et une forme \u00e0 l&rsquo;expression de l&rsquo;\u00e9preuve. L&rsquo;exemple des reconversions au m\u00e9tier de professeur des \u00e9coles. Dans H. Vincent, N. Guirimand, E. Brossais, P. Buznic-Bourgeacq, A. Firode et A.-L. Le Guern (dir.), <em>Savoir, \u00e9preuves, confiance en \u00e9ducation et formation <\/em>(p. 127-140). Champ social.<\/p>\n<p>Kiffer, S. et <strong>Wittorski, R.<\/strong> (2023). Transformation de l&rsquo;enseignement sup\u00e9rieur et modalit\u00e9s d&rsquo;apprentissage professionnel des universitaires. Dans S. Bridoux, N. Grenier-Boley et C. Leininger-Fr\u00e9zal (dir.), <em>Les recherches en p\u00e9dagogie universitaire. Vers une approche disciplinairement situ\u00e9e <\/em>(p. 53-74). ISTE \u00e9ditions.<\/p>\n<p><strong>Le Guern, A.-L.<\/strong> (2020). Heurts et malheurs d&rsquo;une prise de fonction : des inspecteur.rices expos\u00e9.es. Dans J.-Y. Bodergat, B. Verquin-Savarieau et R. Wittorski (dir.), <em>L&rsquo;accompagnement et l&rsquo;apprentissage du m\u00e9tier d&rsquo;encadrant<\/em> (p. 137-152). ISTE.<\/p>\n<p><strong>Le Guern, A.-L. <\/strong>(2025). Apprendre l&rsquo;activit\u00e9 de direction. Le cas d&rsquo;une \u00e9quipe coll\u00e9giale de direction d&rsquo;\u00e9cole. Dans D. Moussi (dir.),<em> Se former entre pairs. Nouvelles dynamiques de professionnalisation<\/em> (p. 30-42). Chronique sociale.<\/p>\n<p><strong>Le Guern, A.-L.<\/strong> et Th\u00e9mines, J.-F. (2020). L&rsquo;\u00e9preuve pour viatique : un ench\u00e2ssement d&rsquo;\u00e9preuves d&rsquo;\u00e9l\u00e8ves, d&rsquo;enseignants-formateurs et d&rsquo;un accompagnateur directeur de recherche. Dans H. Vincent, N. Guirimand, E. Brossais, P. Buznic-Bourgeacq, A. Firode et A.-L. Le Guern (dir.), <em>Savoir, \u00e9preuves, confiance en \u00e9ducation et formation <\/em>(p. 172-185). Champ social.<\/p>\n<p>Leroy, G., <strong>Dubois, \u00c9.<\/strong> et Durler, H. (2021). Quelle libert\u00e9 de l&rsquo;enfant dans les classes Montessori ? Sociologie de la socialisation montessorienne en \u00e9coles priv\u00e9es. Dans F. Darbellay, Z. Moody et M. Louviot (dir.), <em>L&rsquo;\u00e9cole autrement ? Les p\u00e9dagogies alternatives en d\u00e9bat\u00a0<\/em>(p. 229-248). \u00c9ditions Alphil &#8211; Presses universitaires suisses.<\/p>\n<p><strong>Leroyer, L.<\/strong> (2021). Entre volont\u00e9 d&rsquo;adaptation et d\u00e9volution r\u00e9elle, des supports pour quels apprentissages ? Une \u00e9tude de cas en Ulis \u00e9cole. Dans P. Buznic-Bourgeacq (dir.), <em>Sujets et objets de la d\u00e9volution. Une institution de l&rsquo;autonomie<\/em> (p. 111-126). ISTE.<\/p>\n<p><strong>Martinez, M.-L.<\/strong> (2020). Repenser les fronti\u00e8res aujourd&rsquo;hui : approche anthropologique et mim\u00e9tique. Dans A.-C. Husser et M. Fabre (dir.), <em>\u00c9ducation et fronti\u00e8res.<\/em> Presses universitaires de Rouen et du Havre.<\/p>\n<p><strong>Martinez, M.-L.<\/strong> (2020). Pour une anthropologie des fronti\u00e8res, Ren\u00e9 Girard, entretien avec Marie-Louise Martinez. Dans A.-C. Husser et M. Fabre (dir.), <em>\u00c9ducation et fronti\u00e8res<\/em>. Presses universitaires de Rouen et du Havre.<\/p>\n<p><strong>Martinez, M.-L. et Terraz, T.<\/strong> (2021). Renverser le processus du bouc \u00e9missaire par l&rsquo;int\u00e9gration du tiers pr\u00e9c\u00e9demment exclu en \u00e9ducation. Dans M.-L. Martinez et C. Poplimont (dir.), <em>Le tiers comme objet et sujet. Relation \u00e9ducative, fonction tierce et m\u00e9diation<\/em> (p. 151-163). ISTE.<\/p>\n<p>Marty, M., <strong>Ponnou, S.<\/strong> et Clouse, F. (2024). L&rsquo;\u00e9volution du dipl\u00f4me d&rsquo;Etat d&rsquo;\u00e9ducateur sp\u00e9cialis\u00e9 de 1967 \u00e0 nos jours. Dans I. Maillochon et A. M\u00e9dini (dir.), <em>Formations des intervenants sociaux. Professionnalisation et universitarisation en d\u00e9bat<\/em> (1\u00e8re \u00e9d.). Presses universitaires de Rouen et du Havre.<\/p>\n<p><strong>Peyronie, H.<\/strong> (2021). La p\u00e9dagogie Freinet : une \u00ab utopie efficiente \u00bb ? Dans J.-L. Guichet et A. Maillard (dir.), <em>Les utopies \u00e9ducatives : d&rsquo;hier \u00e0 aujourd&rsquo;hui.<\/em> Artois Presses Universit\u00e9.<\/p>\n<p><strong>Piot, T.<\/strong> (2020). Pour une formation des infirmiers en psychiatrie humaniste, bienveillante et exigeante. Postface. Dans J. de Miribel (dir.), <em>Exp\u00e9rience et professionnalisation des infirmiers en psychiatrie. Des ficelles au m\u00e9tier<\/em> (p. 179-183). L&rsquo;Harmattan.<\/p>\n<p><strong>Piot, T.<\/strong> (2020). L&rsquo;accompagnement distribu\u00e9 : un levier pour la formation des personnels de direction de l&rsquo;\u00c9ducation nationale. Dans J.-Y. Bodergat, B. Verquin-Savarieau et R. Wittorski (dir.), <em>L&rsquo;accompagnement et l&rsquo;apprentissage du m\u00e9tier d&rsquo;encadrant<\/em> (p. 29-47). ISTE.<\/p>\n<p><strong>Piot, T.<\/strong> (2021). Nouveaux territoires pour l&rsquo;agir professionnel des enseignants : l&rsquo;exemple de la pr\u00e9vention contre le d\u00e9crochage scolaire en coll\u00e8ge. Dans T. Philippot et J.-F. Th\u00e9mines (dir.), <em>Aux fronti\u00e8res du travail enseignant. G\u00e9ographies de professionnalit\u00e9s mouvantes. <\/em>Presses universitaires de Rouen et du Havre.<\/p>\n<p><strong>Ponnou, S.<\/strong>\u00a0(2020). Clinique, psychanalyse et travail social : enjeux de pratique et de formation. Dans S. Ponnou et C. Niewiadomski (dir.),\u00a0<em>Pratiques Fond\u00e9es sur des Donn\u00e9es\u00a0<\/em><em>Cliniques en Travail Social &#8211; Clinical Based Practice in Social Work.<\/em>\u00a0L&rsquo;Harmattan.<\/p>\n<p><strong>Ruolt, A.<\/strong> (2023). Fran\u00e7ois Guizot (1787-1874) et Pauline de Meulan-Guizot (1773-1827). Des \u00ab\u00a0passeurs\u00a0\u00bb d&rsquo;id\u00e9es \u00e9ducatives europ\u00e9ennes pour un plan d&rsquo;\u00e9ducation \u00ab\u00a0proprement nationale\u00a0\u00bb ? Dans R. d&rsquo;Enfert, F. Mole et M. Vergnon (dir.),<em> Circulations en \u00e9ducation. Acteurs, mod\u00e8les, institutions (XIXe-XXe si\u00e8cle)<\/em> (p. 17-31). Presses universitaires de Grenoble.<\/p>\n<p><strong>Saillot, \u00c9.<\/strong> (2020). Analyse des principaux organisateurs des pratiques collaboratives multi-adress\u00e9es des professeurs des \u00e9coles dans le dispositif \u00ab\u00a0Plus de ma\u00eetres que de classes\u00a0\u00bb. Dans C. M\u00e9rini, J.-F. Marcel et T. Piot (dir.), <em>L&rsquo;observation des pratiques collaboratives dans les m\u00e9tiers de l&rsquo;interaction humaine : des pratiques pluri-adress\u00e9es<\/em> (p. 21-37). Presses universitaires de Rouen et du Havre.<\/p>\n<p><strong>Saillot, \u00c9. <\/strong>(2021). Enjeux de territoires et nouvelles professionnalit\u00e9s au sein des dispositifs \u00ab plus de maitres que de classes \u00bb. Dans T. Philippot et J.-F. Th\u00e9mines (dir.), <em>Aux fronti\u00e8res du travail enseignant. G\u00e9ographies de professionnalit\u00e9s mouvantes. <\/em>Presses universitaires de Rouen et du Havre.<\/p>\n<p><strong>Th\u00e9mines, J.-F.<\/strong> (2021). Ce que la r\u00e9forme des rythmes scolaires a chang\u00e9 au travail de professeurs des \u00e9coles : une approche par la g\u00e9ographie. Dans T. Philippot et J.-F. Th\u00e9mines (dir.), <em>Aux fronti\u00e8res du travail enseignant. G\u00e9ographies de professionnalit\u00e9s mouvantes. <\/em>Presses universitaires de Rouen et du Havre.<\/p>\n<p><strong>Th\u00e9mines, J.-F. et Le Guern, A.-L.<\/strong> (2021). Conclusion g\u00e9n\u00e9rale. G\u00e9ographies de professionnalit\u00e9s en mouvement : de la recherche \u00e0 la formation. Dans T. Philippot et J.-F. Th\u00e9mines (dir.), <em>Aux fronti\u00e8res du travail enseignant. G\u00e9ographies de professionnalit\u00e9s mouvantes. <\/em>Presses universitaires de Rouen et du Havre.<\/p>\n<p><strong>Th\u00e9mines, J.-F.<\/strong>, Philippot, T. et <strong>Le Guern, A.-L.<\/strong> (2021). Introduction g\u00e9n\u00e9rale. Une approche g\u00e9ographique du travail enseignant. Dans T. Philippot et J.-F. Th\u00e9mines (dir.), <em>Aux fronti\u00e8res du travail enseignant. G\u00e9ographies de professionnalit\u00e9s mouvantes. <\/em>Presses universitaires de Rouen et du Havre.<\/p>\n<p><strong>Vergnon, M.<\/strong> (2020). Le r\u00f4le des p\u00e9dagogues genevois dans la r\u00e9ception contrast\u00e9e en Europe francophone du Plan Dalton et de la p\u00e9dagogie de Winnetka. Dans R. Hofstetter, J. Droux et M. Christian (dir.), <em>Construire la paix par l&rsquo;\u00e9ducation : r\u00e9seaux et mouvements internationaux au XXe si\u00e8cle. Gen\u00e8ve au c\u0153ur\u00a0d&rsquo;une utopie<\/em> (p. 149-171). \u00c9ditions Alphil.<\/p>\n<p><strong>Verquin Savarieau, B.<\/strong> (2020). Chefs d&rsquo;\u00e9tablissement stagiaires en situation de travail : de la conversion des ressources au d\u00e9veloppement d&rsquo;un \u00ab pouvoir d&rsquo;agir \u00bb. Dans J.-Y. Bodergat, B. Verquin-Savarieau et R. Wittorski (dir.), <em>L&rsquo;accompagnement et l&rsquo;apprentissage du m\u00e9tier d&rsquo;encadrant<\/em> (p. 91-114). ISTE.<\/p>\n<p><strong>Vincent, H.<\/strong> (2020). L&rsquo;\u00e9preuve de l&rsquo;exposition. Dans H. Vincent, N. Guirimand, E. Brossais, P. Buznic-Bourgeacq, A. Firode et A.-L. Le Guern (dir.), <em>Savoir, \u00e9preuves, confiance en \u00e9ducation et formation <\/em>(p. 48-61).\u00a0Champ social.<\/p>\n<p><strong>Wittorski, R.<\/strong> (2020). La difficile transmission du travail dans l&rsquo;apprentissage du m\u00e9tier de cadre dans l&rsquo;\u00c9ducation nationale. Dans J.-Y. Bodergat, B. Verquin-Savarieau et R. Wittorski (dir.), <em>L&rsquo;accompagnement et l&rsquo;apprentissage du m\u00e9tier d&rsquo;encadrant<\/em> (p. 153-163). ISTE.<\/p>\n<p><strong>Wittorski, R.<\/strong> (2024). La relation incertaine entre universitarisation et professionnalisation. Dans I. Maillochon et A. M\u00e9dini (dir.), <em>Formations des intervenants sociaux. Professionnalisation et universitarisation en d\u00e9bat<\/em> (1\u00e8re \u00e9d.). Presses universitaires de Rouen et du Havre.<\/p>\n\n","protected":false},"excerpt":{"rendered":"<p>Les noms des membres du laboratoire apparaissent en gras. Andr\u00e9, A., Carpentier, C. et Ferr\u00e9, V. (2021). Entre adaptation cibl\u00e9e et adaptation pour tous : vers une pyramide inclusive en EPS. Dans A. Andr\u00e9 et N. Margas (dir.), L&rsquo;inclusion (p. 78-92). \u00c9ditions revue EP&amp;S. Annoot, E. (2020). La place de la collaboration entre pairs dans &hellip;<\/p>\n<p class=\"read-more\"> <a class=\"\" href=\"https:\/\/cirnef.normandie-univ.fr\/?page_id=4298\"> <span class=\"screen-reader-text\">Chapitres d&rsquo;ouvrages (2020-2026)<\/span> Lire la suite \u00bb<\/a><\/p>\n","protected":false},"author":8,"featured_media":0,"parent":0,"menu_order":0,"comment_status":"closed","ping_status":"closed","template":"","meta":{"site-sidebar-layout":"default","site-content-layout":"default","ast-global-header-display":"","ast-main-header-display":"","ast-hfb-above-header-display":"","ast-hfb-below-header-display":"","ast-hfb-mobile-header-display":"","site-post-title":"","ast-breadcrumbs-content":"","ast-featured-img":"","footer-sml-layout":"","theme-transparent-header-meta":"default","adv-header-id-meta":"","stick-header-meta":"default","header-above-stick-meta":"","header-main-stick-meta":"","header-below-stick-meta":"","footnotes":""},"coauthors":[23],"class_list":["post-4298","page","type-page","status-publish","hentry"],"_links":{"self":[{"href":"https:\/\/cirnef.normandie-univ.fr\/index.php?rest_route=\/wp\/v2\/pages\/4298","targetHints":{"allow":["GET"]}}],"collection":[{"href":"https:\/\/cirnef.normandie-univ.fr\/index.php?rest_route=\/wp\/v2\/pages"}],"about":[{"href":"https:\/\/cirnef.normandie-univ.fr\/index.php?rest_route=\/wp\/v2\/types\/page"}],"author":[{"embeddable":true,"href":"https:\/\/cirnef.normandie-univ.fr\/index.php?rest_route=\/wp\/v2\/users\/8"}],"replies":[{"embeddable":true,"href":"https:\/\/cirnef.normandie-univ.fr\/index.php?rest_route=%2Fwp%2Fv2%2Fcomments&post=4298"}],"version-history":[{"count":2,"href":"https:\/\/cirnef.normandie-univ.fr\/index.php?rest_route=\/wp\/v2\/pages\/4298\/revisions"}],"predecessor-version":[{"id":8514,"href":"https:\/\/cirnef.normandie-univ.fr\/index.php?rest_route=\/wp\/v2\/pages\/4298\/revisions\/8514"}],"wp:attachment":[{"href":"https:\/\/cirnef.normandie-univ.fr\/index.php?rest_route=%2Fwp%2Fv2%2Fmedia&parent=4298"}],"wp:term":[{"taxonomy":"author","embeddable":true,"href":"https:\/\/cirnef.normandie-univ.fr\/index.php?rest_route=%2Fwp%2Fv2%2Fcoauthors&post=4298"}],"curies":[{"name":"wp","href":"https:\/\/api.w.org\/{rel}","templated":true}]}}