{"id":4261,"date":"2021-01-20T15:15:47","date_gmt":"2021-01-20T14:15:47","guid":{"rendered":"http:\/\/cirnef.normandie-univ.fr\/?page_id=4261"},"modified":"2021-05-18T09:45:07","modified_gmt":"2021-05-18T07:45:07","slug":"protection-des-donnees","status":"publish","type":"page","link":"https:\/\/cirnef.normandie-univ.fr\/?page_id=4261","title":{"rendered":"RGPD"},"content":{"rendered":"\n\n\tLe r\u00e8glement europ\u00e9en sur la protection des donn\u00e9es personnelles est entr\u00e9 en vigueur le 25 mai 2018. Celui-ci renforce les droits des personnes et interroge la communaut\u00e9 scientifique, notamment en sciences humaines et sociales, sur ses activit\u00e9s et pratiques de recherche. Quels sont les grands principes de ce nouveau r\u00e8glement europ\u00e9en ? Quelles en sont les finalit\u00e9s ? Quand peut-on parler de donn\u00e9e \u00e0 caract\u00e8re personnel ? Quel \u00e9quilibre trouver entre respect de la l\u00e9gislation, poursuite des activit\u00e9s de recherche et renforcement des droits des personnes ?<br \/>\nLe Cirnef a organis\u00e9 le 18 novembre 2020 un webinaire \u00e0 l&rsquo;attention des doctorant.e.s et chercheur.e.s du laboratoire sur ce sujet, en collaboration avec la D\u00e9l\u00e9gu\u00e9e \u00e0 la protection des donn\u00e9es (DPO) de l&rsquo;Universit\u00e9 de Rouen Normandie :\n\n<strong>Consulter le diaporama de la DPO <a href=\"http:\/\/cirnef.normandie-univ.fr\/wp-content\/uploads\/2021\/01\/20201112-Presentation-CIRNEF-3.pdf\">ici<\/a><\/strong><br \/>\nLien vers la page d\u00e9di\u00e9e \u00e0 la protection des donn\u00e9es sur le site web de l&rsquo;Universit\u00e9 de Rouen Normandie <a href=\"http:\/\/communaute-universitaire.univ-rouen.fr\/protection-des-donnees-473673.kjsp\" target=\"_blank\" rel=\"noopener\">ici<\/a>\n\n\n","protected":false},"excerpt":{"rendered":"<p>Le r\u00e8glement europ\u00e9en sur la protection des donn\u00e9es personnelles est entr\u00e9 en vigueur le 25 mai 2018. Celui-ci renforce les droits des personnes et interroge la communaut\u00e9 scientifique, notamment en sciences humaines et sociales, sur ses activit\u00e9s et pratiques de recherche. Quels sont les grands principes de ce nouveau r\u00e8glement europ\u00e9en ? Quelles en sont &hellip;<\/p>\n<p class=\"read-more\"> <a class=\"\" href=\"https:\/\/cirnef.normandie-univ.fr\/?page_id=4261\"> <span class=\"screen-reader-text\">RGPD<\/span> Lire la suite \u00bb<\/a><\/p>\n","protected":false},"author":8,"featured_media":0,"parent":0,"menu_order":0,"comment_status":"closed","ping_status":"closed","template":"","meta":{"site-sidebar-layout":"default","site-content-layout":"default","ast-global-header-display":"","ast-main-header-display":"","ast-hfb-above-header-display":"","ast-hfb-below-header-display":"","ast-hfb-mobile-header-display":"","site-post-title":"","ast-breadcrumbs-content":"","ast-featured-img":"","footer-sml-layout":"","theme-transparent-header-meta":"default","adv-header-id-meta":"","stick-header-meta":"default","header-above-stick-meta":"","header-main-stick-meta":"","header-below-stick-meta":"","footnotes":""},"coauthors":[23],"class_list":["post-4261","page","type-page","status-publish","hentry"],"_links":{"self":[{"href":"https:\/\/cirnef.normandie-univ.fr\/index.php?rest_route=\/wp\/v2\/pages\/4261","targetHints":{"allow":["GET"]}}],"collection":[{"href":"https:\/\/cirnef.normandie-univ.fr\/index.php?rest_route=\/wp\/v2\/pages"}],"about":[{"href":"https:\/\/cirnef.normandie-univ.fr\/index.php?rest_route=\/wp\/v2\/types\/page"}],"author":[{"embeddable":true,"href":"https:\/\/cirnef.normandie-univ.fr\/index.php?rest_route=\/wp\/v2\/users\/8"}],"replies":[{"embeddable":true,"href":"https:\/\/cirnef.normandie-univ.fr\/index.php?rest_route=%2Fwp%2Fv2%2Fcomments&post=4261"}],"version-history":[{"count":0,"href":"https:\/\/cirnef.normandie-univ.fr\/index.php?rest_route=\/wp\/v2\/pages\/4261\/revisions"}],"wp:attachment":[{"href":"https:\/\/cirnef.normandie-univ.fr\/index.php?rest_route=%2Fwp%2Fv2%2Fmedia&parent=4261"}],"wp:term":[{"taxonomy":"author","embeddable":true,"href":"https:\/\/cirnef.normandie-univ.fr\/index.php?rest_route=%2Fwp%2Fv2%2Fcoauthors&post=4261"}],"curies":[{"name":"wp","href":"https:\/\/api.w.org\/{rel}","templated":true}]}}