{"id":4162,"date":"2020-12-08T16:46:56","date_gmt":"2020-12-08T15:46:56","guid":{"rendered":"http:\/\/cirnef.normandie-univ.fr\/?page_id=4162"},"modified":"2025-05-14T10:57:58","modified_gmt":"2025-05-14T08:57:58","slug":"pierre-cajot","status":"publish","type":"page","link":"https:\/\/cirnef.normandie-univ.fr\/?page_id=4162","title":{"rendered":"Pierre Cajot"},"content":{"rendered":"\n\n\t<h2>Identit\u00e9<\/h2>\n<h4>Pierre CAJOT<\/h4>\nAdresse :<br \/>\nUniversit\u00e9 de Rouen Normandie<br \/>\nUFR des Sciences de l&rsquo;Homme et de la Soci\u00e9t\u00e9<br \/>\nCIRNEF EA 7454 &#8211; 76821 Mont-Saint-Aignan cedex\n<p>Email : pierre.cajot1@univ-rouen.fr<\/p>\n\t<h2>Informations<\/h2>\nInscrit en th\u00e8se depuis : 2019<br \/>\nLangue(s) pratiqu\u00e9e(s) : Fran\u00e7ais\n<p>Th\u00e8me de rattachement : Th\u00e8me 2<\/p>\nTitre de la th\u00e8se : Une comparaison franco-suisse de l&rsquo;entr\u00e9e dans le m\u00e9tier d&rsquo;enseignant-chercheur : dynamiques identitaires et environnements de travail et de formation<br \/>\nDirecteur de th\u00e8se : Emmanuelle Annoot (CIRNEF) et Bernadette Charlier (Centre de Did@ctique Universitaire, Fribourg, Suisse)\n<p>&nbsp;<\/p>\n\t\t\t\t<img decoding=\"async\" src=\"https:\/\/cirnef.normandie-univ.fr\/wp-content\/plugins\/bb-plugin\/img\/pixel.png\" alt=\"\" itemprop=\"image\" onerror=\"this.style.display='none'\"  \/>\n\t\t\t<a href=\"#\" id=\"fl-accordion--label-0\" tabindex=\"0\" aria-controls=\"fl-accordion--panel-0\">Pr\u00e9sentation du projet de th\u00e8se<\/a>\n\t\t\t\t\t\t\t<a href=\"#\" id=\"fl-accordion--icon-0\" tabindex=\"0\" aria-controls=\"fl-accordion--panel-0\"><i>Collapse<\/i><\/a>\n\t\t<p>&nbsp;<\/p>\n<p>&nbsp;<\/p>\n<h4>Mots-cl\u00e9s<\/h4>\n<blockquote><p>&nbsp;<\/p><\/blockquote>\n\t\t\t<a href=\"#\" id=\"fl-accordion--label-1\" tabindex=\"0\" aria-controls=\"fl-accordion--panel-1\">Publications<\/a>\n\t\t\t\t\t\t\t<a href=\"#\" id=\"fl-accordion--icon-1\" tabindex=\"0\" aria-controls=\"fl-accordion--panel-1\"><i>Expand<\/i><\/a>\n\t\t\t<a href=\"#\" id=\"fl-accordion--label-2\" tabindex=\"0\" aria-controls=\"fl-accordion--panel-2\">Communications<\/a>\n\t\t\t\t\t\t\t<a href=\"#\" id=\"fl-accordion--icon-2\" tabindex=\"0\" aria-controls=\"fl-accordion--panel-2\"><i>Expand<\/i><\/a>\n\t\t\t<a href=\"#\" id=\"fl-accordion--label-3\" tabindex=\"0\" aria-controls=\"fl-accordion--panel-3\">Collaborations<\/a>\n\t\t\t\t\t\t\t<a href=\"#\" id=\"fl-accordion--icon-3\" tabindex=\"0\" aria-controls=\"fl-accordion--panel-3\"><i>Expand<\/i><\/a>\n\t\t\t<a href=\"#\" id=\"fl-accordion--label-4\" tabindex=\"0\" aria-controls=\"fl-accordion--panel-4\">Cours dispens\u00e9s<\/a>\n\t\t\t\t\t\t\t<a href=\"#\" id=\"fl-accordion--icon-4\" tabindex=\"0\" aria-controls=\"fl-accordion--panel-4\"><i>Expand<\/i><\/a>\n\t\t\t<a href=\"#\" id=\"fl-accordion--label-5\" tabindex=\"0\" aria-controls=\"fl-accordion--panel-5\">Prix, bourses, etc&#8230;<\/a>\n\t\t\t\t\t\t\t<a href=\"#\" id=\"fl-accordion--icon-5\" tabindex=\"0\" aria-controls=\"fl-accordion--panel-5\"><i>Expand<\/i><\/a>\n\n","protected":false},"excerpt":{"rendered":"<p>Identit\u00e9 Pierre CAJOT Adresse : Universit\u00e9 de Rouen Normandie UFR des Sciences de l&rsquo;Homme et de la Soci\u00e9t\u00e9 CIRNEF EA 7454 &#8211; 76821 Mont-Saint-Aignan cedex Email : pierre.cajot1@univ-rouen.fr Informations Inscrit en th\u00e8se depuis : 2019 Langue(s) pratiqu\u00e9e(s) : Fran\u00e7ais Th\u00e8me de rattachement : Th\u00e8me 2 Titre de la th\u00e8se : Une comparaison franco-suisse de l&rsquo;entr\u00e9e &hellip;<\/p>\n<p class=\"read-more\"> <a class=\"\" href=\"https:\/\/cirnef.normandie-univ.fr\/?page_id=4162\"> <span class=\"screen-reader-text\">Pierre Cajot<\/span> Lire la suite \u00bb<\/a><\/p>\n","protected":false},"author":135,"featured_media":0,"parent":0,"menu_order":0,"comment_status":"closed","ping_status":"closed","template":"","meta":{"site-sidebar-layout":"default","site-content-layout":"default","ast-global-header-display":"","ast-main-header-display":"","ast-hfb-above-header-display":"","ast-hfb-below-header-display":"","ast-hfb-mobile-header-display":"","site-post-title":"","ast-breadcrumbs-content":"","ast-featured-img":"","footer-sml-layout":"","theme-transparent-header-meta":"default","adv-header-id-meta":"","stick-header-meta":"default","header-above-stick-meta":"","header-main-stick-meta":"","header-below-stick-meta":"","footnotes":""},"coauthors":[],"class_list":["post-4162","page","type-page","status-publish","hentry"],"_links":{"self":[{"href":"https:\/\/cirnef.normandie-univ.fr\/index.php?rest_route=\/wp\/v2\/pages\/4162","targetHints":{"allow":["GET"]}}],"collection":[{"href":"https:\/\/cirnef.normandie-univ.fr\/index.php?rest_route=\/wp\/v2\/pages"}],"about":[{"href":"https:\/\/cirnef.normandie-univ.fr\/index.php?rest_route=\/wp\/v2\/types\/page"}],"author":[{"embeddable":true,"href":"https:\/\/cirnef.normandie-univ.fr\/index.php?rest_route=\/wp\/v2\/users\/135"}],"replies":[{"embeddable":true,"href":"https:\/\/cirnef.normandie-univ.fr\/index.php?rest_route=%2Fwp%2Fv2%2Fcomments&post=4162"}],"version-history":[{"count":1,"href":"https:\/\/cirnef.normandie-univ.fr\/index.php?rest_route=\/wp\/v2\/pages\/4162\/revisions"}],"predecessor-version":[{"id":7779,"href":"https:\/\/cirnef.normandie-univ.fr\/index.php?rest_route=\/wp\/v2\/pages\/4162\/revisions\/7779"}],"wp:attachment":[{"href":"https:\/\/cirnef.normandie-univ.fr\/index.php?rest_route=%2Fwp%2Fv2%2Fmedia&parent=4162"}],"wp:term":[{"taxonomy":"author","embeddable":true,"href":"https:\/\/cirnef.normandie-univ.fr\/index.php?rest_route=%2Fwp%2Fv2%2Fcoauthors&post=4162"}],"curies":[{"name":"wp","href":"https:\/\/api.w.org\/{rel}","templated":true}]}}