{"id":4158,"date":"2020-12-08T16:34:01","date_gmt":"2020-12-08T15:34:01","guid":{"rendered":"http:\/\/cirnef.normandie-univ.fr\/?page_id=4158"},"modified":"2025-10-13T10:49:55","modified_gmt":"2025-10-13T08:49:55","slug":"emilie-martin","status":"publish","type":"page","link":"https:\/\/cirnef.normandie-univ.fr\/?page_id=4158","title":{"rendered":"\u00c9milie Martin"},"content":{"rendered":"\n\n\t<h2>Identit\u00e9<\/h2>\n<h4>\u00c9milie MARTIN<\/h4>\nAdresse :<br \/>\nUniversit\u00e9 de Rouen Normandie<br \/>\nUFR des Sciences de l&rsquo;Homme et de la Soci\u00e9t\u00e9<br \/>\nCIRNEF EA 7454 &#8211; 76821 Mont-Saint-Aignan cedex\n<p>Email : emilie.martin5@univ-rouen.fr<\/p>\n\t<h2>Informations<\/h2>\nMa\u00eetresse de conf\u00e9rences en sciences de l&rsquo;\u00e9ducation et de la formation<br \/>\nUniversit\u00e9 Rouen Normandie\n<p>Th\u00e8me de rattachement : Savoirs, p\u00e9dagogies, institutions et didactiques (<em>th\u00e8me 4<\/em>)<\/p>\n<p>&nbsp;<\/p>\n\t\t\t\t<a href=\"https:\/\/cirnef.normandie-univ.fr\/wp-content\/uploads\/2021\/01\/index-e1610457426350.png\" target=\"_self\">\n\t\t\t\t<img loading=\"lazy\" decoding=\"async\" src=\"https:\/\/cirnef.normandie-univ.fr\/wp-content\/uploads\/2021\/01\/index-e1610457426350.png\" alt=\"index\" height=\"322\" width=\"306\" title=\"index\" \/>\n\t\t\t\t<\/a>\n\t\t\t<a href=\"#\" id=\"fl-accordion--label-0\" aria-controls=\"fl-accordion--panel-0\">Publications<\/a>\n\t\t\t\t\t\t\t<a href=\"#\" id=\"fl-accordion--icon-0\" aria-controls=\"fl-accordion--panel-0\"><i>Collapse<\/i><\/a>\n\t\t<p>Dubois, E., Martin, E. et Patry, D. (2025). Les conseils municipaux d&rsquo;enfants, tensions autour des pratiques p\u00e9dagogiques dans un dispositif d&rsquo;\u00e9ducation populaire aux portes de l&rsquo;\u00e9cole. <em>Tr\u00e9ma, 63<\/em>. <\/p>\n<p>Martin, E. (2023). \u00c9ducation par la nature et \u00e9coformation, \u00e9volution des pratiques et des conceptions \u00e9ducatives des acteurs. <em>\u00c9ducation relative \u00e0 l&rsquo;environnement. Regards, recherches, r\u00e9flexions, 18.2. <\/em>https:\/\/doi.org\/10.4000\/1241q<\/p>\nMartin, E. (2023). Ce qui s&rsquo;apprend dans les cabanes. <em>Cahiers p\u00e9dagogiques, n\u00b0587<\/em>, 35-36.<br \/>\n\n<p>Martin, E. (2022). Habiter une pratique p\u00e9dagogique dans le champ de l&rsquo;\u00e9ducation en milieu naturel. <em>Actes de la 3\u00e8me Journ\u00e9e de l&rsquo;\u00e9cole doctorale <\/em><em>HSRT<\/em>, Rouen.<\/p>\n<p>Martin, E. (2021). Note de lecture : Julien Fuchs. <em>Le temps des jolies colonies de vacances. Au c\u0153ur de la construction d&rsquo;un service public 1944-1960<\/em>. Villeneuve-d&rsquo;Ascq : Presses universitaires du Septentrion, 2020, 452 pages. <em>Les Sciences de l&rsquo;\u00e9ducation &#8211; Pour l&rsquo;\u00c8re nouvelle<\/em>, 54, 124-129. https:\/\/doi.org\/10.3917\/lsdle.541.0113C<\/p>\n<p>Martin, E. (accept\u00e9, \u00e0 para\u00eetre). Terrains d&rsquo;aventure et p\u00e9dagogie par la nature\u00a0: des marqueurs p\u00e9dagogiques communs. Dans G. Raveneau et C. Roullier (dir.), <em>Des terrains d&rsquo;aventure du pass\u00e9 pour l&rsquo;avenir<\/em>. Presses universitaires de Lyon.<\/p>\n\t\t\t<a href=\"#\" id=\"fl-accordion--label-1\" aria-controls=\"fl-accordion--panel-1\">Communications<\/a>\n\t\t\t\t\t\t\t<a href=\"#\" id=\"fl-accordion--icon-1\" aria-controls=\"fl-accordion--panel-1\"><i>Expand<\/i><\/a>\n\t\t<p>Martin, E. (2024). <em>\u00c9duquer dehors : quelles pratiques, pour r\u00e9pondre \u00e0 quelles finalit\u00e9s \u00e9ducatives ?<\/em> Conf\u00e9rence invit\u00e9e, Journ\u00e9e Faire \u00e9ducation dehors, Lyon.<\/p>\n<p>Martin, E. (2024). <em>S&rsquo;investir dans l&rsquo;animation ? Regard sur les espaces d&rsquo;\u00e9ducation dehors. <\/em>Journ\u00e9e \u00ab\u00a0Quel avenir pour les colos ?\u00a0\u00bb, association Montjoie, Elbeuf.<\/p>\n<p>Martin, E. (2024). <em>Analyse des pratiques d&rsquo;\u00e9ducation dehors : terrains d&rsquo;aventure et p\u00e9dagogie par la nature<\/em>. R\u00e9seau fran\u00e7ais d&rsquo;\u00e9ducation \u00e0 la nature et \u00e0 l&rsquo;environnement, Rencontres nationales Sortir !, Le Havre<\/p>\n<p>Martin, E., Dubois, E. et Patry, D. (2024). <em>Les conseils municipaux d&rsquo;enfants, sp\u00e9cificit\u00e9s d&rsquo;un dispositif d&rsquo;\u00e9ducation populaire aux portes de l&rsquo;\u00e9cole<\/em>. Colloque Pratiques p\u00e9dagogiques de l&rsquo;\u00e9ducation populaire : histoire et actualit\u00e9s d&rsquo;un projet politique, Montpellier.<\/p>\n<p>Martin, E. (2023). <em>H\u00e9ritages de l&rsquo;\u00c9ducation nouvelle et du plein air dans le (re)d\u00e9veloppement des pratiques d&rsquo;\u00e9ducation dehors en France. L&rsquo;exemple des \u00e9coles du dehors et de la p\u00e9dagogie par la nature<\/em>. Colloque L&rsquo;\u00e9ducation nouvelle : H\u00e9ritages, (r\u00e9)inventions, actualit\u00e9, CUIP, Paris.<\/p>\n<p>Martin, E. et Lescouarch, L. (2021). <em>Diversit\u00e9 des acteurs, des objectifs et des projets : analyse comparative et pens\u00e9es \u00e9ducatives sous-jacentes dans le champ de l&rsquo;\u00e9ducation en milieu naturel<\/em>. 12\u00e8me journ\u00e9e sur l&rsquo;enfance au quotidien, Caen.<\/p>\n<p>Martin, E. (2021). <em>Pratiques p\u00e9dagogiques en nature dans les espaces de loisirs et influences sur les espaces scolaires<\/em>. Colloque L&rsquo;\u00e9cole primaire au XXI\u00e8me si\u00e8cle, Cergy.<\/p>\n<p>Martin, E. (2021). <i>Terrains d&rsquo;aventure et p\u00e9dagogie par la nature : points de rencontre entre les pratiques. <\/i>Colloque international Des terrains d&rsquo;aventure du pass\u00e9\/pour l&rsquo;avenir : \u00e9tat des savoirs, enjeux et perspectives, Paris.<\/p>\n<p>Martin, E. (2021). <em>Habiter une pratique p\u00e9dagogique dans le champ de l&rsquo;\u00e9ducation en milieu naturel<\/em>. 3\u00e8me Journ\u00e9e de l&rsquo;\u00e9cole doctorale HSRT, Rouen.<\/p>\n<p>Martin, E. (2016). <em>Sexualit\u00e9 adolescente dans le contexte des colonies de vacances : la posture des \u00e9quipes p\u00e9dagogiques encadrantes vis-\u00e0-vis des questions relatives \u00e0 la sexualit\u00e9 des adolescents ; entre prises de position, silences et accompagnement<\/em>. XX<sup>e<\/sup> Congr\u00e8s de l&rsquo;Association internationale des sociologues de langue fran\u00e7aise, GT07 Sociologie des sexualit\u00e9s, Montr\u00e9al.<\/p>\n<p>Martin, E. (2016). <em>Conseillers p\u00e9nitentiaires d&rsquo;insertion et de probation\u00a0: mutations du cadre institutionnel, identit\u00e9s professionnelles multiples, quels impacts sur les relations avec les publics pris en charge\u00a0?<\/em> XX<sup>e<\/sup> Congr\u00e8s de l&rsquo;Association internationale des sociologues de langue fran\u00e7aise, GT24 Sociologie des institutions, Montr\u00e9al.<\/p>\n\t\t\t<a href=\"#\" id=\"fl-accordion--label-2\" aria-controls=\"fl-accordion--panel-2\">Doctorat<\/a>\n\t\t\t\t\t\t\t<a href=\"#\" id=\"fl-accordion--icon-2\" aria-controls=\"fl-accordion--panel-2\"><i>Expand<\/i><\/a>\n\t\t<p>Cette th\u00e8se s&rsquo;int\u00e9resse aux pratiques d&rsquo;\u00e9ducation au contact de la nature qui se (re)d\u00e9veloppent en France dans les espaces scolaires et les espaces de loisirs des enfants, tels les classes dehors, les forest schools, les clubs nature, les colonies de vacances ou les activit\u00e9s de plein air. Outre les outils et les techniques p\u00e9dagogiques mobilis\u00e9s, nous cherchons \u00e0 identifier quelles sont les finalit\u00e9s poursuivies et les valeurs sous-jacentes \u00e0 ces formes \u00e9ducatives au contact de la nature, tant du c\u00f4t\u00e9 des acteurs \u00e9ducatifs (enseignants, \u00e9ducateurs, animateurs socioculturels, animateurs \u00e0 l&rsquo;environnement) que du c\u00f4t\u00e9 des familles usag\u00e8res, faisant ces choix \u00e9ducatifs parentaux. \u00c0 cette fin, le dispositif m\u00e9thodologique donne acc\u00e8s au discours des acteurs \u00e9ducatifs et des parents sur les pratiques mises en \u0153uvre, aux pratiques observ\u00e9es ainsi qu&rsquo;aux intentions \u00e9ducatives formul\u00e9es par les structures. Les r\u00e9sultats r\u00e9v\u00e8lent des logiques p\u00e9dagogiques qui pr\u00e9sentent des invariants, mais soulignent \u00e9galement des tensions et des \u00e9l\u00e9ments de distinction entre les diverses propositions \u00e9ducatives \u00e9tudi\u00e9es. La mise en perspective des pratiques enseignantes et des pratiques d&rsquo;animation laisse toutefois entrevoir des formes d&rsquo;influence entre les pratiques scolaires et les pratiques r\u00e9cr\u00e9atives d&rsquo;\u00e9ducation dans la nature.<\/p>\n<h4>Mots-cl\u00e9s<\/h4>\n<blockquote><p>Pratiques p\u00e9dagogiques &#8211; Mod\u00e8le p\u00e9dagogique &#8211; Education en plein air &#8211; P\u00e9dagogie par la nature &#8211; Eco-formation &#8211; Forme scolaire \/ p\u00e9dagogies alternatives &#8211; Pratiques de loisirs &#8211; Strat\u00e9gies \u00e9ducatives familiales<\/p><\/blockquote>\n\t\t\t<a href=\"#\" id=\"fl-accordion--label-3\" aria-controls=\"fl-accordion--panel-3\">Collaborations<\/a>\n\t\t\t\t\t\t\t<a href=\"#\" id=\"fl-accordion--icon-3\" aria-controls=\"fl-accordion--panel-3\"><i>Expand<\/i><\/a>\n\t\t<p>2023-2025 : Membre de l&rsquo;\u00e9quipe de recherche du projet <em>La place de la parole de l&rsquo;enfant dans les conseils municipaux des enfants et dans des dispositifs \u00e9ducatifs innovants : quelle contribution \u00e0 l&rsquo;\u00e9ducation \u00e0 la d\u00e9mocratie ? <\/em>(URN &#8211; IGENIUM)<\/p>\n<p>2024 : Participation \u00e0 l&rsquo;organisation du colloque international TRASCE, laboratoire CIRNEF, Universit\u00e9 de Rouen Normandie.<\/p>\n<p>2023 : Organisation d&rsquo;un s\u00e9minaire doctoral au sein du laboratoire CIRNEF (UR 7454)<\/p>\n<p>2022-2023 : Repr\u00e9sentante des doctorants au sein du laboratoire CIRNEF (UR 7454)<\/p>\n<p>2020-2022 : Repr\u00e9sentante des doctorants au sein de l&rsquo;\u00e9cole doctorale HSRT (ED556)<\/p>\n<p>D\u00e9cembre 2021 &#8211; Animation d&rsquo;une table ronde lors de la 12\u00e8me journ\u00e9e sur l&rsquo;enfance au quotidien, laboratoire CIRNEF, Universit\u00e9 Caen Normandie.<\/p>\n<p>Mars 2021 &#8211; Organisation et coordination de la 3\u00e8me Journ\u00e9e de l&rsquo;\u00e9cole doctorale <em>Homme, Soci\u00e9t\u00e9s, Risques et Territoire <\/em>(ED 556) sur la th\u00e9matique Habiter, Universit\u00e9 Rouen Normandie.<\/p>\n<p>2021 &#8211; Organisation et coordination de la publication des actes de la 3\u00e8me Journ\u00e9e de l&rsquo;\u00e9cole doctorale <em>Homme, Soci\u00e9t\u00e9s, Risques et Territoire <\/em>(ED 556) sur la th\u00e9matique Habiter<\/p>\n\t\t\t<a href=\"#\" id=\"fl-accordion--label-4\" aria-controls=\"fl-accordion--panel-4\">Enseignements<\/a>\n\t\t\t\t\t\t\t<a href=\"#\" id=\"fl-accordion--icon-4\" aria-controls=\"fl-accordion--panel-4\"><i>Expand<\/i><\/a>\n\t\t2024-2025<br \/>\nAttach\u00e9e temporaire d&rsquo;enseignement et de recherche au d\u00e9partement des Sciences de l&rsquo;\u00e9ducation et de la formation de l&rsquo;Universit\u00e9 de Rouen Normandie<br \/>\n&#8211; Apprendre hors l&rsquo;\u00e9cole &#8211; Licence 1 (24h CM)<br \/>\n&#8211; Introduction \u00e0 l&rsquo;anthropologie &#8211; Licence 2 (30h TD)<br \/>\n&#8211; M\u00e9thodologie de travail universitaire, comp\u00e9tences r\u00e9dactionnelles &#8211; Licence 2 (32h TD)<br \/>\n&#8211; Sociologie de l&rsquo;\u00e9ducation &#8211; Master 1 (12h CM + 10h TD)<br \/>\n&#8211; M\u00e9diations \u00e9ducatives, p\u00e9dagogiques et culturelles &#8211; Master 1 (18h CM + 15h TD)<br \/>\n&#8211; Suivis de m\u00e9moires &#8211; Master 1 (10 \u00e9tudiants)\n2023-2024<br \/>\nAttach\u00e9e temporaire d&rsquo;enseignement et de recherche au d\u00e9partement des Sciences de l&rsquo;\u00e9ducation et de la formation de l&rsquo;Universit\u00e9 de Rouen Normandie<br \/>\n&#8211; Apprendre hors l&rsquo;\u00e9cole &#8211; Licence 1 (24h CM)<br \/>\n&#8211; Histoire des id\u00e9es p\u00e9dagogiques &#8211; Licence 2 (20h CM)<br \/>\n&#8211; Introduction \u00e0 l&rsquo;anthropologie &#8211; Licence 2 (30h TD)<br \/>\n&#8211; \u00c9ducation et p\u00e9dagogie dans et hors l&rsquo;\u00e9cole &#8211; Master 2 ECPEF (18h CM)<br \/>\n&#8211; M\u00e9thodologie de travail universitaire, comp\u00e9tences r\u00e9dactionnelles &#8211; Licence 2 (32h TD)<br \/>\n&#8211; Introduction \u00e0 l&rsquo;ethnographie &#8211; (6h CM et 24h TD)<br \/>\n&#8211; R\u00e9f\u00e9rence administrative des stages &#8211; Licence 3\n2022-2023<br \/>\nApprendre hors l&rsquo;\u00e9cole &#8211; Licence 1 (4h CM)\n2021-2022<br \/>\nPratiques collaboratives &#8211; Licence 3 (29h CM et TD)<br \/>\nApprendre hors l&rsquo;\u00e9cole &#8211; Licence 3 (3h CM)\n2020-2021<br \/>\nPratiques collaboratives &#8211; Licence 3 (29h CM et TD)<br \/>\nSociologie de l&rsquo;\u00e9ducation &#8211; Licence 3 (3h CM)\n<p>&nbsp;<\/p>\n\t\t\t<a href=\"#\" id=\"fl-accordion--label-5\" aria-controls=\"fl-accordion--panel-5\">Bourses<\/a>\n\t\t\t\t\t\t\t<a href=\"#\" id=\"fl-accordion--icon-5\" aria-controls=\"fl-accordion--panel-5\"><i>Expand<\/i><\/a>\n\t\t<p>Contrat doctoral pour r\u00e9aliser la th\u00e8se (2019-2023).<\/p>\n\n","protected":false},"excerpt":{"rendered":"<p>Identit\u00e9 \u00c9milie MARTIN Adresse : Universit\u00e9 de Rouen Normandie UFR des Sciences de l&rsquo;Homme et de la Soci\u00e9t\u00e9 CIRNEF EA 7454 &#8211; 76821 Mont-Saint-Aignan cedex Email : emilie.martin5@univ-rouen.fr Informations Ma\u00eetresse de conf\u00e9rences en sciences de l&rsquo;\u00e9ducation et de la formation Universit\u00e9 Rouen Normandie Th\u00e8me de rattachement : Savoirs, p\u00e9dagogies, institutions et didactiques (th\u00e8me 4) &nbsp; &hellip;<\/p>\n<p class=\"read-more\"> <a class=\"\" href=\"https:\/\/cirnef.normandie-univ.fr\/?page_id=4158\"> <span class=\"screen-reader-text\">\u00c9milie Martin<\/span> Lire la suite \u00bb<\/a><\/p>\n","protected":false},"author":134,"featured_media":0,"parent":0,"menu_order":0,"comment_status":"closed","ping_status":"closed","template":"","meta":{"site-sidebar-layout":"default","site-content-layout":"default","ast-global-header-display":"","ast-main-header-display":"","ast-hfb-above-header-display":"","ast-hfb-below-header-display":"","ast-hfb-mobile-header-display":"","site-post-title":"","ast-breadcrumbs-content":"","ast-featured-img":"","footer-sml-layout":"","theme-transparent-header-meta":"default","adv-header-id-meta":"","stick-header-meta":"default","header-above-stick-meta":"","header-main-stick-meta":"","header-below-stick-meta":"","footnotes":""},"coauthors":[215],"class_list":["post-4158","page","type-page","status-publish","hentry"],"_links":{"self":[{"href":"https:\/\/cirnef.normandie-univ.fr\/index.php?rest_route=\/wp\/v2\/pages\/4158","targetHints":{"allow":["GET"]}}],"collection":[{"href":"https:\/\/cirnef.normandie-univ.fr\/index.php?rest_route=\/wp\/v2\/pages"}],"about":[{"href":"https:\/\/cirnef.normandie-univ.fr\/index.php?rest_route=\/wp\/v2\/types\/page"}],"author":[{"embeddable":true,"href":"https:\/\/cirnef.normandie-univ.fr\/index.php?rest_route=\/wp\/v2\/users\/134"}],"replies":[{"embeddable":true,"href":"https:\/\/cirnef.normandie-univ.fr\/index.php?rest_route=%2Fwp%2Fv2%2Fcomments&post=4158"}],"version-history":[{"count":3,"href":"https:\/\/cirnef.normandie-univ.fr\/index.php?rest_route=\/wp\/v2\/pages\/4158\/revisions"}],"predecessor-version":[{"id":8120,"href":"https:\/\/cirnef.normandie-univ.fr\/index.php?rest_route=\/wp\/v2\/pages\/4158\/revisions\/8120"}],"wp:attachment":[{"href":"https:\/\/cirnef.normandie-univ.fr\/index.php?rest_route=%2Fwp%2Fv2%2Fmedia&parent=4158"}],"wp:term":[{"taxonomy":"author","embeddable":true,"href":"https:\/\/cirnef.normandie-univ.fr\/index.php?rest_route=%2Fwp%2Fv2%2Fcoauthors&post=4158"}],"curies":[{"name":"wp","href":"https:\/\/api.w.org\/{rel}","templated":true}]}}