{"id":4014,"date":"2020-10-21T08:52:06","date_gmt":"2020-10-21T06:52:06","guid":{"rendered":"http:\/\/cirnef.normandie-univ.fr\/?page_id=4014"},"modified":"2025-09-17T17:50:53","modified_gmt":"2025-09-17T15:50:53","slug":"laetitia-audin","status":"publish","type":"page","link":"https:\/\/cirnef.normandie-univ.fr\/?page_id=4014","title":{"rendered":"Laetitia Audin"},"content":{"rendered":"\n\n\t<h2>Identit\u00e9<\/h2>\n<h4>Laetitia Audin<\/h4>\nAdresse :<br \/>\nUniversit\u00e9 de Rouen Normandie<br \/>\nUFR des Sciences de l&rsquo;Homme et de la Soci\u00e9t\u00e9<br \/>\nCIRNEF EA 7454<br \/>\nRue Lavoisier<br \/>\n76821 Mont-Saint-Aignan cedex\n<p>Email : laetitia.audin.pro@gmail.com<\/p>\n\t<h2>Informations<\/h2>\nTh\u00e8se soutenue : 10 d\u00e9c 2024<br \/>\nLangue(s) pratiqu\u00e9e(s) : Fran\u00e7ais\n<p>Th\u00e8me de rattachement : Sciences de l&rsquo;\u00e9ducation<\/p>\nTitre de la th\u00e8se : La simulation: Espace de professionnalisation des \u00e9tudiants en soins infirmiers ?<br \/>\nDirecteur de th\u00e8se : Jean-Luc Rinaudo\n<p>&nbsp;<\/p>\n\t\t\t\t<a href=\"https:\/\/cirnef.normandie-univ.fr\/wp-content\/uploads\/2025\/09\/IMG_0335-scaled.jpg\" target=\"_self\">\n\t\t\t\t<img decoding=\"async\" src=\"http:\/\/cirnef.normandie-univ.fr\/wp-content\/uploads\/2025\/09\/IMG_0335-scaled.jpg\" alt=\"IMG_0335\" title=\"IMG_0335\" \/>\n\t\t\t\t<\/a>\n\t\t\t<a href=\"#\" id=\"fl-accordion--label-0\" aria-controls=\"fl-accordion--panel-0\">Pr\u00e9sentation du projet de th\u00e8se<\/a>\n\t\t\t\t\t\t\t<a href=\"#\" id=\"fl-accordion--icon-0\" aria-controls=\"fl-accordion--panel-0\"><i>Collapse<\/i><\/a>\n\t\t<h4>Mots-cl\u00e9s : Simulation, \u00e9tudiants en soins infirmiers, soins d&rsquo;hygi\u00e8ne corporelle, jeux vid\u00e9o, professionnalisation.<\/h4>\n<p>&nbsp;<\/p>\n<blockquote><p>Il est parfois complexe pour les \u00e9tudiant\u00b7e\u00b7s en soins infirmiers (ESI) de dispenser des soins d&rsquo;hygi\u00e8ne corporelle (SHC) pour, sur et avec autrui. Diff\u00e9rentes dimensions rendent ce soin complexe, et tout particuli\u00e8rement, l&rsquo;impr\u00e9visibilit\u00e9 de la rencontre interpersonnelle mais aussi l&rsquo;in\u00e9luctable corporalit\u00e9 (Delomel, 1999; Lawler, 1991\/2002; Mercadier, 2002\/2008) de la personne prise en soin et des \u00e9tudiant.e.s. En outre, le contexte institutionnel contemporain o\u00f9 prime d\u00e9sormais la rationalit\u00e9 instrumentale, peut se r\u00e9v\u00e9ler source de d\u00e9senchantement pour les ESI (Graber et Haberey-Knuessi, 2017) qui peinent \u00e0 exprimer leurs valeurs soignantes lors de ces soins de l&rsquo;intime. Cette recherche vise \u00e0 questionner le potentiel formatif du jeu vid\u00e9o grand public : Les Sims dans le processus de professionnalisation des futur\u00b7e\u00b7s infirmier\u00b7e\u00b7s. Le rapport qu&rsquo;ils \u00e9tablissent, pour certain\u00b7e\u00b7s, entre ce jeu de simulation du prendre soin dans un univers virtuel et le prendre soin qu&rsquo;ils \u00e9laborent lors de leur pratique soignante pourrait les aider \u00e0 apprivoiser plus sereinement la complexit\u00e9 de soi et d&rsquo;autrui lors de la r\u00e9alisation des SHC. En congruence avec les th\u00e9ories winnicottiennes (1971), le protocole de recherche s&rsquo;inscrit dans une d\u00e9marche clinique d&rsquo;orientation psychanalytique. Il a \u00e9t\u00e9 propos\u00e9 \u00e0 huit ESI de s&rsquo;adonner \u00e0 ce jeu vid\u00e9o puis de participer \u00e0 deux entretiens non-directifs. Le premier entretien \u00e9tait consacr\u00e9 \u00e0 la pratique vid\u00e9oludique, et selon la volont\u00e9 des ESI, il pouvait \u00eatre m\u00e9di\u00e9 par le jeu Les Sims 3 ou Les Sims 4 (additionn\u00e9 de l&rsquo;extension Les Sims au travail, laquelle propose d&rsquo;\u00e9voluer au sein d&rsquo;un h\u00f4pital). Lors du deuxi\u00e8me entretien, il \u00e9tait demand\u00e9 aux ESI de s&rsquo;exprimer le plus librement possible sur la th\u00e9matique des SHC. Il appara\u00eet que le rapport \u00e0 l&rsquo;avatar des joueu\u00b7r\u00b7se\u00b7s, mais aussi l&rsquo;humour et l&rsquo;immense libert\u00e9 d&rsquo;action des Sims conf\u00e8rent \u00e0 ce jeu un potentiel de transitionnalit\u00e9 particuli\u00e8rement int\u00e9ressant. Le joueu\u00b7r\u00b7se s&rsquo;incarne dans et \u00e0 travers l&rsquo;avatar, ce qui est une caract\u00e9ristique du m\u00e9dium vid\u00e9oludique. En r\u00e9pondant aux diff\u00e9rents besoins de cet \u00eatre de pixels (s&rsquo;alimenter, se distraire, se laver, etc.), le joueu\u00b7r\u00b7se fait l&rsquo;exp\u00e9rience des fondements du care. Mais le degr\u00e9 d&rsquo;identification \u00e0 l&rsquo;avatar fluctue selon les s\u00e9quences de jeu. C&rsquo;est pourquoi, l&rsquo;ESI peut \u00eatre amen\u00e9 \u00e0 exp\u00e9rimenter une e-empathie, dirig\u00e9e envers lui-m\u00eame mais aussi envers un autrui num\u00e9rique. Un dernier point \u00e9galement \u00e9tay\u00e9 par la mise en sc\u00e8ne des patient\u00b7e\u00b7s-Sims et\/ou des autres avatars potentiellement cr\u00e9\u00e9s [conjoint\u00b7e(s), enfant(s)]. De m\u00eame, gr\u00e2ce \u00e0 la prise en soin des diff\u00e9rents membres d&rsquo;une famille avatarielle, le futur\u00b7e infirmier\u00b7e peut \u00eatre amen\u00e9 \u00e0 exp\u00e9rimenter sa biparentalit\u00e9 et\/ou sa big\u00e9n\u00e9rationnalit\u00e9 psychiques internes, deux conditions du prendre soin d&rsquo;autrui. Enfin, l&rsquo;entretien post-s\u00e9quence de jeu \u00e9taye l&rsquo;appropriation des exp\u00e9riences subjectives induites par la pratique des Sims et soutient un travail de liaison et de d\u00e9liaison en direction de la sph\u00e8re professionnelle. Ainsi, Les Sims permettraient \u00e0 certain\u00b7e\u00b7s joueu\u00b7r\u00b7se\u00b7s de s&rsquo;inscrire dans une aire interm\u00e9diaire d&rsquo;exp\u00e9rience, \u00e9tayant un processus de r\u00e9union, \u00e0 m\u00eame de faire d\u00e9couvrir aux ESI leur soi, dans un moment subjectalisant. De ce fait, l&rsquo;exp\u00e9rimentation, m\u00eame partielle et num\u00e9rique, des diff\u00e9rentes phases d&rsquo;un care vid\u00e9oludique peut favoriser la mise en \u0153uvre de la cr\u00e9ativit\u00e9 (au sens winnicottien) des \u00e9tudiant\u00b7e\u00b7s. C&rsquo;est en cela que l&rsquo;int\u00e9gration des Sims, dans leur curriculum de formation, peut \u00e9tayer la professionnalit\u00e9 des futur\u00b7e\u00b7s infirmier\u00b7e\u00b7s et concourir \u00e0 la qualit\u00e9 des SHC dispens\u00e9s.<\/p><\/blockquote>\n\t\t\t<a href=\"#\" id=\"fl-accordion--label-1\" aria-controls=\"fl-accordion--panel-1\">Publications<\/a>\n\t\t\t\t\t\t\t<a href=\"#\" id=\"fl-accordion--icon-1\" aria-controls=\"fl-accordion--panel-1\"><i>Expand<\/i><\/a>\n\t\t<ul>\n<li>Audin, L. et Sanches, C. (2025). Parcours de soignantes-chercheures, du prendre soin \u00e0 la recherche scientifique. Dans E. Annoot, C. Daverne-Bailly et J-L. Rinaudo (dir.), <em>Nouaison : de la fleur au fruit &#8211; Paroles de doctorants<\/em>. C\u00e9padu\u00e8s.<\/li>\n<li>Audin, L. (juillet 2020). Les Sims, un outil d&rsquo;\u00e9ducation informelle dans la formation aux soins d&rsquo;hygi\u00e8ne corporelle et au raisonnement clinique infirmier. Colloque international Perspectives de Recherches sur les usages du Num\u00e9rique dans l&rsquo;Education (PRUNE), Poitiers, France.<\/li>\n<li>Audin, L. (d\u00e9cembre 2020). La toilette et ses tabous dans les manuels de formation infirmi\u00e8re. <em>SOINS, p.11-14.<\/em><\/li>\n<\/ul>\n\t\t\t<a href=\"#\" id=\"fl-accordion--label-2\" aria-controls=\"fl-accordion--panel-2\">Communications<\/a>\n\t\t\t\t\t\t\t<a href=\"#\" id=\"fl-accordion--icon-2\" aria-controls=\"fl-accordion--panel-2\"><i>Expand<\/i><\/a>\n\t\t<table>\n<tbody>\n<tr>\n<td>\n<h1>Communications Orales<\/h1>\n<p>Juin 2025 : Le jeu vid\u00e9o <em>Les Sims<\/em> au service du <em>care<\/em>. Congr\u00e8s mondial SIDIIEF (Secr\u00e9tariat international des infirmi\u00e8res et infirmiers de l&rsquo;espace francophone), Lausanne (Suisse).<\/p>\n<p>Juin 2025 : La th\u00e9orie de promotion de la sant\u00e9 pour les pr\u00e9matur\u00e9s bas\u00e9e sur le mod\u00e8le de conservation de Levine. Colloque Dialogue Nomade, Thonon-les-Bains (France).<\/p>\n<p>Mai 2025 : Les simulations pour l&rsquo;apprentissage des professionnel\u00b7les de la sant\u00e9 et les enjeux contemporains. Congr\u00e8s de l&rsquo;Acfas (Association francophone pour le savoir), Montr\u00e9al (Canada).<\/p>\n<p>Avril 2024 : <em>Les Sims<\/em> un espace de professionnalisation des \u00e9tudiant.e.s en soins infirmiers. Colloque scientifique Ludov&rsquo;IA, Yverdon-les-bains (Suisse).<\/p>\n<p>F\u00e9vr 2023 : <em>Les Sims<\/em>, un espace de professionnalisation des \u00e9tudiant\u00b7e\u00b7s en soins infirmiers ? Colloque international \u00ab Par-dessus les \u00e9paules des stagiaires \u00bb, Louvain-la-neuve (Belgique).<\/p>\n<p>Oct 2022<em>\u00a0: Les Sims<\/em>, un espace de professionnalisation des \u00e9tudiant\u00b7e\u00b7s en soins infirmiers ? Congr\u00e8s mondial SIDIIEF, Ottawa (Canada).<\/p>\n<p>Sept 2022 : La formation aux soins d&rsquo;hygi\u00e8ne corporelle des \u00e9tudiant\u00b7e\u00b7s en soins infirmiers \u00e0 l&rsquo;\u00e8re des technologies num\u00e9riques : <em>Les Sims<\/em>, un espace de professionnalisation ? Congr\u00e8s international AREF (Actualit\u00e9 de la recherche en \u00e9ducation et en formation), Lausanne (Suisse).<\/p>\n<p>Juin 2022 : <em>Les Sims<\/em>, un espace de professionnalisation des \u00e9tudiant\u00b7e\u00b7s en soins infirmiers ? 6\u1d49 Colloque international RPDP (Recherche et Pratiques en Didactique Professionnelle), Lausanne (Suisse).<\/p>\n<p>Juin 2021 : <em>Les Sims<\/em>, un espace de professionnalisation pour les \u00e9tudiant\u00b7e\u00b7s en soins infirmiers ? Colloque international TRESSE (La recherche en travail social et sant\u00e9 dans les sciences de l&rsquo;\u00e9ducation et de la formation), Rouen (France).<\/p>\nMars 2021 : Le jeu vid\u00e9o <em>Les Sims<\/em>, un espace de cr\u00e9ation dans le processus de professionnalisation des \u00e9tudiants en soins infirmiers ? Colloque international : La cr\u00e9ativit\u00e9 dans le champ de l&rsquo;enseignement et de la m\u00e9diation : quels objets d&rsquo;enseignement, quelles comp\u00e9tences, quels dispositifs ?, LINE (Laboratoire d&rsquo;innovation et num\u00e9rique pour l&rsquo;\u00e9ducation, Nice (France).<\/td>\n<\/tr>\n<\/tbody>\n<\/table>\n\t\t\t<a href=\"#\" id=\"fl-accordion--label-3\" aria-controls=\"fl-accordion--panel-3\">Collaborations<\/a>\n\t\t\t\t\t\t\t<a href=\"#\" id=\"fl-accordion--icon-3\" aria-controls=\"fl-accordion--panel-3\"><i>Expand<\/i><\/a>\n\t\t<p>Depuis f\u00e9v 2025 : \u00ab\u00a0Enqu\u00eate bien-\u00eatre et sant\u00e9 mentale des apprenants de la Croix-Rouge\u00a0\u00bb Croix Rouge Comp\u00e9tence (France).<\/p>\n<p>Sous la direction de J.-L. Rinaudo, Coassoci\u00e9es D. Guyet, et C. Sanches<\/p>\n\t\t\t<a href=\"#\" id=\"fl-accordion--label-4\" aria-controls=\"fl-accordion--panel-4\">Cours dispens\u00e9s<\/a>\n\t\t\t\t\t\t\t<a href=\"#\" id=\"fl-accordion--icon-4\" aria-controls=\"fl-accordion--panel-4\"><i>Expand<\/i><\/a>\n\t\t<p>Licence Professionnelle NAPIC (Nutrition, Alimentation, Pr\u00e9vention et Innovation Culinaire) &#8211; M\u00e9tiers de la sant\u00e9 &#8211; Institut du Thermalisme de Dax, Universit\u00e9 Bordeaux 2.<\/p>\n<ul>\n<li>Intervention \u00e9ducative et comportement en sant\u00e9.<\/li>\n<li>Aide m\u00e9thodologique \u00e0 la r\u00e9daction d&rsquo;un article et d&rsquo;un poster scientifique.<\/li>\n<li>Aide m\u00e9thodologique \u00e0 la r\u00e9daction du m\u00e9moire.<\/li>\n<li>Suivi projet tuteur\u00e9 en relation \u00e9troite avec le terrain.<\/li>\n<\/ul>\n<p>IFSI (Institut de Formation en Soins Infirmiers) de Dax (Landes) :<\/p>\n<ul>\n<li>Coordination et enseignement des UE 3.4 et 5.6 : \u00ab Initiation \u00e0 la d\u00e9marche de recherche \u00bb et \u00ab Analyse de la qualit\u00e9 et traitement des donn\u00e9es scientifiques et professionnelles \u00bb, semestres 4 et 6.<\/li>\n<li>Coordination et enseignement de l&rsquo;UE 4.1 : \u00ab Soins de confort et de bien-\u00eatre \u00bb, semestre 1.<\/li>\n<\/ul>\n<p>&nbsp;<\/p>\n<p>&nbsp;<\/p>\n\t\t\t<a href=\"#\" id=\"fl-accordion--label-5\" aria-controls=\"fl-accordion--panel-5\">Prix, bourses, etc&#8230;<\/a>\n\t\t\t\t\t\t\t<a href=\"#\" id=\"fl-accordion--icon-5\" aria-controls=\"fl-accordion--panel-5\"><i>Expand<\/i><\/a>\n\n","protected":false},"excerpt":{"rendered":"<p>Identit\u00e9 Laetitia Audin Adresse : Universit\u00e9 de Rouen Normandie UFR des Sciences de l&rsquo;Homme et de la Soci\u00e9t\u00e9 CIRNEF EA 7454 Rue Lavoisier 76821 Mont-Saint-Aignan cedex Email : laetitia.audin.pro@gmail.com Informations Th\u00e8se soutenue : 10 d\u00e9c 2024 Langue(s) pratiqu\u00e9e(s) : Fran\u00e7ais Th\u00e8me de rattachement : Sciences de l&rsquo;\u00e9ducation Titre de la th\u00e8se : La simulation: Espace &hellip;<\/p>\n<p class=\"read-more\"> <a class=\"\" href=\"https:\/\/cirnef.normandie-univ.fr\/?page_id=4014\"> <span class=\"screen-reader-text\">Laetitia Audin<\/span> Lire la suite \u00bb<\/a><\/p>\n","protected":false},"author":131,"featured_media":0,"parent":0,"menu_order":0,"comment_status":"closed","ping_status":"closed","template":"","meta":{"site-sidebar-layout":"default","site-content-layout":"default","ast-global-header-display":"","ast-main-header-display":"","ast-hfb-above-header-display":"","ast-hfb-below-header-display":"","ast-hfb-mobile-header-display":"","site-post-title":"","ast-breadcrumbs-content":"","ast-featured-img":"","footer-sml-layout":"","theme-transparent-header-meta":"default","adv-header-id-meta":"","stick-header-meta":"default","header-above-stick-meta":"","header-main-stick-meta":"","header-below-stick-meta":"","footnotes":""},"coauthors":[212],"class_list":["post-4014","page","type-page","status-publish","hentry"],"_links":{"self":[{"href":"https:\/\/cirnef.normandie-univ.fr\/index.php?rest_route=\/wp\/v2\/pages\/4014","targetHints":{"allow":["GET"]}}],"collection":[{"href":"https:\/\/cirnef.normandie-univ.fr\/index.php?rest_route=\/wp\/v2\/pages"}],"about":[{"href":"https:\/\/cirnef.normandie-univ.fr\/index.php?rest_route=\/wp\/v2\/types\/page"}],"author":[{"embeddable":true,"href":"https:\/\/cirnef.normandie-univ.fr\/index.php?rest_route=\/wp\/v2\/users\/131"}],"replies":[{"embeddable":true,"href":"https:\/\/cirnef.normandie-univ.fr\/index.php?rest_route=%2Fwp%2Fv2%2Fcomments&post=4014"}],"version-history":[{"count":4,"href":"https:\/\/cirnef.normandie-univ.fr\/index.php?rest_route=\/wp\/v2\/pages\/4014\/revisions"}],"predecessor-version":[{"id":8092,"href":"https:\/\/cirnef.normandie-univ.fr\/index.php?rest_route=\/wp\/v2\/pages\/4014\/revisions\/8092"}],"wp:attachment":[{"href":"https:\/\/cirnef.normandie-univ.fr\/index.php?rest_route=%2Fwp%2Fv2%2Fmedia&parent=4014"}],"wp:term":[{"taxonomy":"author","embeddable":true,"href":"https:\/\/cirnef.normandie-univ.fr\/index.php?rest_route=%2Fwp%2Fv2%2Fcoauthors&post=4014"}],"curies":[{"name":"wp","href":"https:\/\/api.w.org\/{rel}","templated":true}]}}