{"id":3629,"date":"2020-02-17T13:41:17","date_gmt":"2020-02-17T12:41:17","guid":{"rendered":"http:\/\/cirnef.normandie-univ.fr\/?page_id=3629"},"modified":"2026-04-03T10:10:13","modified_gmt":"2026-04-03T08:10:13","slug":"penser-leducation-2","status":"publish","type":"page","link":"https:\/\/cirnef.normandie-univ.fr\/?page_id=3629","title":{"rendered":"Penser l&rsquo;\u00e9ducation"},"content":{"rendered":"\n\n\t\t\t\t\t<a href=\"#\" id=\"fl-tabs--label-0\" data-index=\"0\" aria-selected=\"true\" aria-controls=\"fl-tabs--panel-0\" aria-expanded=\"true\" role=\"tab\" tabindex=\"0\">\t\t\t\tPr\u00e9sentation\t\t\t<\/a>\n\t\t\t\t\t<a href=\"#\" id=\"fl-tabs--label-1\" data-index=\"1\" aria-selected=\"false\" aria-controls=\"fl-tabs--panel-1\" aria-expanded=\"false\" role=\"tab\" tabindex=\"0\">\t\t\t\tRecommandations aux auteurs\t\t\t<\/a>\n\t\t\t\t\t<a href=\"#\" id=\"fl-tabs--label-2\" data-index=\"2\" aria-selected=\"false\" aria-controls=\"fl-tabs--panel-2\" aria-expanded=\"false\" role=\"tab\" tabindex=\"0\">\t\t\t\tComit\u00e9 scientifique\t\t\t<\/a>\n\t\t\t\t\t<a href=\"#\" id=\"fl-tabs--label-3\" data-index=\"3\" aria-selected=\"false\" aria-controls=\"fl-tabs--panel-3\" aria-expanded=\"false\" role=\"tab\" tabindex=\"0\">\t\t\t\tComit\u00e9 de r\u00e9daction\t\t\t<\/a>\n\t\t\t\t\t<a href=\"#\" id=\"fl-tabs--label-4\" data-index=\"4\" aria-selected=\"false\" aria-controls=\"fl-tabs--panel-4\" aria-expanded=\"false\" role=\"tab\" tabindex=\"0\">\t\t\t\tNum\u00e9ros \t\t\t<\/a>\n\t\t\t\t\t<a href=\"#\" id=\"fl-tabs--label-5\" data-index=\"5\" aria-selected=\"false\" aria-controls=\"fl-tabs--panel-5\" aria-expanded=\"false\" role=\"tab\" tabindex=\"0\">\t\t\t\tContact\t\t\t<\/a>\n\t\t\t\tPr\u00e9sentation\n<h2>Penser l&rsquo;\u00e9ducation<\/h2>\n<h5>ISSN <strong>:<\/strong>\u00a01253-1006<br \/>\nISSN \u00e9lectronique : 2825-2772<\/h5>\n<p><strong>La revue\u00a0<em>Penser l&rsquo;\u00e9ducation<\/em> est une revue scientifique internationale \u00e0 comit\u00e9 de lecture, adoss\u00e9e au Centre interdisciplinaire de recherche normand en \u00e9ducation et en formation (CIRNEF, UR 7454, Normandie Universit\u00e9), n\u00e9 de la fusion, au 1er janvier 2017, des laboratoires de sciences de l&rsquo;\u00e9ducation de Normandie, le CIVIIC (Centre interdisciplinaire de recherche sur les valeurs, les id\u00e9es, les identit\u00e9s et les comp\u00e9tences en \u00e9ducation et en formation) de l&rsquo;Universit\u00e9 de Rouen et le CERSE (Centre d&rsquo;\u00e9tudes et de recherche en sciences de l&rsquo;\u00e9ducation) de l&rsquo;Universit\u00e9 de Caen. La revue s&rsquo;inscrit dans l&rsquo;ensemble du laboratoire CIRNEF et plus pr\u00e9cis\u00e9ment au sein du th\u00e8me 4 \u00ab\u00a0Savoirs, p\u00e9dagogies, institutions, didactiques\u00a0\u00bb. Cette revue, qui existe depuis 1996, rel\u00e8ve de domaines situ\u00e9s au croisement de la philosophie de l&rsquo;\u00e9ducation et de l&rsquo;histoire des id\u00e9es p\u00e9dagogiques.<\/strong><\/p>\n<p><em>Penser l&rsquo;\u00e9ducation<\/em> n&rsquo;est pas un titre anodin, il porte une injonction et une promesse : en ces temps de mutation, il s&rsquo;agit de (re)penser, \u00e0 nouveaux frais, l&rsquo;\u00e9ducation, dans ses principes, ses finalit\u00e9s, ses valeurs, ses pratiques et leurs cons\u00e9quences.<\/p>\n<p>La revue accueille aussi bien des <em>varia,<\/em> que des dossiers th\u00e9matiques et des comptes rendus de lecture, soumis au fil de l&rsquo;eau \u00e0 l&rsquo;adresse : penser.leducation@univ-rouen.fr<\/p>\n<p>Deux num\u00e9ros sont publi\u00e9s chaque ann\u00e9e.<\/p>\nDepuis 2009, la revue <em>Penser l&rsquo;\u00e9ducation\u00a0<\/em>est class\u00e9e comme revue r\u00e9f\u00e9rente par l&rsquo;HCERES pour le domaine des sciences de l&rsquo;\u00e9ducation.<br \/>\nDepuis 2011, elle est class\u00e9e par l&rsquo;ERIH PLUS.<br \/>\nDepuis 2014, la revue <em>Penser l&rsquo;\u00e9ducation<\/em> est publi\u00e9e par les Presses universitaires de Rouen et du Havre (PURH)\u00a0&#8211; <a href=\"http:\/\/purh.univ-rouen.fr\/taxonomy\/term\/49\" target=\"_blank\" rel=\"noreferrer noopener\">Lien<\/a><br \/>\nDepuis 2023, la revue<em>\u00a0<\/em>est sur le portail <em>OpenEdition Journals<\/em> &#8211; <a href=\"https:\/\/journals.openedition.org\/pensereduc\/\" target=\"_blank\" rel=\"noopener\">Lien<\/a><br \/>\nDepuis 2024, la revue est sur le portail <em>OpenEdition Journals <\/em>en acc\u00e8s <em>Freemium<\/em>\nDirecteur de publication : Richard Wittorski<br \/>\nR\u00e9dactrice en chef : \u00c9milie Dubois\n<p><strong>Sommaire du dernier num\u00e9ro paru : Penser l&rsquo;\u00e9ducation, n\u00b055 (2024\/2) : <a href=\"http:\/\/cirnef.normandie-univ.fr\/wp-content\/uploads\/2025\/07\/2024070914_A5_PE55.pdf\" target=\"_blank\" rel=\"noopener\">lien<\/a><\/strong><\/p>\n\t\t\t\tRecommandations aux auteurs\n\t\t\t\t\t\t\t<p>Recommandations aux auteurs souhaitant soumettre un article \u00e0 la revue <em>Penser l&rsquo;\u00e9ducation<\/em> &gt; <strong><a href=\"http:\/\/cirnef.normandie-univ.fr\/wp-content\/uploads\/2021\/02\/Recommandations-generales-aux-auteurs.pdf\" target=\"_blank\" rel=\"noopener\">T\u00e9l\u00e9charger<\/a><\/strong><\/p>\n<p>Normes APA 7e \u00e9dition : <strong><a href=\"https:\/\/bib.umontreal.ca\/citer\/styles-bibliographiques\/apa?tab=3281\" target=\"_blank\" rel=\"noopener\">lien<\/a><\/strong><\/p>\n<p>Renseignements et envoi des propositions d&rsquo;articles \u00e0 l&rsquo;adresse : <strong><a href=\"mailto:penser.leducation@univ-rouen.fr\" target=\"_blank\" rel=\"noopener\">penser.leducation@univ-rouen.fr<\/a><\/strong><\/p>\n\t\t\t\tComit\u00e9 scientifique\n<p><strong>Comit\u00e9 scientifique international : <\/strong><\/p>\nJoaquim Lu\u00eds Medeiros Alcoforado (Universit\u00e9 de Coimbra, Portugal)<br \/>\nMiriam Aparicio (Universit\u00e9 nationale de Cuyo, Argentine)<br \/>\nIn\u00e8s Barbosa de Oliveira (Universit\u00e9 d&rsquo;\u00c9tat de Rio de Janeiro, Br\u00e9sil)<br \/>\nDiane Bedoin (Universit\u00e9 de Rouen Normandie)<br \/>\nChiara Biasin (Universit\u00e9 de Padoue, Italie)<br \/>\nMarc Bru (Universit\u00e9 de Toulouse-Jean Jaur\u00e8s)<br \/>\nLo\u00efc Chalmel (Universit\u00e9 de Haute Alsace)<br \/>\nPascale Deneuve (Universit\u00e9 de Rouen Normandie)<br \/>\nAdalberto Dias de Carvalho (Escola Superior de Educa\u00e7\u00e3o P. Frassinetti, Portugal)<br \/>\nMichel Fabre (Universit\u00e9 de Nantes)<br \/>\nPhilippe Foray (Universit\u00e9 de Saint-\u00c9tienne)<br \/>\nMich\u00e8le Guigue (Universit\u00e9 de Lille III)<br \/>\nJean Houssaye (Universit\u00e9 de Rouen Normandie)<br \/>\nMartine Janner-Raimondi (Universit\u00e9 de Paris XIII)<br \/>\nFrance Jutras (Universit\u00e9 de Sherbrooke, Canada)<br \/>\nPierre Kahn (Universit\u00e9 de Caen Normandie)<br \/>\nAlain Kerlan (Universit\u00e9 de Lyon II)<br \/>\nJean-Marc Lange (Universit\u00e9 de Montpellier III)<br \/>\nJorge Larrosa (Universit\u00e9 de Barcelone, Espagne)<br \/>\nLaurent Lescouarch (Universit\u00e9 de Caen Normandie)<br \/>\nMarie-Louise Martinez (Universit\u00e9 de Rouen Normandie)<br \/>\nDidier Moreau (Universit\u00e9 de Paris VIII)<br \/>\nAntonio Novoa (Universit\u00e9 de Lisbonne, Portugal)<br \/>\nDominique Ottavi (Universit\u00e9 Paris-Ouest Nanterre)<br \/>\nAndr\u00e9 Pachod (Universit\u00e9 de Strasbourg)<br \/>\nJean-Bernard Paturet (Universit\u00e9 de Montpellier III)<br \/>\nJean-Pierre Pourtois (Universit\u00e9 de Mons, Belgique)<br \/>\nEirick Prairat (Universit\u00e9 de Lorraine)<br \/>\nBernard Rey (Universit\u00e9 libre de Bruxelles, Belgique)Luisa Santelli (Universit\u00e9 de Bari, Italie)<br \/>\nCamille Roelens (Universit\u00e9 de Lyon I)<br \/>\nGeorges Stamelos (Universit\u00e9 de Patras, Gr\u00e8ce)<br \/>\nElena Theodoropoulou (Universit\u00e9 d&rsquo;\u00c9g\u00e9e, Gr\u00e8ce)\n<article id=\"post-156\"><\/article>\n<p>&nbsp;<\/p>\n\t\t\t\tComit\u00e9 de r\u00e9daction\n<article id=\"post-156\">\n<p><strong>R\u00e9dactrice en chef :<\/strong> \u00c9milie Dubois<\/p>\n<p><strong>Comit\u00e9 de r\u00e9daction :<\/strong> Faouzia Kalali-Cantelaube, Eleni Karachontziti, Emilie Martin, Delphine Patry, Ir\u00e8ne Pereira, France Roy, Anne Ruolt, Laurence Thouroude, Laurent Tr\u00e9mel.<\/p>\n<p><strong>Secr\u00e9taire de r\u00e9daction :<\/strong> Claudie Bobineau<\/p>\n<p><strong>Prochaines r\u00e9unions du comit\u00e9 de r\u00e9daction en 2026 :<\/strong><\/p>\n<ul>\n<li>5 mai 2026<\/li>\n<li>7 juillet 2026<\/li>\n<\/ul>\n<p><strong>Contact :<\/strong> <a href=\"mailto:penser.leducation@univ-rouen.fr\" target=\"_blank\" rel=\"noopener\">penser.leducation@univ-rouen.fr<\/a> ou <a href=\"mailto:claudie.bobineau@univ-rouen.fr\" target=\"_blank\" rel=\"noopener\">claudie.bobineau@univ-rouen.fr<\/a><\/p>\n<\/article>\n<p>&nbsp;<\/p>\n\t\t\t\tNum\u00e9ros \n\t\t\t\t\t\t\t<p><b>Num\u00e9ros de la revue <em>Penser l&rsquo;\u00e9ducation<\/em><\/b><\/p>\nnum\u00e9ro 55 (2024\/2) : <a href=\"http:\/\/cirnef.normandie-univ.fr\/wp-content\/uploads\/2025\/07\/2024070914_A5_PE55.pdf\" target=\"_blank\" rel=\"noopener\">sommaire<\/a><br \/>\nnum\u00e9ro 54 (2024\/1) : <a href=\"https:\/\/journals.openedition.org\/pensereduc\/2182\" target=\"_blank\" rel=\"noopener\">en ligne<\/a><br \/>\nnum\u00e9ro 53 (2023\/2) : <a href=\"https:\/\/journals.openedition.org\/pensereduc\/1842\" target=\"_blank\" rel=\"noopener\">en ligne<\/a><br \/>\nnum\u00e9ro 52 (2023\/1) : <a href=\"https:\/\/journals.openedition.org\/pensereduc\/1129\" target=\"_blank\" rel=\"noopener\">en ligne<\/a><br \/>\nnum\u00e9ro 51 (2022\/2) : <a href=\"https:\/\/journals.openedition.org\/pensereduc\/765\" target=\"_blank\" rel=\"noopener\">en ligne<\/a><br \/>\nnum\u00e9ro 50 (2022\/1) : <a href=\"https:\/\/journals.openedition.org\/pensereduc\/597\" target=\"_blank\" rel=\"noopener\">en ligne<\/a><br \/>\nnum\u00e9ro 49 (2021\/2) : <a href=\"https:\/\/journals.openedition.org\/pensereduc\/407\" target=\"_blank\" rel=\"noopener\">en ligne<\/a><br \/>\nnum\u00e9ro 48 (2021\/1) : <a href=\"https:\/\/journals.openedition.org\/pensereduc\/343\" target=\"_blank\" rel=\"noopener\">en ligne<\/a><br \/>\nnum\u00e9ro 47 (2020\/2) : <a href=\"https:\/\/journals.openedition.org\/pensereduc\/278\" target=\"_blank\" rel=\"noopener\">en ligne<\/a><br \/>\nnum\u00e9ro 46 (2020\/1) : <a href=\"https:\/\/journals.openedition.org\/pensereduc\/496\" target=\"_blank\" rel=\"noopener\">en ligne<\/a><br \/>\nnum\u00e9ro 45 : <a href=\"https:\/\/www.lcdpu.fr\/livre\/?GCOI=27000100058820&amp;fa=sommaire\" target=\"_blank\" rel=\"noopener\">sommaire<\/a><br \/>\nnum\u00e9ro 44 : <a href=\"https:\/\/www.lcdpu.fr\/livre\/?GCOI=27000100040670&amp;fa=sommaire\" target=\"_blank\" rel=\"noopener\">sommaire<\/a><br \/>\nnum\u00e9ro 43 : <a href=\"https:\/\/www.lcdpu.fr\/livre\/?GCOI=27000100137850&amp;fa=sommaire\" target=\"_blank\" rel=\"noopener\">sommaire<\/a><br \/>\nnum\u00e9ro 42 : <a href=\"https:\/\/www.lcdpu.fr\/livre\/?GCOI=27000100114010&amp;fa=sommaire\" target=\"_blank\" rel=\"noopener\">sommaire<\/a><br \/>\nnum\u00e9ro 41 : <a href=\"https:\/\/www.lcdpu.fr\/livre\/?GCOI=27000100477250&amp;fa=sommaire\" target=\"_blank\" rel=\"noopener\">sommaire<\/a><br \/>\nnum\u00e9ro 40 : <a href=\"https:\/\/www.lcdpu.fr\/livre\/?GCOI=27000100279430&amp;fa=sommaire\" target=\"_blank\" rel=\"noopener\">sommaire<\/a><br \/>\nnum\u00e9ro 39 : <a href=\"https:\/\/www.lcdpu.fr\/livre\/?GCOI=27000100655800&amp;fa=sommaire\" target=\"_blank\" rel=\"noopener\">sommaire<\/a><br \/>\nnum\u00e9ro 38 : <a href=\"https:\/\/www.lcdpu.fr\/livre\/?GCOI=27000100528460&amp;fa=sommaire\" target=\"_blank\" rel=\"noopener\">sommaire<\/a><br \/>\nnum\u00e9ro 37 : <a href=\"https:\/\/www.lcdpu.fr\/livre\/?GCOI=27000100571110&amp;fa=sommaire\" target=\"_blank\" rel=\"noopener\">sommaire<\/a><br \/>\nnum\u00e9ro 36 : <a href=\"https:\/\/www.lcdpu.fr\/livre\/?GCOI=27000100690110&amp;fa=sommaire\" target=\"_blank\" rel=\"noopener\">sommaire<\/a><br \/>\nnum\u00e9ro 35 : <a href=\"https:\/\/www.lcdpu.fr\/livre\/?GCOI=27000100240120&amp;fa=sommaire\" target=\"_blank\" rel=\"noopener\">sommaire<\/a><br \/>\nnum\u00e9ro 34 : <a href=\"https:\/\/www.lcdpu.fr\/livre\/?GCOI=27000100925450&amp;fa=sommaire\" target=\"_blank\" rel=\"noopener\">sommaire<\/a><br \/>\nnum\u00e9ro 33 : <a href=\"http:\/\/cirnef.normandie-univ.fr\/wp-content\/uploads\/2020\/02\/99444_PE_n33_v3.pdf\">t\u00e9l\u00e9charger<\/a><br \/>\nnum\u00e9ro 32 : <a href=\"http:\/\/cirnef.normandie-univ.fr\/wp-content\/uploads\/2020\/02\/93627.pdf\">t\u00e9l\u00e9charger<\/a><br \/>\nnum\u00e9ro 31 : <a href=\"http:\/\/cirnef.normandie-univ.fr\/wp-content\/uploads\/2020\/02\/87244_Penser-leducation_n31_v3-1.pdf\">t\u00e9l\u00e9charger<\/a><br \/>\nnum\u00e9ro 30 : <a href=\"http:\/\/cirnef.normandie-univ.fr\/wp-content\/uploads\/2020\/02\/82719ok.pdf\">t\u00e9l\u00e9charger<\/a><br \/>\nnum\u00e9ro 29 : <a href=\"http:\/\/cirnef.normandie-univ.fr\/wp-content\/uploads\/2020\/02\/Penser-Education_n29_v2.pdf\">t\u00e9l\u00e9charger<\/a><br \/>\nnum\u00e9ro 28 : <a href=\"http:\/\/cirnef.normandie-univ.fr\/wp-content\/uploads\/2020\/02\/73931_Penser-Education_n28_v3.pdf\">t\u00e9l\u00e9charger<\/a><br \/>\nnum\u00e9ro 27 : <a href=\"http:\/\/cirnef.normandie-univ.fr\/wp-content\/uploads\/2020\/02\/001-116.pdf\">t\u00e9l\u00e9charger<\/a><br \/>\nnum\u00e9ro 26 : <a href=\"http:\/\/cirnef.normandie-univ.fr\/wp-content\/uploads\/2020\/02\/001-159.pdf\">t\u00e9l\u00e9charger<\/a><br \/>\nnum\u00e9ro 25 : <a href=\"http:\/\/cirnef.normandie-univ.fr\/wp-content\/uploads\/2020\/02\/001-160.pdf\">t\u00e9l\u00e9charger<\/a><br \/>\nnum\u00e9ro 24 : <a href=\"http:\/\/cirnef.normandie-univ.fr\/wp-content\/uploads\/2020\/02\/001-148.pdf\">t\u00e9l\u00e9charger<\/a><br \/>\nnum\u00e9ro 23 : <a href=\"http:\/\/cirnef.normandie-univ.fr\/wp-content\/uploads\/2020\/02\/Penser_l_education_23.pdf\">t\u00e9l\u00e9charger<\/a><br \/>\nnum\u00e9ro 22 : <a href=\"http:\/\/cirnef.normandie-univ.fr\/wp-content\/uploads\/2020\/02\/Penser_l_education_22_Hors_serie.pdf\">t\u00e9l\u00e9charger<\/a><br \/>\nnum\u00e9ro 21 : <a href=\"http:\/\/cirnef.normandie-univ.fr\/wp-content\/uploads\/2020\/02\/penser_l_education_21.pdf\">t\u00e9l\u00e9charger<\/a><br \/>\nnum\u00e9ro 20 : <a href=\"http:\/\/cirnef.normandie-univ.fr\/wp-content\/uploads\/2020\/02\/UFR_Penser_20.pdf\">t\u00e9l\u00e9charger<\/a><br \/>\nnum\u00e9ro 19 : <a href=\"http:\/\/cirnef.normandie-univ.fr\/wp-content\/uploads\/2020\/02\/UFR_Penser_Education19.pdf\">t\u00e9l\u00e9charger<\/a><br \/>\nnum\u00e9ro 18 : <a href=\"http:\/\/cirnef.normandie-univ.fr\/wp-content\/uploads\/2020\/02\/n18.pdf\">t\u00e9l\u00e9charger<\/a><br \/>\nnum\u00e9ro 17 : <a href=\"http:\/\/cirnef.normandie-univ.fr\/wp-content\/uploads\/2020\/02\/UFR_Penser_Education17.pdf\">t\u00e9l\u00e9charger<\/a><br \/>\nnum\u00e9ro 16 : <a href=\"http:\/\/cirnef.normandie-univ.fr\/wp-content\/uploads\/2020\/02\/UFR_Penser_Education16.pdf\">t\u00e9l\u00e9charger<\/a><br \/>\nnum\u00e9ro 15 : <a href=\"http:\/\/cirnef.normandie-univ.fr\/wp-content\/uploads\/2020\/02\/UFR_penser_Education15.pdf\">t\u00e9l\u00e9charger<\/a><br \/>\nnum\u00e9ro 14 : <a href=\"http:\/\/cirnef.normandie-univ.fr\/wp-content\/uploads\/2020\/02\/UFR_penser_Education14.pdf\">t\u00e9l\u00e9charger<\/a><br \/>\nnum\u00e9ro 13 : <a href=\"http:\/\/cirnef.normandie-univ.fr\/wp-content\/uploads\/2020\/02\/penser-13.pdf\">t\u00e9l\u00e9charger<\/a><br \/>\nnum\u00e9ro 12 : <a href=\"http:\/\/cirnef.normandie-univ.fr\/wp-content\/uploads\/2020\/02\/penser-12.pdf\">t\u00e9l\u00e9charger<\/a><br \/>\nnum\u00e9ro 11 : <a href=\"http:\/\/cirnef.normandie-univ.fr\/wp-content\/uploads\/2020\/02\/penser-11.pdf\">t\u00e9l\u00e9charger<\/a><br \/>\nnum\u00e9ro 10 : <a href=\"http:\/\/cirnef.normandie-univ.fr\/wp-content\/uploads\/2020\/02\/penser-10.pdf\">t\u00e9l\u00e9charger<\/a><br \/>\nnum\u00e9ro 9 : <a href=\"http:\/\/cirnef.normandie-univ.fr\/wp-content\/uploads\/2020\/02\/penser-09.pdf\">t\u00e9l\u00e9charger<\/a><br \/>\nnum\u00e9ro 8 : <a href=\"http:\/\/cirnef.normandie-univ.fr\/wp-content\/uploads\/2020\/02\/penser-08.pdf\">t\u00e9l\u00e9charger<\/a><br \/>\nnum\u00e9ro 7 : <a href=\"http:\/\/cirnef.normandie-univ.fr\/wp-content\/uploads\/2020\/02\/penser-07.pdf\">t\u00e9l\u00e9charger<\/a><br \/>\nnum\u00e9ro 6 : <a href=\"http:\/\/cirnef.normandie-univ.fr\/wp-content\/uploads\/2020\/02\/penser-06.pdf\">t\u00e9l\u00e9charger<\/a><br \/>\nnum\u00e9ro 5 : <a href=\"http:\/\/cirnef.normandie-univ.fr\/wp-content\/uploads\/2020\/02\/penser-05.pdf\">t\u00e9l\u00e9charger<\/a><br \/>\nnum\u00e9ro 4 : <a href=\"http:\/\/cirnef.normandie-univ.fr\/wp-content\/uploads\/2020\/02\/penser-04.pdf\">t\u00e9l\u00e9charger<\/a><br \/>\nnum\u00e9ro 3 : <a href=\"http:\/\/cirnef.normandie-univ.fr\/wp-content\/uploads\/2020\/02\/penser-03.pdf\">t\u00e9l\u00e9charger<\/a><br \/>\nnum\u00e9ro 2 : <a href=\"http:\/\/cirnef.normandie-univ.fr\/wp-content\/uploads\/2020\/02\/penser-02.pdf\">t\u00e9l\u00e9charger<\/a><br \/>\nnum\u00e9ro 1 : <a href=\"http:\/\/cirnef.normandie-univ.fr\/wp-content\/uploads\/2020\/02\/Sommaire_Penser_l_education_n\u00b01.pdf\">t\u00e9l\u00e9charger<\/a>\n<p>Depuis 2014 (n\u00b034) la revue <em>Penser l&rsquo;\u00e9ducation<\/em> est publi\u00e9e par les Presses universitaires de Rouen et du Havre (site &gt; <a href=\"https:\/\/purh.univ-rouen.fr\/taxonomy\/term\/49\" target=\"_blank\" rel=\"noopener\">PURH<\/a>).<\/p>\n<p>&nbsp;<\/p>\n\t\t\t\tContact\n\t\t\t\t\t\t\t<p><strong>Contact :<\/strong><\/p>\nRevue <em>Penser l&rsquo;\u00e9ducation<\/em><br \/>\nPhilosophie de l&rsquo;\u00e9ducation et histoire des id\u00e9es p\u00e9dagogiques<br \/>\nUniversit\u00e9 de Rouen Normandie<br \/>\nLaboratoire CIRNEF &#8211; UFR SHS<br \/>\nRue Lavoisier<br \/>\n76821 Mont-Saint-Aignan cedex\n<p>E-mail : <a href=\"mailto:penser.leducation@univ-rouen.fr\" target=\"_blank\" rel=\"noopener\">penser.leducation@univ-rouen.fr<\/a> ou <a href=\"mailto:claudie.bobineau@univ-rouen.fr\" target=\"_blank\" rel=\"noopener\">claudie.bobineau@univ-rouen.fr<\/a><\/p>\n<p>&nbsp;<\/p>\n<p>&nbsp;<\/p>\n\n","protected":false},"excerpt":{"rendered":"<p>Pr\u00e9sentation Recommandations aux auteurs Comit\u00e9 scientifique Comit\u00e9 de r\u00e9daction Num\u00e9ros Contact Pr\u00e9sentation Penser l&rsquo;\u00e9ducation ISSN :\u00a01253-1006 ISSN \u00e9lectronique : 2825-2772 La revue\u00a0Penser l&rsquo;\u00e9ducation est une revue scientifique internationale \u00e0 comit\u00e9 de lecture, adoss\u00e9e au Centre interdisciplinaire de recherche normand en \u00e9ducation et en formation (CIRNEF, UR 7454, Normandie Universit\u00e9), n\u00e9 de la fusion, au 1er &hellip;<\/p>\n<p class=\"read-more\"> <a class=\"\" href=\"https:\/\/cirnef.normandie-univ.fr\/?page_id=3629\"> <span class=\"screen-reader-text\">Penser l&rsquo;\u00e9ducation<\/span> Lire la suite \u00bb<\/a><\/p>\n","protected":false},"author":1,"featured_media":0,"parent":0,"menu_order":0,"comment_status":"closed","ping_status":"closed","template":"","meta":{"site-sidebar-layout":"default","site-content-layout":"default","ast-global-header-display":"","ast-main-header-display":"","ast-hfb-above-header-display":"","ast-hfb-below-header-display":"","ast-hfb-mobile-header-display":"","site-post-title":"","ast-breadcrumbs-content":"","ast-featured-img":"","footer-sml-layout":"","theme-transparent-header-meta":"default","adv-header-id-meta":"","stick-header-meta":"default","header-above-stick-meta":"","header-main-stick-meta":"","header-below-stick-meta":"","footnotes":""},"coauthors":[34],"class_list":["post-3629","page","type-page","status-publish","hentry"],"_links":{"self":[{"href":"https:\/\/cirnef.normandie-univ.fr\/index.php?rest_route=\/wp\/v2\/pages\/3629","targetHints":{"allow":["GET"]}}],"collection":[{"href":"https:\/\/cirnef.normandie-univ.fr\/index.php?rest_route=\/wp\/v2\/pages"}],"about":[{"href":"https:\/\/cirnef.normandie-univ.fr\/index.php?rest_route=\/wp\/v2\/types\/page"}],"author":[{"embeddable":true,"href":"https:\/\/cirnef.normandie-univ.fr\/index.php?rest_route=\/wp\/v2\/users\/1"}],"replies":[{"embeddable":true,"href":"https:\/\/cirnef.normandie-univ.fr\/index.php?rest_route=%2Fwp%2Fv2%2Fcomments&post=3629"}],"version-history":[{"count":5,"href":"https:\/\/cirnef.normandie-univ.fr\/index.php?rest_route=\/wp\/v2\/pages\/3629\/revisions"}],"predecessor-version":[{"id":8529,"href":"https:\/\/cirnef.normandie-univ.fr\/index.php?rest_route=\/wp\/v2\/pages\/3629\/revisions\/8529"}],"wp:attachment":[{"href":"https:\/\/cirnef.normandie-univ.fr\/index.php?rest_route=%2Fwp%2Fv2%2Fmedia&parent=3629"}],"wp:term":[{"taxonomy":"author","embeddable":true,"href":"https:\/\/cirnef.normandie-univ.fr\/index.php?rest_route=%2Fwp%2Fv2%2Fcoauthors&post=3629"}],"curies":[{"name":"wp","href":"https:\/\/api.w.org\/{rel}","templated":true}]}}