{"id":34,"date":"2018-11-30T12:37:58","date_gmt":"2018-11-30T11:37:58","guid":{"rendered":"http:\/\/localhost\/cirnef_wp\/?page_id=34"},"modified":"2019-06-21T15:46:35","modified_gmt":"2019-06-21T13:46:35","slug":"liens","status":"publish","type":"page","link":"https:\/\/cirnef.normandie-univ.fr\/?page_id=34","title":{"rendered":"Sites, r\u00e9seaux, liens"},"content":{"rendered":"\n\t<h4><strong>Site DidacFran (site d\u00e9di\u00e9 \u00e0 la didactique du fran\u00e7ais \u00e0 l&rsquo;\u00e9cole primaire) :<\/strong><\/h4>\n<h5><a href=\"https:\/\/didacfran.univ-rouen.fr\">https:\/\/didacfran.univ-rouen.fr<\/a><\/h5>\n<h4><strong><br \/>\nHybrida-IS<\/strong><\/h4>\n<p>Le r\u00e9seau Hybrida-IS a \u00e9t\u00e9 mis en place au cours du 1er semestre 2016 et a adopt\u00e9 la formule du GIS (Groupement d\u2019Int\u00e9r\u00eat Scientifique) le 1er juillet 2016. Forts d\u2019une exp\u00e9rience de coop\u00e9ration Universit\u00e9s-Etablissements de formation en travail social (EFTS) dans la conduite de recherches en travail social\/intervention sociale, 19 \u00e9quipes de recherche (laboratoires de recherche universitaires et \u00e9tablissements de formation en travail social) ainsi que des chercheurs \u00e0 titre individuel se sont aujourd\u2019hui engag\u00e9s dans la cr\u00e9ation d\u2019un r\u00e9seau international regroupant, \u00e0 ce stade, des chercheurs de France, Portugal, Suisse, Qu\u00e9bec.<\/p>\n<p>L\u2019objectif n\u00b01 du r\u00e9seau est d\u2019apporter une contribution significative et originale \u00e0 la mise en \u0153uvre du processus de reconnaissance de l\u2019intervention sociale comme champ de recherche via la structuration d\u2019un r\u00e9seau mixte (universit\u00e9s-EFTS) \u00e0 partir d\u2019une orientation scientifique sp\u00e9cifique, que nous avons intitul\u00e9e : \u00ab M\u00e9tiers en actes \/ Actes de m\u00e9tier et dynamiques de professionnalisation \u00bb.<\/p>\n<p>&gt; En savoir plus : <a href=\"https:\/\/hybridais.hypotheses.org\">https:\/\/hybridais.hypotheses.org<\/a><\/p>\n<p>Le Cirnef est membre du r\u00e9seau Hybrida-IS.<\/p>\n<p>Richard Wittorski, professeur des universit\u00e9s au Cirnef, est directeur du r\u00e9seau Hybrida-IS.<\/p>\n<hr \/>\n<h4><strong>Liens institutionnels<\/strong><\/h4>\n<p><a href=\"http:\/\/www.normandie-univ.fr\/\" target=\"_blank\" rel=\"noreferrer noopener\">COMUE Normandie Universit\u00e9\u00a0<\/a><\/p>\n<p><a href=\"http:\/\/shs.univ-rouen.fr\/sciences-de-l-education-325584.kjsp?RH=1380271104242&amp;RF=1380271104242\" target=\"_blank\" rel=\"noreferrer noopener\">D\u00e9partement des sciences de l&rsquo;Education\u00a0de l&rsquo;Universit\u00e9 de Rouen Normandie<\/a><\/p>\n<p><a href=\"http:\/\/www.sciencedu.org\/\" target=\"_blank\" rel=\"noreferrer noopener\">Campus Num\u00e9rique FORSE<\/a><\/p>\n<p><a href=\"http:\/\/espe.univ-rouen.fr\/\" target=\"_blank\" rel=\"noreferrer noopener\">ESPE &#8211; Acad\u00e9mie de Rouen<\/a><\/p>\n<p><a href=\"http:\/\/iutevreux.univ-rouen.fr\/departement-carrieres-sociales-279447.kjsp?RH=1378141123978&amp;RF=1380013481108\" target=\"_blank\" rel=\"noreferrer noopener\">IUT &#8211;\u00a0D\u00e9partement Carri\u00e8res sociales &#8211; Evreux<\/a><\/p>\n<p><a href=\"http:\/\/ed556-hsrt.normandie-univ.fr\/\" target=\"_blank\" rel=\"noreferrer noopener\">Ecole doctorale Homme, Soci\u00e9t\u00e9s, Risques, Territoire (ED HSRT 556)<\/a><\/p>\n<p><a href=\"http:\/\/irihs.univ-rouen.fr\/\" target=\"_blank\" rel=\"noreferrer noopener\">Institut de Recherche Interdisciplinaire Homme Soci\u00e9t\u00e9<\/a><a href=\"http:\/\/irihs.univ-rouen.fr\" target=\"_blank\" rel=\"noreferrer noopener\">\u00a0(I<\/a><a href=\"http:\/\/irihs.univ-rouen.fr\/\" target=\"_blank\" rel=\"noreferrer noopener\">RIHS &#8211; Universit\u00e9 de Rouen Normandie)<\/a><\/p>\n<p><a href=\"http:\/\/www.unicaen.fr\/recherche\/mrsh\/\" target=\"_blank\" rel=\"noreferrer noopener\">Maison de la\u00a0recherche en sciences humaines (MRSH &#8211;\u00a0Normandie Caen)<\/a><\/p>\n<p><a href=\"http:\/\/www.aeres-evaluation.fr\/content\/download\/23046\/352848\/file\/Liste%20revues%20SE%202014%20adress%C3%A9.pdf\" target=\"_blank\" rel=\"noreferrer noopener\">Liste des revues AERES sciences de l&rsquo;\u00e9ducation &#8211; juin 2014<\/a><\/p>\n<p><a href=\"https:\/\/www.galaxie.enseignementsup-recherche.gouv.fr\/ensup\/candidats.html\" target=\"_blank\" rel=\"noreferrer noopener\">Galaxie &#8211;\u00a0Minist\u00e8re ENESR<\/a><\/p>\n<hr \/>\n<h4><strong>R\u00e9seaux scientifiques<\/strong><\/h4>\n<p><a href=\"http:\/\/hosting.umons.ac.be\/php\/aref2016\/website\/index.php\/home\" target=\"_blank\" rel=\"noreferrer noopener\">Actualit\u00e9 de la recherche en \u00e9ducation et en formation (AREF)<\/a><\/p>\n<p><a href=\"http:\/\/www.aecse.net\/\" target=\"_blank\" rel=\"noreferrer noopener\">Association des enseignants\u00a0et chercheurs en sciences de l&rsquo;\u00e9ducation (AECSE)<\/a><\/p>\n<p><a href=\"http:\/\/www.aipu-international.org\/\" target=\"_blank\" rel=\"noreferrer noopener\">Association internationale\u00a0de p\u00e9dagogie universitaire (AIPU)<\/a><\/p>\n<p><a href=\"http:\/\/www.cliopsy.com\/\" target=\"_blank\" rel=\"noreferrer noopener\">Clinique d&rsquo;orientation psychanalytique dans le champ de\u00a0l&rsquo;\u00e9ducation et de la formation (Cliopsy)<\/a><\/p>\n<p><a href=\"http:\/\/fqe2.free.fr\/index.html\" target=\"_blank\" rel=\"noreferrer noopener\">Formation, qualification, emploi, \u00e9ducation\u00a0en Normandie\u00a0(FQE2)<\/a><\/p>\n<p><a href=\"https:\/\/hybridais.hypotheses.org\/\" target=\"_blank\" rel=\"noreferrer noopener\">Hybrida-IS<\/a>\u00a0(GIS)<\/p>\n<p><a href=\"http:\/\/www.adel.uqam.ca\/\" target=\"_blank\" rel=\"noreferrer noopener\">Groupe\u00a0de recherche\u00a0Apprenants\u00a0en\u00a0difficult\u00e9\u00a0et\u00a0litt\u00e9racie\u00a0<\/a>(ADEL\u00a0&#8211;\u00a0UQAM)<\/p>\n<p><a href=\"http:\/\/crf.cnam.fr\/reseaux-de-recherche\/reseau-ierfa--483567.kjsp\" target=\"_blank\" rel=\"noreferrer noopener\">Institut Europ\u00e9en de recherche en formation des adultes<\/a> (Ierfa)<\/p>\n<p><a href=\"http:\/\/mate-shs.cnrs.fr\/\" target=\"_blank\" rel=\"noreferrer noopener\">M\u00e9thodes, analyses, terrains, enqu\u00eates en sciences humaines et sociales (MATE-SHS)<\/a><\/p>\n<p><a href=\"http:\/\/www.reseau-canope.fr\/musee\/\" target=\"_blank\" rel=\"noreferrer noopener\">Mus\u00e9e national de l&rsquo;\u00e9ducation (Muna\u00e9)<\/a><\/p>\n<p><a href=\"http:\/\/www.opeenreform.univ-nantes.fr\" target=\"_blank\" rel=\"noreferrer noopener\">Observation des pratiques \u00e9ducatives et enseignantes, de la recherche \u00e0 la formation<\/a> (Opeen &amp; Reform)<\/p>\n<p><a href=\"http:\/\/www.reseau-espe.fr\/\" target=\"_blank\" rel=\"noreferrer noopener\">R\u00e9seau national des ESPE<\/a><\/p>\n<p><a href=\"https:\/\/www.reseau-canope.fr\/\" target=\"_blank\" rel=\"noreferrer noopener\">R\u00e9seau de cr\u00e9ation et d&rsquo;accompagnement p\u00e9dagogiques (Canop\u00e9)<\/a><\/p>\n<p><a href=\"http:\/\/www.esrea.org\/?l=en\" target=\"_blank\" rel=\"noreferrer noopener\">Soci\u00e9t\u00e9 europ\u00e9enne pour la recherche en formation des adultes<\/a> (EREA)<\/p>\n<p><a href=\"http:\/\/www.sofphied.org\/\" target=\"_blank\" rel=\"noreferrer noopener\">Soci\u00e9t\u00e9 francophone de philosophie de\u00a0l&rsquo;\u00e9ducation (Sofphied)<\/a><\/p>\n","protected":false},"excerpt":{"rendered":"<p>Site DidacFran (site d\u00e9di\u00e9 \u00e0 la didactique du fran\u00e7ais \u00e0 l&rsquo;\u00e9cole primaire) : https:\/\/didacfran.univ-rouen.fr Hybrida-IS Le r\u00e9seau Hybrida-IS a \u00e9t\u00e9 mis en place au cours du 1er semestre 2016 et a adopt\u00e9 la formule du GIS (Groupement d\u2019Int\u00e9r\u00eat Scientifique) le 1er juillet 2016. Forts d\u2019une exp\u00e9rience de coop\u00e9ration Universit\u00e9s-Etablissements de formation en travail social (EFTS) &hellip;<\/p>\n<p class=\"read-more\"> <a class=\"\" href=\"https:\/\/cirnef.normandie-univ.fr\/?page_id=34\"> <span class=\"screen-reader-text\">Sites, r\u00e9seaux, liens<\/span> Lire la suite \u00bb<\/a><\/p>\n","protected":false},"author":1,"featured_media":0,"parent":0,"menu_order":0,"comment_status":"closed","ping_status":"closed","template":"","meta":{"site-sidebar-layout":"default","site-content-layout":"default","ast-global-header-display":"","ast-main-header-display":"","ast-hfb-above-header-display":"","ast-hfb-below-header-display":"","ast-hfb-mobile-header-display":"","site-post-title":"","ast-breadcrumbs-content":"","ast-featured-img":"","footer-sml-layout":"","theme-transparent-header-meta":"default","adv-header-id-meta":"","stick-header-meta":"default","header-above-stick-meta":"","header-main-stick-meta":"","header-below-stick-meta":"","footnotes":""},"coauthors":[34],"class_list":["post-34","page","type-page","status-publish","hentry"],"_links":{"self":[{"href":"https:\/\/cirnef.normandie-univ.fr\/index.php?rest_route=\/wp\/v2\/pages\/34","targetHints":{"allow":["GET"]}}],"collection":[{"href":"https:\/\/cirnef.normandie-univ.fr\/index.php?rest_route=\/wp\/v2\/pages"}],"about":[{"href":"https:\/\/cirnef.normandie-univ.fr\/index.php?rest_route=\/wp\/v2\/types\/page"}],"author":[{"embeddable":true,"href":"https:\/\/cirnef.normandie-univ.fr\/index.php?rest_route=\/wp\/v2\/users\/1"}],"replies":[{"embeddable":true,"href":"https:\/\/cirnef.normandie-univ.fr\/index.php?rest_route=%2Fwp%2Fv2%2Fcomments&post=34"}],"version-history":[{"count":0,"href":"https:\/\/cirnef.normandie-univ.fr\/index.php?rest_route=\/wp\/v2\/pages\/34\/revisions"}],"wp:attachment":[{"href":"https:\/\/cirnef.normandie-univ.fr\/index.php?rest_route=%2Fwp%2Fv2%2Fmedia&parent=34"}],"wp:term":[{"taxonomy":"author","embeddable":true,"href":"https:\/\/cirnef.normandie-univ.fr\/index.php?rest_route=%2Fwp%2Fv2%2Fcoauthors&post=34"}],"curies":[{"name":"wp","href":"https:\/\/api.w.org\/{rel}","templated":true}]}}