{"id":28,"date":"2018-11-30T12:37:17","date_gmt":"2018-11-30T11:37:17","guid":{"rendered":"http:\/\/localhost\/cirnef_wp\/?page_id=28"},"modified":"2022-05-23T12:17:20","modified_gmt":"2022-05-23T10:17:20","slug":"international","status":"publish","type":"page","link":"https:\/\/cirnef.normandie-univ.fr\/?page_id=28","title":{"rendered":"International"},"content":{"rendered":"\n\n\t<h3>Chercheur\u00b7e\u00b7s \u00e9tranger\u00b7e\u00b7s accueillis au Cirnef (2022)<\/h3>\n<strong>C\u00f4te d&rsquo;Ivoire :\u00a0<\/strong><br \/>\n<strong>Herv\u00e9 Kouakou Kouassi<\/strong>, Laboratoire Sciences et technologies de l&rsquo;environnement, Daloa (1 mois)\n<strong>Canada :<\/strong><br \/>\n<strong>V\u00e9ronique Grenier<\/strong>, Centre de recherche et d&rsquo;intervention sur l&rsquo;\u00e9ducation et la vie au travail, Universit\u00e9 Laval (Qu\u00e9bec) (2 mois)\n<p>&nbsp;<\/p>\n<h3>***<\/h3>\n<h3>Live ANPEd \u00ab\u00a0Education et pand\u00e9mie\u00a0\u00bb avec St\u00e9phanie Gasse le 8 juillet 2020<\/h3>\nL&rsquo; ANPEd (Association br\u00e9silienne des chercheurs en \u00e9ducation) a organis\u00e9 le 8 juillet 2020 un live sur le th\u00e8me : \u00ab\u00a0L&rsquo;\u00e9ducation dans le monde en p\u00e9riode de pand\u00e9mie : horizons et d\u00e9fis\u00a0\u00bb avec comme invit\u00e9s internationaux : St\u00e9phanie Gasse (CIRNEF, Universit\u00e9 de Rouen Normandie), Gustavo Enrique Fischman (Arizona State University) et Tristan McCowan (Institute of education, Londres) [m\u00e9diation : Geovana Lunardi, UDESC, pr\u00e9sidente de l&rsquo;ANPEd].<br \/>\nRetrouvez le live ici :\u00a0<a href=\"https:\/\/youtu.be\/9OeFWeCgon8\">https:\/\/youtu.be\/9OeFWeCgon8<\/a>\n<h3>***<\/h3>\n<h3>Projet MANOUE (Mascareignes Normandie pour le num\u00e9rique en \u00e9ducation)<br \/>\n2019-2020<\/h3>\nRecherche-action pour accompagner l&rsquo;\u00e9volution des dispositifs de formation et le changement des pratiques par l&rsquo;hybridation et l&rsquo;usage des technologies num\u00e9riques \u00e0 l&rsquo;universit\u00e9 des Mascareignes (\u00eele Maurice)<br \/>\nPorteur\u00a0: Jacques Beziat, Professeur des universit\u00e9s, CIRNEF\u00a0: <a href=\"mailto:jacques.beziat@unicaen.fr\">jacques.beziat@unicaen.fr<\/a><br \/>\nFinancement : Ambassade de France \u00e0 Maurice, appel Hubert Curien Le R\u00e9duit 2019\n<p>***<\/p>\n<h3>\u00ab La formation des communaut\u00e9s scientifiques en Afrique de l&rsquo;Ouest : gouvernance et structuration de la recherche \u00bb<\/h3>\nS\u00e9minaire de recherche et mission d&rsquo;appui technique au B\u00e9nin dans le cadre de l&rsquo;appel \u00e0 projets CURI 2 (IRIHS\/CIRNEF)<br \/>\n7-11 octobre 2019<br \/>\nParticipants : St\u00e9phanie Gasse (ma\u00eetre de conf\u00e9rences, CIRNEF) et Thierry Ardouin (professeur des universit\u00e9s, CIRNEF)<br \/>\nPartenaire : Centre d&rsquo;\u00e9tudes et de recherches en \u00e9ducation et en interventions sociales pour le d\u00e9veloppement (CEREID), Universit\u00e9 d&rsquo;Abomey-Calavi, B\u00e9nin.\n<h3>***<\/h3>\n<h3>Chercheurs \u00e9trangers accueillis au Cirnef (2017-2020)<\/h3>\n<h3>2020<\/h3>\n<strong>Iran :<\/strong><br \/>\n<strong>&#8211; Shiva Vahed,<\/strong> Universit\u00e9 Tarbiat Modares (6 semaines)\n<h3>2019<\/h3>\n<strong>Argentine :<\/strong><br \/>\n<strong>&#8211; Miriam Aparicio<\/strong>, CONICET, Universit\u00e9 nationale de Cuyo (5 mois)\n<strong>Br\u00e9sil :<\/strong><br \/>\n<strong>&#8211; Fernanda Mayara Sales de Aquino<\/strong>, Universit\u00e9 d&rsquo;\u00c9tat de Rio de Janeiro (6 mois)\n<strong>Burkina Faso :<\/strong><em><br \/>\n<\/em><strong>&#8211; Haoua Bonkoungou, <\/strong>Universit\u00e9 Norbert-Zongo (1 mois)\n<h3>2018<\/h3>\n<strong>Argentine :<\/strong><br \/>\n<strong>&#8211; Miriam Aparicio<\/strong>, CONICET, Universit\u00e9 nationale de Cuyo (5 mois)\n<strong>Br\u00e9sil :<\/strong><br \/>\n<strong>&#8211; Simone Valdete dos Santos<\/strong>, Universit\u00e9 f\u00e9d\u00e9rale du Rio Grande do Sul, Porto Alegre (3 mois)\n<strong>Burkina Faso :<\/strong><br \/>\n<strong>&#8211; Philippe Auguste Yoni<\/strong> (15 jours)\n<strong>Comores :<\/strong><br \/>\n<strong>&#8211; Aboudou Ahamada<\/strong> (2 mois)\n<strong>Portugal :<\/strong><br \/>\n<strong>&#8211; Janaina Marques Silva<\/strong>, Universit\u00e9 de Coimbra (3 mois)\n<h3>2017<\/h3>\n<strong>Br\u00e9sil :<br \/>\n&#8211; Aline Cristina Dantas<\/strong>, Universit\u00e9 d&rsquo;\u00c9tat de Rio de Janeiro (6 mois)\n<strong>Espagne :<\/strong><br \/>\n<strong>&#8211; Maria Dolores Eslava Suanes,<\/strong>\u00a0Universit\u00e9 de Cordoue (4 mois)\n<strong>Portugal :<\/strong><br \/>\n<strong>&#8211; Janaina Marques Silva<\/strong>, Universit\u00e9 de Coimbra (3 mois)\n\n","protected":false},"excerpt":{"rendered":"<p>Chercheur\u00b7e\u00b7s \u00e9tranger\u00b7e\u00b7s accueillis au Cirnef (2022) C\u00f4te d&rsquo;Ivoire :\u00a0 Herv\u00e9 Kouakou Kouassi, Laboratoire Sciences et technologies de l&rsquo;environnement, Daloa (1 mois) Canada : V\u00e9ronique Grenier, Centre de recherche et d&rsquo;intervention sur l&rsquo;\u00e9ducation et la vie au travail, Universit\u00e9 Laval (Qu\u00e9bec) (2 mois) &nbsp; *** Live ANPEd \u00ab\u00a0Education et pand\u00e9mie\u00a0\u00bb avec St\u00e9phanie Gasse le 8 juillet &hellip;<\/p>\n<p class=\"read-more\"> <a class=\"\" href=\"https:\/\/cirnef.normandie-univ.fr\/?page_id=28\"> <span class=\"screen-reader-text\">International<\/span> Lire la suite \u00bb<\/a><\/p>\n","protected":false},"author":1,"featured_media":0,"parent":0,"menu_order":0,"comment_status":"closed","ping_status":"closed","template":"","meta":{"site-sidebar-layout":"no-sidebar","site-content-layout":"page-builder","ast-global-header-display":"","ast-main-header-display":"","ast-hfb-above-header-display":"","ast-hfb-below-header-display":"","ast-hfb-mobile-header-display":"","site-post-title":"disabled","ast-breadcrumbs-content":"","ast-featured-img":"disabled","footer-sml-layout":"","theme-transparent-header-meta":"","adv-header-id-meta":"","stick-header-meta":"","header-above-stick-meta":"","header-main-stick-meta":"","header-below-stick-meta":"","footnotes":""},"coauthors":[],"class_list":["post-28","page","type-page","status-publish","hentry"],"_links":{"self":[{"href":"https:\/\/cirnef.normandie-univ.fr\/index.php?rest_route=\/wp\/v2\/pages\/28","targetHints":{"allow":["GET"]}}],"collection":[{"href":"https:\/\/cirnef.normandie-univ.fr\/index.php?rest_route=\/wp\/v2\/pages"}],"about":[{"href":"https:\/\/cirnef.normandie-univ.fr\/index.php?rest_route=\/wp\/v2\/types\/page"}],"author":[{"embeddable":true,"href":"https:\/\/cirnef.normandie-univ.fr\/index.php?rest_route=\/wp\/v2\/users\/1"}],"replies":[{"embeddable":true,"href":"https:\/\/cirnef.normandie-univ.fr\/index.php?rest_route=%2Fwp%2Fv2%2Fcomments&post=28"}],"version-history":[{"count":0,"href":"https:\/\/cirnef.normandie-univ.fr\/index.php?rest_route=\/wp\/v2\/pages\/28\/revisions"}],"wp:attachment":[{"href":"https:\/\/cirnef.normandie-univ.fr\/index.php?rest_route=%2Fwp%2Fv2%2Fmedia&parent=28"}],"wp:term":[{"taxonomy":"author","embeddable":true,"href":"https:\/\/cirnef.normandie-univ.fr\/index.php?rest_route=%2Fwp%2Fv2%2Fcoauthors&post=28"}],"curies":[{"name":"wp","href":"https:\/\/api.w.org\/{rel}","templated":true}]}}