{"id":2627,"date":"2019-06-14T12:04:39","date_gmt":"2019-06-14T10:04:39","guid":{"rendered":"http:\/\/cirnef.normandie-univ.fr\/?page_id=2627"},"modified":"2025-05-14T14:11:11","modified_gmt":"2025-05-14T12:11:11","slug":"sophie-levrard","status":"publish","type":"page","link":"https:\/\/cirnef.normandie-univ.fr\/?page_id=2627","title":{"rendered":"Sophie LEVRARD"},"content":{"rendered":"\n\n\t<h2>Identit\u00e9<\/h2>\n<h4>Mme Sophie LEVRARD<\/h4>\nAdresse :<br \/>\nUniversit\u00e9 de Caen Normandie<br \/>\nUFR des Sciences de l&rsquo;Homme et de la Soci\u00e9t\u00e9<br \/>\nEsplanade de la Paix &#8211; Campus 1 &#8211; MRSH<br \/>\n14032 CAEN CEDEX\nT\u00e9l :<br \/>\nEmail : <a href=\"mailto:sophie.levrard@unicaen.fr\">sophie.levrard@unicaen.fr<\/a>\n\t<h2>Informations<\/h2>\nInscrit en th\u00e8se depuis : 1\/09\/2014<br \/>\nLangue(s) pratiqu\u00e9e(s) : Fran\u00e7ais, Anglais\n<p>Th\u00e8me de rattachement : EJAID<\/p>\nTitre de la th\u00e8se : Les enfants dans l&rsquo;\u00e9cole : une sociologie des acteurs sociaux et territoriaux.<br \/>\nDirecteur de th\u00e8se : Julie DELALANDE\n<p>&nbsp;<\/p>\n\t\t\t\t<a href=\"https:\/\/cirnef.normandie-univ.fr\/wp-content\/uploads\/2020\/07\/CV-e1595330445945.jpg\" target=\"_self\" itemprop=\"url\">\n\t\t\t\t<img loading=\"lazy\" decoding=\"async\" src=\"https:\/\/cirnef.normandie-univ.fr\/wp-content\/uploads\/2020\/07\/CV-e1595330445945.jpg\" alt=\"CV\" itemprop=\"image\" height=\"667\" width=\"500\" title=\"CV\" onerror=\"this.style.display='none'\"  \/>\n\t\t\t\t<\/a>\n\t\t\t<a href=\"#\" id=\"fl-accordion--label-0\" tabindex=\"0\" aria-controls=\"fl-accordion--panel-0\">Pr\u00e9sentation du projet de th\u00e8se<\/a>\n\t\t\t\t\t\t\t<a href=\"#\" id=\"fl-accordion--icon-0\" tabindex=\"0\" aria-controls=\"fl-accordion--panel-0\"><i>Collapse<\/i><\/a>\n\t\t<p>R\u00e9sum\u00e9 :<\/p>\n<p>La th\u00e8se se propose d&rsquo;\u00e9tudier l&rsquo;articulation entre la socialisation des enfants et les espaces de l&rsquo;\u00e9cole. Dans le champ de la sociologie de l&rsquo;enfance, la notion d&rsquo;acteur et en particulier celle d&rsquo;acteur territorial permet de comprendre le statut donn\u00e9 aux enfants et plus pr\u00e9cis\u00e9ment de comprendre comment ils exercent leur agency dans leur mani\u00e8re d&rsquo;habiter l&rsquo;\u00e9cole. Une revue de litt\u00e9rature d\u00e9limite les concepts de territoire et d&rsquo;espace, ainsi que celui de tiers-lieu auquel nous donnons une d\u00e9finition pour l&rsquo;\u00e9cole. L&rsquo;enqu\u00eate est men\u00e9e avec une m\u00e9thodologie visuelle participative dans laquelle les enfants, de 6 \u00e0 11 ans, photographient les espaces de l&rsquo;\u00e9cole, clich\u00e9s explicit\u00e9s en groupe lors d&rsquo;entretiens. Les enfants habitent de diff\u00e9rentes mani\u00e8res les espaces de l&rsquo;\u00e9cole. Ceux qui appartiennent officiellement aux adultes, la classe par exemple, sont habit\u00e9s par les enfants selon les r\u00e8gles impos\u00e9es par l&rsquo;institution qui les accueille. Les espaces con\u00e7us et d\u00e9di\u00e9s aux enfants, la cour de r\u00e9cr\u00e9ation par exemple, sont occup\u00e9s de mani\u00e8re conventionnelle. L&rsquo;occupation accept\u00e9e par les adultes se fait selon les r\u00e8gles et les usages impos\u00e9s par ces derniers qui sont globalement bien int\u00e9gr\u00e9s par les enfants. Enfin, une troisi\u00e8me cat\u00e9gorie d&rsquo;espaces se distingue. Il s&rsquo;agit des espaces cr\u00e9\u00e9s ou d\u00e9tourn\u00e9s par les enfants. Ils sont d\u00e9limit\u00e9s, d\u00e9fendus et habit\u00e9s par eux et pour eux. Ainsi, moins les adultes investissent l&rsquo;espace, plus les enfants en prennent possession pour loger leurs jeux, leur culture enfantine, se socialiser selon leurs propres r\u00e8gles. Alors, dans l&rsquo;\u00e9cole, l&rsquo;espace con\u00e7u, c&rsquo;est-\u00e0-dire l&rsquo;espace physique d\u00e9di\u00e9 ou impos\u00e9 aux enfants, se confronte \u00e0 l&rsquo;espace v\u00e9cu, celui cr\u00e9\u00e9 par les enfants, celui qu&rsquo;ils imaginent, qu&rsquo;ils s&rsquo;approprient, en d&rsquo;autres termes, leur territoire.<\/p>\n<p>&nbsp;<\/p>\n<h4>Mots-cl\u00e9s<\/h4>\n<blockquote><p>Sociologie de l&rsquo;enfance, g\u00e9ographie sociale, espaces scolaires, tiers-lieux, territoires<\/p><\/blockquote>\n\t\t\t<a href=\"#\" id=\"fl-accordion--label-1\" tabindex=\"0\" aria-controls=\"fl-accordion--panel-1\">Publications<\/a>\n\t\t\t\t\t\t\t<a href=\"#\" id=\"fl-accordion--icon-1\" tabindex=\"0\" aria-controls=\"fl-accordion--panel-1\"><i>Expand<\/i><\/a>\n\t\t<p>Levrard, S. (2020). \u00ab Les processus de socialisation chez les enfants de l&rsquo;\u00e9cole primaire au prisme d&rsquo;un r\u00e9am\u00e9nagement de l&rsquo;espace de jeu par les adultes \u00bb, Les cahiers du CERFEE, rubrique Varia. https:\/\/doi.org\/10.4000\/edso.9256<\/p>\n<p>Levrard, S. (2020) \u00ab Les enfants dans la cour de r\u00e9cr\u00e9ation ; un entre-soi sous conditions \u00bb. Dans P. Rayou (Coord.) M\u00e9tier(s) d&rsquo;enseignants, M\u00e9tier(s) d&rsquo;\u00e9l\u00e8ves, MUNAE, pp.49-55<\/p>\n<p>Levrard, S. (2020) \u00ab Prendre en compte la parole des enfants de six \u00e0 onze ans et r\u00e9v\u00e9ler leur statut d&rsquo;informateurs particuliers : l&rsquo;apport des m\u00e9thodes visuelles \u00bb. Dans C. Daverne-Bailly &amp; J. Vari (Coord.), La parole des enfants : enjeux \u00e9pist\u00e9mologiques, m\u00e9thodologiques et \u00e9thiques, Recherches en \u00e9ducation, n\u00b039 &#8211; pp.30-41<\/p>\n<p>Levrard S. (2018) \u00ab La r\u00e9forme des rythmes scolaires : Qu&rsquo;en pensent les enfants ? L&rsquo;utilisation de la photographie pour saisir leur point de vue \u00bb dans F. Liot, &amp; S. Rubi, (2018). Ouvrons l&rsquo;\u00e9cole. Quand la r\u00e9forme des rythmes scolaires interroge les territoires et les partenariats. Bordeaux, Carri\u00e8res sociales, pp.357-376<\/p>\n<p>Le Guern, A.-L. et Levrard S. (2016). Rendre visible les territoires de l&rsquo;enfance mais aussi celui des pilotes institutionnels : la photographie comme moyen d&rsquo;enqu\u00eate, symposium Coordonn\u00e9 par A.-L. Le Guern, Repenser les territoires de l&rsquo;\u00e9ducation : une opportunit\u00e9 de la r\u00e9forme des rythmes scolaires, AREF (Actualit\u00e9 de la Recherche en \u00c9ducation et en Formation), A quelles questions cherchons-nous r\u00e9ponse ? Mons, Belgique, 4-7 juillet 2016<\/p>\n<p>Levrard, S. &amp; Delalande, J. (2015). \u00ab Mon \u00e9cole, c&rsquo;est pas que je la trouve belle, c&rsquo;est qu&rsquo;on est ensemble \u00bb, VIE Diversit\u00e9, n\u00b0179, pp.131-135.<\/p>\n\t\t\t<a href=\"#\" id=\"fl-accordion--label-2\" tabindex=\"0\" aria-controls=\"fl-accordion--panel-2\">Communications<\/a>\n\t\t\t\t\t\t\t<a href=\"#\" id=\"fl-accordion--icon-2\" tabindex=\"0\" aria-controls=\"fl-accordion--panel-2\"><i>Expand<\/i><\/a>\n\t\t<p><strong>20 &#8211; 21 juin 2019<\/strong> : Colloque international : Le monde des enfants et leur bien-\u00eatre. Accompagner le d\u00e9veloppement de tous les enfants. Nantes. <em>Quels am\u00e9nagements spatio-temporels pour le bien-\u00eatre des enfants ? Comparaison de deux espaces de jeux dans une \u00e9cole \u00e9l\u00e9mentaire.<\/em><\/p>\n<p><strong>16 novembre 2017<\/strong> : Conf\u00e9rence aux 4\u00e8mes assisses de l&rsquo;\u00e9ducation de St-Etienne du Rouvray <em>L&rsquo;\u00e9cole : Un lieu de vie \u00e0 habiter du point de vue des enfants.<\/em><\/p>\n<p><strong>19 octobre 2017 :<\/strong> Colloque \u00ab Enjeux, d\u00e9bats et perspectives : 50 ans de sciences de l&rsquo;\u00e9ducation \u00bbSymposium Place et enjeux de la parole des enfants et des adolescents : communication avec Judit VARI \u00ab Statut de la parole des enfants \u00bb<\/p>\n<p><strong>4 &#8211; 8 juillet 2016<\/strong> : XX\u00e8me congr\u00e8s international des sociologues de langue fran\u00e7aise (AISLF) \u00e0 Montr\u00e9al, Canada.\u00a0 <em>Enqu\u00eater aupr\u00e8s des enfants : un point de vue n\u00e9cessaire sur les politiques \u00e9ducatives en mouvement<\/em><\/p>\n<p><strong>25-26 janvier 2016 :<\/strong> \u00c9cole, animation, culture : quand les rythmes scolaires interrogent les territoires et les partenariats, \u00e9quipe ISIAT-IUT Bordeaux Montaigne. Communication : <em>La r\u00e9forme des rythmes scolaires : Qu&rsquo;en pensent les enfants ?<\/em><\/p>\n<p><strong>30 juin &#8211; 3 Juillet 2015<\/strong> : Biennale internationale de l&rsquo;\u00e9ducation, de la formation et des pratiques professionnelles : Coop\u00e9rer ? au CNAM, Paris. Communication avec Isabelle Harl\u00e9 et Magali Jeannin <em>Coop\u00e9rer au rythme de l&rsquo;\u00e9cole : Les acteurs \u00e9ducatifs au d\u00e9fi de l&rsquo;ouverture culturelle<\/em><\/p>\n<p><strong>14 Octobre 2015 :<\/strong> Colloque Faire de la recherche en sciences de l&rsquo;\u00e9ducation organis\u00e9 par les doctorants du CIVIIC (Rouen) et du CERSE (Caen). Communication : \u00ab Recherche en Sciences de l&rsquo;\u00e9ducation : un objet modul\u00e9 par les rencontres humaines \u00bb.<\/p>\n\t\t\t<a href=\"#\" id=\"fl-accordion--label-3\" tabindex=\"0\" aria-controls=\"fl-accordion--panel-3\">Collaborations<\/a>\n\t\t\t\t\t\t\t<a href=\"#\" id=\"fl-accordion--icon-3\" tabindex=\"0\" aria-controls=\"fl-accordion--panel-3\"><i>Expand<\/i><\/a>\n\t\t<p><strong>4 d\u00e9cembre 2019<\/strong> : Participation \u00e0 la 11\u00e8me journ\u00e9e sur l&rsquo;enfance au quotidien : Tensions entre mixit\u00e9s sociales et mixit\u00e9s culturelles \u00e0 l&rsquo;\u00e9preuve des exp\u00e9riences migratoires d&rsquo;enfants et de jeunes. Animatrice de la table ronde n\u00b02 : Enfants et jeunes migrants dans l&rsquo;\u00e9tablissements scolaires et les lieux de formation.<\/p>\n<p><strong>16 mai, 16 septembre, 10 octobre 2019<\/strong> : Collaboration avec le CAUE de Paris : Interventions dans le cadre de la Formation sur le projet des cours d&rsquo;\u00e9cole OASIS : La cour d&rsquo;\u00e9cole : Espace de socialisation, de jeu et d&rsquo;apprentissages pour le d\u00e9veloppement des enfants.<\/p>\n<p><strong>5-6 d\u00e9cembre 2018<\/strong> : Participation aux 10\u00e8me journ\u00e9e sur l&rsquo;enfance au quotidien : Une continuit\u00e9 \u00e9ducative r\u00e9ussie : \u00e0 quelles conditions ? Pr\u00e9sentation de la conf\u00e9renci\u00e8re Nathalie Roucous.<\/p>\n<p><strong>Mai 2018 :<\/strong> Participation au site du CARDIE avec le groupe de recherche Buznic Pablo, Vanessa Desvages, Isabelle Harl\u00e9, Magali Jeannin, Anne-Laure Le Guern, Jean-Fran\u00e7ois Th\u00e9mines : mise en ligne : https:\/\/www.ac-caen.fr\/politique-educative\/soutien-et-accompagnement-aux-projets-des-equipes\/linnovation-pedagogique-cardie\/fiches-cardiethema-du-cardie-rythmes-scolaires\/<\/p>\n<p><strong>Juillet &#8211; Octobre 2017<\/strong> : Membre du comit\u00e9 d&rsquo;organisation du Colloque \u00ab Enjeux, d\u00e9bats et perspectives : 50 ans de sciences de l&rsquo;\u00e9ducation \u00bb<\/p>\n<p><strong>22 juin, 27 juin et 7 Septembre 2017<\/strong> : Conseil et expertise scientifique aupr\u00e8s de la Communaut\u00e9 de Commune de Pont-Audemer sur les am\u00e9nagements et la mise en place de la r\u00e9forme des rythmes scolaires.<\/p>\n<p><strong>25 mars 2017<\/strong> : Journ\u00e9e D\u00e9marche qualit\u00e9 des ACM : Les accueils p\u00e9riscolaires : la qualit\u00e9 des temps de transition Espace Malraux- Gr\u00e2ce de Dieu- Caen : Intervention sur la Perception des enfants du temps scolaire et p\u00e9riscolaire.<\/p>\n\t\t\t<a href=\"#\" id=\"fl-accordion--label-4\" tabindex=\"0\" aria-controls=\"fl-accordion--panel-4\">Cours dispens\u00e9s<\/a>\n\t\t\t\t\t\t\t<a href=\"#\" id=\"fl-accordion--icon-4\" tabindex=\"0\" aria-controls=\"fl-accordion--panel-4\"><i>Expand<\/i><\/a>\n\t\t<p><strong>Septembre 2017 &#8211; Ao\u00fbt 2019<\/strong> : ATER Sciences de l&rsquo;\u00e9ducation, Approche anthropologique des enfants et des jeunes, Universit\u00e9 de Caen-Normandie (Licence 1 et 3). Initiation aux m\u00e9thodes universitaires ; Projet Professionnel Personnalis\u00e9 de l&rsquo;\u00e9tudiant ; mutualis\u00e9 avec Licence 1 Psychologie : Socio-anthropologie des cultures enfantines et juv\u00e9niles ; Diversit\u00e9s culturelles : Les Figures de l&rsquo;enfance ; M\u00e9thodologie de la recherche.<\/p>\n<p><strong>Septembre 2017 &#8211; Ao\u00fbt 2020<\/strong> : Charg\u00e9e de cours UFR Pharmacie (3 ann\u00e9es cons\u00e9cutives) : Licence 2 : Formation \u00e0 la pratique du tutorat, suivi, cours, membre du jury<\/p>\n<p><strong>Septembre 2014 &#8211; Ao\u00fbt 2017<\/strong> : Charg\u00e9e de cours dans le cadre du Contrat doctoral, mission enseignements. UFR Sciences de l&rsquo;\u00e9ducation (Licence 1 et 3). Initiation aux m\u00e9thodes universitaires ; Approche sociologique des cultures enfantines et juv\u00e9niles ; Entra\u00eenement \u00e0 l&rsquo;argumentation. Cours magistral, Licence 1 : Approche sociologique des cultures enfantines et juv\u00e9niles : Les mani\u00e8res d&rsquo;habiter l&rsquo;\u00e9cole : ce qui \u00e9chappe aux adultes<\/p>\n\t\t\t<a href=\"#\" id=\"fl-accordion--label-5\" tabindex=\"0\" aria-controls=\"fl-accordion--panel-5\">Prix, bourses, etc&#8230;<\/a>\n\t\t\t\t\t\t\t<a href=\"#\" id=\"fl-accordion--icon-5\" tabindex=\"0\" aria-controls=\"fl-accordion--panel-5\"><i>Expand<\/i><\/a>\n\t\t<p><strong>3 juillet 2014<\/strong> : Contrat doctoral (obtenu sur concours : 1\u00e8re du classement) Financement pour trois ans.<\/p>\n\n","protected":false},"excerpt":{"rendered":"<p>Identit\u00e9 Mme Sophie LEVRARD Adresse : Universit\u00e9 de Caen Normandie UFR des Sciences de l&rsquo;Homme et de la Soci\u00e9t\u00e9 Esplanade de la Paix &#8211; Campus 1 &#8211; MRSH 14032 CAEN CEDEX T\u00e9l : Email : sophie.levrard@unicaen.fr Informations Inscrit en th\u00e8se depuis : 1\/09\/2014 Langue(s) pratiqu\u00e9e(s) : Fran\u00e7ais, Anglais Th\u00e8me de rattachement : EJAID Titre de &hellip;<\/p>\n<p class=\"read-more\"> <a class=\"\" href=\"https:\/\/cirnef.normandie-univ.fr\/?page_id=2627\"> <span class=\"screen-reader-text\">Sophie LEVRARD<\/span> Lire la suite \u00bb<\/a><\/p>\n","protected":false},"author":127,"featured_media":0,"parent":0,"menu_order":0,"comment_status":"closed","ping_status":"closed","template":"","meta":{"site-sidebar-layout":"default","site-content-layout":"default","ast-global-header-display":"","ast-main-header-display":"","ast-hfb-above-header-display":"","ast-hfb-below-header-display":"","ast-hfb-mobile-header-display":"","site-post-title":"","ast-breadcrumbs-content":"","ast-featured-img":"","footer-sml-layout":"","theme-transparent-header-meta":"default","adv-header-id-meta":"","stick-header-meta":"default","header-above-stick-meta":"","header-main-stick-meta":"","header-below-stick-meta":"","footnotes":""},"coauthors":[],"class_list":["post-2627","page","type-page","status-publish","hentry"],"_links":{"self":[{"href":"https:\/\/cirnef.normandie-univ.fr\/index.php?rest_route=\/wp\/v2\/pages\/2627","targetHints":{"allow":["GET"]}}],"collection":[{"href":"https:\/\/cirnef.normandie-univ.fr\/index.php?rest_route=\/wp\/v2\/pages"}],"about":[{"href":"https:\/\/cirnef.normandie-univ.fr\/index.php?rest_route=\/wp\/v2\/types\/page"}],"author":[{"embeddable":true,"href":"https:\/\/cirnef.normandie-univ.fr\/index.php?rest_route=\/wp\/v2\/users\/127"}],"replies":[{"embeddable":true,"href":"https:\/\/cirnef.normandie-univ.fr\/index.php?rest_route=%2Fwp%2Fv2%2Fcomments&post=2627"}],"version-history":[{"count":1,"href":"https:\/\/cirnef.normandie-univ.fr\/index.php?rest_route=\/wp\/v2\/pages\/2627\/revisions"}],"predecessor-version":[{"id":7814,"href":"https:\/\/cirnef.normandie-univ.fr\/index.php?rest_route=\/wp\/v2\/pages\/2627\/revisions\/7814"}],"wp:attachment":[{"href":"https:\/\/cirnef.normandie-univ.fr\/index.php?rest_route=%2Fwp%2Fv2%2Fmedia&parent=2627"}],"wp:term":[{"taxonomy":"author","embeddable":true,"href":"https:\/\/cirnef.normandie-univ.fr\/index.php?rest_route=%2Fwp%2Fv2%2Fcoauthors&post=2627"}],"curies":[{"name":"wp","href":"https:\/\/api.w.org\/{rel}","templated":true}]}}