{"id":2527,"date":"2019-06-05T15:11:44","date_gmt":"2019-06-05T13:11:44","guid":{"rendered":"http:\/\/cirnef.normandie-univ.fr\/?page_id=2527"},"modified":"2023-11-29T17:01:41","modified_gmt":"2023-11-29T16:01:41","slug":"contact-2","status":"publish","type":"page","link":"https:\/\/cirnef.normandie-univ.fr\/?page_id=2527","title":{"rendered":"Contact"},"content":{"rendered":"\n<h1>\n\t\tContacter le laboratoire\n\t<\/h1>\n<h3>\n\t\tUne question ?\n\t<\/h3>\n\t<p>Vous souhaitez avoir une information, vous avez une question concernant le laboratoire, un projet \u00e0 proposer ? Utilisez le formulaire suivant pour nous contacter, nous t\u00e2cherons de vous r\u00e9pondre au plus vite.<\/p>\n<h3>\n\t\tDisponible du lundi au vendredi | 9h &#8211; 17h\n\t<\/h3>\n<h2>\n\t\t02.35.14.71.18\n\t<\/h2>\n\n","protected":false},"excerpt":{"rendered":"<p>Contacter le laboratoire Une question ? Vous souhaitez avoir une information, vous avez une question concernant le laboratoire, un projet \u00e0 proposer ? Utilisez le formulaire suivant pour nous contacter, nous t\u00e2cherons de vous r\u00e9pondre au plus vite. Disponible du lundi au vendredi | 9h &#8211; 17h 02.35.14.71.18<\/p>\n","protected":false},"author":1,"featured_media":0,"parent":0,"menu_order":0,"comment_status":"closed","ping_status":"closed","template":"","meta":{"site-sidebar-layout":"default","site-content-layout":"default","ast-global-header-display":"","ast-main-header-display":"","ast-hfb-above-header-display":"","ast-hfb-below-header-display":"","ast-hfb-mobile-header-display":"","site-post-title":"disabled","ast-breadcrumbs-content":"","ast-featured-img":"","footer-sml-layout":"","theme-transparent-header-meta":"default","adv-header-id-meta":"","stick-header-meta":"default","header-above-stick-meta":"","header-main-stick-meta":"","header-below-stick-meta":"","footnotes":""},"coauthors":[34],"class_list":["post-2527","page","type-page","status-publish","hentry"],"_links":{"self":[{"href":"https:\/\/cirnef.normandie-univ.fr\/index.php?rest_route=\/wp\/v2\/pages\/2527","targetHints":{"allow":["GET"]}}],"collection":[{"href":"https:\/\/cirnef.normandie-univ.fr\/index.php?rest_route=\/wp\/v2\/pages"}],"about":[{"href":"https:\/\/cirnef.normandie-univ.fr\/index.php?rest_route=\/wp\/v2\/types\/page"}],"author":[{"embeddable":true,"href":"https:\/\/cirnef.normandie-univ.fr\/index.php?rest_route=\/wp\/v2\/users\/1"}],"replies":[{"embeddable":true,"href":"https:\/\/cirnef.normandie-univ.fr\/index.php?rest_route=%2Fwp%2Fv2%2Fcomments&post=2527"}],"version-history":[{"count":0,"href":"https:\/\/cirnef.normandie-univ.fr\/index.php?rest_route=\/wp\/v2\/pages\/2527\/revisions"}],"wp:attachment":[{"href":"https:\/\/cirnef.normandie-univ.fr\/index.php?rest_route=%2Fwp%2Fv2%2Fmedia&parent=2527"}],"wp:term":[{"taxonomy":"author","embeddable":true,"href":"https:\/\/cirnef.normandie-univ.fr\/index.php?rest_route=%2Fwp%2Fv2%2Fcoauthors&post=2527"}],"curies":[{"name":"wp","href":"https:\/\/api.w.org\/{rel}","templated":true}]}}