{"id":251,"date":"2018-12-04T09:20:50","date_gmt":"2018-12-04T08:20:50","guid":{"rendered":"http:\/\/localhost\/cirnef_wp\/mesmerize\/"},"modified":"2026-04-02T17:36:45","modified_gmt":"2026-04-02T15:36:45","slug":"mesmerize","status":"publish","type":"page","link":"https:\/\/cirnef.normandie-univ.fr\/","title":{"rendered":"Front Page"},"content":{"rendered":"\n<h1>\n\t\tBienvenue sur le site du Laboratoire CIRNEF\n\t<\/h1>\n<h3>\n\t\tLe CIRNEF (Centre interdisciplinaire de Recherche Normand en Education et Formation) est une unit\u00e9 de recherche (UR 7454) en sciences de l&rsquo;\u00e9ducation et de la formation (section 70 du CNU).\n\t<\/h3>\n\t\t\t<a href=\"http:\/\/cirnef.normandie-univ.fr\/?page_id=11\" target=\"_self\" role=\"button\">\n\t\t\t\t\t\t\tEn savoir plus\n\t\t\t<\/a>\n\t\t\t\t\t\t\t\t<a href=\"http:\/\/cirnef.normandie-univ.fr\/?page_id=121\" target=\"_self\">\n\t\t\t\t\t\t<\/a>\n\t<h3><a href=\"http:\/\/cirnef.normandie-univ.fr\/?page_id=121\" target=\"_self\">Membres<\/a><\/h3>\t\t\n\t\t\t<p>Retrouvez ici toutes les personnes affili\u00e9es au laboratoire CIRNEF<\/p>\n\t\t\t<a href=\"http:\/\/cirnef.normandie-univ.fr\/?page_id=121\" target=\"_self\" role=\"button\">\n\t\t\t\t\t\t\tD\u00e9couvrir\n\t\t\t<\/a>\n\t\t\t\t\t\t\t\t<a href=\"http:\/\/cirnef.normandie-univ.fr\/?page_id=16\" target=\"_self\">\n\t\t\t\t\t\t<\/a>\n\t<h3><a href=\"http:\/\/cirnef.normandie-univ.fr\/?page_id=16\" target=\"_self\">Th\u00e8mes<\/a><\/h3>\t\t\n\t\t\t<p>Le laboratoire axe ses recherches sur quatre th\u00e8mes principaux<\/p>\n\t\t\t<a href=\"http:\/\/cirnef.normandie-univ.fr\/?page_id=16\" target=\"_self\" role=\"button\">\n\t\t\t\t\t\t\tD\u00e9couvrir\n\t\t\t<\/a>\n\t\t\t\t\t\t\t\t<a href=\"http:\/\/cirnef.normandie-univ.fr\/?page_id=585\" target=\"_self\">\n\t\t\t\t\t\t<\/a>\n\t<h3><a href=\"http:\/\/cirnef.normandie-univ.fr\/?page_id=585\" target=\"_self\">Ressources<\/a><\/h3>\t\t\n\t\t\tVous recherchez un document, un lien ?<br \/>\nVous trouverez peut-\u00eatre cela dans les ressources\n\t\t\t<a href=\"http:\/\/cirnef.normandie-univ.fr\/?page_id=585\" target=\"_self\" role=\"button\">\n\t\t\t\t\t\t\tD\u00e9couvrir\n\t\t\t<\/a>\n<h1>\n\t\tActualit\u00e9s\n\t<\/h1>\n\t\t<h3>Nouvelle parution (avril 2026) : \u00ab\u00a0Chercheurs, chercheuses et terrains, entre engagements, n\u00e9gociations et transformations\u00a0\u00bb (V. Desvages-Vasselin et M. Boutrais, dir.) (\u00e9d. Champ social)<\/h3>\t\t\n\t\t\tLes sciences de l&rsquo;\u00e9ducation et de la formation (SEF) ne cherchent pas seulement \u00e0 \u00e9tablir des lois, mais \u00e0 donner sens aux activit\u00e9s \u00e9ducatives et formatrices, en pla\u00e7ant l&rsquo;humain au c\u0153ur de leur r\u00e9flexion. Comment les chercheurs et chercheuses s&rsquo;articulent-ils avec les acteurs et actrices de terrain ? Quelles postures adoptent-ils face aux d\u00e9fis \u00e9pist\u00e9mologiques, axiologiques et prax\u00e9ologiques qui traversent leurs recherches ? Cet ouvrage explore la diversit\u00e9 des relations entre chercheurs, terrains et acteurs, r\u00e9v\u00e9lant la pluralit\u00e9 des approches en SEF.<br \/>\n<strong><a href=\"http:\/\/cirnef.normandie-univ.fr\/wp-content\/uploads\/2026\/04\/flyer-desvages-vasselinboutrais-1.pdf\">En savoir plus<\/a>\u00a0<\/strong>\n\t\t<h3>7 avril 2026 : Journ\u00e9e d&rsquo;\u00e9tude sur la place de la parole de l&rsquo;enfant dans l&rsquo;espace public : regards crois\u00e9s en Europe<\/h3>\t\t\n\t\t\tEmilie Dubois, Eleni Karachontziti, Emilie Martin, Delphine Patry, Judit Vari, le laboratoire CIRNEF et l&rsquo;Universit\u00e9 de Rouen Normandie organisent le mardi 7 avril 2026 une journ\u00e9e d&rsquo;\u00e9tude intitul\u00e9e \u00ab\u00a0La place de la parole de l&rsquo;enfant dans l&rsquo;espace public : regards crois\u00e9s en Europe\u00a0\u00bb \u00e0 l&rsquo;Universit\u00e9 de Rouen Normandie (campus de Mont-Saint-Aignan, Maison de l&rsquo;Universit\u00e9, rez-de-chauss\u00e9e, atelier).<br \/>\n<a href=\"http:\/\/cirnef.normandie-univ.fr\/wp-content\/uploads\/2026\/03\/journee-detude-7-avril-2026-programme.pdf\" target=\"_blank\" rel=\"noopener\"><strong>Programme<\/strong><\/a>\n\t\t<h3>8 avril 2026 : Journ\u00e9e d&rsquo;\u00e9tude \u00ab\u00a0Innovations p\u00e9dagogiques et pratiques inclusives dans les environnements scolaires\u00a0\u00bb<\/h3>\t\t\n\t\t\tLe mercredi 8 avril 2026, de 8h30 \u00e0 16h15, \u00e0 l&rsquo;INSP\u00c9 de Caen, les coll\u00e8gues du laboratoire CIRNEF (Isabelle Harl\u00e9, Laurent Lescouarch, Vanessa Desvages-Vasselin et Emilie Dubois) organisent une journ\u00e9e d&rsquo;\u00e9tude intitul\u00e9e \u00ab\u00a0Innovations p\u00e9dagogiques et pratiques inclusives dans les environnements scolaires\u00a0\u00bb avec la participation d&rsquo;autres coll\u00e8gues du laboratoire.<br \/>\n<a href=\"http:\/\/cirnef.normandie-univ.fr\/wp-content\/uploads\/2026\/03\/programme-je-innovations-pedagogiques-1.pdf\"><strong>Programme<\/strong><\/a>\n\t\t<h3>28 avril 2026 : Journ\u00e9e d&rsquo;\u00e9tude du th\u00e8me 2 du laboratoire<\/h3>\t\t\n\t\t\tLe 28 avril 2026, \u00e0 l&rsquo;Universit\u00e9 de Rouen Normandie (Maison de l&rsquo;Universit\u00e9), les membres du th\u00e8me 2 du laboratoire CIRNEF organisent une journ\u00e9e d&rsquo;\u00e9tude intitul\u00e9e \u00ab\u00a0Professionnalisation et efficacit\u00e9 au travail : regards crois\u00e9s\u00a0\u00bb.<br \/>\n<a href=\"http:\/\/cirnef.normandie-univ.fr\/wp-content\/uploads\/2026\/03\/programme-journee-detude-cirnef-28-avril-2026.pdf\" target=\"_blank\" rel=\"noopener\"><strong>Programme<\/strong><\/a>\n\t\t<h3>10-12 juin 2026, Caen : Colloque annuel Sofphied, Culture(s) et \u00e9ducation<\/h3>\t\t\n\t\t\tLa Soci\u00e9t\u00e9 francophone de philosophie de l&rsquo;\u00e9ducation (Sofphied) organise son colloque annuel les 10, 11 et 12 juin 2026 \u00e0 l&rsquo;Universit\u00e9 de Caen Normandie sur le th\u00e8me \u00ab\u00a0Culture(s) et \u00e9ducation\u00a0\u00bb.<br \/>\nUn appel \u00e0 communications est ouvert jusqu&rsquo;au 15 janvier 2026.<br \/>\n<a href=\"http:\/\/cirnef.normandie-univ.fr\/wp-content\/uploads\/2025\/12\/appel-a-communication-colloque-sofphied-2026.pdf\" target=\"_blank\" rel=\"noopener\"><strong>Appel \u00e0 communications<\/strong><\/a>\n\t\t<h3>22-24 juin 2026, Rouen : Colloque international Egalisup3<\/h3>\t\t\n\t\t\tDans le prolongement des premi\u00e8res \u00e9ditions du colloque international \u00ab \u00c9galit\u00e9 des chances ou \u00e9galit\u00e9 des r\u00e9ussites dans l&rsquo;enseignement sup\u00e9rieur ? \u00bb \u00e0 l&rsquo;Universit\u00e9 de Montpellier en mars 2020 et \u00ab \u00c9galit\u00e9(s) vers et dans l&rsquo;enseignement sup\u00e9rieur \u00bb \u00e0 l&rsquo;Universit\u00e9 de Rennes 2 en juillet 2023, nous poursuivrons la r\u00e9flexion du <strong>22 au 24 juin 2026<\/strong> sur le th\u00e8me : <strong>\u00ab<\/strong> <strong>Du secondaire au sup\u00e9rieur : \u00e9galit\u00e9 pour toutes et tous ? \u00bb (Egalisup3)<\/strong><br \/>\n<a href=\"https:\/\/egalisup3.sciencesconf.org\/\" target=\"_blank\" rel=\"noopener\"><b>Site du colloque<\/b><\/a>\n\t\t<h3>26 juin 2026, Caen : S\u00e9minaire caennais CIRNEF <\/h3>\t\t\n\t\t\tLe vendredi 26 juin 2026, de 9h30 \u00e0 17h, le laboratoire CIRNEF organise \u00e0 l&rsquo;Universit\u00e9 de Caen Normandie un s\u00e9minaire visant \u00e0 une meilleure interconnaissance des travaux men\u00e9s par les chercheur.e.s des 4 th\u00e8mes du laboratoire CIRNEF, avec un focus cette ann\u00e9e sur les travaux men\u00e9s \u00e0 l&rsquo;Universit\u00e9 de Caen Normandie. Ce s\u00e9minaire est ouvert \u00e0 tous les membres du laboratoire (titulaires, doctorants, associ\u00e9s, membres temporaires) ainsi qu&rsquo;aux formateurs de l&rsquo;INSPE de Caen.<br \/>\nPr\u00e9cisions sur le programme fin mai 2026 ; contact organisation : Julie Delalande et Laurent Lescouarch\n\t\t<h3>Parution : Nouaisons en sciences de l&rsquo;\u00e9ducation et de la formation. Ruptures et continuit\u00e9 dans les parcours doctoraux (dir. : E. Annoot, C. Daverne-Bailly et J.-L. Rinaudo)<\/h3>\t\t\n\t\t\tA noter la parution r\u00e9cente de l&rsquo;ouvrage collectif coordonn\u00e9 par Emmanuelle Annoot, Carole Daverne-Bailly et Jean-Luc Rinaudo intitul\u00e9 \u00ab\u00a0Nouaisons en sciences de l&rsquo;\u00e9ducation et de la formation. Ruptures et continuit\u00e9 dans les parcours doctoraux\u00a0\u00bb aux \u00e9ditions C\u00e9padu\u00e8s.<br \/>\n<a href=\"https:\/\/www.cepadues.com\/livres\/sciences\/information-communication\/1747-nouaisons-en-sciences-de-leducation-et-de-la-formation-9782383951629.html?srsltid=AfmBOor9A3omeE1axtXgv5AGA0zPPV2S1HNAXeo4-7qCKS4nFrE7wgE-\" target=\"_blank\" rel=\"noopener\"><b>En savoir plus<\/b><\/a>\n<h1>\n\t\tDirection\n\t<\/h1>\n\t<p>L&rsquo;\u00e9quipe de direction du laboratoire CIRNEF (Rouen\/Caen)<\/p>\n\t<h3><a href=\"https:\/\/cirnef.normandie-univ.fr\/?page_id=1475\" target=\"_blank\" rel=\"noopener\">Richard Wittorski<\/a><\/h3>\n<h5>DIRECTEUR ROUEN<\/h5>\n\t<h3><a href=\"https:\/\/cirnef.normandie-univ.fr\/?page_id=1448\" target=\"_blank\" rel=\"noopener\">\u00c9ric Saillot<\/a><\/h3>\n<h5>DIRECTEUR CAEN<\/h5>\n\n","protected":false},"excerpt":{"rendered":"<p>Bienvenue sur le site du Laboratoire CIRNEF Le CIRNEF (Centre interdisciplinaire de Recherche Normand en Education et Formation) est une unit\u00e9 de recherche (UR 7454) en sciences de l&rsquo;\u00e9ducation et de la formation (section 70 du CNU). En savoir plus Membres Retrouvez ici toutes les personnes affili\u00e9es au laboratoire CIRNEF D\u00e9couvrir Th\u00e8mes Le laboratoire axe &hellip;<\/p>\n<p class=\"read-more\"> <a class=\"\" href=\"https:\/\/cirnef.normandie-univ.fr\/\"> <span class=\"screen-reader-text\">Front Page<\/span> Lire la suite \u00bb<\/a><\/p>\n","protected":false},"author":1,"featured_media":0,"parent":0,"menu_order":0,"comment_status":"closed","ping_status":"closed","template":"","meta":{"site-sidebar-layout":"default","site-content-layout":"default","ast-global-header-display":"","ast-main-header-display":"","ast-hfb-above-header-display":"","ast-hfb-below-header-display":"","ast-hfb-mobile-header-display":"","site-post-title":"disabled","ast-breadcrumbs-content":"","ast-featured-img":"","footer-sml-layout":"","theme-transparent-header-meta":"default","adv-header-id-meta":"","stick-header-meta":"default","header-above-stick-meta":"","header-main-stick-meta":"on","header-below-stick-meta":"","footnotes":""},"coauthors":[34],"class_list":["post-251","page","type-page","status-publish","hentry"],"_links":{"self":[{"href":"https:\/\/cirnef.normandie-univ.fr\/index.php?rest_route=\/wp\/v2\/pages\/251","targetHints":{"allow":["GET"]}}],"collection":[{"href":"https:\/\/cirnef.normandie-univ.fr\/index.php?rest_route=\/wp\/v2\/pages"}],"about":[{"href":"https:\/\/cirnef.normandie-univ.fr\/index.php?rest_route=\/wp\/v2\/types\/page"}],"author":[{"embeddable":true,"href":"https:\/\/cirnef.normandie-univ.fr\/index.php?rest_route=\/wp\/v2\/users\/1"}],"replies":[{"embeddable":true,"href":"https:\/\/cirnef.normandie-univ.fr\/index.php?rest_route=%2Fwp%2Fv2%2Fcomments&post=251"}],"version-history":[{"count":5,"href":"https:\/\/cirnef.normandie-univ.fr\/index.php?rest_route=\/wp\/v2\/pages\/251\/revisions"}],"predecessor-version":[{"id":8519,"href":"https:\/\/cirnef.normandie-univ.fr\/index.php?rest_route=\/wp\/v2\/pages\/251\/revisions\/8519"}],"wp:attachment":[{"href":"https:\/\/cirnef.normandie-univ.fr\/index.php?rest_route=%2Fwp%2Fv2%2Fmedia&parent=251"}],"wp:term":[{"taxonomy":"author","embeddable":true,"href":"https:\/\/cirnef.normandie-univ.fr\/index.php?rest_route=%2Fwp%2Fv2%2Fcoauthors&post=251"}],"curies":[{"name":"wp","href":"https:\/\/api.w.org\/{rel}","templated":true}]}}