{"id":2448,"date":"2019-06-03T16:36:52","date_gmt":"2019-06-03T14:36:52","guid":{"rendered":"http:\/\/cirnef.normandie-univ.fr\/?page_id=2448"},"modified":"2025-05-14T14:32:38","modified_gmt":"2025-05-14T12:32:38","slug":"pauline-yvard","status":"publish","type":"page","link":"https:\/\/cirnef.normandie-univ.fr\/?page_id=2448","title":{"rendered":"Pauline YVARD"},"content":{"rendered":"\n\n\t<h2>Identit\u00e9<\/h2>\n<h4>Mme Pauline YVARD<\/h4>\nAdresse :<br \/>\nUniversit\u00e9 de Caen Normandie<br \/>\nUFR des Sciences de l&rsquo;Homme et de la Soci\u00e9t\u00e9<br \/>\nEsplanade de la Paix &#8211; Campus 1 &#8211; MRSH<br \/>\n14032 CAEN CEDEX\nT\u00e9l :<br \/>\nEmail : <a href=\"mailto:pauline.yvard@unicaen.fr\">pauline.yvard@unicaen.fr<\/a>\n\t<h2>Informations<\/h2>\nInscrit en th\u00e8se depuis : 2018<br \/>\nLangue(s) pratiqu\u00e9e(s) : Fran\u00e7ais\nTh\u00e8me de rattachement :<br \/>\n<em>Th\u00e8me 1 : \u00a0Enfants, Jeunes et Adultes en Interactions et Dialogue<\/em>\nTitre de la th\u00e8se : Style motivationnel de l&rsquo;enseignant d&rsquo;EPS en fonction du contexte d&rsquo;enseignement<br \/>\nDirecteur de th\u00e8se : Amael ANDRE, MCF HDR\n<p>&nbsp;<\/p>\n\t\t\t\t<a href=\"https:\/\/cirnef.normandie-univ.fr\/wp-content\/uploads\/2019\/04\/avatarfemme.jpg\" target=\"_self\" itemprop=\"url\">\n\t\t\t\t<img loading=\"lazy\" decoding=\"async\" src=\"https:\/\/cirnef.normandie-univ.fr\/wp-content\/uploads\/2019\/04\/avatarfemme.jpg\" alt=\"avatarfemme\" itemprop=\"image\" height=\"240\" width=\"240\" title=\"avatarfemme\" onerror=\"this.style.display='none'\"  \/>\n\t\t\t\t<\/a>\n\t\t\t<a href=\"#\" id=\"fl-accordion--label-0\" tabindex=\"0\" aria-controls=\"fl-accordion--panel-0\">Pr\u00e9sentation du projet de th\u00e8se<\/a>\n\t\t\t\t\t\t\t<a href=\"#\" id=\"fl-accordion--icon-0\" tabindex=\"0\" aria-controls=\"fl-accordion--panel-0\"><i>Collapse<\/i><\/a>\n\t\t<p>&nbsp;<\/p>\n<p>&nbsp;<\/p>\n<h4>Mots-cl\u00e9s<\/h4>\n<blockquote><p>&nbsp;<\/p><\/blockquote>\n\t\t\t<a href=\"#\" id=\"fl-accordion--label-1\" tabindex=\"0\" aria-controls=\"fl-accordion--panel-1\">Publications<\/a>\n\t\t\t\t\t\t\t<a href=\"#\" id=\"fl-accordion--icon-1\" tabindex=\"0\" aria-controls=\"fl-accordion--panel-1\"><i>Expand<\/i><\/a>\n\t\t\t<a href=\"#\" id=\"fl-accordion--label-2\" tabindex=\"0\" aria-controls=\"fl-accordion--panel-2\">Communications<\/a>\n\t\t\t\t\t\t\t<a href=\"#\" id=\"fl-accordion--icon-2\" tabindex=\"0\" aria-controls=\"fl-accordion--panel-2\"><i>Expand<\/i><\/a>\n\t\t\t<a href=\"#\" id=\"fl-accordion--label-3\" tabindex=\"0\" aria-controls=\"fl-accordion--panel-3\">Collaborations<\/a>\n\t\t\t\t\t\t\t<a href=\"#\" id=\"fl-accordion--icon-3\" tabindex=\"0\" aria-controls=\"fl-accordion--panel-3\"><i>Expand<\/i><\/a>\n\t\t\t<a href=\"#\" id=\"fl-accordion--label-4\" tabindex=\"0\" aria-controls=\"fl-accordion--panel-4\">Cours dispens\u00e9s<\/a>\n\t\t\t\t\t\t\t<a href=\"#\" id=\"fl-accordion--icon-4\" tabindex=\"0\" aria-controls=\"fl-accordion--panel-4\"><i>Expand<\/i><\/a>\n\t\t\t<a href=\"#\" id=\"fl-accordion--label-5\" tabindex=\"0\" aria-controls=\"fl-accordion--panel-5\">Prix, bourses, etc&#8230;<\/a>\n\t\t\t\t\t\t\t<a href=\"#\" id=\"fl-accordion--icon-5\" tabindex=\"0\" aria-controls=\"fl-accordion--panel-5\"><i>Expand<\/i><\/a>\n\n","protected":false},"excerpt":{"rendered":"<p>Identit\u00e9 Mme Pauline YVARD Adresse : Universit\u00e9 de Caen Normandie UFR des Sciences de l&rsquo;Homme et de la Soci\u00e9t\u00e9 Esplanade de la Paix &#8211; Campus 1 &#8211; MRSH 14032 CAEN CEDEX T\u00e9l : Email : pauline.yvard@unicaen.fr Informations Inscrit en th\u00e8se depuis : 2018 Langue(s) pratiqu\u00e9e(s) : Fran\u00e7ais Th\u00e8me de rattachement : Th\u00e8me 1 : \u00a0Enfants, &hellip;<\/p>\n<p class=\"read-more\"> <a class=\"\" href=\"https:\/\/cirnef.normandie-univ.fr\/?page_id=2448\"> <span class=\"screen-reader-text\">Pauline YVARD<\/span> Lire la suite \u00bb<\/a><\/p>\n","protected":false},"author":120,"featured_media":0,"parent":0,"menu_order":0,"comment_status":"closed","ping_status":"closed","template":"","meta":{"site-sidebar-layout":"default","site-content-layout":"default","ast-global-header-display":"","ast-main-header-display":"","ast-hfb-above-header-display":"","ast-hfb-below-header-display":"","ast-hfb-mobile-header-display":"","site-post-title":"","ast-breadcrumbs-content":"","ast-featured-img":"","footer-sml-layout":"","theme-transparent-header-meta":"","adv-header-id-meta":"","stick-header-meta":"","header-above-stick-meta":"","header-main-stick-meta":"","header-below-stick-meta":"","footnotes":""},"coauthors":[],"class_list":["post-2448","page","type-page","status-publish","hentry"],"_links":{"self":[{"href":"https:\/\/cirnef.normandie-univ.fr\/index.php?rest_route=\/wp\/v2\/pages\/2448","targetHints":{"allow":["GET"]}}],"collection":[{"href":"https:\/\/cirnef.normandie-univ.fr\/index.php?rest_route=\/wp\/v2\/pages"}],"about":[{"href":"https:\/\/cirnef.normandie-univ.fr\/index.php?rest_route=\/wp\/v2\/types\/page"}],"author":[{"embeddable":true,"href":"https:\/\/cirnef.normandie-univ.fr\/index.php?rest_route=\/wp\/v2\/users\/120"}],"replies":[{"embeddable":true,"href":"https:\/\/cirnef.normandie-univ.fr\/index.php?rest_route=%2Fwp%2Fv2%2Fcomments&post=2448"}],"version-history":[{"count":1,"href":"https:\/\/cirnef.normandie-univ.fr\/index.php?rest_route=\/wp\/v2\/pages\/2448\/revisions"}],"predecessor-version":[{"id":7826,"href":"https:\/\/cirnef.normandie-univ.fr\/index.php?rest_route=\/wp\/v2\/pages\/2448\/revisions\/7826"}],"wp:attachment":[{"href":"https:\/\/cirnef.normandie-univ.fr\/index.php?rest_route=%2Fwp%2Fv2%2Fmedia&parent=2448"}],"wp:term":[{"taxonomy":"author","embeddable":true,"href":"https:\/\/cirnef.normandie-univ.fr\/index.php?rest_route=%2Fwp%2Fv2%2Fcoauthors&post=2448"}],"curies":[{"name":"wp","href":"https:\/\/api.w.org\/{rel}","templated":true}]}}