{"id":24,"date":"2018-11-30T12:36:54","date_gmt":"2018-11-30T11:36:54","guid":{"rendered":"http:\/\/localhost\/cirnef_wp\/?page_id=24"},"modified":"2022-02-15T14:29:45","modified_gmt":"2022-02-15T13:29:45","slug":"revues","status":"publish","type":"page","link":"https:\/\/cirnef.normandie-univ.fr\/?page_id=24","title":{"rendered":"Revues adoss\u00e9es au Cirnef"},"content":{"rendered":"\n\n\t<h3><strong>Penser l&rsquo;\u00e9ducation<\/strong><\/h3>\n\t<h3><strong>Les Sciences de l&rsquo;\u00e9ducation\u00a0 <\/strong><br \/>\n<strong>Pour l&rsquo;\u00c8re nouvelle<\/strong><\/h3>\n\t<h3><strong>Le T\u00e9l\u00e9maque<\/strong><\/h3>\n\t\t\t\t<a href=\"http:\/\/cirnef.normandie-univ.fr\/?page_id=3629\" target=\"_blank\" rel=\"noopener\" itemprop=\"url\">\n\t\t\t\t<img loading=\"lazy\" decoding=\"async\" src=\"http:\/\/cirnef.normandie-univ.fr\/wp-content\/uploads\/2019\/02\/PenserEduc-3.jpg\" alt=\"PenserEduc\" itemprop=\"image\" height=\"681\" width=\"441\" title=\"PenserEduc\" onerror=\"this.style.display='none'\"  \/>\n\t\t\t\t<\/a>\n\t\t\t\t<a href=\"http:\/\/www.unicaen.fr\/recherche\/mrsh\/cirnef_revue\" target=\"_blank\" rel=\"noopener\" itemprop=\"url\">\n\t\t\t\t<img loading=\"lazy\" decoding=\"async\" src=\"http:\/\/cirnef.normandie-univ.fr\/wp-content\/uploads\/2019\/05\/ereNouvelle102.jpg\" alt=\"ereNouvelle102\" itemprop=\"image\" height=\"570\" width=\"399\" title=\"ereNouvelle102\" onerror=\"this.style.display='none'\"  \/>\n\t\t\t\t<\/a>\n\t\t\t\t<a href=\"https:\/\/www.cairn.info\/revue-le-telemaque.htm\" target=\"_blank\" rel=\"noopener\" itemprop=\"url\">\n\t\t\t\t<img loading=\"lazy\" decoding=\"async\" src=\"http:\/\/cirnef.normandie-univ.fr\/wp-content\/uploads\/2019\/05\/telemaque.jpg\" alt=\"telemaque\" itemprop=\"image\" height=\"300\" width=\"200\" title=\"telemaque\" onerror=\"this.style.display='none'\"  \/>\n\t\t\t\t<\/a>\n\n","protected":false},"excerpt":{"rendered":"<p>Penser l&rsquo;\u00e9ducation Les Sciences de l&rsquo;\u00e9ducation\u00a0 Pour l&rsquo;\u00c8re nouvelle Le T\u00e9l\u00e9maque<\/p>\n","protected":false},"author":1,"featured_media":0,"parent":0,"menu_order":0,"comment_status":"closed","ping_status":"closed","template":"","meta":{"site-sidebar-layout":"default","site-content-layout":"default","ast-global-header-display":"","ast-main-header-display":"","ast-hfb-above-header-display":"","ast-hfb-below-header-display":"","ast-hfb-mobile-header-display":"","site-post-title":"","ast-breadcrumbs-content":"","ast-featured-img":"","footer-sml-layout":"","theme-transparent-header-meta":"default","adv-header-id-meta":"","stick-header-meta":"default","header-above-stick-meta":"","header-main-stick-meta":"","header-below-stick-meta":"","footnotes":""},"coauthors":[34],"class_list":["post-24","page","type-page","status-publish","hentry"],"_links":{"self":[{"href":"https:\/\/cirnef.normandie-univ.fr\/index.php?rest_route=\/wp\/v2\/pages\/24","targetHints":{"allow":["GET"]}}],"collection":[{"href":"https:\/\/cirnef.normandie-univ.fr\/index.php?rest_route=\/wp\/v2\/pages"}],"about":[{"href":"https:\/\/cirnef.normandie-univ.fr\/index.php?rest_route=\/wp\/v2\/types\/page"}],"author":[{"embeddable":true,"href":"https:\/\/cirnef.normandie-univ.fr\/index.php?rest_route=\/wp\/v2\/users\/1"}],"replies":[{"embeddable":true,"href":"https:\/\/cirnef.normandie-univ.fr\/index.php?rest_route=%2Fwp%2Fv2%2Fcomments&post=24"}],"version-history":[{"count":0,"href":"https:\/\/cirnef.normandie-univ.fr\/index.php?rest_route=\/wp\/v2\/pages\/24\/revisions"}],"wp:attachment":[{"href":"https:\/\/cirnef.normandie-univ.fr\/index.php?rest_route=%2Fwp%2Fv2%2Fmedia&parent=24"}],"wp:term":[{"taxonomy":"author","embeddable":true,"href":"https:\/\/cirnef.normandie-univ.fr\/index.php?rest_route=%2Fwp%2Fv2%2Fcoauthors&post=24"}],"curies":[{"name":"wp","href":"https:\/\/api.w.org\/{rel}","templated":true}]}}