{"id":2378,"date":"2019-05-31T10:43:15","date_gmt":"2019-05-31T08:43:15","guid":{"rendered":"http:\/\/cirnef.normandie-univ.fr\/?page_id=2378"},"modified":"2025-05-14T11:21:52","modified_gmt":"2025-05-14T09:21:52","slug":"edwin-girard","status":"publish","type":"page","link":"https:\/\/cirnef.normandie-univ.fr\/?page_id=2378","title":{"rendered":"Edwin GIRARD"},"content":{"rendered":"\n\n\t<h2>Identit\u00e9<\/h2>\n<h4>M. Edwin GIRARD<\/h4>\nAdresse :<br \/>\nUniversit\u00e9 de Rouen Normandie<br \/>\nUFR des Sciences de l&rsquo;Homme et de la Soci\u00e9t\u00e9<br \/>\nRue Lavoisier<br \/>\n76321 MONT SAINT AIGNAN CEDEX\nT\u00e9l : 06.38.22.97.96<br \/>\nEmail : <a href=\"mailto:edwin.girard@univ-rouen.fr\">edwin.girard@univ-rouen.fr<\/a>\n\t<h2>Informations<\/h2>\n<p>Inscrit en th\u00e8se depuis : Octobre 2018<\/p>\n<p>Langues pratiqu\u00e9es : Fran\u00e7ais, Anglais<\/p>\n<p>Th\u00e8me de rattachement : Th\u00e8me 1\u00a0:\u00a0\u00c9ducations Inclusives et Parcours des Enfants et des Jeunes (EIPEJ)<\/p>\n<p>Titre de la th\u00e8se : L&rsquo;intelligence \u00e9motionnelle des enseignants et des \u00e9l\u00e8ves : D\u00e9terminants, effets et programme de d\u00e9veloppement.<\/p>\n<p>Directeur : Ama\u00ebl ANDR\u00c9, PU, CIRNEF<\/p>\n<p>Co-encadrant : Beno\u00eet LOUVET, MCF, CETAPS<\/p>\n<p>&nbsp;<\/p>\n\t\t\t\t<a href=\"https:\/\/cirnef.normandie-univ.fr\/wp-content\/uploads\/2021\/07\/Edwin-3.jpeg\" target=\"_self\" itemprop=\"url\">\n\t\t\t\t<img loading=\"lazy\" decoding=\"async\" src=\"https:\/\/cirnef.normandie-univ.fr\/wp-content\/uploads\/2021\/07\/Edwin-3.jpeg\" alt=\"Edwin 3\" itemprop=\"image\" height=\"2114\" width=\"1557\" title=\"Edwin 3\" onerror=\"this.style.display='none'\"  \/>\n\t\t\t\t<\/a>\n\t\t\t<a href=\"#\" id=\"fl-accordion--label-0\" tabindex=\"0\" aria-controls=\"fl-accordion--panel-0\">\u00c0 propos<\/a>\n\t\t\t\t\t\t\t<a href=\"#\" id=\"fl-accordion--icon-0\" tabindex=\"0\" aria-controls=\"fl-accordion--panel-0\"><i>Collapse<\/i><\/a>\n\t\t<p>Professeur des \u00c9coles et doctorant en 5\u00e8me ann\u00e9e, Edwin Girard r\u00e9alise une th\u00e8se portant sur les facteurs, processus et conditions de d\u00e9veloppement de l&rsquo;Intelligence \u00c9motionnelle des enseignants et des \u00e9l\u00e8ves en lien avec les strat\u00e9gies p\u00e9dagogiques inclusives et la pratique d&rsquo;activit\u00e9 physique et sportive.<\/p>\n<p>Rattach\u00e9 en Sciences de l&rsquo;\u00c9ducation et Sciences du Sport, son travail consiste \u00e0 faire un \u00e9tat des lieux de l&rsquo;Intelligence \u00c9motionnelle chez les enseignants, leur motivation, leur sentiment d&rsquo;auto-efficacit\u00e9, leur style motivationnel, leur pratique sportive et leur strat\u00e9gie d&rsquo;adaptation en enseignement, \u00e0 v\u00e9rifier le lien de l&rsquo;Intelligence \u00c9motionnelle entre l&rsquo;enseignant et ses \u00e9l\u00e8ves et mesurer son impact, et concevoir un programme de d\u00e9veloppement de l&rsquo;Intelligence \u00c9motionnelle destin\u00e9 aux enseignants.<\/p>\nSes th\u00e9matiques de recherche sont :<br \/>\n&#8211; l&rsquo;intelligence \u00e9motionnelle ;<br \/>\n&#8211; la motivation ;<br \/>\n&#8211; le style motivationnel ;<br \/>\n&#8211; le sentiment d&rsquo;efficacit\u00e9 personnelle ;<br \/>\n&#8211; les strat\u00e9gies de coping (adaptation) face au stress.\n<p>Ces th\u00e9matiques peuvent tr\u00e8s bien concerner les enseignants comme les \u00e9l\u00e8ves en milieu ordinaire ou \u00e0 Besoins Educatifs Particuliers.<\/p>\n\t\t\t<a href=\"#\" id=\"fl-accordion--label-1\" tabindex=\"0\" aria-controls=\"fl-accordion--panel-1\">Publications<\/a>\n\t\t\t\t\t\t\t<a href=\"#\" id=\"fl-accordion--icon-1\" tabindex=\"0\" aria-controls=\"fl-accordion--panel-1\"><i>Expand<\/i><\/a>\n<p>Andr\u00e9, A., Tessier, D., Louvet, B. &amp; Girard, E. (2023).\u00a0Teachers&rsquo; Perception of Classes&rsquo; Engagement, Observed Motivating Teaching Practices, and Students&rsquo; Motivation: A Mediation Analysis. <i>Social Psychology of Education<\/i>. https:\/\/doi.org\/10.1007\/s11218-023-09805-y<\/p>\n<p>Girard, E. (2022). Systematic review of programs for the development of emotional intelligence in the worlds of Education and Sport. (en attente de publication)<\/p>\n\t\t\t<a href=\"#\" id=\"fl-accordion--label-2\" tabindex=\"0\" aria-controls=\"fl-accordion--panel-2\">Communications<\/a>\n\t\t\t\t\t\t\t<a href=\"#\" id=\"fl-accordion--icon-2\" tabindex=\"0\" aria-controls=\"fl-accordion--panel-2\"><i>Expand<\/i><\/a>\n<p>Girard, E. (2022). L&rsquo;Influence de la Pratique Sportive sur l&rsquo;Intelligence \u00c9motionnelle et la Sant\u00e9 Mentale des Enseignants Fran\u00e7ais. 17<sup>\u00e8mes<\/sup> Rencontres du REF (Recherche-\u00c9ducation-Formation). Namur, Belgique. 5-8 juillet 2022.<\/p>\n<p>Girard, E., Louvet, B. (2022). Intelligence \u00c9motionnelle et Pratique Sportive : L&rsquo;Influence de l&rsquo;Exp\u00e9rience chez les Enseignants. 7<sup>\u00e8me<\/sup> Congr\u00e8s International de la Soci\u00e9t\u00e9 Fran\u00e7aise de Psychologie du Sport (SFPS) : Exp\u00e9rience, Accompagnement de la Performance, R\u00e9silience. Vichy, France. 21-24 juin 2022.<\/p>\n<p>Girard, E. (2021). Classe invers\u00e9e : Exemples de pratiques et d&rsquo;organisation de classe. Colloque International \u00e9TIC 4 : \u00ab\u00a0\u00c9cole et TIC\u00a0\u00bb Quelle scolarisation des TIC \u00e0 l&rsquo;\u00e9cole ? Caen, France. 16-18 novembre 2021.<\/p>\n<p>Girard, E., Louvet, B. (2021). Analyse de l&rsquo;Intelligence \u00c9motionnelle des enseignants d&rsquo;\u00c9ducation Physique et Sportive : Comparatif avec les enseignants des autres disciplines. 19<sup>\u00e8me<\/sup> Congr\u00e8s International de l&rsquo;Association des Chercheurs en Activit\u00e9s Physiques et Sportives (ACAPS). Montpellier, France. 27-29 octobre 2021.<\/p>\n<p>Girard, E. (2019). Classe invers\u00e9e : Cas pratiques. Colloque International AUPTIC\u00b72019 : Les technologies au service du p\u00e9dagogique. Fribourg, Suisse. 20-22 novembre 2019.<\/p>\n\t\t\t<a href=\"#\" id=\"fl-accordion--label-3\" tabindex=\"0\" aria-controls=\"fl-accordion--panel-3\">Missions d&rsquo;enseignement<\/a>\n\t\t\t\t\t\t\t<a href=\"#\" id=\"fl-accordion--icon-3\" tabindex=\"0\" aria-controls=\"fl-accordion--panel-3\"><i>Expand<\/i><\/a>\n\t\t<p>Ann\u00e9e 2022\/2023 :<\/p>\n<ul>\n<li>L1 : TD de Psychologie g\u00e9n\u00e9rale.<\/li>\n<li>L3 : TD de Psychologie de l&rsquo;intervention.<\/li>\n<li>MEEF 1 : Encadrement de m\u00e9moires sur l&rsquo;\u00e9cole inclusive et diversit\u00e9 des publics en Fran\u00e7ais et en Math\u00e9matiques ; analyse de pratiques et situations professionnelles ; suivi de stage ; pr\u00e9paration aux \u00e9preuves d&rsquo;admissibilit\u00e9. Niveaux Master 1 et Master 2.<\/li>\n<li>MEEF 2 : Encadrement de m\u00e9moires sur l&rsquo;\u00e9cole inclusive et diversit\u00e9 des publics et sur l&rsquo;enseignement de l&rsquo;EPS ; analyse de pratiques et situations professionnelles ; suivi de stage. Niveaux Master 1 et Master 2.<\/li>\n<li>MEEF 3 : Accompagnement de m\u00e9moires sur l&rsquo;\u00e9cole inclusive et diversit\u00e9 des publics ; analyse de pratiques et situations professionnelles. Niveaux Master 1 et Master 2.<\/li>\n<\/ul>\n<p>Ann\u00e9e 2021\/2022 :<\/p>\n<ul>\n<li>Programme de d\u00e9veloppement de l&rsquo;Intelligence \u00c9motionnelle (Formation GENIE &#8211; D\u00e9velopper ses comp\u00e9tences \u00e9motionnelles) aupr\u00e8s d&rsquo;enseignants Seinomarins du 1er et du 2nd degr\u00e9.<\/li>\n<li>Formation aux pratiques inclusives aupr\u00e8s d&rsquo;enseignants sp\u00e9cialis\u00e9s dans le cadre du plan acad\u00e9mique de formation et du PIA3 100% inclusion : un d\u00e9fi, un territoire (action 3 : Construire des formation partag\u00e9es).<\/li>\n<li>MEEF 1 : Encadrement de m\u00e9moires sur l&rsquo;\u00e9cole inclusive et diversit\u00e9 des publics en Fran\u00e7ais et en Math\u00e9matiques ; analyse de pratiques et situations professionnelles ; suivi de stage ; pr\u00e9paration aux \u00e9preuves d&rsquo;admissibilit\u00e9. Niveaux Master 1 et Master 2.<\/li>\n<li>MEEF 2 : Encadrement de m\u00e9moires sur l&rsquo;\u00e9cole inclusive et diversit\u00e9 des publics et sur l&rsquo;enseignement de l&rsquo;EPS ; analyse de pratiques et situations professionnelles ; suivi de stage. Niveaux Master 1 et Master 2.<\/li>\n<\/ul>\n<p>Ann\u00e9e 2020\/2021 :<\/p>\n<ul>\n<li>L1 : TD de Psychologie g\u00e9n\u00e9rale.<\/li>\n<li>L3 : TD de Psychologie de l&rsquo;intervention.<\/li>\n<li>MEEF 1 : Accompagnement de m\u00e9moires sur l&rsquo;\u00e9cole inclusive et diversit\u00e9 des publics en Fran\u00e7ais et en Math\u00e9matiques ; analyse de pratiques et situations professionnelles ; suivi de stage ; pr\u00e9paration aux \u00e9preuves d&rsquo;admissibilit\u00e9. Niveaux Master 1 et Master 2.<\/li>\n<li>MEEF 2 : Accompagnement de m\u00e9moires sur l&rsquo;\u00e9cole inclusive et diversit\u00e9 des publics et sur l&rsquo;enseignement de l&rsquo;EPS ; analyse de pratiques et situations professionnelles ;\u00a0suivi de stage. Niveaux Master 1 et Master 2.<\/li>\n<li>MEEF 3 : Accompagnement de m\u00e9moires sur l&rsquo;\u00e9cole inclusive et diversit\u00e9 des publics ; analyse de pratiques et situations professionnelles. Niveaux Master 1 et Master 2.<\/li>\n<\/ul>\n<p>Ann\u00e9e 2019\/2020 :<\/p>\n<ul>\n<li>L1 : TD de Psychologie g\u00e9n\u00e9rale.<\/li>\n<li>L3 : TD de Psychologie de l&rsquo;intervention.<\/li>\n<li>MEEF 1 : Accompagnement de m\u00e9moires sur l&rsquo;\u00e9cole inclusive et diversit\u00e9 des publics en Fran\u00e7ais et en Math\u00e9matiques ; analyse de pratiques et situations professionnelles ; suivi de stage ; pr\u00e9paration aux \u00e9preuves d&rsquo;admissibilit\u00e9. Niveaux Master 1 et Master 2.<\/li>\n<li>MEEF 2 : Accompagnement de m\u00e9moires sur l&rsquo;\u00e9cole inclusive et diversit\u00e9 des publics et sur l&rsquo;enseignement de l&rsquo;EPS ; analyse de pratiques et situations professionnelles. Niveaux Master 1 et Master 2.<\/li>\n<li>MEEF 3 : Accompagnement de m\u00e9moires sur l&rsquo;\u00e9cole inclusive et diversit\u00e9 des publics ; analyse de pratiques et situations professionnelles. Niveaux Master 1 et Master 2.<\/li>\n<\/ul>\n<p>Ann\u00e9e 2018\/2019 :<\/p>\n<ul>\n<li>L1 : TD de Psychologie g\u00e9n\u00e9rale.<\/li>\n<li>MEEF 1 : Accompagnement de m\u00e9moires sur l&rsquo;\u00e9cole inclusive et diversit\u00e9 des publics en Fran\u00e7ais et en Math\u00e9matiques ; analyse de pratiques et situations professionnelles ; suivi de stage ; pr\u00e9paration aux \u00e9preuves d&rsquo;admissibilit\u00e9. Niveaux Master 1 et Master 2.<\/li>\n<li>MEEF 2 : Accompagnement de m\u00e9moires sur l&rsquo;enseignement de l&rsquo;EPS ; analyse de pratiques et situations professionnelles. Niveaux Master 1 et Master 2.<\/li>\n<\/ul>\n\n","protected":false},"excerpt":{"rendered":"<p>Identit\u00e9 M. Edwin GIRARD Adresse : Universit\u00e9 de Rouen Normandie UFR des Sciences de l&rsquo;Homme et de la Soci\u00e9t\u00e9 Rue Lavoisier 76321 MONT SAINT AIGNAN CEDEX T\u00e9l : 06.38.22.97.96 Email : edwin.girard@univ-rouen.fr Informations Inscrit en th\u00e8se depuis : Octobre 2018 Langues pratiqu\u00e9es : Fran\u00e7ais, Anglais Th\u00e8me de rattachement : Th\u00e8me 1\u00a0:\u00a0\u00c9ducations Inclusives et Parcours des &hellip;<\/p>\n<p class=\"read-more\"> <a class=\"\" href=\"https:\/\/cirnef.normandie-univ.fr\/?page_id=2378\"> <span class=\"screen-reader-text\">Edwin GIRARD<\/span> Lire la suite \u00bb<\/a><\/p>\n","protected":false},"author":109,"featured_media":0,"parent":0,"menu_order":0,"comment_status":"closed","ping_status":"closed","template":"","meta":{"site-sidebar-layout":"default","site-content-layout":"default","ast-global-header-display":"","ast-main-header-display":"","ast-hfb-above-header-display":"","ast-hfb-below-header-display":"","ast-hfb-mobile-header-display":"","site-post-title":"","ast-breadcrumbs-content":"","ast-featured-img":"","footer-sml-layout":"","theme-transparent-header-meta":"default","adv-header-id-meta":"","stick-header-meta":"default","header-above-stick-meta":"","header-main-stick-meta":"","header-below-stick-meta":"","footnotes":""},"coauthors":[],"class_list":["post-2378","page","type-page","status-publish","hentry"],"_links":{"self":[{"href":"https:\/\/cirnef.normandie-univ.fr\/index.php?rest_route=\/wp\/v2\/pages\/2378","targetHints":{"allow":["GET"]}}],"collection":[{"href":"https:\/\/cirnef.normandie-univ.fr\/index.php?rest_route=\/wp\/v2\/pages"}],"about":[{"href":"https:\/\/cirnef.normandie-univ.fr\/index.php?rest_route=\/wp\/v2\/types\/page"}],"author":[{"embeddable":true,"href":"https:\/\/cirnef.normandie-univ.fr\/index.php?rest_route=\/wp\/v2\/users\/109"}],"replies":[{"embeddable":true,"href":"https:\/\/cirnef.normandie-univ.fr\/index.php?rest_route=%2Fwp%2Fv2%2Fcomments&post=2378"}],"version-history":[{"count":1,"href":"https:\/\/cirnef.normandie-univ.fr\/index.php?rest_route=\/wp\/v2\/pages\/2378\/revisions"}],"predecessor-version":[{"id":7807,"href":"https:\/\/cirnef.normandie-univ.fr\/index.php?rest_route=\/wp\/v2\/pages\/2378\/revisions\/7807"}],"wp:attachment":[{"href":"https:\/\/cirnef.normandie-univ.fr\/index.php?rest_route=%2Fwp%2Fv2%2Fmedia&parent=2378"}],"wp:term":[{"taxonomy":"author","embeddable":true,"href":"https:\/\/cirnef.normandie-univ.fr\/index.php?rest_route=%2Fwp%2Fv2%2Fcoauthors&post=2378"}],"curies":[{"name":"wp","href":"https:\/\/api.w.org\/{rel}","templated":true}]}}