{"id":2292,"date":"2019-05-29T16:32:37","date_gmt":"2019-05-29T14:32:37","guid":{"rendered":"http:\/\/cirnef.normandie-univ.fr\/?page_id=2292"},"modified":"2025-05-14T14:27:46","modified_gmt":"2025-05-14T12:27:46","slug":"krishnah-moortee-saurty","status":"publish","type":"page","link":"https:\/\/cirnef.normandie-univ.fr\/?page_id=2292","title":{"rendered":"Krishnah Moortee SAURTY"},"content":{"rendered":"\n\n\t<h2>Identit\u00e9<\/h2>\n<h4>Mr Krishnah Moortee SAURTY<\/h4>\n<p>Adresse : Ile Maurice<\/p>\nT\u00e9l :+230 59109191<br \/>\nEmail : <a href=\"mailto:kmsaurty@udm.ac.mu\">kmsaurty@udm.ac.mu<\/a><br \/>\nSite :\n\t\t\t\t<a href=\"https:\/\/cirnef.normandie-univ.fr\/wp-content\/uploads\/2019\/05\/photokms.jpg\" target=\"_self\" itemprop=\"url\">\n\t\t\t\t<img loading=\"lazy\" decoding=\"async\" src=\"https:\/\/cirnef.normandie-univ.fr\/wp-content\/uploads\/2019\/05\/photokms.jpg\" alt=\"km Saurty\" itemprop=\"image\" height=\"382\" width=\"418\" title=\"km Saurty\" onerror=\"this.style.display='none'\"  \/>\n\t\t\t\t<\/a>\n\t<h2>Mots-cl\u00e9s<\/h2>\n<blockquote><p>&nbsp;<\/p><\/blockquote>\n\t\t\t<a href=\"#\" id=\"fl-accordion--label-0\" tabindex=\"0\" aria-controls=\"fl-accordion--panel-0\">Pr\u00e9sentation<\/a>\n\t\t\t\t\t\t\t<a href=\"#\" id=\"fl-accordion--icon-0\" tabindex=\"0\" aria-controls=\"fl-accordion--panel-0\"><i>Collapse<\/i><\/a>\n\t\t<p>Enseignant principalement en Marketing \u00e0 l&rsquo;Universit\u00e9 de Mascareignes, je travaille sur le d\u00e9veloppement des comp\u00e9tences transversales des \u00e9tudiants sur les Plateformes d&rsquo;Enseignement. Apr\u00e8s un Master Pro dans le domaine des sciences de l&rsquo;\u00e9ducation, avec une sp\u00e9cialisation en UTICEF (Utilisation des Technologies de l&rsquo;Information et de la Communication dans l&rsquo;Enseignement et la Formation), \u00e0 l&rsquo;Universit\u00e9 de Strasbourg I, Louis Pasteur (France), je me suis engag\u00e9 dans une th\u00e8se de doctorat en sciences de l&rsquo;\u00e9ducation sur l&rsquo;int\u00e9gration des Tic dans le syst\u00e8me \u00e9ducatif \u00e0 l&rsquo;ile Maurice aupr\u00e8s de l&rsquo;Universit\u00e9 de Limoges. Chercheur associ\u00e9 au Centre Interdisciplinaire de Recherche Normand en Education &amp; Formation (UniCaen, France). Je co-dirige \u00e9galement l&rsquo;Institut Num\u00e9rique de la Connaissance et de la Recherche (INCRE) et suis responsable du Centre de Formation Ouverte et \u00e0 Distance (FOAD) de l&rsquo;Universit\u00e9 de Mascareignes r\u00e9cemment cr\u00e9es.<\/p>\n\t\t\t<a href=\"#\" id=\"fl-accordion--label-1\" tabindex=\"0\" aria-controls=\"fl-accordion--panel-1\">Publications r\u00e9centes<\/a>\n\t\t\t\t\t\t\t<a href=\"#\" id=\"fl-accordion--icon-1\" tabindex=\"0\" aria-controls=\"fl-accordion--panel-1\"><i>Expand<\/i><\/a>\n\t\t\t<a href=\"#\" id=\"fl-accordion--label-2\" tabindex=\"0\" aria-controls=\"fl-accordion--panel-2\">Collaborations<\/a>\n\t\t\t\t\t\t\t<a href=\"#\" id=\"fl-accordion--icon-2\" tabindex=\"0\" aria-controls=\"fl-accordion--panel-2\"><i>Expand<\/i><\/a>\n\t\t<p>Je suis le repr\u00e9sentant officiel du projet d&rsquo;accord de coop\u00e9ration universitaire internationale entre l&rsquo;Universit\u00e9 des Mascareignes (Maurice) et l&rsquo;Universit\u00e9 de Caen-Normandie (France) dans le cadre de la formation \u00e0 distance et de la recherche sur la FOAD.<\/p>\n\n","protected":false},"excerpt":{"rendered":"<p>Identit\u00e9 Mr Krishnah Moortee SAURTY Adresse : Ile Maurice T\u00e9l :+230 59109191 Email : kmsaurty@udm.ac.mu Site : Mots-cl\u00e9s &nbsp; Pr\u00e9sentation Collapse Enseignant principalement en Marketing \u00e0 l&rsquo;Universit\u00e9 de Mascareignes, je travaille sur le d\u00e9veloppement des comp\u00e9tences transversales des \u00e9tudiants sur les Plateformes d&rsquo;Enseignement. Apr\u00e8s un Master Pro dans le domaine des sciences de l&rsquo;\u00e9ducation, avec &hellip;<\/p>\n<p class=\"read-more\"> <a class=\"\" href=\"https:\/\/cirnef.normandie-univ.fr\/?page_id=2292\"> <span class=\"screen-reader-text\">Krishnah Moortee SAURTY<\/span> Lire la suite \u00bb<\/a><\/p>\n","protected":false},"author":107,"featured_media":0,"parent":0,"menu_order":0,"comment_status":"closed","ping_status":"closed","template":"","meta":{"site-sidebar-layout":"default","site-content-layout":"default","ast-global-header-display":"","ast-main-header-display":"","ast-hfb-above-header-display":"","ast-hfb-below-header-display":"","ast-hfb-mobile-header-display":"","site-post-title":"","ast-breadcrumbs-content":"","ast-featured-img":"","footer-sml-layout":"","theme-transparent-header-meta":"","adv-header-id-meta":"","stick-header-meta":"","header-above-stick-meta":"","header-main-stick-meta":"","header-below-stick-meta":"","footnotes":""},"coauthors":[],"class_list":["post-2292","page","type-page","status-publish","hentry"],"_links":{"self":[{"href":"https:\/\/cirnef.normandie-univ.fr\/index.php?rest_route=\/wp\/v2\/pages\/2292","targetHints":{"allow":["GET"]}}],"collection":[{"href":"https:\/\/cirnef.normandie-univ.fr\/index.php?rest_route=\/wp\/v2\/pages"}],"about":[{"href":"https:\/\/cirnef.normandie-univ.fr\/index.php?rest_route=\/wp\/v2\/types\/page"}],"author":[{"embeddable":true,"href":"https:\/\/cirnef.normandie-univ.fr\/index.php?rest_route=\/wp\/v2\/users\/107"}],"replies":[{"embeddable":true,"href":"https:\/\/cirnef.normandie-univ.fr\/index.php?rest_route=%2Fwp%2Fv2%2Fcomments&post=2292"}],"version-history":[{"count":1,"href":"https:\/\/cirnef.normandie-univ.fr\/index.php?rest_route=\/wp\/v2\/pages\/2292\/revisions"}],"predecessor-version":[{"id":7824,"href":"https:\/\/cirnef.normandie-univ.fr\/index.php?rest_route=\/wp\/v2\/pages\/2292\/revisions\/7824"}],"wp:attachment":[{"href":"https:\/\/cirnef.normandie-univ.fr\/index.php?rest_route=%2Fwp%2Fv2%2Fmedia&parent=2292"}],"wp:term":[{"taxonomy":"author","embeddable":true,"href":"https:\/\/cirnef.normandie-univ.fr\/index.php?rest_route=%2Fwp%2Fv2%2Fcoauthors&post=2292"}],"curies":[{"name":"wp","href":"https:\/\/api.w.org\/{rel}","templated":true}]}}