{"id":2265,"date":"2019-05-29T15:42:33","date_gmt":"2019-05-29T13:42:33","guid":{"rendered":"http:\/\/cirnef.normandie-univ.fr\/?page_id=2265"},"modified":"2025-05-14T10:59:40","modified_gmt":"2025-05-14T08:59:40","slug":"isabelle-celeri","status":"publish","type":"page","link":"https:\/\/cirnef.normandie-univ.fr\/?page_id=2265","title":{"rendered":"Isabelle CELERI"},"content":{"rendered":"\n\n\t<h2>Identit\u00e9<\/h2>\n<h4>Mme Isabelle CELERI<\/h4>\nAdresse : Universit\u00e9 de Rouen Normandie<br \/>\nEcole Sup\u00e9rieure du Professorat et de l&rsquo;Education<br \/>\n2 rue du Tronquet<br \/>\n76130 MONT SAINT AIGNAN\nT\u00e9l :<br \/>\nEmail : <a href=\"mailto:isabelle.celeri@univ-rouen.fr\">isabelle.celeri@univ-rouen.fr<\/a>\n\t<h2>Informations<\/h2>\nInscrit en th\u00e8se depuis : 01\/09\/2018<br \/>\nLangue(s) pratiqu\u00e9e(s) : Fran\u00e7ais\n<p>Th\u00e8me de rattachement : Th\u00e8me 2<\/p>\nTitre de la th\u00e8se :<br \/>\nDirecteur de th\u00e8se : Richard WITTORSKI\n<p>&nbsp;<\/p>\n\t\t\t\t<a href=\"https:\/\/cirnef.normandie-univ.fr\/wp-content\/uploads\/2019\/05\/190529-161249.jpg\" target=\"_self\" itemprop=\"url\">\n\t\t\t\t<img loading=\"lazy\" decoding=\"async\" src=\"https:\/\/cirnef.normandie-univ.fr\/wp-content\/uploads\/2019\/05\/190529-161249.jpg\" alt=\"190529-161249\" itemprop=\"image\" height=\"480\" width=\"640\" title=\"190529-161249\" onerror=\"this.style.display='none'\"  \/>\n\t\t\t\t<\/a>\n\t\t\t<a href=\"#\" id=\"fl-accordion--label-0\" tabindex=\"0\" aria-controls=\"fl-accordion--panel-0\">Pr\u00e9sentation du projet de th\u00e8se<\/a>\n\t\t\t\t\t\t\t<a href=\"#\" id=\"fl-accordion--icon-0\" tabindex=\"0\" aria-controls=\"fl-accordion--panel-0\"><i>Collapse<\/i><\/a>\n\t\t<p>&nbsp;<\/p>\n<p>&nbsp;<\/p>\n<h4>Mots-cl\u00e9s<\/h4>\n<blockquote><p>&nbsp;<\/p><\/blockquote>\n\t\t\t<a href=\"#\" id=\"fl-accordion--label-1\" tabindex=\"0\" aria-controls=\"fl-accordion--panel-1\">Publications<\/a>\n\t\t\t\t\t\t\t<a href=\"#\" id=\"fl-accordion--icon-1\" tabindex=\"0\" aria-controls=\"fl-accordion--panel-1\"><i>Expand<\/i><\/a>\n\t\t\t<a href=\"#\" id=\"fl-accordion--label-2\" tabindex=\"0\" aria-controls=\"fl-accordion--panel-2\">Communications<\/a>\n\t\t\t\t\t\t\t<a href=\"#\" id=\"fl-accordion--icon-2\" tabindex=\"0\" aria-controls=\"fl-accordion--panel-2\"><i>Expand<\/i><\/a>\n\t\t\t<a href=\"#\" id=\"fl-accordion--label-3\" tabindex=\"0\" aria-controls=\"fl-accordion--panel-3\">Collaborations<\/a>\n\t\t\t\t\t\t\t<a href=\"#\" id=\"fl-accordion--icon-3\" tabindex=\"0\" aria-controls=\"fl-accordion--panel-3\"><i>Expand<\/i><\/a>\n\t\t\t<a href=\"#\" id=\"fl-accordion--label-4\" tabindex=\"0\" aria-controls=\"fl-accordion--panel-4\">Cours dispens\u00e9s<\/a>\n\t\t\t\t\t\t\t<a href=\"#\" id=\"fl-accordion--icon-4\" tabindex=\"0\" aria-controls=\"fl-accordion--panel-4\"><i>Expand<\/i><\/a>\n\t\t\t<a href=\"#\" id=\"fl-accordion--label-5\" tabindex=\"0\" aria-controls=\"fl-accordion--panel-5\">Prix, bourses, etc&#8230;<\/a>\n\t\t\t\t\t\t\t<a href=\"#\" id=\"fl-accordion--icon-5\" tabindex=\"0\" aria-controls=\"fl-accordion--panel-5\"><i>Expand<\/i><\/a>\n\n","protected":false},"excerpt":{"rendered":"<p>Identit\u00e9 Mme Isabelle CELERI Adresse : Universit\u00e9 de Rouen Normandie Ecole Sup\u00e9rieure du Professorat et de l&rsquo;Education 2 rue du Tronquet 76130 MONT SAINT AIGNAN T\u00e9l : Email : isabelle.celeri@univ-rouen.fr Informations Inscrit en th\u00e8se depuis : 01\/09\/2018 Langue(s) pratiqu\u00e9e(s) : Fran\u00e7ais Th\u00e8me de rattachement : Th\u00e8me 2 Titre de la th\u00e8se : Directeur de th\u00e8se &hellip;<\/p>\n<p class=\"read-more\"> <a class=\"\" href=\"https:\/\/cirnef.normandie-univ.fr\/?page_id=2265\"> <span class=\"screen-reader-text\">Isabelle CELERI<\/span> Lire la suite \u00bb<\/a><\/p>\n","protected":false},"author":103,"featured_media":0,"parent":0,"menu_order":0,"comment_status":"closed","ping_status":"closed","template":"","meta":{"site-sidebar-layout":"default","site-content-layout":"default","ast-global-header-display":"","ast-main-header-display":"","ast-hfb-above-header-display":"","ast-hfb-below-header-display":"","ast-hfb-mobile-header-display":"","site-post-title":"","ast-breadcrumbs-content":"","ast-featured-img":"","footer-sml-layout":"","theme-transparent-header-meta":"","adv-header-id-meta":"","stick-header-meta":"","header-above-stick-meta":"","header-main-stick-meta":"","header-below-stick-meta":"","footnotes":""},"coauthors":[],"class_list":["post-2265","page","type-page","status-publish","hentry"],"_links":{"self":[{"href":"https:\/\/cirnef.normandie-univ.fr\/index.php?rest_route=\/wp\/v2\/pages\/2265","targetHints":{"allow":["GET"]}}],"collection":[{"href":"https:\/\/cirnef.normandie-univ.fr\/index.php?rest_route=\/wp\/v2\/pages"}],"about":[{"href":"https:\/\/cirnef.normandie-univ.fr\/index.php?rest_route=\/wp\/v2\/types\/page"}],"author":[{"embeddable":true,"href":"https:\/\/cirnef.normandie-univ.fr\/index.php?rest_route=\/wp\/v2\/users\/103"}],"replies":[{"embeddable":true,"href":"https:\/\/cirnef.normandie-univ.fr\/index.php?rest_route=%2Fwp%2Fv2%2Fcomments&post=2265"}],"version-history":[{"count":1,"href":"https:\/\/cirnef.normandie-univ.fr\/index.php?rest_route=\/wp\/v2\/pages\/2265\/revisions"}],"predecessor-version":[{"id":7797,"href":"https:\/\/cirnef.normandie-univ.fr\/index.php?rest_route=\/wp\/v2\/pages\/2265\/revisions\/7797"}],"wp:attachment":[{"href":"https:\/\/cirnef.normandie-univ.fr\/index.php?rest_route=%2Fwp%2Fv2%2Fmedia&parent=2265"}],"wp:term":[{"taxonomy":"author","embeddable":true,"href":"https:\/\/cirnef.normandie-univ.fr\/index.php?rest_route=%2Fwp%2Fv2%2Fcoauthors&post=2265"}],"curies":[{"name":"wp","href":"https:\/\/api.w.org\/{rel}","templated":true}]}}