{"id":212,"date":"2018-12-03T16:15:05","date_gmt":"2018-12-03T15:15:05","guid":{"rendered":"http:\/\/localhost\/cirnef_wp\/?page_id=212"},"modified":"2020-02-20T12:13:12","modified_gmt":"2020-02-20T11:13:12","slug":"logiciels","status":"publish","type":"page","link":"https:\/\/cirnef.normandie-univ.fr\/?page_id=212","title":{"rendered":"Logiciels et mat\u00e9riel"},"content":{"rendered":"\n\t<p><strong>Logiciels disponibles dans la salle d&rsquo;analyse de donn\u00e9es en SHS : <a href=\"http:\/\/cirnef.normandie-univ.fr\/wp-content\/uploads\/2020\/02\/Logiciels-Salle-BQR.pdf\" target=\"_blank\" rel=\"noopener noreferrer\">T\u00e9l\u00e9charger la liste<\/a><\/strong><\/p>\n<p><strong>Contact : <\/strong><a href=\"mailto:claudie.bobineau@univ-rouen.fr\" target=\"_blank\" rel=\"noreferrer noopener\"><strong>claudie.bobineau@univ-rouen.fr<\/strong><\/a><\/p>\n","protected":false},"excerpt":{"rendered":"<p>Logiciels disponibles dans la salle d&rsquo;analyse de donn\u00e9es en SHS : T\u00e9l\u00e9charger la liste Contact : claudie.bobineau@univ-rouen.fr<\/p>\n","protected":false},"author":1,"featured_media":0,"parent":0,"menu_order":0,"comment_status":"closed","ping_status":"closed","template":"","meta":{"site-sidebar-layout":"default","site-content-layout":"default","ast-global-header-display":"","ast-main-header-display":"","ast-hfb-above-header-display":"","ast-hfb-below-header-display":"","ast-hfb-mobile-header-display":"","site-post-title":"","ast-breadcrumbs-content":"","ast-featured-img":"","footer-sml-layout":"","theme-transparent-header-meta":"","adv-header-id-meta":"","stick-header-meta":"","header-above-stick-meta":"","header-main-stick-meta":"","header-below-stick-meta":"","footnotes":""},"coauthors":[],"class_list":["post-212","page","type-page","status-publish","hentry"],"_links":{"self":[{"href":"https:\/\/cirnef.normandie-univ.fr\/index.php?rest_route=\/wp\/v2\/pages\/212","targetHints":{"allow":["GET"]}}],"collection":[{"href":"https:\/\/cirnef.normandie-univ.fr\/index.php?rest_route=\/wp\/v2\/pages"}],"about":[{"href":"https:\/\/cirnef.normandie-univ.fr\/index.php?rest_route=\/wp\/v2\/types\/page"}],"author":[{"embeddable":true,"href":"https:\/\/cirnef.normandie-univ.fr\/index.php?rest_route=\/wp\/v2\/users\/1"}],"replies":[{"embeddable":true,"href":"https:\/\/cirnef.normandie-univ.fr\/index.php?rest_route=%2Fwp%2Fv2%2Fcomments&post=212"}],"version-history":[{"count":0,"href":"https:\/\/cirnef.normandie-univ.fr\/index.php?rest_route=\/wp\/v2\/pages\/212\/revisions"}],"wp:attachment":[{"href":"https:\/\/cirnef.normandie-univ.fr\/index.php?rest_route=%2Fwp%2Fv2%2Fmedia&parent=212"}],"wp:term":[{"taxonomy":"author","embeddable":true,"href":"https:\/\/cirnef.normandie-univ.fr\/index.php?rest_route=%2Fwp%2Fv2%2Fcoauthors&post=212"}],"curies":[{"name":"wp","href":"https:\/\/api.w.org\/{rel}","templated":true}]}}