{"id":2038,"date":"2019-05-13T14:07:16","date_gmt":"2019-05-13T12:07:16","guid":{"rendered":"http:\/\/cirnef.normandie-univ.fr\/?page_id=2038"},"modified":"2026-03-24T15:21:05","modified_gmt":"2026-03-24T14:21:05","slug":"theme-4-2","status":"publish","type":"page","link":"https:\/\/cirnef.normandie-univ.fr\/?page_id=2038","title":{"rendered":"Th\u00e8me 4 : Savoirs, P\u00e9dagogies, Institutions, Didactiques (SPID)"},"content":{"rendered":"\n\n\t<p>Responsables : <a href=\"http:\/\/cirnef.normandie-univ.fr\/?page_id=1382\" target=\"_blank\" rel=\"noopener\">Isabelle Harl\u00e9 (Caen)<\/a> et <a href=\"http:\/\/cirnef.normandie-univ.fr\/?page_id=1365\" target=\"_blank\" rel=\"noopener\">\u00c9milie Dubois (Rouen)<\/a><\/p>\n\t<p>Membres :<\/p>\n<p>Enseignant.e.s chercheur.e.s : <a href=\"http:\/\/cirnef.normandie-univ.fr\/?page_id=1335\" target=\"_blank\" rel=\"noopener\">P. Cl\u00e9ment (MCF)<\/a>, <a href=\"https:\/\/cirnef.normandie-univ.fr\/?page_id=4690\" target=\"_blank\" rel=\"noopener\">B. Delattre (MCF),<\/a> <a href=\"http:\/\/cirnef.normandie-univ.fr\/?page_id=1837\" target=\"_blank\" rel=\"noopener\">V. Desvages-Vasselin (MCF)<\/a>, <a href=\"http:\/\/cirnef.normandie-univ.fr\/?page_id=1365\" target=\"_blank\" rel=\"noopener\">\u00c9. Dubois (MCF HDR)<\/a>, <a href=\"http:\/\/cirnef.normandie-univ.fr\/?page_id=1376\" target=\"_blank\" rel=\"noopener\">J.-P. Georget (MCF)<\/a>, <a href=\"http:\/\/cirnef.normandie-univ.fr\/?page_id=1382\" target=\"_blank\" rel=\"noopener\">I. Harl\u00e9 (PU)<\/a>,\u00a0<a href=\"http:\/\/cirnef.normandie-univ.fr\/?page_id=1412\" target=\"_blank\" rel=\"noopener\">L. Lescouarch (PU)<\/a>, <a href=\"https:\/\/cirnef.normandie-univ.fr\/?page_id=4158\" target=\"_blank\" rel=\"noopener\">E. Martin (MCF)<\/a>, <a href=\"http:\/\/cirnef.normandie-univ.fr\/?page_id=1424\" target=\"_blank\" rel=\"noopener\">Y. Michel (MCF)<\/a>, <a href=\"http:\/\/cirnef.normandie-univ.fr\/?page_id=1432\" target=\"_blank\" rel=\"noopener\">F. Ouitre (MCF)<\/a>, <a href=\"http:\/\/cirnef.normandie-univ.fr\/?page_id=4549\" target=\"_blank\" rel=\"noopener\">D. Patry (MCF)<\/a>, <a href=\"http:\/\/cirnef.normandie-univ.fr\/?page_id=6395\" target=\"_blank\" rel=\"noopener\">I. Pereira (PU)<\/a>, <a href=\"http:\/\/cirnef.normandie-univ.fr\/?page_id=7124\" target=\"_blank\" rel=\"noopener\">S. Quirino-Chaves (MCF)<\/a>, <a href=\"http:\/\/cirnef.normandie-univ.fr\/?page_id=1462\" target=\"_blank\" rel=\"noopener\">M. Vergnon (MCF)<\/a>.<\/p>\n<p>\u00c9m\u00e9rites : P. Kahn, <a href=\"http:\/\/cirnef.normandie-univ.fr\/?page_id=1398\" target=\"_blank\" rel=\"noopener\">F. Kalali<\/a>, <a href=\"https:\/\/cirnef.normandie-univ.fr\/?page_id=1416\" target=\"_blank\" rel=\"noopener\">M.-L. Martinez<\/a>, H. Peyronie.<\/p>\n<p>Doctorant.e.s : D. Batiga, A. Belaziz, C. Chambon, J.-M. Cisuaka Kabamba, L.-A. Debuine, N. Gallet, J. Hansberger, J. Louli, C. Lux, Y. Mabire, M. Martin (Wietrzykowski), A. Quartino, A. Quentin, E. Schmitt, E. Six, S. Sor.<\/p>\n<p>Associ\u00e9s : T. Auzou-Caillemet, F. Bambe, C. Belisson, <a href=\"https:\/\/cirnef.normandie-univ.fr\/?page_id=1827\" target=\"_blank\" rel=\"noopener\">F.-X. Beuve<\/a>, A. Blanc-Serra, P. Dasi, G. Delesque, L. Deret Aubry, C. Dheilly, V. Duchemin, O. Fleury, N. Focksia Docksou, J. Houssaye, B. Hubert, O. Lefebvre, \u00c9. Maizonnier-Payelle, S. Ponnou, F. Roy, A. Ruolt, L. Thouroude, L. Tr\u00e9mel, A. Tschirhart, A. Vergnioux, S. Voisin.<\/p>\n<p>ATER : <a href=\"https:\/\/cirnef.normandie-univ.fr\/?page_id=1827\" target=\"_blank\" rel=\"noopener\">F.-X. Beuve<\/a>, C. Lucarelli<\/p>\n\t<p>Le th\u00e8me 4 du Cirnef \u00e9tudie l&rsquo;activit\u00e9, les pratiques et les transformations des savoirs et leur mode de transmission dans le champ de l&rsquo;\u00e9ducation et de la formation, dans un monde marqu\u00e9 par l&rsquo;incertitude face \u00e0 des \u00e9volutions majeures.<\/p>\n<p>L&rsquo;analyse des pratiques p\u00e9dagogiques et didactiques, en privil\u00e9giant des m\u00e9thodologies qualitatives, permet de formuler de nouvelles probl\u00e9matiques pour appr\u00e9hender ces changements et proposer des alternatives aux formes dominantes d&rsquo;\u00e9ducation formelle et non formelle.<\/p>\n<p>\u00c0 l&rsquo;heure d&rsquo;une ouverture de plus en plus importante de l&rsquo;\u00e9cole et de la formation, les recherches de ce th\u00e8me portent sur les champs de l&rsquo;enseignement, de l&rsquo;animation, de la sant\u00e9 et du social. Les modalit\u00e9s et les contenus d&rsquo;enseignement et de formation sont \u00e9tudi\u00e9s depuis leur construction jusqu&rsquo;\u00e0 leur diffusion et leur r\u00e9ception.<\/p>\n<p>Pour appr\u00e9hender la complexit\u00e9 des objets \u00e9tudi\u00e9s, les chercheurs du th\u00e8me 4 mobilisent des approches th\u00e9oriques vari\u00e9es (disciplinaires, inter et transdisciplinaires) : historiques, psychologiques, sociologiques, philosophiques, p\u00e9dagogiques, didactiques, cliniques.<\/p>\n<p>Mots cl\u00e9s : pratiques ; activit\u00e9 ; innovation ; d\u00e9volution ; contenus ; enseignement, apprentissage ; \u00e9thique ; id\u00e9es ; dispositifs ; enjeux politiques.<\/p>\n\t<strong>10-12 juin 2026 :<\/strong><br \/>\n<strong>Colloque annuel de la Sofphied : \u00ab\u00a0Culture(s) et \u00e9ducation\u00a0\u00bb<\/strong><br \/>\n<strong><a href=\"http:\/\/cirnef.normandie-univ.fr\/wp-content\/uploads\/2025\/12\/appel-a-communication-colloque-sofphied-2026.pdf\" target=\"_blank\" rel=\"noopener\">Appel \u00e0 communications<\/a><\/strong>\n<p>&nbsp;<\/p>\n<strong>8 avril 2026 :\u00a0<\/strong><br \/>\n<strong>Journ\u00e9e d&rsquo;\u00e9tude \u00ab\u00a0Innovations p\u00e9dagogiques et pratiques inclusives dans les environnements scolaires\u00a0\u00bb<\/strong><br \/>\n<a href=\"http:\/\/cirnef.normandie-univ.fr\/wp-content\/uploads\/2026\/03\/programme-je-innovations-pedagogiques-1.pdf\"><strong>Programme<\/strong><\/a>\n<p>&nbsp;<\/p>\n<strong>26 novembre 2025 :<br \/>\n<\/strong><strong>Journ\u00e9e d&rsquo;\u00e9tude \u00ab\u00a0Les espaces scolaires en question : pratiques, usages et transformations\u00a0\u00bb<br \/>\n<\/strong>(co-organisation L\u00e9A-IF\u00c9 et CIRNEF \u00e0 l&rsquo;INSP\u00c9 Normandie &#8211; Caen)<br \/>\n<a href=\"http:\/\/cirnef.normandie-univ.fr\/wp-content\/uploads\/2025\/10\/Programme-journee-detude_Les-espaces-scolaires-en-question_26nov2025.pdf\" target=\"_blank\" rel=\"noopener\"><strong>Programme<\/strong><\/a>\n<p>&nbsp;<\/p>\n<strong>12-14 juin 2024 :<br \/>\n6e Colloque de l&rsquo;ATRHE \u00ab\u00a0<em>Innovation, r\u00e9forme, exp\u00e9rimentation en \u00e9ducation : perspectives historiques (XVIIe-XXIe si\u00e8cles)\u00a0\u00bb<br \/>\n<\/em><a href=\"https:\/\/histo-innovation.sciencesconf.org\/\" target=\"_blank\" rel=\"noopener\">Site du colloque<\/a><\/strong>\n\n","protected":false},"excerpt":{"rendered":"<p>Responsables : Isabelle Harl\u00e9 (Caen) et \u00c9milie Dubois (Rouen) Membres : Enseignant.e.s chercheur.e.s : P. Cl\u00e9ment (MCF), B. Delattre (MCF), V. Desvages-Vasselin (MCF), \u00c9. Dubois (MCF HDR), J.-P. Georget (MCF), I. Harl\u00e9 (PU),\u00a0L. Lescouarch (PU), E. Martin (MCF), Y. Michel (MCF), F. Ouitre (MCF), D. Patry (MCF), I. Pereira (PU), S. Quirino-Chaves (MCF), M. Vergnon &hellip;<\/p>\n<p class=\"read-more\"> <a class=\"\" href=\"https:\/\/cirnef.normandie-univ.fr\/?page_id=2038\"> <span class=\"screen-reader-text\">Th\u00e8me 4 : Savoirs, P\u00e9dagogies, Institutions, Didactiques (SPID)<\/span> Lire la suite \u00bb<\/a><\/p>\n","protected":false},"author":23,"featured_media":0,"parent":0,"menu_order":0,"comment_status":"closed","ping_status":"closed","template":"","meta":{"site-sidebar-layout":"default","site-content-layout":"default","ast-global-header-display":"","ast-main-header-display":"","ast-hfb-above-header-display":"","ast-hfb-below-header-display":"","ast-hfb-mobile-header-display":"","site-post-title":"","ast-breadcrumbs-content":"","ast-featured-img":"","footer-sml-layout":"","theme-transparent-header-meta":"default","adv-header-id-meta":"","stick-header-meta":"default","header-above-stick-meta":"","header-main-stick-meta":"","header-below-stick-meta":"","footnotes":""},"coauthors":[218],"class_list":["post-2038","page","type-page","status-publish","hentry"],"_links":{"self":[{"href":"https:\/\/cirnef.normandie-univ.fr\/index.php?rest_route=\/wp\/v2\/pages\/2038","targetHints":{"allow":["GET"]}}],"collection":[{"href":"https:\/\/cirnef.normandie-univ.fr\/index.php?rest_route=\/wp\/v2\/pages"}],"about":[{"href":"https:\/\/cirnef.normandie-univ.fr\/index.php?rest_route=\/wp\/v2\/types\/page"}],"author":[{"embeddable":true,"href":"https:\/\/cirnef.normandie-univ.fr\/index.php?rest_route=\/wp\/v2\/users\/23"}],"replies":[{"embeddable":true,"href":"https:\/\/cirnef.normandie-univ.fr\/index.php?rest_route=%2Fwp%2Fv2%2Fcomments&post=2038"}],"version-history":[{"count":5,"href":"https:\/\/cirnef.normandie-univ.fr\/index.php?rest_route=\/wp\/v2\/pages\/2038\/revisions"}],"predecessor-version":[{"id":8446,"href":"https:\/\/cirnef.normandie-univ.fr\/index.php?rest_route=\/wp\/v2\/pages\/2038\/revisions\/8446"}],"wp:attachment":[{"href":"https:\/\/cirnef.normandie-univ.fr\/index.php?rest_route=%2Fwp%2Fv2%2Fmedia&parent=2038"}],"wp:term":[{"taxonomy":"author","embeddable":true,"href":"https:\/\/cirnef.normandie-univ.fr\/index.php?rest_route=%2Fwp%2Fv2%2Fcoauthors&post=2038"}],"curies":[{"name":"wp","href":"https:\/\/api.w.org\/{rel}","templated":true}]}}