{"id":2034,"date":"2019-05-13T14:02:04","date_gmt":"2019-05-13T12:02:04","guid":{"rendered":"http:\/\/cirnef.normandie-univ.fr\/?page_id=2034"},"modified":"2026-03-20T09:49:59","modified_gmt":"2026-03-20T08:49:59","slug":"theme-3-2","status":"publish","type":"page","link":"https:\/\/cirnef.normandie-univ.fr\/?page_id=2034","title":{"rendered":"Th\u00e8me 3 : Espaces sociaux, dispositifs et num\u00e9rique en \u00e9ducation et formation (EDNEF)"},"content":{"rendered":"\n\n\t<p>Responsables : <a href=\"https:\/\/cirnef.normandie-univ.fr\/?page_id=7932\" target=\"_blank\" rel=\"noopener\">Sol\u00e8ne Zablot (Caen)<\/a> et <a href=\"http:\/\/cirnef.normandie-univ.fr\/?page_id=1352\" target=\"_blank\" rel=\"noopener\">Herv\u00e9 Daguet (Rouen)<\/a><\/p>\n\t<p>Membres :<\/p>\n<p>Enseignant.e.s chercheur.e.s : <a href=\"http:\/\/cirnef.normandie-univ.fr\/?page_id=1316\" target=\"_blank\" rel=\"noopener\">J. B\u00e9ziat (PU)<\/a>, <a href=\"http:\/\/cirnef.normandie-univ.fr\/?page_id=1352\" target=\"_blank\" rel=\"noopener\">H. Daguet (MCF HDR)<\/a>, <a href=\"http:\/\/cirnef.normandie-univ.fr\/?page_id=1372\" target=\"_blank\" rel=\"noopener\">S. Gasse (PU)<\/a>, <a href=\"http:\/\/cirnef.normandie-univ.fr\/?page_id=6576\" target=\"_blank\" rel=\"noopener\">L. Martin (MCF)<\/a>, <a href=\"http:\/\/cirnef.normandie-univ.fr\/?page_id=1465\" target=\"_blank\" rel=\"noopener\">B. Savarieau (PU)<\/a>, S. Zablot (MCF).<\/p>\n<p>\u00c9m\u00e9rites : <a href=\"http:\/\/cirnef.normandie-univ.fr\/?page_id=1306\" target=\"_blank\" rel=\"noopener\">T. Ardouin<\/a>, <a href=\"http:\/\/cirnef.normandie-univ.fr\/?page_id=1443\" target=\"_blank\" rel=\"noopener\">J.-L. Rinaudo<\/a>.<\/p>\n<p>Doctorant.e.s : S. Badjie, D. Batiga, L. Bertrand, A. Bomba Nnomndoe, M. G. Dabar, N. Dorval Verstraete, F. Drammeh, M. Forets, S. Hornac (Valentin), A. Martin, S. Perrier, G. Philippot, A. Tily, C. Verney-Carron (Lannes).<\/p>\n<p>Docteur.e.s et associ\u00e9.e.s : L. Atilade, K. Abou-Assi, L. Audin, C. Balais, Y. Biyoudi, J. Bourdin, J. Ch\u00e9ry, Y. Le Faou, C. Le Her, M. Lopez Mendez, J. Ondobo, J. Plaisimond, C. Sanches.<\/p>\n<p>ATER : R. Romano<\/p>\n<p>Chercheur\u00b7e\u00b7s associ\u00e9\u00b7e\u00b7s : N. Alves (UERJ, Universidade do Estado do Rio de Janeiro, Br\u00e9sil), N. Andrade (UFF, Universidade Federal Fluminense, Br\u00e9sil), T. Baki, I. Barbosa de Oliveira (UERJ, Universidade do Estado do Rio de Janeiro et Universit\u00e9 Est\u00e1cio de S\u00e1, Rio de Janeiro, Br\u00e9sil), S. Cheriaux, J.E. Larrieux, Yarba Ould Ahmed Vall, A. Ouedraogo, J. Paiva (UERJ, Universidade do Estado do Rio de Janeiro, Br\u00e9sil), K. M. Saurty, E. Schneider, E. J. Serra dos Santos (UFRJ, Universidade Federal do Rio de Janeiro), A. Tapsoba.<\/p>\n\t<p>Le groupe EDNEF du laboratoire CIRNEF s&rsquo;inscrit dans une histoire d\u00e9j\u00e0 longue d&rsquo;actions et de recherches sur les technologies et les r\u00e9seaux num\u00e9riques en \u00e9ducation et en formation. Les travaux de l&rsquo;\u00e9quipe se d\u00e9ploient \u00e0 travers le d\u00e9veloppement de dispositifs de FOAD et la recherche sur ces dispositifs, avec des entr\u00e9es ing\u00e9nieriques, psychologiques, didactiques, p\u00e9dagogiques, instrumentales, cliniques, sociales, institutionnelles et internationales. Les technologies num\u00e9riques en \u00e9ducation et en formation sont aussi appr\u00e9hend\u00e9es, notamment par l&rsquo;analyse de pratiques m\u00e9diatis\u00e9es, les apprentissages, les repr\u00e9sentations sociales. Ainsi, le th\u00e8me EDNEF s&rsquo;int\u00e9resse au d\u00e9veloppement des technologies et des r\u00e9seaux num\u00e9riques dans tous les niveaux scolaires, universitaires et de formation, et \u00e0 leurs effets sur les dispositifs, les pratiques, les groupes et les individus. Les principaux objets \u00e9tudi\u00e9s concernent l&rsquo;analyse des dispositifs, les pratiques professionnelles, les pratiques connect\u00e9es, l&rsquo;accompagnement, les usages, la gamification, les politiques publiques, la p\u00e9dagogie universitaire, les environnements et les espaces d&rsquo;apprentissage.<\/p>\n\t<strong>19-21 novembre 2025 :<br \/>\n<\/strong><strong>Colloque \u00ab\u00a0Education, formation et soci\u00e9t\u00e9s en mutation\u00a0\u00bb (EFSM), Toamasina, Madagascar<br \/>\n(co-organisation Universit\u00e9 de Toamasina, Universit\u00e9 de Toamasina-ENS-SEAS, Universit\u00e9 de Fianarantsoa, CIRNEF)<\/strong><strong><br \/>\n<\/strong><a href=\"https:\/\/efsm2025.sciencesconf.org\/\" target=\"_blank\" rel=\"noopener\"><b>Site du colloque\u00a0<\/b><\/a>\n\t<strong>15-17 octobre 2025 :<br \/>\n<\/strong><strong>Colloque ETIC 6 : \u00ab\u00a0Pratiques instrument\u00e9es dans et hors l&rsquo;\u00e9cole : quelles perm\u00e9abilit\u00e9s ?\u00a0\u00bb (co-organisation CREN, CIRNEF, EDA)<br \/>\n<\/strong><a href=\"https:\/\/colloque-etic-6.sciencesconf.org\/\" target=\"_blank\" rel=\"noopener\"><b>Site du colloque\u00a0<\/b><\/a>\n\t<strong>25 mars 2025 :<br \/>\n<\/strong><strong>Journ\u00e9e scientifique \u00ab\u00a0Espaces sociaux, contextes et dispositifs en formation.<br \/>\nR\u00e9flexions en sciences de l&rsquo;\u00e9ducation et de la formation\u00a0\u00bb<\/strong><strong><br \/>\n<\/strong><b><a href=\"http:\/\/cirnef.normandie-univ.fr\/wp-content\/uploads\/2025\/01\/Espaces-contextes-et-dispositifs-en-formation.-Re\u0301flexions-en-Sciences-de-le\u0301ducation-et-de-la-formation-1.pdf\" target=\"_blank\" rel=\"noopener\">Programme<\/a><br \/>\n<a href=\"https:\/\/webtv.univ-rouen.fr\/channels\/#espaces-sociaux-contextes-et-dispositifs-en-formationreflexions-en-sciences-de-leducation-et-de-la-formation\" target=\"_blank\" rel=\"noopener\">Revoir les conf\u00e9rences<\/a><\/b>\n\t<strong>31 mai-1er juin 2022 :<br \/>\nColloque hommage \u00e0 Jacques Wallet :<br \/>\n<\/strong><strong>\u00ab\u00a0Jacques Wallet et les technologies \u00e9ducatives \u00e0 l&rsquo;Universit\u00e9 de Rouen,<br \/>\ndimensions nationales et internationales ?\u00a0\u00bb<br \/>\n<\/strong><a href=\"https:\/\/colloquejwallet.sciencesconf.org\/resource\/page\/id\/12\" target=\"_blank\" rel=\"noopener\"><b>Revoir les conf\u00e9rences<\/b><\/a>\n\t<strong>4 mars 2022 :<br \/>\nJourn\u00e9e d&rsquo;\u00e9tude \u00ab\u00a0Interculturalit\u00e9 et comp\u00e9tences interculturelles en formation d&rsquo;adultes\u00a0\u00bb<br \/>\n<\/strong><strong><a href=\"http:\/\/cirnef.normandie-univ.fr\/wp-content\/uploads\/2022\/02\/Journee-EDNEF-4mars2022-VF-Interculturalite-competences-interculturelles-4.pdf\" target=\"_blank\" rel=\"noopener\">Programme<\/a><\/strong>\n\n","protected":false},"excerpt":{"rendered":"<p>Responsables : Sol\u00e8ne Zablot (Caen) et Herv\u00e9 Daguet (Rouen) Membres : Enseignant.e.s chercheur.e.s : J. B\u00e9ziat (PU), H. Daguet (MCF HDR), S. Gasse (PU), L. Martin (MCF), B. Savarieau (PU), S. Zablot (MCF). \u00c9m\u00e9rites : T. Ardouin, J.-L. Rinaudo. Doctorant.e.s : S. Badjie, D. Batiga, L. Bertrand, A. Bomba Nnomndoe, M. G. Dabar, N. Dorval &hellip;<\/p>\n<p class=\"read-more\"> <a class=\"\" href=\"https:\/\/cirnef.normandie-univ.fr\/?page_id=2034\"> <span class=\"screen-reader-text\">Th\u00e8me 3 : Espaces sociaux, dispositifs et num\u00e9rique en \u00e9ducation et formation (EDNEF)<\/span> Lire la suite \u00bb<\/a><\/p>\n","protected":false},"author":11,"featured_media":0,"parent":0,"menu_order":0,"comment_status":"closed","ping_status":"closed","template":"","meta":{"site-sidebar-layout":"default","site-content-layout":"default","ast-global-header-display":"","ast-main-header-display":"","ast-hfb-above-header-display":"","ast-hfb-below-header-display":"","ast-hfb-mobile-header-display":"","site-post-title":"","ast-breadcrumbs-content":"","ast-featured-img":"","footer-sml-layout":"","theme-transparent-header-meta":"default","adv-header-id-meta":"","stick-header-meta":"default","header-above-stick-meta":"","header-main-stick-meta":"","header-below-stick-meta":"","footnotes":""},"coauthors":[219],"class_list":["post-2034","page","type-page","status-publish","hentry"],"_links":{"self":[{"href":"https:\/\/cirnef.normandie-univ.fr\/index.php?rest_route=\/wp\/v2\/pages\/2034","targetHints":{"allow":["GET"]}}],"collection":[{"href":"https:\/\/cirnef.normandie-univ.fr\/index.php?rest_route=\/wp\/v2\/pages"}],"about":[{"href":"https:\/\/cirnef.normandie-univ.fr\/index.php?rest_route=\/wp\/v2\/types\/page"}],"author":[{"embeddable":true,"href":"https:\/\/cirnef.normandie-univ.fr\/index.php?rest_route=\/wp\/v2\/users\/11"}],"replies":[{"embeddable":true,"href":"https:\/\/cirnef.normandie-univ.fr\/index.php?rest_route=%2Fwp%2Fv2%2Fcomments&post=2034"}],"version-history":[{"count":5,"href":"https:\/\/cirnef.normandie-univ.fr\/index.php?rest_route=\/wp\/v2\/pages\/2034\/revisions"}],"predecessor-version":[{"id":8418,"href":"https:\/\/cirnef.normandie-univ.fr\/index.php?rest_route=\/wp\/v2\/pages\/2034\/revisions\/8418"}],"wp:attachment":[{"href":"https:\/\/cirnef.normandie-univ.fr\/index.php?rest_route=%2Fwp%2Fv2%2Fmedia&parent=2034"}],"wp:term":[{"taxonomy":"author","embeddable":true,"href":"https:\/\/cirnef.normandie-univ.fr\/index.php?rest_route=%2Fwp%2Fv2%2Fcoauthors&post=2034"}],"curies":[{"name":"wp","href":"https:\/\/api.w.org\/{rel}","templated":true}]}}