{"id":2022,"date":"2019-05-13T13:27:51","date_gmt":"2019-05-13T11:27:51","guid":{"rendered":"http:\/\/cirnef.normandie-univ.fr\/?page_id=2022"},"modified":"2026-04-03T09:36:31","modified_gmt":"2026-04-03T07:36:31","slug":"theme-1-2","status":"publish","type":"page","link":"https:\/\/cirnef.normandie-univ.fr\/?page_id=2022","title":{"rendered":"Th\u00e8me 1 : \u00c9ducations inclusives et parcours des enfants et des jeunes (EIPEJ)"},"content":{"rendered":"\n\n\t<p>Responsables : <a href=\"http:\/\/cirnef.normandie-univ.fr\/?page_id=1359\" target=\"_blank\" rel=\"noopener\">Julie Delalande (Caen)<\/a> et <a href=\"https:\/\/cirnef.normandie-univ.fr\/?page_id=1582\" target=\"_blank\" rel=\"noopener\">Julien Despois (Rouen)<\/a><\/p>\n\t<p>Membres :<\/p>\n<p>Enseignant.e.s-chercheur.es : <a href=\"http:\/\/cirnef.normandie-univ.fr\/?page_id=1295\" target=\"_blank\" rel=\"noopener\">A. Andr\u00e9 (PU)<\/a>, <a href=\"http:\/\/cirnef.normandie-univ.fr\/?page_id=1324\" target=\"_blank\" rel=\"noopener\">P. Brun (PU)<\/a>, <a href=\"http:\/\/cirnef.normandie-univ.fr\/?page_id=7315\" target=\"_blank\" rel=\"noopener\">L. Caumont (MCF)<\/a>, <a href=\"http:\/\/cirnef.normandie-univ.fr\/?page_id=1356\" target=\"_blank\" rel=\"noopener\">C. Daverne-Bailly (PU)<\/a>, <a href=\"http:\/\/cirnef.normandie-univ.fr\/?page_id=1359\" target=\"_blank\" rel=\"noopener\">J. Delalande (PU)<\/a>, <a href=\"http:\/\/cirnef.normandie-univ.fr\/?page_id=1362\" target=\"_blank\" rel=\"noopener\">P. Deneuve (MCF)<\/a>, <a href=\"http:\/\/cirnef.normandie-univ.fr\/?page_id=1582\" target=\"_blank\" rel=\"noopener\">J. Despois (MCF)<\/a>, E. Faisca (MCF), <a href=\"http:\/\/cirnef.normandie-univ.fr\/?page_id=5829\" target=\"_blank\" rel=\"noopener\">E. Karachontziti (MCF)<\/a>, <a href=\"https:\/\/cirnef.normandie-univ.fr\/?page_id=2627\" target=\"_blank\" rel=\"noopener\">S. Levrard (MCF)<\/a>, <a href=\"http:\/\/cirnef.normandie-univ.fr\/?page_id=4133\" target=\"_blank\" rel=\"noopener\">J. Midelet-Mahieu (MCF)<\/a>, M. Tant (MCF), <a href=\"http:\/\/cirnef.normandie-univ.fr\/?page_id=1459\" target=\"_blank\" rel=\"noopener\">J. Vari-Dumas (MCF HDR)<\/a>.<\/p>\n<p>Doctorant.e.s : \u00c9. Chassagnon, S. El Baz, N. Gallet, V. Geninasca, C. Lux, H. S. Moundziegou Adzaba, C. Povie, A. Pruvost.<\/p>\n<p>Chercheur.e.s associ\u00e9.e.s : K. Abou-Assi, G. Ahlers Vergara, A. Bourhis, <a href=\"http:\/\/cirnef.normandie-univ.fr\/?page_id=1369\" target=\"_blank\" rel=\"noopener\">N. Billard (Dupont)<\/a>, D. Bri\u00e8re, V. Ferr\u00e9, E. Girard, P. Kerfourn, A. Kouakou, Y. Li, C. Nicaud, P. Yvard.<\/p>\n\t<p>L&rsquo;\u00e9quipe se caract\u00e9rise par sa diversit\u00e9 disciplinaire (approches anthropologiques, sociologiques, psychosociologiques, psychologiques, psychanalytiques, p\u00e9dagogiques, philosophiques) et institutionnelle (d\u00e9partement SE, INSPE), ainsi que par ses m\u00e9thodologies plurielles et\/ou mixtes (entretiens, observations filmiques, jeux, ethnographie, questionnaires). Elle travaille sur des objets qu&rsquo;elle croise et articule autour des questions d&rsquo;\u00e9ducations inclusives et de parcours.<\/p>\n<p>Le terme d&rsquo;\u00e9ducations inclusives englobe aussi bien les \u00e9ducations des enfants \u00e0 Besoins \u00c9ducatifs Particuliers (BEP) dans leur diversit\u00e9 et dans leur diff\u00e9rence individuelle que celles des enfants pour lesquels se pose la question de leur inclusion et de leur \u00e9ducation du fait des probl\u00e9matiques sociales ou culturelles dans lesquelles ils se trouvent. Une attention particuli\u00e8re est port\u00e9e aux enfants et adolescents vuln\u00e9rables, comme ceux en situation de handicap (dont troubles du spectre autistique, surdit\u00e9), en situation de pr\u00e9carit\u00e9, de migration, de grande difficult\u00e9 scolaire ou encore issus de territoires marqu\u00e9s par des difficult\u00e9s sociales. Plus globalement, nous \u00e9tudions les mani\u00e8res dont les enfants et les jeunes grandissent et exp\u00e9rimentent leur vie selon leur \u00e2ge, leur milieu social, et les espaces o\u00f9 ils se situent.<\/p>\n\t\t\t<a href=\"#\" id=\"fl-accordion--label-0\" tabindex=\"0\" aria-controls=\"fl-accordion--panel-0\">Journ\u00e9es d&rsquo;\u00e9tudes sur l&rsquo;enfance au quotidien<\/a>\n\t\t\t\t\t\t\t<a href=\"#\" id=\"fl-accordion--icon-0\" tabindex=\"0\" aria-controls=\"fl-accordion--panel-0\"><i>Collapse<\/i><\/a>\n\t\t<p><strong>Acc\u00e8s aux vid\u00e9os des \u00e9ditions 6 \u00e0 16 (2014-&gt;2025) :<\/strong> <strong><a href=\"https:\/\/www.canal-u.tv\/chaines\/cemu\/journees-sur-l-enfance-au-quotidien\" target=\"_blank\" rel=\"noopener\">lien<\/a><\/strong><\/p>\n<ul>\n<li><strong>16e \u00e9dition (2025) : <a href=\"https:\/\/doi.org\/10.60527\/8d6e-3687\" target=\"_blank\" rel=\"noopener\">Comment r\u00e9pondre aux questions sensibles des enfants et des jeunes ?<\/a><\/strong><\/li>\n<li><strong>15e \u00e9dition (2024) : <\/strong><a href=\"https:\/\/www.canal-u.tv\/chaines\/la-forge-numerique\/le-rapport-aux-ecrans-des-enfants-et-des-jeunes-enjeux-educatifs-pour\" target=\"_blank\" rel=\"noopener\"><strong>Le rapport aux \u00e9crans des enfants et des jeunes : enjeux \u00e9ducatifs pour les parents et les professionnels<\/strong><\/a>\u00a0<\/li>\n<li><strong>14e \u00e9dition<\/strong> <strong>(2023) : <a href=\"https:\/\/www.canal-u.tv\/chaines\/cemu\/cirnef-24-journee-d-etude-ce-qui-bouscule-en-2023-les-relations-entre-enfants-et\" target=\"_blank\" rel=\"noopener\">Ce qui bouscule en 2023 les relations entre enfant.s et adulte.s. Transformations des questions de civilit\u00e9s versus incivilit\u00e9s<\/a><\/strong><\/li>\n<li><strong>13e \u00e9dition (2022) : <a href=\"https:\/\/www.canal-u.tv\/chaines\/cemu\/cirnef23\" target=\"_blank\" rel=\"noopener\"><b>Engagements et possibilit\u00e9s d&rsquo;agir des jeunes de 16-24 ans\u00a0: \u00e0 quelles conditions\u00a0?<\/b><\/a><\/strong><\/li>\n<li><strong><\/strong><strong>12e \u00e9dition (2021) : <\/strong><strong><a href=\"https:\/\/www.canal-u.tv\/producteurs\/centre_d_enseignement_multimedia_universitaire_c_e_m_u\/cerse\/12\" target=\"_blank\" rel=\"noopener\">Enfants et jeunes dans les espaces ext\u00e9rieurs naturels : quelles socialisations, quelles \u00e9ducations ?<\/a><\/strong><\/li>\n<li><strong>11e \u00e9dition (2019) : <a href=\"https:\/\/www.canal-u.tv\/producteurs\/centre_d_enseignement_multimedia_universitaire_c_e_m_u\/cerse\/11_eme_journee_sur_l_enfance_au_quotidien_2019\" target=\"_blank\" rel=\"noopener\">Tensions entre mixit\u00e9s sociales et mixit\u00e9s culturelles \u00e0 l&rsquo;\u00e9preuve des exp\u00e9riences migratoires d&rsquo;enfants et de jeunes<\/a><\/strong><\/li>\n<li><strong>10e \u00e9dition (2018) :\u00a0<a href=\"https:\/\/www.canal-u.tv\/producteurs\/centre_d_enseignement_multimedia_universitaire_c_e_m_u\/cerse\/une_continuite_educative_reussie_a_quelles_conditions\" target=\"_blank\" rel=\"noreferrer noopener\">Une continuit\u00e9 \u00e9ducative r\u00e9ussie : \u00e0 quelles conditions ?<\/a><\/strong><\/li>\n<li><strong>9e \u00e9dition (2017) : <a href=\"https:\/\/www.canal-u.tv\/chaines\/la-forge-numerique\/9e-edition-2017-l-enfant-et-les-interventions-socio-educatives\" target=\"_blank\" rel=\"noopener\">L&rsquo;enfant et les interventions socio-\u00e9ducatives : transformations de la pr\u00e9carit\u00e9<\/a><\/strong><\/li>\n<li><strong>8e \u00e9dition (2016) :\u00a0<a href=\"https:\/\/www.canal-u.tv\/video\/centre_d_enseignement_multimedia_universitaire_c_e_m_u\/01_introduction_de_la_8eme_journee_d_etude_sur_l_enfance_au_quotidien_cerse2016.26921\" target=\"_blank\" rel=\"noreferrer noopener\">Coop\u00e9rations entre adultes et r\u00e9ussite des enfants : quels processus, quels effets ?<\/a><\/strong><\/li>\n<li><strong>7e \u00e9dition (2015) :\u00a0<a href=\"https:\/\/www.canal-u.tv\/video\/centre_d_enseignement_multimedia_universitaire_c_e_m_u\/01_introduction_cerse2015.20945\" target=\"_blank\" rel=\"noreferrer noopener\">L&rsquo;enfant en situation d&rsquo;urgence : Repr\u00e9sentations crois\u00e9es des enfants, des familles et des professionnels<\/a><\/strong><\/li>\n<li><strong>6e \u00e9dition (2014) :\u00a0<a href=\"https:\/\/www.canal-u.tv\/video\/centre_d_enseignement_multimedia_universitaire_c_e_m_u\/01_culture_alterite_relation_sociale_et_parente_des_notions_au_service_de_questions_professionnelles_cerse.16886\" target=\"_blank\" rel=\"noreferrer noopener\">Diff\u00e9rences culturelles dans les relations \u00e9ducatives : compr\u00e9hension et acculturation<\/a><\/strong><\/li>\n<li><strong>5e \u00e9dition (2013) :\u00a0<a href=\"https:\/\/www.canal-u.tv\/video\/centre_d_enseignement_multimedia_universitaire_c_e_m_u\/cerse_01_ouverture_et_introduction_des_journees.14311\" target=\"_blank\" rel=\"noreferrer noopener\">Partager les responsabilit\u00e9s de l&rsquo;\u00e9ducation des enfants et des jeunes. De\u00a0mod\u00e8les pour penser \u00e0 des propositions pour agir<\/a><\/strong><\/li>\n<li><strong>4e \u00e9dition (2012) :\u00a0<a href=\"https:\/\/www.canal-u.tv\/chaines\/la-forge-numerique\/entre-ecoles-et-familles-la-confrontation-des-modeles-d-enfance\" target=\"_blank\" rel=\"noreferrer noopener\">Entre \u00e9coles et familles : la confrontation des mod\u00e8les d&rsquo;enfance<\/a><\/strong><\/li>\n<li><strong>3e \u00e9dition (2011) :\u00a0De la conformit\u00e9 sociale aux violences ordinaires : points de vue d&rsquo;enfants et de jeunes<\/strong><\/li>\n<li><strong>2e \u00e9dition (2010) :\u00a0Les enfants et leurs territoires au quotidien<\/strong><\/li>\n<li><strong>1\u00e8re \u00e9dition (2009) : L&rsquo;enfant au quotidien<\/strong><\/li>\n<\/ul>\n\n","protected":false},"excerpt":{"rendered":"<p>Responsables : Julie Delalande (Caen) et Julien Despois (Rouen) Membres : Enseignant.e.s-chercheur.es : A. Andr\u00e9 (PU), P. Brun (PU), L. Caumont (MCF), C. Daverne-Bailly (PU), J. Delalande (PU), P. Deneuve (MCF), J. Despois (MCF), E. Faisca (MCF), E. Karachontziti (MCF), S. Levrard (MCF), J. Midelet-Mahieu (MCF), M. Tant (MCF), J. Vari-Dumas (MCF HDR). Doctorant.e.s : &hellip;<\/p>\n<p class=\"read-more\"> <a class=\"\" href=\"https:\/\/cirnef.normandie-univ.fr\/?page_id=2022\"> <span class=\"screen-reader-text\">Th\u00e8me 1 : \u00c9ducations inclusives et parcours des enfants et des jeunes (EIPEJ)<\/span> Lire la suite \u00bb<\/a><\/p>\n","protected":false},"author":16,"featured_media":0,"parent":0,"menu_order":0,"comment_status":"closed","ping_status":"closed","template":"","meta":{"site-sidebar-layout":"default","site-content-layout":"default","ast-global-header-display":"","ast-main-header-display":"","ast-hfb-above-header-display":"","ast-hfb-below-header-display":"","ast-hfb-mobile-header-display":"","site-post-title":"","ast-breadcrumbs-content":"","ast-featured-img":"","footer-sml-layout":"","theme-transparent-header-meta":"default","adv-header-id-meta":"","stick-header-meta":"default","header-above-stick-meta":"","header-main-stick-meta":"","header-below-stick-meta":"","footnotes":""},"coauthors":[220],"class_list":["post-2022","page","type-page","status-publish","hentry"],"_links":{"self":[{"href":"https:\/\/cirnef.normandie-univ.fr\/index.php?rest_route=\/wp\/v2\/pages\/2022","targetHints":{"allow":["GET"]}}],"collection":[{"href":"https:\/\/cirnef.normandie-univ.fr\/index.php?rest_route=\/wp\/v2\/pages"}],"about":[{"href":"https:\/\/cirnef.normandie-univ.fr\/index.php?rest_route=\/wp\/v2\/types\/page"}],"author":[{"embeddable":true,"href":"https:\/\/cirnef.normandie-univ.fr\/index.php?rest_route=\/wp\/v2\/users\/16"}],"replies":[{"embeddable":true,"href":"https:\/\/cirnef.normandie-univ.fr\/index.php?rest_route=%2Fwp%2Fv2%2Fcomments&post=2022"}],"version-history":[{"count":5,"href":"https:\/\/cirnef.normandie-univ.fr\/index.php?rest_route=\/wp\/v2\/pages\/2022\/revisions"}],"predecessor-version":[{"id":8528,"href":"https:\/\/cirnef.normandie-univ.fr\/index.php?rest_route=\/wp\/v2\/pages\/2022\/revisions\/8528"}],"wp:attachment":[{"href":"https:\/\/cirnef.normandie-univ.fr\/index.php?rest_route=%2Fwp%2Fv2%2Fmedia&parent=2022"}],"wp:term":[{"taxonomy":"author","embeddable":true,"href":"https:\/\/cirnef.normandie-univ.fr\/index.php?rest_route=%2Fwp%2Fv2%2Fcoauthors&post=2022"}],"curies":[{"name":"wp","href":"https:\/\/api.w.org\/{rel}","templated":true}]}}