{"id":193,"date":"2018-12-03T16:12:48","date_gmt":"2018-12-03T15:12:48","guid":{"rendered":"http:\/\/localhost\/cirnef_wp\/?page_id=193"},"modified":"2025-12-17T10:53:49","modified_gmt":"2025-12-17T09:53:49","slug":"conferences-en-ligne","status":"publish","type":"page","link":"https:\/\/cirnef.normandie-univ.fr\/?page_id=193","title":{"rendered":"Conf\u00e9rences en ligne"},"content":{"rendered":"\n\n\t<ul>\n<li><strong>Comment r\u00e9pondre aux questions sensibles des enfants et des jeunes ?\u00a0<\/strong>(Journ\u00e9e d&rsquo;\u00e9tude sur l&rsquo;enfance au quotidien, 16<sup>e<\/sup> \u00e9dition, 2025, CIRNEF) <a href=\"https:\/\/doi.org\/10.60527\/8d6e-3687\" target=\"_blank\" rel=\"noopener\"><strong>Lien<\/strong><\/a><\/li>\n<li><strong>Evaluer et professionnaliser : horizons ind\u00e9passables des m\u00e9tiers de la formation \u00e0 l&rsquo;universit\u00e9 ?<\/strong> (Colloque RUMEF, 1-2-3 d\u00e9cembre 2025, CIRNEF) <a href=\"https:\/\/webtv.univ-rouen.fr\/channels\/#evaluer-et-professionnaliser-horizons-indepassables-des-metiers-de-la-formation-a-luniversite\" target=\"_blank\" rel=\"noopener\"><strong>Lien<\/strong><\/a><\/li>\n<li><strong>Espaces sociaux, contextes et dispositifs en formation. R\u00e9flexions en sciences de l&rsquo;\u00e9ducation et de la formation<\/strong> (Journ\u00e9e scientifique du th\u00e8me 3 du CIRNEF, 25 mars 2025, Universit\u00e9 de Rouen Normandie) <a href=\"https:\/\/webtv.univ-rouen.fr\/channels\/#espaces-sociaux-contextes-et-dispositifs-en-formationreflexions-en-sciences-de-leducation-et-de-la-formation\" target=\"_blank\" rel=\"noopener\"><strong>Lien<\/strong><\/a><\/li>\n<li><strong>La participation dans la recherche-intervention : fondements, d\u00e9marche, dispositif, acteurs, posture\u00a0<\/strong>(Conf\u00e9rence d&rsquo;ouverture de Jean-Fran\u00e7ois Marcel, Colloque TRASCE, 13-15 novembre 2024, CIRNEF) <strong><a href=\"https:\/\/webtv.univ-rouen.fr\/permalink\/v126ad964b924n0zhzra\/\" target=\"_blank\" rel=\"noopener\">Lien<\/a><\/strong><\/li>\n<li><strong>La recherche \u00e0 l&rsquo;\u00e9preuve du terrain professionnel : une mosa\u00efque socio-culturelle en contexte incertain<\/strong> (Conf\u00e9rence de Patricia Rached, Colloque TRASCE, 13-15 novembre 2024, CIRNEF) <strong><a href=\"https:\/\/webtv.univ-rouen.fr\/permalink\/v126ad861aacdguiqw7d\/\" target=\"_blank\" rel=\"noopener\">Lien<\/a><\/strong><\/li>\n<li><strong>Du sujet au partenaire : co-produire la recherche. Quelles postures ? Quelle \u00e9thique ? Quels processus ? <\/strong>(table ronde anim\u00e9e par B. Savarieau ; intervenants : J. Beziat, S. Boucenna, N. Lavielle-Gutnik, R. Wittorski, Colloque TRASCE, 13-15 novembre 2024, CIRNEF) <strong><a href=\"https:\/\/webtv.univ-rouen.fr\/permalink\/v126ad861ad9a9pms97m\/\" target=\"_blank\" rel=\"noopener\">Lien<\/a><\/strong><\/li>\n<li><strong>Vis\u00e9e d&rsquo;utilit\u00e9 sociale, interactions avec les personnes et rigueur scientifique. Co-\u00e9laborer les r\u00f4les et places des chercheurs avec et pour les acteurs ?\u00a0<\/strong>(Conf\u00e9rence de Richard Etienne, Colloque TRASCE, 13-15 novembre 2024, CIRNEF) <a href=\"https:\/\/webtv.univ-rouen.fr\/permalink\/v126ad861afa6qhrqv8b\/\" target=\"_blank\" rel=\"noopener\"><strong>Lien\u00a0<\/strong><\/a><\/li>\n<li><strong>L&rsquo;approche par les comp\u00e9tences en \u00e9ducation et formation. Pratiques et enjeux<\/strong> (Journ\u00e9e scientifique du th\u00e8me 2 du CIRNEF, 12 mars 2024, INSP\u00c9 Normandie Rouen-Le Havre) <strong><a href=\"https:\/\/webtv.univ-rouen.fr\/permalink\/c1268909ddbb77v81kha\/\" target=\"_blank\" rel=\"noopener\">Lien<\/a><\/strong><\/li>\n<li><strong>Ce qui bouscule en 2023 les relations entre enfants et adultes : transformations des questions de civilit\u00e9s versus incivilit\u00e9s\u00a0<\/strong>(Journ\u00e9e d&rsquo;\u00e9tude sur l&rsquo;enfance au quotidien, 14<sup>e<\/sup> \u00e9dition, 2023, CIRNEF) <strong><a href=\"https:\/\/www.canal-u.tv\/chaines\/cemu\/cirnef-24-journee-d-etude-ce-qui-bouscule-en-2023-les-relations-entre-enfants-et\" target=\"_blank\" rel=\"noopener\">Lien<\/a><\/strong><\/li>\n<li><strong>Patricia Tavignot : un parcours entre recherche et formation<\/strong> <a href=\"https:\/\/webtv.univ-rouen.fr\/videos\/patricia-tavignot-un-parcours-entre-recherche-et-formation\/\" target=\"_blank\" rel=\"noopener\"><strong>Lien<\/strong><\/a><\/li>\n<li><strong>Engagements et possibilit\u00e9s d&rsquo;agir des jeunes de 16-24 ans : \u00e0 quelles conditions ? <a href=\"https:\/\/www.canal-u.tv\/chaines\/cemu\/cirnef23\" target=\"_blank\" rel=\"noopener\">Lien<\/a><\/strong><\/li>\n<li><strong>Jacques Wallet et les technologies \u00e9ducatives \u00e0 l&rsquo;Universit\u00e9 de Rouen, dimensions nationales et internationales ? <a href=\"https:\/\/colloquejwallet.sciencesconf.org\/resource\/page\/id\/12\" target=\"_blank\" rel=\"noopener\">Lien<\/a><\/strong><\/li>\n<li><strong>Entretiens : une interface formation &#8211; recherche (avec D. Orange-Ravachol, J.M. Lange, J.M. Barbier, E. Bautier, J.Y. Rochex, J.L. Martinand et G. Vergnaud)<\/strong> <a href=\"https:\/\/webtv.univ-rouen.fr\/channels\/#entretiens-recherche-formation\" target=\"_blank\" rel=\"noopener\"><strong>Lien<\/strong><\/a><\/li>\n<li><strong>Actualit\u00e9 des travaux en sciences de l&rsquo;\u00e9ducation de Jean-Pierre Astolfi<\/strong> <strong><a href=\"https:\/\/www.cefedem-normandie.fr\/journee-scientifique-astofli\/page\" target=\"_blank\" rel=\"noopener\">Lien<\/a><\/strong><\/li>\n<li><strong>Pratiques et enjeux des accompagnements \u00e0 la professionnalisation : quelles d\u00e9marches d&rsquo;intelligibilit\u00e9 du travail ? <a href=\"https:\/\/www.canal-u.tv\/chaines\/cemu\/cirnef22-journee-etude-pratiques-et-enjeux-des-accompagnements\" target=\"_blank\" rel=\"noopener\">Lien<\/a><\/strong><\/li>\n<li><strong>Le travail de la relation : part cach\u00e9e de l&rsquo;activit\u00e9 ? Enjeux pour la formation et la recherche<\/strong> (Conf\u00e9rence de Patricia Remoussenard, cl\u00f4ture du colloque TRESSE, 2 juillet 2021, CIRNEF) <strong><a href=\"https:\/\/webtv.univ-rouen.fr\/permalink\/v1261ac050fc9sw2ewf5\/\" target=\"_blank\" rel=\"noopener\">Lien<\/a><\/strong><\/li>\n<li><strong>Tensions entre mixit\u00e9s sociales et mixit\u00e9s culturelles \u00e0 l&rsquo;\u00e9preuve des exp\u00e9riences migratoires d&rsquo;enfants et de jeunes<\/strong>\u00a0(Journ\u00e9e d&rsquo;\u00e9tude sur l&rsquo;enfance au quotidien, 11<sup>e<\/sup> \u00e9dition, 2019, CIRNEF) <strong><a href=\"https:\/\/www.canal-u.tv\/producteurs\/centre_d_enseignement_multimedia_universitaire_c_e_m_u\/cerse\/11_eme_journee_sur_l_enfance_au_quotidien_2019\" target=\"_blank\" rel=\"noopener\">Lien<\/a><\/strong><\/li>\n<li><strong>L&rsquo;avenir du savoir &amp; l&rsquo;avenir du travail. R\u00f4le de l&rsquo;\u00e9cole et de la formation des professeurs<\/strong> (Conf\u00e9rence de Bernard Stiegler suivie d&rsquo;une discussion avec Philippe Meirieu, Journ\u00e9e d&rsquo;\u00e9tude, 4 juin 2019, ESPE de Caen en collaboration avec le CIRNEF) <strong><a href=\"https:\/\/www.canal-u.tv\/video\/centre_d_enseignement_multimedia_universitaire_c_e_m_u\/l_avenir_du_savoir_l_avenir_du_travail_role_de_l_ecole_de_la_formation_des_professeurs_partie_1.48627\" target=\"_blank\" rel=\"noopener\">Lien<\/a><\/strong><\/li>\n<li><strong>La p\u00e9dagogie universitaire : un terrain pour les recherches en didactique des disciplines<\/strong> (Journ\u00e9e d&rsquo;\u00e9tude, 1er avril 2019, LDAR et ESPE de l&rsquo;acad\u00e9mie de Rouen en collaboration avec le CIRNEF) <strong><a href=\"https:\/\/webtv.univ-rouen.fr\/permalink\/c125cf1cdbcba07youda\/\" target=\"_blank\" rel=\"noopener\">Lien<\/a><\/strong><\/li>\n<li><strong>La notion de \u00ab\u00a0partenariat\u00a0\u00bb et son actualit\u00e9 dans la formation \u00e0 distance. Retour d&rsquo;exp\u00e9rience du campus num\u00e9rique Forse<\/strong> (Atelier retour d&rsquo;exp\u00e9riences dans le cadre du Colloque international Education 4.1 ! 17 et 18 janvier 2019, DMS et Eifad-Cned) <strong><a href=\"https:\/\/www.canal-u.tv\/video\/cned\/la_notion_de_partenariat_et_son_actualite_dans_la_formation_a_distance_retour_d_experience_du_campus_numerique_forse.49641\" target=\"_blank\" rel=\"noopener\">Lien<\/a><\/strong><\/li>\n<li><strong>Hybridation, apprentissage augment\u00e9, \u00e9valuation : occasions d&rsquo;articuler recherches et formation pour l&rsquo;enseignement sup\u00e9rieur<\/strong> (Conf\u00e9rence de Bernadette Charlier, 10 octobre 2018, UTLC) <strong><a href=\"https:\/\/webtv.univ-rouen.fr\/videos\/utlc-hybridation-apprentissage-augmente-evaluation-occasions-darticuler-recherches-et-formation-pour-lenseignement-superieur-par-bernadette-charlier-decoupage\/\" target=\"_blank\" rel=\"noopener\">Lien<\/a><\/strong><\/li>\n<li><strong>Innovations : l&rsquo;approche des p\u00e9dagogies et structures alternatives<\/strong> (Journ\u00e9e scientifique, 18 mai 2018, CIRNEF en collaboration avec la FESPI, les CEM\u00c9A et l&rsquo;ESPE de Caen) <strong><a href=\"https:\/\/yakamedia.cemea.asso.fr\/univers\/comprendre\/des-ambitions-pour-lecole\/innovations-lapproche-des-pedagogies-et-structures\" target=\"_blank\" rel=\"noreferrer noopener\">Lien<\/a><\/strong><\/li>\n<li><strong>Une continuit\u00e9 \u00e9ducative r\u00e9ussie : \u00e0 quelles conditions ? <\/strong>(Journ\u00e9e d&rsquo;\u00e9tude sur l&rsquo;enfance au quotidien, 10<sup>e<\/sup> \u00e9dition, 2018, CIRNEF) <a href=\"https:\/\/www.canal-u.tv\/producteurs\/centre_d_enseignement_multimedia_universitaire_c_e_m_u\/cerse\/une_continuite_educative_reussie_a_quelles_conditions\" target=\"_blank\" rel=\"noopener\"><strong>Lien<\/strong><\/a><\/li>\n<li><strong>Pauvret\u00e9, Pr\u00e9carit\u00e9s : l&rsquo;enfant dans sa famille <\/strong>(Conf\u00e9rence de Genevi\u00e8ve Bergonnier-Dupuy, Journ\u00e9e d&rsquo;\u00e9tude sur l&rsquo;enfance au quotidien, 9<sup>e<\/sup> \u00e9dition, 2017, CIRNEF) <strong><a href=\"http:\/\/www.canal-u.tv\/video\/la_forge_numerique\/pauvrete_precarites_l_enfant_dans_sa_famille.40043\" target=\"_blank\" rel=\"noopener\">Lien<\/a><\/strong><\/li>\n<li><strong>L&rsquo;enfant, entre pr\u00e9carit\u00e9 sociale et pr\u00e9carit\u00e9 scolaire<\/strong> (Conf\u00e9rence de Pierre P\u00e9rier, Journ\u00e9e d&rsquo;\u00e9tude sur l&rsquo;enfance au quotidien, 9<sup>e<\/sup> \u00e9dition, 2017, CIRNEF) <a href=\"http:\/\/www.unicaen.fr\/recherche\/mrsh\/forge\/4984\" target=\"_blank\" rel=\"noopener\"><strong>Lien<\/strong><\/a><\/li>\n<li><strong>Coop\u00e9rations entre adultes et r\u00e9ussite des enfants : quels processus, quels effets ? <\/strong>(Journ\u00e9e d&rsquo;\u00e9tude sur l&rsquo;enfance au quotidien, 8<sup>e<\/sup> \u00e9dition, 2016, CERSE) <strong><a href=\"https:\/\/www.canal-u.tv\/video\/centre_d_enseignement_multimedia_universitaire_c_e_m_u\/01_introduction_de_la_8eme_journee_d_etude_sur_l_enfance_au_quotidien_cerse2016.26921\" target=\"_blank\" rel=\"noopener\">Lien<\/a><\/strong><\/li>\n<li><strong>L&rsquo;enfant en situation d&rsquo;urgence : Repr\u00e9sentations crois\u00e9es des enfants, des familles et des professionnels <\/strong>(Journ\u00e9e d&rsquo;\u00e9tude sur l&rsquo;enfance au quotidien, 7<sup>e<\/sup> \u00e9dition, 2015, CERSE) <a href=\"https:\/\/www.canal-u.tv\/video\/centre_d_enseignement_multimedia_universitaire_c_e_m_u\/01_introduction_cerse2015.20945\" target=\"_blank\" rel=\"noopener\"><strong>Lien<\/strong><\/a><\/li>\n<li><strong>Diff\u00e9rences culturelles dans les relations \u00e9ducatives : compr\u00e9hension et acculturation <\/strong>(Journ\u00e9e d&rsquo;\u00e9tude sur l&rsquo;enfance au quotidien, 6<sup>e<\/sup> \u00e9dition, 2014, CERSE) <strong><a href=\"https:\/\/www.canal-u.tv\/video\/centre_d_enseignement_multimedia_universitaire_c_e_m_u\/01_culture_alterite_relation_sociale_et_parente_des_notions_au_service_de_questions_professionnelles_cerse.16886\" target=\"_blank\" rel=\"noopener\">Lien<\/a><\/strong><\/li>\n<li><strong>Diff\u00e9rences culturelles dans les relations \u00e9ducatives : compr\u00e9hension et acculturation <\/strong>(Interventions de Julie Delalande et Nathalie Dupont, Journ\u00e9e d&rsquo;\u00e9tude sur l&rsquo;enfance au quotidien,6<sup>e<\/sup> \u00e9dition, 2014, CERSE)\u00a0<a href=\"http:\/\/www.unicaen.fr\/recherche\/mrsh\/forge\/3222\" target=\"_blank\" rel=\"noreferrer noopener\"><strong>Lien<\/strong><\/a><\/li>\n<li><strong>Partager les responsabilit\u00e9s de l&rsquo;\u00e9ducation des enfants et des jeunes. Des mod\u00e8les pour penser \u00e0 des propositions pour agir<\/strong> (Journ\u00e9e d&rsquo;\u00e9tude sur l&rsquo;enfance au quotidien, 5<sup>e<\/sup> \u00e9dition, 2013, CERSE) <strong><a href=\"https:\/\/www.canal-u.tv\/video\/centre_d_enseignement_multimedia_universitaire_c_e_m_u\/cerse_01_ouverture_et_introduction_des_journees.14311\" target=\"_blank\" rel=\"noopener\">Lien<\/a><\/strong><\/li>\n<li><strong>Entre \u00e9coles et familles : la confrontation des mod\u00e8les d&rsquo;enfance <\/strong>(Journ\u00e9e d&rsquo;\u00e9tude sur l&rsquo;enfance au quotidien, 4<sup>e<\/sup> \u00e9dition, 2012, CERSE) <strong><a href=\"http:\/\/www.unicaen.fr\/recherche\/mrsh\/forge\/1824\" target=\"_blank\" rel=\"noopener\">Lien<\/a><\/strong><\/li>\n<li><strong>De la conformit\u00e9 sociale aux violences ordinaires : points de vue d&rsquo;enfants et de jeunes <\/strong>(Journ\u00e9e d&rsquo;\u00e9tude sur l&rsquo;enfance au quotidien, 3<sup>e<\/sup> \u00e9dition, 2011, CERSE) <strong><a href=\"http:\/\/www.unicaen.fr\/recherche\/mrsh\/forge\/1825\" target=\"_blank\" rel=\"noopener\">Lien<\/a><\/strong><\/li>\n<li><strong>Les enfants et leurs territoires au quotidien <\/strong>(Journ\u00e9e d&rsquo;\u00e9tude sur l&rsquo;enfance au quotidien, 2<sup>e<\/sup> \u00e9dition, 2010, CERSE) <strong><a href=\"http:\/\/www.unicaen.fr\/recherche\/mrsh\/forge\/2128\" target=\"_blank\" rel=\"noopener\">Lien<\/a><\/strong><\/li>\n<li><strong>Enjeux, d\u00e9bats et perspectives : 50 ans de sciences de l&rsquo;\u00e9ducation<\/strong>\u00a0(Colloque international organis\u00e9 par le CIRNEF et l&rsquo;AECSE, 18-19 et 20 octobre 2017, Universit\u00e9 de Caen Normandie) <strong><a href=\"https:\/\/www.canal-u.tv\/producteurs\/centre_d_enseignement_multimedia_universitaire_c_e_m_u\/mrsh\/50_ans_de_sciences_de_l_education\" target=\"_blank\" rel=\"noopener\">Lien<\/a><\/strong><\/li>\n<li><strong>Le plan Langevin Wallon <\/strong>(Pierre Kahn, Laurent Guttierez et Andr\u00e9 Robert, La fabrique de l&rsquo;histoire, France Culture, 30 novembre 2017) <strong><a href=\"https:\/\/www.franceculture.fr\/emissions\/la-fabrique-de-lhistoire\/pedagogies-nouvelles-44-aux-origines-de-nouvelles-pratiques-pedagogiques\" target=\"_blank\" rel=\"noopener\">Lien<\/a><\/strong><\/li>\n<li><strong>D\u00e9cloisonner le suivi et le soin des personnes en situation de handicap et\/ou atteintes de pathologies chroniques : les parcours de vie coordonn\u00e9s <\/strong>(Colloque international organis\u00e9 par le CIRNEF, en partenariat avec la CNSA, l&rsquo;UFR SHS, l&rsquo;IRIHS, la F\u00e9d\u00e9ration des PEP, la SFSP, Stylisme m\u00e9dical, l&rsquo;ARS Normandie, CHU-H\u00f4pitaux de Rouen, l&rsquo;IREPS Normandie et l&rsquo;AFDET, 12 et 13 juin 2017) <strong><a href=\"https:\/\/webtv.univ-rouen.fr\/channels\/#2017-12-et-13-juin-decloisonner-le-suivi-et-le-soin-des-personnes-en-situation-de-handicap-etou-atteintes-de-pathologies-chroniques_55370\" target=\"_blank\" rel=\"noreferrer noopener\">Lien<\/a><\/strong><\/li>\n<li><strong>Je-tu-nous&#8230; aujourd&rsquo;hui \u00e0 l&rsquo;\u00e9cole : sens, enjeux et d\u00e9marches d&rsquo;un projet en citoyennet\u00e9-la\u00efcit\u00e9<\/strong> (Colloque organis\u00e9 par le laboratoire Civiic, en partenariat avec l&rsquo;ESPE de l&rsquo;acad\u00e9mie de Rouen, 10 juin 2016) <strong><a href=\"https:\/\/webtv.univ-rouen.fr\/channels\/#je-tu-nous-approches-pluri-culturelles-de-la-citoyennete\" target=\"_blank\" rel=\"noreferrer noopener\">Lien<\/a><\/strong><\/li>\n<li><strong>La connaissance du nom des lettres chez des \u00e9l\u00e8ves de cycle 3 scolaris\u00e9s en \u00e9ducation prioritaire <\/strong>(Conf\u00e9rence de Sophie Briquet, Journ\u00e9e d&rsquo;\u00e9tude sur l&rsquo;\u00e9criture et les facteurs de d\u00e9crochage\/raccrochage scolaires, organis\u00e9e par l&rsquo;ESPE de l&rsquo;acad\u00e9mie de Rouen, 27 mai 2016) <strong><a href=\"https:\/\/webtv.univ-rouen.fr\/videos\/sophie-briquet-mcf-hdr-universite-de-rouen-la-connaissance-du-nom-des-lettres-chez-des-eleves-de-cycle-3-scolarises-en-education-prioritaire\/\" target=\"_blank\" rel=\"noreferrer noopener\">Lien<\/a><\/strong><\/li>\n<li><strong>Sortir de la confusion des savoirs et des valeurs par la diff\u00e9renciation des domaines du symbolique et des textes ; <\/strong><strong>enjeux pour l&rsquo;enseignement, l&rsquo;\u00e9ducation, et la formation <\/strong>(Colloque international organis\u00e9 par les laboratoires Civiic, Dysola et Eriac de l&rsquo;Universit\u00e9 de Rouen Normandie, 19, 20 et 21 mai 2016) <strong><a href=\"https:\/\/webtv.univ-rouen.fr\/channels\/#2016-colloque-international-sortir-de-la-confusion-des-savoirs-et-des-valeurs-par-la-differenciation-des-domaines-du-symbolique-et-des-textes-enjeux-pour-lenseignement-leducation-et-la-formation\" target=\"_blank\" rel=\"noopener\">Lien<\/a><\/strong><\/li>\n<li><strong>Recherche en \u00e9ducation et pratiques p\u00e9dagogiques des enseignants du sup\u00e9rieur en France <\/strong>(Colloque organis\u00e9 par l&rsquo;AIPU et le laboratoire Civiic, Universit\u00e9 de Rouen Normandie, 25 mars 2016) <strong><a href=\"https:\/\/webtv.univ-rouen.fr\/channels\/#2016-recherche-en-education-et-pratiques-pedagogiques-des-enseignants-du-superieur-en-france\" target=\"_blank\" rel=\"noreferrer noopener\">Lien<\/a><\/strong><\/li>\n<li><strong>Appel \u00e0 la Recherche, \u00e0 la formation, \u00e0 la professionnalisation au colloque de Caen de 1966 et \u00e9mergence des sciences de l&rsquo;\u00e9ducation comme discipline universitaire <\/strong>(Interventions de Francine Best et Jean-Yves Bodergat, Journ\u00e9es scientifiques <em>Coordination &#8211; collaboration\u00a0: quelles comp\u00e9tences collectives ?<\/em> organis\u00e9es par le CERSE, Universit\u00e9 de Caen Normandie, 2 et 3 mars 2016) <strong><a href=\"http:\/\/www.unicaen.fr\/recherche\/mrsh\/forge\/3901\" target=\"_blank\" rel=\"noopener\">Lien<\/a><\/strong><\/li>\n<li><strong>Rapports au temps et \u00e0 l&rsquo;espace per\u00e7us dans les relations num\u00e9riques <\/strong>(Conf\u00e9rence de Jean-Luc Rinaudo, S\u00e9minaire IMPEC de l&rsquo;ENS de Lyon, 25 septembre 2015) <strong><a href=\"https:\/\/impec.sciencesconf.org\/resource\/page\/id\/25\" target=\"_blank\" rel=\"noopener\">Lien<\/a> <\/strong><\/li>\n<li><strong>La r\u00e9ussite des \u00e9tudiants \u00e0 l&rsquo;universit\u00e9 et les \u00e9volutions des missions des enseignants-chercheurs <\/strong>(Conf\u00e9rence d&rsquo;Emmanuelle Annoot, Colloque international<em> Apprendre, transmettre et innover \u00e0 et par l&rsquo;universit\u00e9<\/em>, Universit\u00e9 de Montpellier 3, 24, 25 et 26 juin 2015) <strong><a href=\"http:\/\/www.canal-u.tv\/video\/um3\/la_reussite_des_etudiants_a_l_universite_et_les_evolutions_des_missions_des_enseignants_chercheurs.18321\" target=\"_blank\" rel=\"noreferrer noopener\">Lien<\/a><\/strong><\/li>\n<li><strong>Les \u00e9ducations \u00e0 : un (des) levier(s) de transformation du syst\u00e8me \u00e9ducatif ? <\/strong>(Colloque international organis\u00e9 par le Civiic, en partenariat avec l&rsquo;ESPE de l&rsquo;acad\u00e9mie de Rouen, 17, 18 et 19 novembre 2014) <strong><a href=\"https:\/\/webtv.univ-rouen.fr\/channels\/#2014-les-educations-a\" target=\"_blank\" rel=\"noreferrer noopener\">Lien<\/a><\/strong><\/li>\n<li><strong>Les enjeux de l&rsquo;\u00e9ducation face au num\u00e9rique : comprendre et agir <\/strong>(Conf\u00e9rences de Jean-Luc Rinaudo et Christian Gautelier, organis\u00e9es par la MGEN 76 et la MAIF 76, Universit\u00e9 du Havre, 13 novembre 2014) <strong><a href=\"http:\/\/www.studiobprod.fr\/share\/web\/141113\/\" target=\"_blank\" rel=\"noreferrer noopener\">Lien<\/a><\/strong><\/li>\n<li><strong>Mutations de l&rsquo;accompagnement dans les formations en ligne <\/strong>(Colloque international organis\u00e9 par le Civiic, Universit\u00e9 de Rouen,<br \/>\n8, 9 et 10 octobre 2014) <strong><a href=\"https:\/\/webtv.univ-rouen.fr\/channels\/#2014-mutations-de-laccompagnement-dans-les-formations-en-ligne\" target=\"_blank\" rel=\"noreferrer noopener\">Lien<\/a><\/strong><\/li>\n<li><strong>L&rsquo;<\/strong><strong>Odyss\u00e9e \u00c9thique, pr\u00e9sentation d&rsquo;un s<em>erious game <\/em><\/strong>(Conf\u00e9rence de Judit Vari, Tice pour tous, Universit\u00e9 de Rouen, 19 septembre 2014) <strong><a href=\"https:\/\/webtv.univ-rouen.fr\/videos\/lodyssee-ethique\/\" target=\"_blank\" rel=\"noopener\">Lien<\/a><\/strong><\/li>\n<li><strong>Retour d&rsquo;exp\u00e9rience de l&rsquo;int\u00e9gration des classes virtuelles synchrones dans des dispositifs hybrides \u00e0 l&rsquo;universit\u00e9 de Rouen <\/strong>(Conf\u00e9rence d&rsquo;Herv\u00e9 Daguet et B\u00e9atrice Savarieau, Tice pour tous, Universit\u00e9 de Rouen, 19 septembre 2014) <strong><a href=\"https:\/\/webtv.univ-rouen.fr\/videos\/retour-dexperience-de-lintegration-des-classes-virtuelles-synchrones-dans-des-dispositifs-hybrides-a-luniversite-de-rouen\/\" target=\"_blank\" rel=\"noreferrer noopener\">Lien<\/a><\/strong><\/li>\n<li><strong>Recherche sur la construction de la confiance : l&rsquo;oeuvre et\/ou l&rsquo;activit\u00e9, premi\u00e8re<\/strong><strong> partie <\/strong>(Conf\u00e9rence d&rsquo;Hubert Vincent, Universit\u00e9 de Patras<br \/>\navril 2014) <strong><a href=\"https:\/\/www.youtube.com\/watch?v=7OnaH-3er3c\" target=\"_blank\" rel=\"noreferrer noopener\">Lien<\/a><\/strong><\/li>\n<li><strong>Recherche sur la construction de la confiance : l&rsquo;oeuvre et\/ou l&rsquo;activit\u00e9, deuxi\u00e8me <\/strong><strong>partie <\/strong>(Conf\u00e9rence d&rsquo;Hubert Vincent, Universit\u00e9 de Patras avril 2014) <strong><a href=\"https:\/\/www.youtube.com\/watch?v=b_s5TlKH07k\" target=\"_blank\" rel=\"noreferrer noopener\">Lien<\/a><\/strong><\/li>\n<li><strong>P\u00e9dagogues et p\u00e9dagogie : regards sur les travaux de Jean Houssaye<\/strong> (Journ\u00e9e scientifique, Rouen, 2013) <a href=\"https:\/\/webtv.univ-rouen.fr\/channels\/pedagogues-et-pedagogie-regards-sur-les-travaux-de-jean-houssaye\" target=\"_blank\" rel=\"noopener\"><strong>Lien\u00a0<\/strong><\/a><\/li>\n<li><strong>\u00c9volution des dispositifs num\u00e9riques d&rsquo;enseignement et de formation : bilan et perspectives <\/strong>(Conf\u00e9rence de Jacques Wallet, Les universit\u00e9s Vivaldi, Caen, 9 mai 2012) <a href=\"https:\/\/www.canal-u.tv\/video\/centre_d_enseignement_multimedia_universitaire_c_e_m_u\/evolution_des_dispositifs_bilan_et_perspectives.8742\" target=\"_blank\" rel=\"noreferrer noopener\"><strong>Lien<\/strong><\/a><\/li>\n<\/ul>\n<p>&nbsp;<\/p>\n\n","protected":false},"excerpt":{"rendered":"<p>Comment r\u00e9pondre aux questions sensibles des enfants et des jeunes ?\u00a0(Journ\u00e9e d&rsquo;\u00e9tude sur l&rsquo;enfance au quotidien, 16e \u00e9dition, 2025, CIRNEF) Lien Evaluer et professionnaliser : horizons ind\u00e9passables des m\u00e9tiers de la formation \u00e0 l&rsquo;universit\u00e9 ? (Colloque RUMEF, 1-2-3 d\u00e9cembre 2025, CIRNEF) Lien Espaces sociaux, contextes et dispositifs en formation. R\u00e9flexions en sciences de l&rsquo;\u00e9ducation et &hellip;<\/p>\n<p class=\"read-more\"> <a class=\"\" href=\"https:\/\/cirnef.normandie-univ.fr\/?page_id=193\"> <span class=\"screen-reader-text\">Conf\u00e9rences en ligne<\/span> Lire la suite \u00bb<\/a><\/p>\n","protected":false},"author":1,"featured_media":0,"parent":0,"menu_order":0,"comment_status":"closed","ping_status":"closed","template":"","meta":{"site-sidebar-layout":"default","site-content-layout":"default","ast-global-header-display":"","ast-main-header-display":"","ast-hfb-above-header-display":"","ast-hfb-below-header-display":"","ast-hfb-mobile-header-display":"","site-post-title":"","ast-breadcrumbs-content":"","ast-featured-img":"","footer-sml-layout":"","theme-transparent-header-meta":"","adv-header-id-meta":"","stick-header-meta":"","header-above-stick-meta":"","header-main-stick-meta":"","header-below-stick-meta":"","footnotes":""},"coauthors":[34],"class_list":["post-193","page","type-page","status-publish","hentry"],"_links":{"self":[{"href":"https:\/\/cirnef.normandie-univ.fr\/index.php?rest_route=\/wp\/v2\/pages\/193","targetHints":{"allow":["GET"]}}],"collection":[{"href":"https:\/\/cirnef.normandie-univ.fr\/index.php?rest_route=\/wp\/v2\/pages"}],"about":[{"href":"https:\/\/cirnef.normandie-univ.fr\/index.php?rest_route=\/wp\/v2\/types\/page"}],"author":[{"embeddable":true,"href":"https:\/\/cirnef.normandie-univ.fr\/index.php?rest_route=\/wp\/v2\/users\/1"}],"replies":[{"embeddable":true,"href":"https:\/\/cirnef.normandie-univ.fr\/index.php?rest_route=%2Fwp%2Fv2%2Fcomments&post=193"}],"version-history":[{"count":4,"href":"https:\/\/cirnef.normandie-univ.fr\/index.php?rest_route=\/wp\/v2\/pages\/193\/revisions"}],"predecessor-version":[{"id":8312,"href":"https:\/\/cirnef.normandie-univ.fr\/index.php?rest_route=\/wp\/v2\/pages\/193\/revisions\/8312"}],"wp:attachment":[{"href":"https:\/\/cirnef.normandie-univ.fr\/index.php?rest_route=%2Fwp%2Fv2%2Fmedia&parent=193"}],"wp:term":[{"taxonomy":"author","embeddable":true,"href":"https:\/\/cirnef.normandie-univ.fr\/index.php?rest_route=%2Fwp%2Fv2%2Fcoauthors&post=193"}],"curies":[{"name":"wp","href":"https:\/\/api.w.org\/{rel}","templated":true}]}}