{"id":186,"date":"2018-12-03T16:09:22","date_gmt":"2018-12-03T15:09:22","guid":{"rendered":"http:\/\/localhost\/cirnef_wp\/?page_id=186"},"modified":"2018-12-03T16:09:22","modified_gmt":"2018-12-03T15:09:22","slug":"forse","status":"publish","type":"page","link":"https:\/\/cirnef.normandie-univ.fr\/?page_id=186","title":{"rendered":"FORSE"},"content":{"rendered":"\n<h1 class=\"wp-block-heading\"><strong>Formations \u00e0 distance en sciences de l&rsquo;\u00e9ducation (M1 et M2) :<\/strong><\/h1>\n\n\n\n<h1 class=\"wp-block-heading\"><strong>&gt; Campus num\u00e9rique <a href=\"http:\/\/www.sciencedu.org\/index.asp\" target=\"_blank\" rel=\"noreferrer noopener\">FORSE<\/a><\/strong><\/h1>\n\n\n\n<p><strong>Master 1 Sciences de l&rsquo;\u00e9ducation&nbsp;: Retrouvez toutes les informations&nbsp;<a href=\"http:\/\/www.sciencedu.org\/index.asp?id=forma_master_un\" target=\"_blank\" rel=\"noreferrer noopener\">ICI<\/a><\/strong><\/p>\n\n\n\n<p><strong>Master 2 Ing\u00e9nierie et conseil en formation (ICF) :&nbsp;Retrouvez toutes les informations&nbsp;<a href=\"http:\/\/www.sciencedu.org\/index.asp?id=forma_master_pro\" target=\"_blank\" rel=\"noreferrer noopener\">ICI<\/a><\/strong><\/p>\n\n\n\n<p><strong>Master 2&nbsp;international francophone en \u00e9ducation et formation&nbsp;(MARDIF) :&nbsp;Retrouvez toutes les informations&nbsp;<a href=\"http:\/\/www.sciencedu.org\/index.asp?id=forma_master_rech\" target=\"_blank\" rel=\"noreferrer noopener\">ICI<\/a><\/strong><\/p>\n\n\n\n<p><br><strong>Consultez la vid\u00e9o pr\u00e9sentant le Campus num\u00e9rique FORSE <a href=\"https:\/\/www.youtube.com\/watch?v=A6Oph7Xn6IA&amp;feature=youtu.be\" target=\"_blank\" rel=\"noreferrer noopener\">ICI<\/a><\/strong><\/p>\n","protected":false},"excerpt":{"rendered":"<p>Formations \u00e0 distance en sciences de l&rsquo;\u00e9ducation (M1 et M2) : &gt; Campus num\u00e9rique FORSE Master 1 Sciences de l&rsquo;\u00e9ducation&nbsp;: Retrouvez toutes les informations&nbsp;ICI Master 2 Ing\u00e9nierie et conseil en formation (ICF) :&nbsp;Retrouvez toutes les informations&nbsp;ICI Master 2&nbsp;international francophone en \u00e9ducation et formation&nbsp;(MARDIF) :&nbsp;Retrouvez toutes les informations&nbsp;ICI Consultez la vid\u00e9o pr\u00e9sentant le Campus num\u00e9rique FORSE &hellip;<\/p>\n<p class=\"read-more\"> <a class=\"\" href=\"https:\/\/cirnef.normandie-univ.fr\/?page_id=186\"> <span class=\"screen-reader-text\">FORSE<\/span> Lire la suite \u00bb<\/a><\/p>\n","protected":false},"author":1,"featured_media":0,"parent":0,"menu_order":0,"comment_status":"closed","ping_status":"closed","template":"","meta":{"site-sidebar-layout":"default","site-content-layout":"default","ast-global-header-display":"","ast-main-header-display":"","ast-hfb-above-header-display":"","ast-hfb-below-header-display":"","ast-hfb-mobile-header-display":"","site-post-title":"","ast-breadcrumbs-content":"","ast-featured-img":"","footer-sml-layout":"","theme-transparent-header-meta":"","adv-header-id-meta":"","stick-header-meta":"","header-above-stick-meta":"","header-main-stick-meta":"","header-below-stick-meta":"","footnotes":""},"coauthors":[],"class_list":["post-186","page","type-page","status-publish","hentry"],"_links":{"self":[{"href":"https:\/\/cirnef.normandie-univ.fr\/index.php?rest_route=\/wp\/v2\/pages\/186","targetHints":{"allow":["GET"]}}],"collection":[{"href":"https:\/\/cirnef.normandie-univ.fr\/index.php?rest_route=\/wp\/v2\/pages"}],"about":[{"href":"https:\/\/cirnef.normandie-univ.fr\/index.php?rest_route=\/wp\/v2\/types\/page"}],"author":[{"embeddable":true,"href":"https:\/\/cirnef.normandie-univ.fr\/index.php?rest_route=\/wp\/v2\/users\/1"}],"replies":[{"embeddable":true,"href":"https:\/\/cirnef.normandie-univ.fr\/index.php?rest_route=%2Fwp%2Fv2%2Fcomments&post=186"}],"version-history":[{"count":0,"href":"https:\/\/cirnef.normandie-univ.fr\/index.php?rest_route=\/wp\/v2\/pages\/186\/revisions"}],"wp:attachment":[{"href":"https:\/\/cirnef.normandie-univ.fr\/index.php?rest_route=%2Fwp%2Fv2%2Fmedia&parent=186"}],"wp:term":[{"taxonomy":"author","embeddable":true,"href":"https:\/\/cirnef.normandie-univ.fr\/index.php?rest_route=%2Fwp%2Fv2%2Fcoauthors&post=186"}],"curies":[{"name":"wp","href":"https:\/\/api.w.org\/{rel}","templated":true}]}}