{"id":184,"date":"2018-12-03T16:08:57","date_gmt":"2018-12-03T15:08:57","guid":{"rendered":"http:\/\/localhost\/cirnef_wp\/?page_id=184"},"modified":"2019-06-05T15:00:24","modified_gmt":"2019-06-05T13:00:24","slug":"doctorat","status":"publish","type":"page","link":"https:\/\/cirnef.normandie-univ.fr\/?page_id=184","title":{"rendered":"Doctorat et HDR"},"content":{"rendered":"\n\t<p><strong>Le Cirnef est rattach\u00e9 \u00e0 l&rsquo;\u00e9cole doctorale Homme, Soci\u00e9t\u00e9s, Risques, Territoire&nbsp;(ED HSRT 556, Normandie Universit\u00e9)<\/strong> &#8211; Lien :&nbsp;<a href=\"http:\/\/ed556-hsrt.normandie-univ.fr\/\">http:\/\/ed556-hsrt.normandie-univ.fr\/<\/a><\/p>\n","protected":false},"excerpt":{"rendered":"<p>Le Cirnef est rattach\u00e9 \u00e0 l&rsquo;\u00e9cole doctorale Homme, Soci\u00e9t\u00e9s, Risques, Territoire&nbsp;(ED HSRT 556, Normandie Universit\u00e9) &#8211; Lien :&nbsp;http:\/\/ed556-hsrt.normandie-univ.fr\/<\/p>\n","protected":false},"author":1,"featured_media":0,"parent":0,"menu_order":0,"comment_status":"closed","ping_status":"closed","template":"","meta":{"site-sidebar-layout":"default","site-content-layout":"default","ast-global-header-display":"","ast-main-header-display":"","ast-hfb-above-header-display":"","ast-hfb-below-header-display":"","ast-hfb-mobile-header-display":"","site-post-title":"","ast-breadcrumbs-content":"","ast-featured-img":"","footer-sml-layout":"","theme-transparent-header-meta":"","adv-header-id-meta":"","stick-header-meta":"","header-above-stick-meta":"","header-main-stick-meta":"","header-below-stick-meta":"","footnotes":""},"coauthors":[],"class_list":["post-184","page","type-page","status-publish","hentry"],"_links":{"self":[{"href":"https:\/\/cirnef.normandie-univ.fr\/index.php?rest_route=\/wp\/v2\/pages\/184","targetHints":{"allow":["GET"]}}],"collection":[{"href":"https:\/\/cirnef.normandie-univ.fr\/index.php?rest_route=\/wp\/v2\/pages"}],"about":[{"href":"https:\/\/cirnef.normandie-univ.fr\/index.php?rest_route=\/wp\/v2\/types\/page"}],"author":[{"embeddable":true,"href":"https:\/\/cirnef.normandie-univ.fr\/index.php?rest_route=\/wp\/v2\/users\/1"}],"replies":[{"embeddable":true,"href":"https:\/\/cirnef.normandie-univ.fr\/index.php?rest_route=%2Fwp%2Fv2%2Fcomments&post=184"}],"version-history":[{"count":0,"href":"https:\/\/cirnef.normandie-univ.fr\/index.php?rest_route=\/wp\/v2\/pages\/184\/revisions"}],"wp:attachment":[{"href":"https:\/\/cirnef.normandie-univ.fr\/index.php?rest_route=%2Fwp%2Fv2%2Fmedia&parent=184"}],"wp:term":[{"taxonomy":"author","embeddable":true,"href":"https:\/\/cirnef.normandie-univ.fr\/index.php?rest_route=%2Fwp%2Fv2%2Fcoauthors&post=184"}],"curies":[{"name":"wp","href":"https:\/\/api.w.org\/{rel}","templated":true}]}}