{"id":182,"date":"2018-12-03T16:08:27","date_gmt":"2018-12-03T15:08:27","guid":{"rendered":"http:\/\/localhost\/cirnef_wp\/?page_id=182"},"modified":"2024-09-16T10:08:23","modified_gmt":"2024-09-16T08:08:23","slug":"masters","status":"publish","type":"page","link":"https:\/\/cirnef.normandie-univ.fr\/?page_id=182","title":{"rendered":"Masters"},"content":{"rendered":"\n\n\t<h2><strong>Masters adoss\u00e9s au Cirnef<\/strong><\/h2>\n<hr \/>\n<h4><strong>Site de Rouen<\/strong><\/h4>\n<hr \/>\n<ul>\n<li><strong>Master 1 Sciences de l&rsquo;\u00e9ducation<\/strong> <strong>et de la formation (formation pr\u00e9sentielle) <\/strong>&gt; <a href=\"https:\/\/formation.univ-rouen.fr\/fr\/catalogue-de-l-offre-de-formation\/master-lmd-XB\/master-sciences-de-l-education-et-de-la-formation-L59PRJIJ.html\" target=\"_blank\" rel=\"noopener\">En savoir plus<\/a><\/li>\n<li><strong>Master 1 Sciences de l&rsquo;\u00e9ducation<\/strong> <strong>et de la formation <\/strong><strong>(formation \u00e0 distance &#8211; campus num\u00e9rique FORSE) <\/strong>&gt; <a href=\"https:\/\/www.cned.fr\/cursus-universitaire\/master-1-sciences-de-l-education\" target=\"_blank\" rel=\"noreferrer noopener\">En savoir plus<\/a><\/li>\n<li><strong>Master 2 Sciences de l&rsquo;\u00e9ducation et de la formation, Enjeux contemporains et pratiques en \u00e9ducation et formation (ECPEF)<\/strong> <strong>(formation pr\u00e9sentielle)<\/strong>\u00a0&gt; <a href=\"https:\/\/formation.univ-rouen.fr\/fr\/catalogue-de-l-offre-de-formation\/master-lmd-XB\/master-sciences-de-l-education-et-de-la-formation-L59PRJIJ\/master-sciences-de-l-education-et-de-la-formation-enjeux-contemporains-et-pratiques-en-education-et-formation-L59PRJPA.html\" target=\"_blank\" rel=\"noopener\">En savoir plus<\/a><\/li>\n<li><strong>Master 2 Sciences de l&rsquo;\u00e9ducation<\/strong> <strong>et de la formation,<\/strong> <strong>Ing\u00e9nierie et conseil en formation et d\u00e9veloppement des comp\u00e9tences <\/strong><strong>(formation pr\u00e9sentielle)<\/strong>\u00a0&gt;<a href=\"https:\/\/formation.univ-rouen.fr\/fr\/catalogue-de-l-offre-de-formation\/master-lmd-XB\/master-sciences-de-l-education-et-de-la-formation-L59PRJIJ\/master-sciences-de-l-education-et-de-la-formation-ingenierie-et-conseil-en-formation-et-developpement-des-competences-L59PRKSL.html\" target=\"_blank\" rel=\"noreferrer noopener\"> En savoir plus<\/a><\/li>\n<li><strong>Master 2 Sciences de l&rsquo;\u00e9ducation<\/strong> <strong>et de la formation<\/strong>, <strong>Ing\u00e9nierie et conseil en formation <\/strong><strong>(formation \u00e0 distance &#8211; campus num\u00e9rique FORSE)<\/strong>\u00a0&gt; <a href=\"https:\/\/www.cned.fr\/cursus-universitaire\/master-2-ingenierie-et-conseil-en-formation\" target=\"_blank\" rel=\"noreferrer noopener\">En savoir plus<\/a><\/li>\n<li><strong>Master 2 Sciences de l&rsquo;\u00e9ducation et de la formation, Ing\u00e9nierie de l&rsquo;\u00e9ducation \u00e0 la sant\u00e9 et de l&rsquo;\u00e9ducation th\u00e9rapeutique (IESET)<\/strong> <strong>(formation \u00e0 distance &#8211; campus num\u00e9rique FORSE)<\/strong>\u00a0&gt; <a href=\"https:\/\/www.cned.fr\/master-2-ingenierie-de-leducation-a-la-sante-et-de-leducation-therapeutique\" target=\"_blank\" rel=\"noopener\">En savoir plus<\/a><\/li>\n<li><strong>Master 2 Sciences de l&rsquo;\u00e9ducation et de la formation, Master international francophone en \u00e9ducation et formation (MIFEF)<\/strong> <strong>(formation \u00e0 distance &#8211; campus num\u00e9rique FORSE)<\/strong>\u00a0&gt; <a href=\"https:\/\/www.cned.fr\/cursus-universitaires\/master-2-international-francophone-en-education-et-formation\" target=\"_blank\" rel=\"noopener\">En savoir plus<\/a><\/li>\n<li><strong>Master 2 Ing\u00e9nierie num\u00e9rique et p\u00e9dagogique en \u00e9ducation et formation (formation \u00e0 distance &#8211; campus num\u00e9rique FORSE) <\/strong>&gt; <a href=\"https:\/\/www.cned.fr\/cursus-universitaires\/master-2-ingenierie-numerique-et-pedagogique-en-education-et-formation\" target=\"_blank\" rel=\"noopener\">En savoir plus<\/a><\/li>\n<li><strong>Master M\u00e9tiers de l&rsquo;enseignement, de l&rsquo;\u00e9ducation et de la formation<\/strong> <strong>(MEEF), mention 3, Conseiller principal d&rsquo;\u00e9ducation<\/strong> &gt; <a href=\"https:\/\/inspe.univ-rouen.fr\/devenir-conseiller-principal-d-education-478124.kjsp?RH=1421768801017&amp;RF=1422286409241\" target=\"_blank\" rel=\"noopener\">En savoir plus<\/a><\/li>\n<li><strong>Master M\u00e9tiers de l&rsquo;enseignement, de l&rsquo;\u00e9ducation et de la formation<\/strong> <strong>(MEEF), mention 4, Conception et animation de dispositifs d&rsquo;enseignement et formation (CADEF)<\/strong>\u00a0&gt; <a href=\"https:\/\/inspe.univ-rouen.fr\/autres-metiers-pratiques-et-ingenierie-de-formation-478128.kjsp?RH=1655990484682&amp;RF=1422286443172#CADEF\" target=\"_blank\" rel=\"noopener\">En savoir plus<\/a><\/li>\n<li><strong>Master M\u00e9tiers de l&rsquo;enseignement, de l&rsquo;\u00e9ducation et de la formation<\/strong> <strong>(MEEF), mention 4, Besoins \u00e9ducatifs particuliers (BEP)<\/strong>\u00a0&gt; <a href=\"https:\/\/inspe.univ-rouen.fr\/autres-metiers-pratiques-et-ingenierie-de-formation-478128.kjsp?RH=1421768801017&amp;RF=1422286443172\" target=\"_blank\" rel=\"noopener\">En savoir plus<\/a><\/li>\n<\/ul>\n<hr \/>\n<h4><strong>Site de Caen<\/strong><\/h4>\n<hr \/>\n<ul>\n<li><strong>Master Sciences de l&rsquo;\u00e9ducation et de la formation, Ing\u00e9nierie du num\u00e9rique dans l&rsquo;enseignement sup\u00e9rieur et la formation des adultes<\/strong>\u00a0&gt; <a href=\"https:\/\/uniform.unicaen.fr\/catalogue\/formation\/master\/7201-master-sciences-de-l-education-et-de-la-formation\" target=\"_blank\" rel=\"noopener\">En savoir plus<\/a><\/li>\n<li><strong>Master Sciences de l&rsquo;\u00e9ducation et de la formation, Ing\u00e9nieries de la formation des adultes, de la coordination et de l&rsquo;insertion &gt; <\/strong><a href=\"https:\/\/uniform.unicaen.fr\/catalogue\/formation\/master\/7082-master-sciences-de-l-education-et-de-la-formation\" target=\"_blank\" rel=\"noopener\">En savoir plus<\/a><\/li>\n<li><strong>Master M\u00e9tiers de l&rsquo;enseignement, de l&rsquo;\u00e9ducation et de la formation (MEEF), Premier degr\u00e9<\/strong>\u00a0&gt;<a href=\"https:\/\/uniform.unicaen.fr\/catalogue\/formation\/master\/6835?s=inspe&amp;r=1485356436195#collection-active-desktop\" target=\"_blank\" rel=\"noreferrer noopener\"> En savoir plus<\/a><\/li>\n<li><strong>Master M\u00e9tiers de l&rsquo;enseignement, de l&rsquo;\u00e9ducation et de la formation (MEEF), Encadrement \u00e9ducatif<\/strong>\u00a0&gt; <a href=\"https:\/\/uniform.unicaen.fr\/catalogue\/formation\/master\/6840?s=inspe&amp;r=1485354000378#collection-active-desktop\" target=\"_blank\" rel=\"noopener\">En savoir plus<\/a><\/li>\n<li><strong>Master M\u00e9tiers de l&rsquo;enseignement, de l&rsquo;\u00e9ducation et de la formation (MEEF), Pratiques et ing\u00e9nierie de la formation, Formation pour l&rsquo;\u00e9ducation inclusive <\/strong>&gt; <a href=\"https:\/\/uniform.unicaen.fr\/catalogue\/formation\/master\/6854-master-metiers-de-l-enseignement--de-l-education-et-de-la-formation--meef--%C2%B7-pratiques-et-ingenierie-de-la-formation\" target=\"_blank\" rel=\"noopener\">En savoir plus<\/a><\/li>\n<li><strong>Master M\u00e9tiers de l&rsquo;enseignement, de l&rsquo;\u00e9ducation et de la formation (MEEF), Pratiques et ing\u00e9nierie de la formation, Formation de formateurs en milieu scolaire<\/strong>\u00a0&gt; <a href=\"https:\/\/uniform.unicaen.fr\/catalogue\/formation\/master\/6838-master-metiers-de-l-enseignement--de-l-education-et-de-la-formation--meef--%C2%B7-pratiques-et-ingenierie-de-la-formation\" target=\"_blank\" rel=\"noopener\">En savoir plus<\/a><\/li>\n<\/ul>\n\n","protected":false},"excerpt":{"rendered":"<p>Masters adoss\u00e9s au Cirnef Site de Rouen Master 1 Sciences de l&rsquo;\u00e9ducation et de la formation (formation pr\u00e9sentielle) &gt; En savoir plus Master 1 Sciences de l&rsquo;\u00e9ducation et de la formation (formation \u00e0 distance &#8211; campus num\u00e9rique FORSE) &gt; En savoir plus Master 2 Sciences de l&rsquo;\u00e9ducation et de la formation, Enjeux contemporains et pratiques &hellip;<\/p>\n<p class=\"read-more\"> <a class=\"\" href=\"https:\/\/cirnef.normandie-univ.fr\/?page_id=182\"> <span class=\"screen-reader-text\">Masters<\/span> Lire la suite \u00bb<\/a><\/p>\n","protected":false},"author":1,"featured_media":0,"parent":0,"menu_order":0,"comment_status":"closed","ping_status":"closed","template":"","meta":{"site-sidebar-layout":"default","site-content-layout":"default","ast-global-header-display":"","ast-main-header-display":"","ast-hfb-above-header-display":"","ast-hfb-below-header-display":"","ast-hfb-mobile-header-display":"","site-post-title":"","ast-breadcrumbs-content":"","ast-featured-img":"","footer-sml-layout":"","theme-transparent-header-meta":"","adv-header-id-meta":"","stick-header-meta":"","header-above-stick-meta":"","header-main-stick-meta":"","header-below-stick-meta":"","footnotes":""},"coauthors":[34],"class_list":["post-182","page","type-page","status-publish","hentry"],"_links":{"self":[{"href":"https:\/\/cirnef.normandie-univ.fr\/index.php?rest_route=\/wp\/v2\/pages\/182","targetHints":{"allow":["GET"]}}],"collection":[{"href":"https:\/\/cirnef.normandie-univ.fr\/index.php?rest_route=\/wp\/v2\/pages"}],"about":[{"href":"https:\/\/cirnef.normandie-univ.fr\/index.php?rest_route=\/wp\/v2\/types\/page"}],"author":[{"embeddable":true,"href":"https:\/\/cirnef.normandie-univ.fr\/index.php?rest_route=\/wp\/v2\/users\/1"}],"replies":[{"embeddable":true,"href":"https:\/\/cirnef.normandie-univ.fr\/index.php?rest_route=%2Fwp%2Fv2%2Fcomments&post=182"}],"version-history":[{"count":0,"href":"https:\/\/cirnef.normandie-univ.fr\/index.php?rest_route=\/wp\/v2\/pages\/182\/revisions"}],"wp:attachment":[{"href":"https:\/\/cirnef.normandie-univ.fr\/index.php?rest_route=%2Fwp%2Fv2%2Fmedia&parent=182"}],"wp:term":[{"taxonomy":"author","embeddable":true,"href":"https:\/\/cirnef.normandie-univ.fr\/index.php?rest_route=%2Fwp%2Fv2%2Fcoauthors&post=182"}],"curies":[{"name":"wp","href":"https:\/\/api.w.org\/{rel}","templated":true}]}}