{"id":1819,"date":"2019-05-03T15:11:00","date_gmt":"2019-05-03T13:11:00","guid":{"rendered":"http:\/\/cirnef.normandie-univ.fr\/?page_id=1819"},"modified":"2025-05-14T14:58:38","modified_gmt":"2025-05-14T12:58:38","slug":"norma-zakaria","status":"publish","type":"page","link":"https:\/\/cirnef.normandie-univ.fr\/?page_id=1819","title":{"rendered":"Norma ZAKARIA"},"content":{"rendered":"\n\n\t<h2>Identit\u00e9<\/h2>\n<h4>HDR Norma ZAKARIA<\/h4>\nAdresse :<br \/>\nUniversit\u00e9 Saint-Esprit de Kaslik<br \/>\nAdma, rue 2, zone orange imm, Ambassador<br \/>\nJOUNIEH (Liban)\nT\u00e9l :<br \/>\nEmail : <a href=\"mailto:zakarianorma@gmail.com\">zakarianorma@gmail.com<\/a>\n\t\t\t\t<a href=\"https:\/\/cirnef.normandie-univ.fr\/wp-content\/uploads\/2019\/04\/avatarfemme.jpg\" target=\"_self\" itemprop=\"url\">\n\t\t\t\t<img decoding=\"async\" src=\"http:\/\/cirnef.normandie-univ.fr\/wp-content\/uploads\/2019\/04\/avatarfemme.jpg\" alt=\"avatarfemme\" itemprop=\"image\" title=\"avatarfemme\" onerror=\"this.style.display='none'\"  \/>\n\t\t\t\t<\/a>\n\t<h2>Mots-cl\u00e9s<\/h2>\n<blockquote><p>Didactique &#8211; m\u00e9thodologie &#8211; gestion du changement en \u00e9ducation &#8211; interculturalit\u00e9 &#8211; formation des enseignants<\/p><\/blockquote>\n\t\t\t<a href=\"#\" id=\"fl-accordion--label-0\" tabindex=\"0\" aria-controls=\"fl-accordion--panel-0\">Pr\u00e9sentation<\/a>\n\t\t\t\t\t\t\t<a href=\"#\" id=\"fl-accordion--icon-0\" tabindex=\"0\" aria-controls=\"fl-accordion--panel-0\"><i>Collapse<\/i><\/a>\n\t\t<p><strong><u>Profil acad\u00e9mique <\/u><\/strong><\/p>\n<p>Habilit\u00e9e \u00e0 diriger les recherches [HDR] en Sciences de l&rsquo;\u00e9ducation, Universit\u00e9 de Rouen &#8211; France, 2011.<\/p>\n<p>Chef de D\u00e9partement des Sciences de l&rsquo;\u00e9ducation &#8211; Universit\u00e9 Saint-Esprit de Kaslik &#8211; Liban. [2002 &#8211; 2016].<\/p>\n<p>Professeur de didactique de la langue fran\u00e7aise et de m\u00e9thodologie \u00e0 la Facult\u00e9 de Philosophie et des Sciences Humaines &#8211; Universit\u00e9 Saint-Esprit de Kaslik &#8211; Liban.<\/p>\n<p>Professeur \u00e0 distance \u00e0 l&rsquo;Universit\u00e9 de Rouen pour le Master international [MARDIF]<\/p>\n<p>Directrice du Laboratoire REFA [Recherches en \u00e9ducation pour la formation et les apprentissages], Universit\u00e9 Saint-Esprit de Kaslik &#8211; Liban. [2008 &#8211; 2016]. Actuellement, membre du Laboratoire.<\/p>\n<p>Coordinatrice de la revue <em>Apprentissage et Formation<\/em> publi\u00e9e par le Laboratoire REFA, Universit\u00e9 Saint-Esprit de Kaslik &#8211; Liban. [2008 &#8211; 2016]<\/p>\n<p>Membre du laboratoire CIVIIC de l&rsquo;Universit\u00e9 de Rouen &#8211; France, depuis 2008.<\/p>\n<p>Membre de l&rsquo;Association : Recherches et Pratiques en Didactique Professionnelle &#8211; Paris\/Dijon &#8211; France depuis 2009.<\/p>\n<p>Membre de L&rsquo;association ADMEE Europe [Association des m\u00e9thodologies d&rsquo;\u00e9valuation en \u00e9ducation] depuis 2013.<\/p>\n<p>Membre du comit\u00e9 scientifique de la Revue de Didactique Professionnelle <em>Travail et Apprentissages <\/em>publi\u00e9e \u00e0 Dijon [France].<\/p>\n<p>Formateur d&rsquo;enseignants dans plusieurs \u00e9tablissements libanais, priv\u00e9s et publics [travail de coordination]. Jusqu&rsquo;\u00e0 maintenant.<\/p>\n<p>Intervenante dans des colloques nationaux et internationaux.<\/p>\n<p>Auteurs de plusieurs ouvrages et articles.<\/p>\n<p><strong><u>Th\u00e8mes d\u00e9velopp\u00e9s dans l&rsquo;enseignement universitaire et les travaux de recherches<\/u><\/strong><\/p>\n<p>Les th\u00e8mes d\u00e9velopp\u00e9s dans les cours enseign\u00e9s \u00e0 l&rsquo;Universit\u00e9, au niveau de la Licence et du Master, abordent diff\u00e9rents aspects propres \u00e0 la didactique (particuli\u00e8rement la didactique de la langue fran\u00e7aise), \u00e0 la formation des enseignants, \u00e0 la m\u00e9thodologie d&rsquo;enseignement et aux changements culturels et \u00e9ducatifs qui influencent actuellement le monde de l&rsquo;\u00e9ducation.<\/p>\n\t\t\t<a href=\"#\" id=\"fl-accordion--label-1\" tabindex=\"0\" aria-controls=\"fl-accordion--panel-1\">Publications r\u00e9centes<\/a>\n\t\t\t\t\t\t\t<a href=\"#\" id=\"fl-accordion--icon-1\" tabindex=\"0\" aria-controls=\"fl-accordion--panel-1\"><i>Expand<\/i><\/a>\n\t\t<ul>\n<li>Enseigner et apprendre au Liban dans un contexte multiculturel<em>, <\/em>Actes du colloque : <em>L&rsquo;Espace M\u00e9diterran\u00e9en<\/em><em>: Profils et d\u00e9fis<\/em>, Annales de Philosophie et des Sciences Humaines, Vol. 28 &#8211; 2012 (pages 117-132).<\/li>\n<li>La construction de l&rsquo;identit\u00e9 professionnelle chez des \u00e9l\u00e8ves-ma\u00eetres en situation d&rsquo;apprentissage, Actes du colloque : <em>Apprentissage et d\u00e9veloppement professionnel<\/em>, Association de Didactique Professionnelle et Universit\u00e9 de Nantes, 7 et 8 juin 2012, publi\u00e9 sur le site de l&rsquo;Association de Didactique Professionnelle, <a href=\"http:\/\/www.didactiqueprofessionnelle.org\">didactiqueprofessionnelle.org<\/a>.<\/li>\n<li>L&rsquo;enseignement \u00e0 l&rsquo;Universit\u00e9 Catholique : humanisme, formation et \u00e9thique, Actes du XXIIe colloque international de l&rsquo;Assise : <em>Appartenance et globalisation en \u00e9ducation : Nouveau d\u00e9fis pour l&rsquo;Universit\u00e9 Catholique, <\/em>Annales de Philosophie et des Sciences Humaines, Vol. 29 &#8211; 2012 (pages 89-103).<\/li>\n<li>Quand l&rsquo;\u00e9valuation discipline la formation !, Actes du colloque : <em>Pour une \u00e9valuation constructrice, productrice de sens<\/em><em>,<\/em> Annales de Philosophie et des Sciences Humaines, Vol. 30 &#8211; 2012 (pages 19-30).<\/li>\n<li>Dans la revue <em>Apprentissage et Formation<\/em>. S\u00e9rie Initiation \u00e0&#8230; No 12, PUSEK, Liban, 2014.<\/li>\n<li>Perspectives m\u00e9thodologiques dans le d\u00e9veloppement professionnel des enseignants. Dans la revue <em>Apprentissage et Formation.<\/em> S\u00e9rie Initiation \u00e0&#8230; No 12, PUSEK, Liban, 2014.<\/li>\n<li>La formation initiale des enseignants de fran\u00e7ais au Liban : comp\u00e9tences linguistiques et d\u00e9veloppement professionnel. Actes du colloque du RIFEFF : <em>La francophonie universitaire en question.<\/em> Hano\u00ef, 2014.<\/li>\n<li>Vers une nouvelle conception de l&rsquo;accompagnement des enseignants en formation continue : analyse du travail du coordonnateur-formateur au Liban. Dans <em>Les Actes du 3<sup>\u00e8me<\/sup> colloque international de didactique professionnelle<\/em>. octobre 2014. Universit\u00e9 de Caen, Basse-Normandie.<\/li>\n<li>L&rsquo;\u00e9ducation de la femme chez les p\u00e9dagogues du patrimoine arabe \u00e0 travers les propos \u00e9ducatifs d&rsquo;Ibn Sahnoun, Al Kabissi, Ibn Hazm, Al Ghazali. Colloque : <em>La femme dans les soci\u00e9t\u00e9s arabes<\/em>, Centre sup\u00e9rieur de la recherche, USEK, 2015.<\/li>\n<li>L&rsquo;apport des pens\u00e9es philosophiques aux conceptions \u00e9ducatives. Colloque : <em>\u00c0 quoi sert la Philosophie ?<\/em> Facult\u00e9 de Philosophie et des Sciences Humaines Universit\u00e9 Saint-Esprit de Kaslik, 2015.<\/li>\n<li>L&rsquo;approche par comp\u00e9tences et le contexte scolaire libanais: entre la th\u00e9orie et la pratique. Colloque<strong>: <\/strong><em>L&rsquo;Approche par Comp\u00e9tences dans les programmes libanais : quels enjeux et quels d\u00e9fis ?<\/em> Universit\u00e9 de Balamand, 2015.<\/li>\n<li>Innover les pratiques enseignantes des formateurs universitaires en sciences de l&rsquo;\u00e9ducation dans un contexte universitaire libanais: de la profession \u00e0 la professionnalisation. In, Karsenti, T. (2016). <em>Mieux former les enseignants dans la Francophonie. Principaux enjeux actuels et futurs.<\/em> Montr\u00e9al, Q C : AUF. pp. 451-463.<\/li>\n<li>Dans la revue <em>Apprentissage et Formation<\/em>. S\u00e9rie Initiation \u00e0&#8230; No 17, PUSEK, Liban, 2016.<\/li>\n<li>L&rsquo;\u00e9ducation aux valeurs face aux nouveaux d\u00e9fis : de la parole \u00e0 l&rsquo;action. Dans la revue <em>Apprentissage et Formation<\/em>. S\u00e9rie Initiation \u00e0&#8230; Laboratoire REFA &#8211; PUSEK. 2016.<\/li>\n<li>Educating for the culture of dialogue, a challenge for the dialogue of cultures. The International Conference <em>Bel<\/em><em>iefs and Behaviours in Education and Culture. <\/em>West University of Timi\u0219oara- Teacher Training Department 25, 26, 27 June 2015. Publi\u00e9 en 2016.<\/li>\n<li>L&rsquo;\u00e9cole \u00e0 l&rsquo;\u00e9preuve des changements. Colloque : <em>G\u00e9rer et enseigner autrement : des enjeux pour l&rsquo;\u00e9cole d&rsquo;aujourd&rsquo;hui<\/em>. Annales de Philosophie et des Sciences HumainesNo 36 \/ 2016. Universit\u00e9 Saint-Esprit de Kaslik : USEK 2017.<\/li>\n<\/ul>\n\t\t\t<a href=\"#\" id=\"fl-accordion--label-2\" tabindex=\"0\" aria-controls=\"fl-accordion--panel-2\">Direction d&rsquo;ouvrages publi\u00e9s<\/a>\n\t\t\t\t\t\t\t<a href=\"#\" id=\"fl-accordion--icon-2\" tabindex=\"0\" aria-controls=\"fl-accordion--panel-2\"><i>Expand<\/i><\/a>\n\t\t<ul>\n<li><em>Apprentissage et Formation. Laboratoire REFA <\/em>(sous la direction de), S\u00e9rie Initiation \u00e0&#8230; 10, Universit\u00e9 Saint- Esprit de Kaslik, Pusek, 2011.<\/li>\n<li><em>Apprentissage et Formation 2. Laboratoire REFA <\/em>(sous la direction de), S\u00e9rie Initiation \u00e0 12, Universit\u00e9 Saint- Esprit de Kaslik, Pusek, 2014.<\/li>\n<li><em>L&rsquo;\u00e9ducation aux valeurs face aux nouveaux d\u00e9fis <\/em>(sous la direction de), S\u00e9rie Initiation \u00e0 17, Universit\u00e9 Saint- Esprit de Kaslik, Pusek, 2016.<\/li>\n<\/ul>\n\t\t\t<a href=\"#\" id=\"fl-accordion--label-3\" tabindex=\"0\" aria-controls=\"fl-accordion--panel-3\">Collaborations<\/a>\n\t\t\t\t\t\t\t<a href=\"#\" id=\"fl-accordion--icon-3\" tabindex=\"0\" aria-controls=\"fl-accordion--panel-3\"><i>Expand<\/i><\/a>\n\t\t<p><strong><u>Collaboration dans des cotutelles et des jurys de th\u00e8se :<\/u><\/strong><\/p>\n<p>Au niveau de la direction des th\u00e8ses, 3 cotutelles avec l&rsquo;Universit\u00e9 de Rouen. Les doctorants sont des \u00e9tudiants libanais. Les professeurs collaborateurs dans les cotutelles sont Jean Houssaye et Jacques Wallet.<\/p>\n<p>Une cotutelle avec l&rsquo;Universit\u00e9 Catholique d&rsquo;Angers. Le professeur collaborateur est Bertrand Bergier.<\/p>\n<p>Des jurys de th\u00e8se \u00e0 l&rsquo;Universit\u00e9 Lyon II et L&rsquo;Institut Catholique de Paris [ICP]<\/p>\n<p>Professeur dans le master international [Mardif] \u00e0 l&rsquo;Universit\u00e9 de Rouen. Collaboration avec des professeurs d&rsquo;universit\u00e9s fran\u00e7aises, belges, suisses, canadiennes.<\/p>\n<p><strong><u>Collaboration dans des projets de recherche internationaux : <\/u><\/strong><\/p>\n<p>2006-2009 Recherche effectu\u00e9e avec l&rsquo;\u00e9quipe libanaise dans le cadre du projet CECA : <em>Cultures d&rsquo;enseignement, cultures d&rsquo;apprentissage <\/em>en collaboration avec la FIPF et l&rsquo;AUF. \u00c9tude comparative entre les syst\u00e8mes d&rsquo;enseignement de la langue fran\u00e7aise dans les pays francophones.<\/p>\n<p>2010-2011 Recherche effectu\u00e9e \u00e0 l&rsquo;association <em>Lebanese Association for Educational Studies<\/em> sur les programmes de licence dans 11 universit\u00e9s libanaises qui d\u00e9livrent une licence en Sciences de l&rsquo;\u00e9ducation. Recherche dirig\u00e9e par l&rsquo;UNESCO.<\/p>\n<p><strong><u>Collaborations en tant que membre des associations :<\/u><\/strong><\/p>\n<p>L&rsquo;association de Didactique Professionnelle &#8211; membre depuis 2009.<\/p>\n<p>L&rsquo;ADMEE Europe &#8211; membre de la commission libanaise de l&rsquo;ADMEE.<\/p>\n\n","protected":false},"excerpt":{"rendered":"<p>Identit\u00e9 HDR Norma ZAKARIA Adresse : Universit\u00e9 Saint-Esprit de Kaslik Adma, rue 2, zone orange imm, Ambassador JOUNIEH (Liban) T\u00e9l : Email : zakarianorma@gmail.com Mots-cl\u00e9s Didactique &#8211; m\u00e9thodologie &#8211; gestion du changement en \u00e9ducation &#8211; interculturalit\u00e9 &#8211; formation des enseignants Pr\u00e9sentation Collapse Profil acad\u00e9mique Habilit\u00e9e \u00e0 diriger les recherches [HDR] en Sciences de l&rsquo;\u00e9ducation, Universit\u00e9 &hellip;<\/p>\n<p class=\"read-more\"> <a class=\"\" href=\"https:\/\/cirnef.normandie-univ.fr\/?page_id=1819\"> <span class=\"screen-reader-text\">Norma ZAKARIA<\/span> Lire la suite \u00bb<\/a><\/p>\n","protected":false},"author":100,"featured_media":0,"parent":0,"menu_order":0,"comment_status":"closed","ping_status":"closed","template":"","meta":{"site-sidebar-layout":"default","site-content-layout":"default","ast-global-header-display":"","ast-main-header-display":"","ast-hfb-above-header-display":"","ast-hfb-below-header-display":"","ast-hfb-mobile-header-display":"","site-post-title":"","ast-breadcrumbs-content":"","ast-featured-img":"","footer-sml-layout":"","theme-transparent-header-meta":"","adv-header-id-meta":"","stick-header-meta":"","header-above-stick-meta":"","header-main-stick-meta":"","header-below-stick-meta":"","footnotes":""},"coauthors":[],"class_list":["post-1819","page","type-page","status-publish","hentry"],"_links":{"self":[{"href":"https:\/\/cirnef.normandie-univ.fr\/index.php?rest_route=\/wp\/v2\/pages\/1819","targetHints":{"allow":["GET"]}}],"collection":[{"href":"https:\/\/cirnef.normandie-univ.fr\/index.php?rest_route=\/wp\/v2\/pages"}],"about":[{"href":"https:\/\/cirnef.normandie-univ.fr\/index.php?rest_route=\/wp\/v2\/types\/page"}],"author":[{"embeddable":true,"href":"https:\/\/cirnef.normandie-univ.fr\/index.php?rest_route=\/wp\/v2\/users\/100"}],"replies":[{"embeddable":true,"href":"https:\/\/cirnef.normandie-univ.fr\/index.php?rest_route=%2Fwp%2Fv2%2Fcomments&post=1819"}],"version-history":[{"count":1,"href":"https:\/\/cirnef.normandie-univ.fr\/index.php?rest_route=\/wp\/v2\/pages\/1819\/revisions"}],"predecessor-version":[{"id":7831,"href":"https:\/\/cirnef.normandie-univ.fr\/index.php?rest_route=\/wp\/v2\/pages\/1819\/revisions\/7831"}],"wp:attachment":[{"href":"https:\/\/cirnef.normandie-univ.fr\/index.php?rest_route=%2Fwp%2Fv2%2Fmedia&parent=1819"}],"wp:term":[{"taxonomy":"author","embeddable":true,"href":"https:\/\/cirnef.normandie-univ.fr\/index.php?rest_route=%2Fwp%2Fv2%2Fcoauthors&post=1819"}],"curies":[{"name":"wp","href":"https:\/\/api.w.org\/{rel}","templated":true}]}}