{"id":1815,"date":"2019-05-03T15:05:27","date_gmt":"2019-05-03T13:05:27","guid":{"rendered":"http:\/\/cirnef.normandie-univ.fr\/?page_id=1815"},"modified":"2025-05-14T14:31:06","modified_gmt":"2025-05-14T12:31:06","slug":"annie-tschirhart","status":"publish","type":"page","link":"https:\/\/cirnef.normandie-univ.fr\/?page_id=1815","title":{"rendered":"Annie TSCHIRHART"},"content":{"rendered":"\n\n\t<h2>Identit\u00e9<\/h2>\n<h4>MCF Annie TSCHIHART<\/h4>\nAdresse :<br \/>\nUniversit\u00e9 de Rouen Normandie<br \/>\nUFR des Sciences de l&rsquo;Homme et de la Soci\u00e9t\u00e9<br \/>\nRue Lavoisier<br \/>\n76321 MONT SAINT AIGNAN CEDEX\nT\u00e9l :<br \/>\nEmail : <a href=\"mailto:a.tschirhart@laposte.net\">a.tschirhart@laposte.net<\/a><br \/>\nSite :\n\t\t\t\t<a href=\"https:\/\/cirnef.normandie-univ.fr\/wp-content\/uploads\/2019\/04\/avatarfemme.jpg\" target=\"_self\" itemprop=\"url\">\n\t\t\t\t<img loading=\"lazy\" decoding=\"async\" src=\"https:\/\/cirnef.normandie-univ.fr\/wp-content\/uploads\/2019\/04\/avatarfemme.jpg\" alt=\"avatarfemme\" itemprop=\"image\" height=\"240\" width=\"240\" title=\"avatarfemme\" onerror=\"this.style.display='none'\"  \/>\n\t\t\t\t<\/a>\n\t<h2>Mots-cl\u00e9s<\/h2>\n<blockquote><p>&nbsp;<\/p><\/blockquote>\n\t\t\t<a href=\"#\" id=\"fl-accordion--label-0\" tabindex=\"0\" aria-controls=\"fl-accordion--panel-0\">Pr\u00e9sentation<\/a>\n\t\t\t\t\t\t\t<a href=\"#\" id=\"fl-accordion--icon-0\" tabindex=\"0\" aria-controls=\"fl-accordion--panel-0\"><i>Collapse<\/i><\/a>\n\t\t<p><strong>PRINCIPALEMENT TROIS AXES DE RECHERCHE :<\/strong><\/p>\n*Sp\u00e9cialiste de la discipline scolaire et auteur de Quand l&rsquo;\u00c9tat discipline l&rsquo;Ecole, l&rsquo;\u00c9cole, une histoire des formes disciplinaires, entre rupture et\u00a0 filiation, Paris, L&rsquo;Harmattan, coll. Histoire et M\u00e9moire de la formation, mars 2004.<br \/>\nSp\u00e9cialiste \u00e9galement des surveillants g\u00e9n\u00e9raux (CF : article sur les SG et CPE) et participation \u00e0 l&rsquo;ouvrage collectif : A l&rsquo;aube de la vie scolaire, A.Piquenot Inspecteur Vie Scolaire, CRDP de Dijon, 2007.\n*\u00ab Mme de Maintenon \u00bb in Femmes p\u00e9dagogues, t1 : De l&rsquo;Antiquit\u00e9 au XIXe si\u00e8cle, (sous la direction de J.Houssaye), Paris, \u00e9dition Fabert, D\u00e9cembre 2008 (coll : \u00ab P\u00e9dagogues du monde entier \u00bb).<br \/>\nET article \u00ab M\u00e8re de famille ou nonne, dialectique \u00e9ducative au XVIIe si\u00e8cle, colloque international 9 et 10 mars 2006 (universit\u00e9 de Rouen et IUFM de Rouen).\n* Recherche sur l&rsquo;hygi\u00e8ne scolaire. Article : \u00ab R\u00f4le et \u00e9volution de l&rsquo;hygi\u00e8ne scolaire dans l&rsquo;enseignement secondaire de 1800 \u00e0 1910 \u00bb in Carrefour de l&rsquo;Education N\u00b026, 2008, pp.201-213.<br \/>\nEn pr\u00e9paration un ouvrage sur Hygi\u00e8ne publique, hygi\u00e8ne scolaire .<br \/>\nEn pr\u00e9paration : recension de l&rsquo;ouvrage de F.Roy : L\u00e9on Tolsto\u00ef in P\u00e9dagogues du monde entier, \u00e9ditions Fabert , 2016.\n\t\t\t<a href=\"#\" id=\"fl-accordion--label-1\" tabindex=\"0\" aria-controls=\"fl-accordion--panel-1\">Publications r\u00e9centes<\/a>\n\t\t\t\t\t\t\t<a href=\"#\" id=\"fl-accordion--icon-1\" tabindex=\"0\" aria-controls=\"fl-accordion--panel-1\"><i>Expand<\/i><\/a>\n\t\t<p>\u00ab Des surveillants g\u00e9n\u00e9raux aux Conseillers Principaux d&rsquo;Education : histoire d&rsquo;un h\u00e9ritage \u00bb Carrefour de l&rsquo;Education , N\u00b035, Mai 2013, 85-104.<\/p>\n\t\t\t<a href=\"#\" id=\"fl-accordion--label-2\" tabindex=\"0\" aria-controls=\"fl-accordion--panel-2\">Collaborations<\/a>\n\t\t\t\t\t\t\t<a href=\"#\" id=\"fl-accordion--icon-2\" tabindex=\"0\" aria-controls=\"fl-accordion--panel-2\"><i>Expand<\/i><\/a>\n\n","protected":false},"excerpt":{"rendered":"<p>Identit\u00e9 MCF Annie TSCHIHART Adresse : Universit\u00e9 de Rouen Normandie UFR des Sciences de l&rsquo;Homme et de la Soci\u00e9t\u00e9 Rue Lavoisier 76321 MONT SAINT AIGNAN CEDEX T\u00e9l : Email : a.tschirhart@laposte.net Site : Mots-cl\u00e9s &nbsp; Pr\u00e9sentation Collapse PRINCIPALEMENT TROIS AXES DE RECHERCHE : *Sp\u00e9cialiste de la discipline scolaire et auteur de Quand l&rsquo;\u00c9tat discipline l&rsquo;Ecole, &hellip;<\/p>\n<p class=\"read-more\"> <a class=\"\" href=\"https:\/\/cirnef.normandie-univ.fr\/?page_id=1815\"> <span class=\"screen-reader-text\">Annie TSCHIRHART<\/span> Lire la suite \u00bb<\/a><\/p>\n","protected":false},"author":99,"featured_media":0,"parent":0,"menu_order":0,"comment_status":"closed","ping_status":"closed","template":"","meta":{"site-sidebar-layout":"default","site-content-layout":"default","ast-global-header-display":"","ast-main-header-display":"","ast-hfb-above-header-display":"","ast-hfb-below-header-display":"","ast-hfb-mobile-header-display":"","site-post-title":"","ast-breadcrumbs-content":"","ast-featured-img":"","footer-sml-layout":"","theme-transparent-header-meta":"","adv-header-id-meta":"","stick-header-meta":"","header-above-stick-meta":"","header-main-stick-meta":"","header-below-stick-meta":"","footnotes":""},"coauthors":[],"class_list":["post-1815","page","type-page","status-publish","hentry"],"_links":{"self":[{"href":"https:\/\/cirnef.normandie-univ.fr\/index.php?rest_route=\/wp\/v2\/pages\/1815","targetHints":{"allow":["GET"]}}],"collection":[{"href":"https:\/\/cirnef.normandie-univ.fr\/index.php?rest_route=\/wp\/v2\/pages"}],"about":[{"href":"https:\/\/cirnef.normandie-univ.fr\/index.php?rest_route=\/wp\/v2\/types\/page"}],"author":[{"embeddable":true,"href":"https:\/\/cirnef.normandie-univ.fr\/index.php?rest_route=\/wp\/v2\/users\/99"}],"replies":[{"embeddable":true,"href":"https:\/\/cirnef.normandie-univ.fr\/index.php?rest_route=%2Fwp%2Fv2%2Fcomments&post=1815"}],"version-history":[{"count":1,"href":"https:\/\/cirnef.normandie-univ.fr\/index.php?rest_route=\/wp\/v2\/pages\/1815\/revisions"}],"predecessor-version":[{"id":7825,"href":"https:\/\/cirnef.normandie-univ.fr\/index.php?rest_route=\/wp\/v2\/pages\/1815\/revisions\/7825"}],"wp:attachment":[{"href":"https:\/\/cirnef.normandie-univ.fr\/index.php?rest_route=%2Fwp%2Fv2%2Fmedia&parent=1815"}],"wp:term":[{"taxonomy":"author","embeddable":true,"href":"https:\/\/cirnef.normandie-univ.fr\/index.php?rest_route=%2Fwp%2Fv2%2Fcoauthors&post=1815"}],"curies":[{"name":"wp","href":"https:\/\/api.w.org\/{rel}","templated":true}]}}