{"id":1789,"date":"2019-05-03T13:40:05","date_gmt":"2019-05-03T11:40:05","guid":{"rendered":"http:\/\/cirnef.normandie-univ.fr\/?page_id=1789"},"modified":"2025-05-14T14:21:20","modified_gmt":"2025-05-14T12:21:20","slug":"jane-paiva","status":"publish","type":"page","link":"https:\/\/cirnef.normandie-univ.fr\/?page_id=1789","title":{"rendered":"Jane PAIVA"},"content":{"rendered":"\n\n\t<h2>Identit\u00e9<\/h2>\n<h4>Dr Jane PAIVA<\/h4>\nAdresse :<br \/>\nUniversidade do Estado do Rio de Janeiro<br \/>\nRua U\u00e7\u00e1, 444 cobertura 01 &#8211; Jardim Guanabara &#8211; Rio de Janeiro &#8211; RJ<br \/>\nRua S\u00e3o Francisco Xavier, 524 &#8211; 12\u00ba andar &#8211; Sala 12034-A &#8211; Maracan\u00e3 &#8211; Rio de Janeiro &#8211; RJ<br \/>\n21940-480 RIO DE JANEIRO (Br\u00e9sil)\nT\u00e9l :<br \/>\nEmail : <a href=\"mailto:janepaiva27@gmail.com\">janepaiva27@gmail.com<\/a><br \/>\nSite : <a href=\"http:\/\/jansedapaiva.wixsite.com\/aprendizadolongovida\">Grupo de Pesquisa <em>Aprendizados ao longo da vida<\/em><\/a>\n\t\t\t\t<a href=\"https:\/\/cirnef.normandie-univ.fr\/wp-content\/uploads\/2019\/04\/avatarfemme.jpg\" target=\"_self\" itemprop=\"url\">\n\t\t\t\t<img loading=\"lazy\" decoding=\"async\" src=\"https:\/\/cirnef.normandie-univ.fr\/wp-content\/uploads\/2019\/04\/avatarfemme.jpg\" alt=\"avatarfemme\" itemprop=\"image\" height=\"240\" width=\"240\" title=\"avatarfemme\" onerror=\"this.style.display='none'\"  \/>\n\t\t\t\t<\/a>\n\t<h2>Mots-cl\u00e9s<\/h2>\n<blockquote><p>\u00e9ducation des jeunes et des adultes; droit \u00e0 l&rsquo;\u00e9ducation; alphab\u00e9tisation; lecture et \u00e9criture; \u00e9ducation professionnelle integr\u00e9e \u00e0 la \u00e9ducation des jeunes et des adultes; formation des lecteurs; formation des adultes; formation des professeurs; politiques publiques d&rsquo;\u00e9ducation des jeunes et des adultes.<\/p><\/blockquote>\n\t\t\t<a href=\"#\" id=\"fl-accordion--label-0\" tabindex=\"0\" aria-controls=\"fl-accordion--panel-0\">Pr\u00e9sentation<\/a>\n\t\t\t\t\t\t\t<a href=\"#\" id=\"fl-accordion--icon-0\" tabindex=\"0\" aria-controls=\"fl-accordion--panel-0\"><i>Collapse<\/i><\/a>\n\t\t<p>Prof. du Programa de P\u00f3s-Gradua\u00e7\u00e3o em Educa\u00e7\u00e3o (ProPed) et de la Faculdade de Educa\u00e7\u00e3o de la Universidade do Estado do Rio de Janeiro. Chercheur du Programme Procientista UERJ\/Faperj et Jovem Cientista do Nosso Estado (Faperj). Pos-doc (bourse stagiaire Senior Capes) au Centro de Investigaci\u00f3n y de Estudios Avanzados del IPN (CINVESTAV\/ Ciudad del M\u00e9xico).<\/p>\n<p>Doctorat en \u00c9ducation \u00e0 la Universidade Federal Fluminense (2005) et Ma\u00eetre en \u00c9ducation \u00e0 la Universidade Federal Fluminense (1995). Licence en Didactique de la Biologie et de la Hygi\u00e8ne Scolaire &#8211; P\u00e9dagogie (1973); et Licence et Baccalaur\u00e9at en Sciences Biologiques (1976). Chercheur avec exp\u00e9rience dans le champs de l&rsquo;\u00e9ducation, sp\u00e9cifiquement en \u00c9ducation des Jeunes et des Adultes. Principaux th\u00e8mes actuels de recherche: \u00e9ducation des jeunes et des adultes; m\u00e9moire et pr\u00e9servation des collections; politiques publiques d&rsquo;alphab\u00e9tisation et d&rsquo;\u00e9ducation des jeunes et des adultes; \u00e9ducation continue et apprentissages tout au long de la vie; \u00e9ducation en prison; lecture et \u00e9criture; \u00e9ducation professionnelle au sein de l&rsquo;\u00e9ducation des jeunes et des adultes; formation des professeurs pour l&rsquo;\u00e9ducation des jeunes et des adultes et de la formation continue.<\/p>\n\t\t\t<a href=\"#\" id=\"fl-accordion--label-1\" tabindex=\"0\" aria-controls=\"fl-accordion--panel-1\">Publications r\u00e9centes<\/a>\n\t\t\t\t\t\t\t<a href=\"#\" id=\"fl-accordion--icon-1\" tabindex=\"0\" aria-controls=\"fl-accordion--panel-1\"><i>Expand<\/i><\/a>\n\t\t<p>PAIVA, Jane. Fazendo-se leitora: Ant\u00f4nia conta sua hist\u00f3ria. <em>In<\/em>: FREITAS, Marinaide Lima de Queiroz (org.). Macei\u00f3: CAPES: OBEDUC: Observat\u00f3rio de Leitura: EdUFAL, 2017.<\/p>\n<p>PAIVA, Jane. Contradi\u00e7\u00f5es na formula\u00e7\u00e3o das pol\u00edticas de educa\u00e7\u00e3o: inclus\u00e3o\/exclus\u00e3o, autonomia, cidadania, qualidade como consequ\u00eancia dos fatores legais e de financiamento. <em>In<\/em>: MORAES, Bianca Mota de; GON\u00c7ALVES, Clis\u00e2nger Ferreira; VICENTE, D\u00e9bora da Silva; JULI\u00c3O, Elionaldo Fernandes (org.). <em>Pol\u00edticas P\u00fablicas de Educa\u00e7\u00e3o<\/em>. 1. ed. Rio de Janeiro: Minist\u00e9rio P\u00fablico do Estado do Rio de Janeiro e Universidade Federal Fluminense, 2017, v. 1, p. 89-103.<\/p>\n<p>PAIVA, Jane; FERNANDES, F\u00e1tima Lobato. Da concep\u00e7\u00e3o \u00e0 pr\u00e1tica de forma\u00e7\u00e3o inicial: a EJA no curr\u00edculo de Pedagogia.\u00a0\u00a0\u00a0\u00a0\u00a0\u00a0\u00a0\u00a0\u00a0\u00a0\u00a0\u00a0\u00a0\u00a0\u00a0 <em>Teias online<\/em>. Dossi\u00ea Pr\u00e1ticas nas IES de forma\u00e7\u00e3o de professores para a EJA. v. 17 &#8211; Edi\u00e7\u00e3o Especial. DOI 10.12957\/teias.2016.25059.<\/p>\n<p>PAIVA, Jane; SALES, Sandra. Editorial Dossi\u00ea Pr\u00e1ticas nas IES de forma\u00e7\u00e3o de professores para a EJA. <em>Revista Teias online<\/em> Dossi\u00ea Pr\u00e1ticas nas IES de forma\u00e7\u00e3o de professores para a EJA. v. 17 &#8211; Edi\u00e7\u00e3o Especial. DOI 10.12957\/teias.2016.25059.<\/p>\n<p>PAIVA, Jane; SALES, Sandra Regina (ed.). <em>Revista Teias<\/em>. Edi\u00e7\u00e3o Especial &#8211; Pr\u00e1ticas nas IES de forma\u00e7\u00e3o de professores (inicial e continuada) para a EJA. v. 17. Rio de Janeiro: UERJ, set. 2016. DOI 10.12957\/teias.<\/p>\n<p>PAIVA, Jane; OLIVEIRA, In\u00eas Barbosa; PASSOS, Mailsa. Curr\u00edculo em EJA: pr\u00e1ticas culturais, direito de aprender por toda vida e ecologia de saberes. <em>Revista Educa\u00e7\u00e3o em Quest\u00e3o<\/em> (on line), v. 54, p. 113-134, dez. 2016.<\/p>\n<p>PAIVA, Jane; VIANNA, C\u00e1tia de Vasconcelos; FERREIRA, M\u00e1rcia Gomes. Educa\u00e7\u00e3o ao longo da vida em arte e cultura. NACIF, Paulo Gabriel Soledad <em>et al<\/em> (orgs.). <em>Colet\u00e2nea de textos CONFINTEA Brasil + 6<\/em>: tema central e oficinas tem\u00e1ticas. Bras\u00edlia: MEC\/SECADI, 2016.<\/p>\n<p>PAIVA, Jane. Direito \u00e0 educa\u00e7\u00e3o: permanecer na escola \u00e9 um problema p\u00fablico? CARMO, Gerson Tavares do (org.). <em>Sentidos da perman\u00eancia na educa\u00e7\u00e3o<\/em>: o an\u00fancio de uma constru\u00e7\u00e3o coletiva. Rio de Janeiro: Tempo Brasileiro, 2016. (Cole\u00e7\u00e3o Biblioteca Universit\u00e1ria n. 106).<\/p>\n<p>PAIVA, Jane, CARDOSO, Vanda de Figueredo. Estrat\u00e9gias de perman\u00eancia no PROEJA. <em>In: <\/em>LOPES, Denise; OLIVEIRA, In\u00eas Barbosa de; FREITAS, Marinaide (orgs.). <em>Educa\u00e7\u00e3o continuada, curr\u00edculo e pr\u00e1ticas culturais<\/em>. Rio de Janeiro: DP et Alii, 2016.<\/p>\n<p>PAIVA, Jane, SILVA, Jailson Costa da. O envolvimento da comunidade sertaneja nas a\u00e7\u00f5es do Mobral: narrativas de um momento de mobiliza\u00e7\u00e3o. <em>In: <\/em>LOPES, Denise; OLIVEIRA, In\u00eas Barbosa de; FREITAS, Marinaide Lima de Queiroz (orgs.). <em>Educa\u00e7\u00e3o continuada, curr\u00edculo e pr\u00e1ticas culturais<\/em>. Rio de Janeiro: DP et Alii, 2016, 1. ed., p. 61-79.<\/p>\n<p>PAIVA, Jane. Em defesa do direito \u00e0 mem\u00f3ria da educa\u00e7\u00e3o popular e da educa\u00e7\u00e3o de jovens e adultos: disputa de um Centro de Refer\u00eancia e Mem\u00f3ria como pol\u00edtica p\u00fablica. <em>In: <\/em>SOUZA, Elizeu Clementino de; CHAVES, Vera L\u00facia Jacob (org.). <em>Documenta\u00e7\u00e3o, mem\u00f3ria e hist\u00f3ria da educa\u00e7\u00e3o no Brasil<\/em>: di\u00e1logos sobre pol\u00edticas de educa\u00e7\u00e3o e diversidade. 1. ed. Tubar\u00e3o: Copiart, 2016, v. 1, p. 61-81.<\/p>\n<p>PAIVA, Jane, SILVA, Jailson Costa da, FREITAS, Marinaide Lima de Queiroz. Ex- alfabetizadores do MOBRAL no sert\u00e3o de Alagoas: narrativas hist\u00f3ricas e seus enredamentos. <em>In: <\/em>CAVALCANTI, Maria do Socorro Aguiar de Oliveira, SANTOS, Inalda Maria dos. (Org.). <em>Hist\u00f3ria e Pol\u00edtica da Educa\u00e7\u00e3o<\/em>: teoria e pr\u00e1tica. 1ed. Macei\u00f3: EDUFAL: Editora da Universidade Federal de Alagoas, 2015, p. 163-164.<\/p>\n<p>PAIVA, Jane. Pref\u00e1cio De parangol\u00e9s e giros na EJA. <em>In: <\/em>\u00a0 DANTAS, T\u00e2nia Regina; BARCELOS, Valdo (orgs.). <em>Pol\u00edticas e pr\u00e1ticas na Educa\u00e7\u00e3o de Jovens e Adultos<\/em>. Petr\u00f3polis, Rio de Janeiro: Vozes, 2015.<\/p>\n<p>PAIVA, Jane. Direito \u00e0 educa\u00e7\u00e3o para quem? <em>In<\/em>: GASPARELLO, Arlete; MEDEIROS, Cec\u00edlia; BARBOSA, Jorge (org.). <em>Educa\u00e7\u00e3o de Jovens, Adultos e Idosos na Diversidade<\/em>: saberes, sujeitos e pr\u00e1ticas. 1. ed. Niter\u00f3i: UFF\/CEAD, 2015, v. I, p. 45-70.<\/p>\n<p>PAIVA, Jane, JULI\u00c3O, Elionaldo Fernandes. Pol\u00edticas de educa\u00e7\u00e3o para jovens e adultos: construindo di\u00e1logos com as Am\u00e9ricas. <em>In: <\/em>JULI\u00c3O, Elionaldo Fernandes; PAIVA, Jane (orgs.). <em>Pol\u00edticas de educa\u00e7\u00e3o para jovens e adultos<\/em>: construindo di\u00e1logos com as Am\u00e9ricas. Petr\u00f3polis, Rio de Janeiro: De Petrus; Rio de Janeiro: FAPERJ, 2015.<\/p>\n<p>PAIVA, Jane; JULI\u00c3O, Elionaldo Fernandes (orgs.). <em>Pol\u00edticas de educa\u00e7\u00e3o para jovens e adultos<\/em>: construindo di\u00e1logos com as Am\u00e9ricas.\u00a0\u00a0\u00a0\u00a0\u00a0 Petr\u00f3polis, Rio de Janeiro: De Petrus; FAPERJ, 2015.<\/p>\n<p>PAIVA, Jane. Direito \u00e0 educa\u00e7\u00e3o para quem? <em>In<\/em>: <em>Educa\u00e7\u00e3o de jovens, adultos e idosos na diversidade<\/em>: saberes, sujeitos e pr\u00e1ticas. 1 ed. Niter\u00f3i : UFF\/Cead, 2015, v.1, p. 17-44.<\/p>\n<p>PAIVA, Jane, JULI\u00c3O, Elionaldo Fernandes. A leitura no espa\u00e7o carcer\u00e1rio. <em>Perspectiva (UFSC)<\/em> , v. 32, p. 111 &#8211; 128, 2014.<\/p>\n<p>PAIVA, Jane, DANTAS, Aline Cristina de Lima. Apprentissages et lutte sociale : le cas des forums EJA au Br\u00e9sil. <em>Revue Education Permanente<\/em>. \u00a0v. 199, p. 99 &#8211; 115, 2014.<\/p>\n<p>PAIVA, Jane, SALES, Sandra. Dossi\u00ea Educa\u00e7\u00e3o de Jovens e Adultos II Aprendizagem no S\u00e9culo XXI. Phoenix: <em>Arquivos Anal\u00edticos de Pol\u00edticas Educati<\/em>vas\/<em> Education Policy Analysis Archives.<\/em> Arizona State University, 2014, v. 1.<\/p>\n<p>PAIVA, Jane, SALES, Sandra. As muitas inven\u00e7\u00f5es da EJA. <em>Arquivos Anal\u00edticos de Pol\u00edticas Educativas<\/em> \/ <em>Education Policy Analysis Archives<\/em>. p. 1 &#8211; 19, 2014.<\/p>\n<p>PAIVA, Jane, SOARES, Andreia C. S., BARCELOS, Luciana Bandeira. Educa\u00e7\u00e3o continuada, qualidade e diversidade: um olhar complexo sobre aprendentes jovens e adultos. <em>Debates em Educa\u00e7\u00e3o<\/em>. v. 6, p. 1-22, 2014.<\/p>\n<p>PAIVA, Jane. Educa\u00e7\u00e3o, linguagem e cultura. <em>In<\/em>: <em>Linguagens e imagens<\/em>: educa\u00e7\u00e3o e pol\u00edticas de subjetiva\u00e7\u00e3o. 1 ed. Petr\u00f3polis : De Petrus et Alii, 2014, v. 1, p. 21-42.<\/p>\n<p>PAIVA, Jane. Os desafios da educa\u00e7\u00e3o no tempo presente. O lugar da EJA: de que educa\u00e7\u00e3o estamos falando? <em>In<\/em>: <em>Entrela\u00e7ando olhares por uma educa\u00e7\u00e3o planet\u00e1ria<\/em>. 1 ed. Rio de Janeiro : Caet\u00e9s, 2014, v.1, p. 77-106.<\/p>\n<p>PAIVA, Jane. Entrevista com Eduardo Coutinho. <em>Teias <\/em>(Rio de Janeiro. Impresso). v. 15, p. 231 &#8211; 245, 2014.<\/p>\n<p>PAIVA, Jane. <em>Neoleitor<\/em>. Verbete. Belo Horizonte:UFMG, Faculdade de Educa\u00e7\u00e3o, 2014.<\/p>\n<p>PAIVA, Jane, SALES, Sandra. Dossi\u00ea Educa\u00e7\u00e3o de Jovens e Adultos I. Phoenix : <em>Arquivos Anal\u00edticos de Pol\u00edticas Educativas<\/em>\/<em> Education Policy Analysis Archives.<\/em> Arizona State University, 2013, v. 21.<\/p>\n<p>PAIVA, Jane, SALES, Sandra. Contextos, perguntas, respostas: o que h\u00e1 de novo na educa\u00e7\u00e3o de jovens e adultos? <em>Arquivos Anal\u00edticos de Pol\u00edticas Educativas<\/em> \/ <em>Education Policy Analysis Archives<\/em>. v. 21, p. 69 &#8211; , 2013.<\/p>\n<p>PAIVA, Jane. Uma abordagem multirreferencial da forma\u00e7\u00e3o em sua complexidade. Traduzido de ARDOUIN, Thierry. <em>In: Arquivos Anal\u00edticos de Pol\u00edticas Educativas<\/em> \/ <em>Education Policy Analysis Archives<\/em>. v. 21, Arizona: Arizona State University, 2013.<\/p>\n<p>PAIVA, Jane. Qualidade na Educa\u00e7\u00e3o de Jovens e Adultos: tradu\u00e7\u00f5es em disputa na pr\u00e1tica de redes p\u00fablicas no Rio de Janeiro. <em>Cadernos de Pesquisa em Educa\u00e7\u00e3o PPGE-UFES<\/em>. v. 2317742x, p. 18 &#8211; 27, 2013.<\/p>\n<p>PAIVA, Jane. Educa\u00e7\u00e3o de Jovens e Adultos e forma\u00e7\u00e3o continuada de professores mediadas pela tecnologia: mudan\u00e7as e saltos. <em>In<\/em>: <em>TV, educa\u00e7\u00e3o e forma\u00e7\u00e3o de professores <\/em>: Salto para o Futuro: 20 anos. 1. ed. Rio de Janeiro; Bras\u00edlia : ACERP; TV Escola, 2013, v. 2, p. 51-63.<\/p>\n<p>PAIVA, Jane, ANDRADE, Eliane Ribeiro. Medidas socioeducativas e projeto pol\u00edtico-pedag\u00f3gico: desafios para o atendimento de adolescentes e jovens em priva\u00e7\u00e3o de liberdade. <em>In<\/em>: <em>Educa\u00e7\u00e3o para jovens e adultos em situa\u00e7\u00e3o de restri\u00e7\u00e3o e priva\u00e7\u00e3o de liberdade<\/em>: quest\u00f5es, avan\u00e7os e perspectivas. 1. ed. Jundia\u00ed : Paco Editorial, 2013, v. 1, p. 221-241.<\/p>\n<p>PAIVA, Jane. Sonata para a educa\u00e7\u00e3o de jovens e adultos: harmonias e disson\u00e2ncias na geopol\u00edtica de movimentos de uma d\u00e9cada. <em>In<\/em>: <em>Balan\u00e7o da Pol\u00edtica Educacional Brasileira<\/em> (1999-2009) a\u00e7\u00f5es e programas. 1. ed. Campinas : Mercado de Letras, 2013, v. 1, p. 105-136.<\/p>\n<p>PAIVA, Jane. Desafios da forma\u00e7\u00e3o de educadores na perspectiva da integra\u00e7\u00e3o da educa\u00e7\u00e3o profissional e EJA. <em>In<\/em>: OLIVEIRA, Edna Castro de; PINTO, Ant\u00f4nio Henrique; FERREIRA, Maria Jos\u00e9 de Resende. (org.). <em>EJA e Educa\u00e7\u00e3o Profissional<\/em>: desafios da pesquisa e da forma\u00e7\u00e3o no Proeja. 1. ed. Bras\u00edlia: Liber Livro, 2012, v. 1, p. 45-65.<\/p>\n<p>PAIVA, Jane. Forma\u00e7\u00e3o docente para a educa\u00e7\u00e3o de jovens e adultos: o papel das redes no aprendizado ao longo da vida. <em>Revista FAEEBA<\/em>, v. 21, p. 83-95, 2012.<\/p>\n<p>PAIVA, Jane, PEREIRA, Daniele Vasconcelos, MORAES, Maria Christina de; VERGILIO, Soraia Sampaio. O porqu\u00ea da op\u00e7\u00e3o por um question\u00e1rio quantiquali: a grande oferta de EJA no munic\u00edpio do Rio de Janeiro. <em>In<\/em>: <em>Anais IV Congresso Internacional Cotidiano<\/em>: Di\u00e1logos sobre Di\u00e1logos, 2012, Niter\u00f3i. IV Congresso Internacional Cotidiano: Di\u00e1logos sobre Di\u00e1logos. Niter\u00f3i: UFF, 2012. v. CD. p. 2 &#8211; 13.<\/p>\n<p>PAIVA, Jane, SILVA, Leila Botelho da. Poss\u00edveis indicadores de qualidade na educa\u00e7\u00e3o de jovens e adultos. <em>In<\/em>: <em>Anais IV Congresso Internacional Cotidiano<\/em>: Di\u00e1logos sobre Di\u00e1logos, 2012, Niter\u00f3i. IV Congresso Internacional Cotidiano: Di\u00e1logos sobre Di\u00e1logos. Niter\u00f3i: UFF, 2012. v. 1. p. 13 &#8211; 20.<\/p>\n<p>PAIVA, Jane, PEREIRA, Daniele Vasconcelos, MORAES, Maria Christina de, VERGILIO, Soraia Sampaio; BOTELHO, Leila Cristina. Qualidade de ensino na educa\u00e7\u00e3o de jovens e adultos: concep\u00e7\u00f5es e diagn\u00f3stico. <em>In<\/em>: <em>Anais IV Congresso Internacional Cotidiano<\/em>: Di\u00e1logos sobre Di\u00e1logos, 2012, Niter\u00f3i. IV Congresso Internacional Cotidiano Di\u00e1logos Sobre Di\u00e1logos. Niter\u00f3i: UFF, 2012. v. 1. p. 1 &#8211; 20.<\/p>\n\t\t\t<a href=\"#\" id=\"fl-accordion--label-2\" tabindex=\"0\" aria-controls=\"fl-accordion--panel-2\">Collaborations<\/a>\n\t\t\t\t\t\t\t<a href=\"#\" id=\"fl-accordion--icon-2\" tabindex=\"0\" aria-controls=\"fl-accordion--panel-2\"><i>Expand<\/i><\/a>\n\t\t<p>Centro de Investigaci\u00f3n y de Estudios Avanzados del Inst. Polit\u00e9c. Nacional &#8211; CINVESTAV 2015 &#8211; 2015\u00a0\u00a0 Prof. Invit\u00e9e . Apoio CAPES. Ciudad del M\u00e9xico, M\u00e9xico.<\/p>\n<p>Universit\u00e9 de Rouen &#8211; UR\/FR. 2017 &#8211; 2017. Prof. Invit\u00e9e. Participation aux projets de recherche; au s\u00e9minaire, conf\u00e9rence et jurys de\u00a0 Master 1 Sciences de l&rsquo;\u00e9ducation. P\u00e9riode 7 a 28 mai 2017, Laboratoire Centre Interdisciplinaire de Recherche Normand en \u00c9ducation et Formation (CIRNEF). Participation aux r\u00e9unions techniques, pour le renouvellement du Contrat de Coop\u00e9ration entre UERJ et CIRNEF, sous la coordination g\u00e9n\u00e9rale de Thierry Piot, Directeur du Laboratoire Cirnef,\u00a0 Universit\u00e9 de Caen et Emmanuelle Annoot voce-directrice Laboratoire Cirnef, Universit\u00e9 de Rouen<\/p>\n<p>Universit\u00e9 de Rouen &#8211; UR\/FR. 2013 &#8211; 2013. Prof. Invit\u00e9e. Aupr\u00e8s de l&rsquo;Axe 1 &#8211; Formation des Adultes, du Laboratoire CIVIIC de la Facult\u00e9 des Sciences de l&rsquo;\u00c9ducation, dans le cadre de l&rsquo;Accord Internacional de Cooperation entre l&rsquo;Universit\u00e9 de Rouen et l&rsquo;UERJ\/ Programa de P\u00f3s-Gradua\u00e7\u00e3o em Educa\u00e7\u00e3o (ProPEd).<\/p>\n<p>Universit\u00e9 Federal de Alagoas &#8211; UFAL. 2014 &#8211; jul. 2017. Membre du Programme Procad\/Casadinho\/CNPq (5 anos) d&rsquo;\u00e9changes entre l&rsquo;UFAL et l&rsquo;UFRN; participation aux jurys de soutenance des th\u00e8ses de Master et de Doctorat; des classes dans une discipline th\u00e9orique du Programa de P\u00f3s-Gradua\u00e7\u00e3o em Educa\u00e7\u00e3o da UFAL.<\/p>\n<p>Associa\u00e7\u00e3o Nacional de P\u00f3s-Gradua\u00e7\u00e3o e Pesquisa em Educa\u00e7\u00e3o (ANPEd). 2011 &#8211; 2015. Membre du Comit\u00e9 Scientifique.<\/p>\n<p>Secretaria de Estado de Educa\u00e7\u00e3o do Rio de Janeiro (SEEDUC RJ). 2017 &#8211; . Representation officielle de l&rsquo;UERJ au F\u00f3rum Estadual de Educa\u00e7\u00e3o do Rio de Janeiro, qui a pour fonction l&rsquo;organisation des Conf\u00e9rences d&rsquo;\u00c9ducation, selon la Loi de Directrices et Bases de l&rsquo;\u00c9ducation Nationale.<\/p>\n\n","protected":false},"excerpt":{"rendered":"<p>Identit\u00e9 Dr Jane PAIVA Adresse : Universidade do Estado do Rio de Janeiro Rua U\u00e7\u00e1, 444 cobertura 01 &#8211; Jardim Guanabara &#8211; Rio de Janeiro &#8211; RJ Rua S\u00e3o Francisco Xavier, 524 &#8211; 12\u00ba andar &#8211; Sala 12034-A &#8211; Maracan\u00e3 &#8211; Rio de Janeiro &#8211; RJ 21940-480 RIO DE JANEIRO (Br\u00e9sil) T\u00e9l : Email : &hellip;<\/p>\n<p class=\"read-more\"> <a class=\"\" href=\"https:\/\/cirnef.normandie-univ.fr\/?page_id=1789\"> <span class=\"screen-reader-text\">Jane PAIVA<\/span> Lire la suite \u00bb<\/a><\/p>\n","protected":false},"author":93,"featured_media":0,"parent":0,"menu_order":0,"comment_status":"closed","ping_status":"closed","template":"","meta":{"site-sidebar-layout":"default","site-content-layout":"default","ast-global-header-display":"","ast-main-header-display":"","ast-hfb-above-header-display":"","ast-hfb-below-header-display":"","ast-hfb-mobile-header-display":"","site-post-title":"","ast-breadcrumbs-content":"","ast-featured-img":"","footer-sml-layout":"","theme-transparent-header-meta":"","adv-header-id-meta":"","stick-header-meta":"","header-above-stick-meta":"","header-main-stick-meta":"","header-below-stick-meta":"","footnotes":""},"coauthors":[],"class_list":["post-1789","page","type-page","status-publish","hentry"],"_links":{"self":[{"href":"https:\/\/cirnef.normandie-univ.fr\/index.php?rest_route=\/wp\/v2\/pages\/1789","targetHints":{"allow":["GET"]}}],"collection":[{"href":"https:\/\/cirnef.normandie-univ.fr\/index.php?rest_route=\/wp\/v2\/pages"}],"about":[{"href":"https:\/\/cirnef.normandie-univ.fr\/index.php?rest_route=\/wp\/v2\/types\/page"}],"author":[{"embeddable":true,"href":"https:\/\/cirnef.normandie-univ.fr\/index.php?rest_route=\/wp\/v2\/users\/93"}],"replies":[{"embeddable":true,"href":"https:\/\/cirnef.normandie-univ.fr\/index.php?rest_route=%2Fwp%2Fv2%2Fcomments&post=1789"}],"version-history":[{"count":1,"href":"https:\/\/cirnef.normandie-univ.fr\/index.php?rest_route=\/wp\/v2\/pages\/1789\/revisions"}],"predecessor-version":[{"id":7820,"href":"https:\/\/cirnef.normandie-univ.fr\/index.php?rest_route=\/wp\/v2\/pages\/1789\/revisions\/7820"}],"wp:attachment":[{"href":"https:\/\/cirnef.normandie-univ.fr\/index.php?rest_route=%2Fwp%2Fv2%2Fmedia&parent=1789"}],"wp:term":[{"taxonomy":"author","embeddable":true,"href":"https:\/\/cirnef.normandie-univ.fr\/index.php?rest_route=%2Fwp%2Fv2%2Fcoauthors&post=1789"}],"curies":[{"name":"wp","href":"https:\/\/api.w.org\/{rel}","templated":true}]}}