{"id":1747,"date":"2019-05-03T12:43:38","date_gmt":"2019-05-03T10:43:38","guid":{"rendered":"http:\/\/cirnef.normandie-univ.fr\/?page_id=1747"},"modified":"2025-05-14T10:54:07","modified_gmt":"2025-05-14T08:54:07","slug":"jean-yves-bodergat","status":"publish","type":"page","link":"https:\/\/cirnef.normandie-univ.fr\/?page_id=1747","title":{"rendered":"Jean-Yves BODERGAT"},"content":{"rendered":"\n\n\t<h2>Identit\u00e9<\/h2>\n<h4>MCF Jean-Yves BODERGAT<\/h4>\nAdresse :<br \/>\nUniversit\u00e9 de Caen Normandie<br \/>\nUFR des Sciences de l&rsquo;Homme et de la Soci\u00e9t\u00e9<br \/>\nEsplanade de la paix<br \/>\n14032 CAEN CEDEX\nT\u00e9l :<br \/>\nEmail : <a href=\"mailto:jean-yves.bodergat@unicaen.net\">jean-yves.bodergat@unicaen.net<\/a><br \/>\nSite :\n\t\t\t\t<a href=\"https:\/\/cirnef.normandie-univ.fr\/wp-content\/uploads\/2019\/05\/bodergat.jpg\" target=\"_self\" itemprop=\"url\">\n\t\t\t\t<img loading=\"lazy\" decoding=\"async\" src=\"https:\/\/cirnef.normandie-univ.fr\/wp-content\/uploads\/2019\/05\/bodergat.jpg\" alt=\"bodergat\" itemprop=\"image\" height=\"200\" width=\"147\" title=\"bodergat\" onerror=\"this.style.display='none'\"  \/>\n\t\t\t\t<\/a>\n\t<h2>Mots-cl\u00e9s<\/h2>\n<blockquote><p>Accompagnement, \u00e9thique professionnelle, ing\u00e9nierie de formation, professionnalisation et d\u00e9veloppement professionnel, direction m\u00e9moire professionnel<\/p><\/blockquote>\n\t\t\t<a href=\"#\" id=\"fl-accordion--label-0\" tabindex=\"0\" aria-controls=\"fl-accordion--panel-0\">Pr\u00e9sentation<\/a>\n\t\t\t\t\t\t\t<a href=\"#\" id=\"fl-accordion--icon-0\" tabindex=\"0\" aria-controls=\"fl-accordion--panel-0\"><i>Collapse<\/i><\/a>\n\t\t<p>Les th\u00e8mes de recherche concernent la formation et l&rsquo;ing\u00e9nierie de la formation dans les m\u00e9tiers de l&rsquo;enseignement, du soin, du travail social, l&rsquo;\u00e9thique professionnelle des enseignants et les effets de la formation sur la professionnalisation des enseignants.<\/p>\n<p>Le premier domaine comporte des recherches sur l&rsquo;accompagnement en formation initiale et continue, l&rsquo;analyse des pratiques professionnelles des enseignants, le m\u00e9moire professionnel.<\/p>\n<p>Nous avons propos\u00e9 une construction du concept d&rsquo;accompagnement puis en avons \u00e9tudi\u00e9 la port\u00e9e effective et les limites d&rsquo;op\u00e9rationnalit\u00e9 \u00e0 travers de nombreuses \u00e9tudes de terrain, en France, en Suisse et en Asie Sud Est, en prenant en compte les exigences et les contextes institutionnels puis les conceptions des diff\u00e9rents acteurs en jeu.<\/p>\n<p>Le second domaine s&rsquo;int\u00e9resse aux nouvelles orientations de l&rsquo;\u00e9thique \u00e9ducative de enseignants, en raison de la pression sociale et institutionnelle et vise \u00e0 d\u00e9terminer les conditions de diff\u00e9rents ordres de mise en \u0153uvre d&rsquo;une des formes majeures de cette nouvelle \u00e9thique, \u00ab\u00a0l&rsquo;\u00e9thique de la sollicitude\u00a0\u00bb et des limites que peuvent rencontrer dans leurs pratiques de classe les acteurs qui s&rsquo;en r\u00e9clament.<\/p>\n<p>Enfin nous sommes engag\u00e9s depuis 2005 dans une recherche collective interr\u00e9gionale sur la professionnalisation des nouveaux enseignants et \u00e9tudions comment les \u00e9tudiants et stagiaires per\u00e7oivent la construction de leurs comp\u00e9tences par rapport \u00e0 \u00ab\u00a0l&rsquo;\u00a0offre-injonction\u00a0\u00bb de formation qui leur est faite. Trois enqu\u00eates ont \u00e9t\u00e9 conduites par questionnaire\u00a0: cette \u00e9tude \u00a0longitudinale sur plusieurs ann\u00e9es vise \u00e0 identifier l&rsquo;\u00e9volution des jeunes enseignants titulaires, rep\u00e9rer les orientations et les facteurs de leur professionnalisation et cerner la mani\u00e8re dont ils construisent eux-m\u00eames leur d\u00e9veloppement professionnel.<\/p>\n<p>Nos activit\u00e9s de recherche portent essentiellement sur les pratiques de formation des enseignants et les diff\u00e9rentes postures des formateurs. Nous cherchons \u00e0 cerner les \u00ab\u00a0savoirs strat\u00e9giques\u00a0\u00bb qu&rsquo;utilisent les formateurs en fonction de leur statut institutionnel et de leurs conceptions de la formation dans une logique d&rsquo;ing\u00e9nierie de la formation.<\/p>\n\t\t\t<a href=\"#\" id=\"fl-accordion--label-1\" tabindex=\"0\" aria-controls=\"fl-accordion--panel-1\">Publications r\u00e9centes<\/a>\n\t\t\t\t\t\t\t<a href=\"#\" id=\"fl-accordion--icon-1\" tabindex=\"0\" aria-controls=\"fl-accordion--panel-1\"><i>Expand<\/i><\/a>\n\t\t<p><strong>ACL [Article dans une revue internationale r\u00e9pertori\u00e9e par l&rsquo;AERES]<\/strong><\/p>\n<p>Bodergat, J-Y &amp; Best, F. (2016). Le \u00ab\u00a0coup d&rsquo;\u00e9clat\u00a0\u00bb de Gaston Mialarer au Colloque de Caen de 1966\u00a0: l&rsquo;institutionnalisation universitaire des Sciences de l&rsquo;\u00e9ducation. Entretien avec Francine Best. <em>Les Sciences de l&rsquo;\u00e9ducation &#8211; Pour l&rsquo;\u00c8re nouvelle, 49, <\/em>n\u00b0 3, 41-51.<\/p>\n<p>Bodergat, J-Y &amp; Annoot, E. (2016). Diriger les m\u00e9moires \u00e0 distance \u00e0 l&rsquo;universit\u00e9\u00a0:<\/p>\n<p>un levier pour la compr\u00e9hension d&rsquo;une dimension du m\u00e9tier d&rsquo;universitaire\u00a0? <em>Distances et m\u00e9diations des savoirs, 13 \/mars 2016<\/em>, mis en ligne le 28 mars 2016. URL\u00a0: <a href=\"http:\/\/dms.revues.org\/1329\">http:\/\/dms.revues.org\/1329<\/a>, 1-13.<\/p>\n<p>Bodergat, J-Y, Annoot, E. &amp; Mazereau, P. (2015). Diriger un m\u00e9moire \u00e0 distance par et pour la recherche\u00a0: quelles proc\u00e9dures et outils pour favoriser les interactions\u00a0? <em>Dossiers des Sciences de l&rsquo;\u00e9ducation, <\/em>34\/2015, <em>33-51<\/em><\/p>\n<p>Bodergat, J-Y, Bailleul, M. &amp; Th\u00e9mines, J-F (2015). Les comp\u00e9tences pour enseigner\u00a0: le point de vue d&rsquo;enseignants stagiaires. <em>La professionnalisation en formation initiale, entre pratiques, identit\u00e9s et prescriptions institutionnelles<\/em><em>.<\/em> In E. Charlier et S. Biemar (coordination) <em>La professionnalisation des enseignants en formation initiale<\/em>. <em>\u00c9ducation &amp; Formation<\/em>, n\u00b0 e-303, Mons, avril 2015.<\/p>\n<p><strong>Ouvrage ou chapitre d&rsquo;ouvrage<\/strong><\/p>\n<p>Bodergat, J-Y. &amp; Buznic-Bourgeac, P. (Dir.) (2015). <em>Des professionnalit\u00e9s sous tension. Quelles (re)constructions dans les m\u00e9tiers de l&rsquo;humain<\/em> ?\u00a0 Bruxelles : de Boeck.<\/p>\n<p>Bodergat, J-Y. &amp; Buznic-Bourgeac, P. (2015). Des professionnels et des m\u00e9tiers de l&rsquo;humain: reconstructions, transactions et formations. In \u00a0J-Y. Bodergat &amp; P. Buznic-Bourgeac (Dir.) (2015).<em> Des professionnalit\u00e9s sous tension. Quelles (re)constructions dans les m\u00e9tiers de l&rsquo;humain <\/em>?\u00a0 (pp. 9-28). Bruxelles : de Boeck.<\/p>\n<p>Bodergat, J-Y. &amp; Buznic-Bourgeac, P. (Dir.) (2015). Des professionnalit\u00e9s sous tension aux professionnalit\u00e9s en formation. In \u00a0J-Y. Bodergat &amp; P. Buznic-Bourgeac (Dir.) (2015)<em>. Des professionnalit\u00e9s sous tension. Quelles (re)constructions dans les m\u00e9tiers de l&rsquo;humain<\/em> ?\u00a0 (pp. 289-297). Bruxelles : de Boeck.<\/p>\n<p>Bodergat, J-Y. &amp; Bailleul, M. (2015). Enseignants novices face \u00e0 l&rsquo;offre de professionnalisation : entre adh\u00e9sion majoritaire et rejets sp\u00e9cifiques. In \u00a0J-Y. Bodergat &amp; P. Buznic-Bourgeac (Dir.) (2015)<em>. Des professionnalit\u00e9s sous tension. Quelles (re)constructions dans les m\u00e9tiers de l&rsquo;humain<\/em> ?\u00a0 (pp. 121-137). Bruxelles : de Boeck.<\/p>\n<p>Bodergat, J-Y. (2014). \u00ab\u00a0Les \u00e9changes num\u00e9riques dans la direction de m\u00e9moires \u00e0 distance\u00a0: compensation ou levier de transformation ?\u00a0\u00bb In Karsenti, T., Coulibaly, M., Depover, C., Fauguet, J.-L., Garry, R.-P., Komis, V., Moukkadam, D., Ngoy Bitambile, B. F., Petrovici, C; Quang Thuan, N., Russbach, L. (pp. 195-202). <em>La francophonie en question<\/em>. RIFEFF, Montr\u00e9al (Canada).<\/p>\n<p>Bodergat, J-Y. (2014). La p\u00e9dagogie et le sens du probl\u00e8me. In A. Vergnioux, T. Piot &amp; J.-Y. Bodergat,\u00a0 <em>La p\u00e9dagogie. Son sens, ses pratiques <\/em>(pp. 83-118). Paris\u00a0: Publibook.<\/p>\n<p>Bodergat J.-Y. (2013). La controverse sur le statut de l&rsquo;\u00e9l\u00e8ve\u00a0: ses enjeux pour les \u00e9l\u00e8ves en difficult\u00e9. In A. Vergnioux (dir.), <em>Grandes controverses en \u00e9ducation <\/em>(pp. 143-170). Berne\u00a0: Peter Lang.<\/p>\n<p>Bodergat, J. Y. (2013). L&rsquo;accompagnement en formation. Son r\u00f4le dans l&rsquo;acquisition de comp\u00e9tences. In A. Vergnioux (dir.). <em>Trait\u00e9 d&rsquo;ing\u00e9nierie de la formation <\/em>(pp. 285-308)<em>. <\/em>Paris\u00a0: L&rsquo;Harmattan.<\/p>\n<p>Bodergat, J-Y. (2013). Quels dispositifs pour passer du guidage \u00e0 l&rsquo;accompagnement dans la direction de m\u00e9moires \u00e0 distance\u00a0? In T. Karsenti, R.-P. Garry, A. Benziane, B.-B. Ngoy-Fiama &amp; F. Baudot, <em>La formation de formateurs et d&rsquo;enseignants \u00e0 l&rsquo;\u00e8re du num\u00e9rique : strat\u00e9gies politiques et accompagnement p\u00e9dagogique, du pr\u00e9sentiel \u00e0 l&rsquo;enseignement \u00e0 distance <\/em>(pp. 51-63). Montr\u00e9al : R\u00e9seau international francophone des \u00e9tablissements de formation de formateurs et Agence universitaire de la Francophonie.<\/p>\n<p>Bodergat J.-Y. &amp; Th\u00e9mines, J.-F. (2012). Les conceptions des enseignants \u00e0 l&rsquo;\u00e9preuve de la premi\u00e8re ann\u00e9e d&rsquo;exercice. In M. Bailleul, J.-F. Th\u00e9mines, R. Wittorski (Coord.), <em>Exp\u00e9riences et d\u00e9veloppement professionnel des enseignants\u00a0: formation, travail, itin\u00e9raire professionnel <\/em>(pp. 61-82)<em>. Toulouse\u00a0: Octar\u00e8s Editions. <\/em><\/p>\n<p>Bodergat, J-Y &amp; Bailleul, M. (2012). Entr\u00e9e dans le m\u00e9tier\u00a0: adh\u00e9sion au discours institutionnel et confrontation \u00e0 la pratique. In M. Mellouki &amp; B. Wentzel, <em>Que faut-il penser de la professionnalisation des enseignants aujourd&rsquo;hui\u00a0<\/em>? (pp. 133-154). Presse Universitaires de Nancy &#8211; \u00c9ditions Universitaires de Lorraine, Collection Question d&rsquo;\u00e9ducation et de formation.<\/p>\n<p><strong>ACLN [Article dans une revue nationale avec comit\u00e9 de lecture]<\/strong><\/p>\n<p>Bodergat J.-Y. (2016). Quel accompagnement pour des m\u00e9moires \u00e0 distance ? Des enseignements pour la formation de professionnels francophones. Ho Chi Minh City University of Education,\u00a0 <em>Journal of science<\/em>, Num\u00e9ro sp\u00e9cial en langue fran\u00e7aise, R\u00e9forme pour la formation : professionnalisation et approche par comp\u00e9tences.\u00a0 No. 11(89)\/2016, pp. 118-128.<\/p>\n\t\t\t<a href=\"#\" id=\"fl-accordion--label-2\" tabindex=\"0\" aria-controls=\"fl-accordion--panel-2\">Collaborations<\/a>\n\t\t\t\t\t\t\t<a href=\"#\" id=\"fl-accordion--icon-2\" tabindex=\"0\" aria-controls=\"fl-accordion--panel-2\"><i>Expand<\/i><\/a>\n\t\t<ul>\n<li><strong>Membre depuis 2005 du R\u00e9seau GRePEN <\/strong>(Groupe de Recherche sur la Professionnalisation des Enseignants Normands) qui regroupe le d\u00e9partements en Sciences de l&rsquo;\u00e9ducation de Caen, l&rsquo;ESPE de l&rsquo;Acad\u00e9mie de Caen et l&rsquo;ESPE de Rouen, les diff\u00e9rents membres appartenant\u00a0 \u00e0 trois laboratoires diff\u00e9rents (CERSE, CIVIIC, CRESO). Nous avons conduit en 2012 une deuxi\u00e8me s\u00e9rie d&rsquo;enqu\u00eate aupr\u00e8s de tous les \u00e9tudiants candidats \u00e0 l&rsquo;enseignement (master 2), puis en 2015 une troisi\u00e8me s\u00e9rie d&rsquo;enqu\u00eates aupr\u00e8s de enseignants-stagiaires de l&rsquo;ESPE de l&rsquo;Acad\u00e9mie de Caen et de l&rsquo;ESPE de Rouen. Publication d&rsquo;un ouvrage en cours.<\/li>\n<li><strong>\u00ab\u00a0Formations \u00e0 distances\u00a0: mod\u00e8les contextes et pratiques\u00a0\u00bb<\/strong> direction J.C. Bertin, laboratoire IDEES Le Havre (UMR CNRS IDEES Universit\u00e9 du Havre) en collaboration avec le laboratoire CERSE de l&rsquo;Universit\u00e9 de Caen Basse Normandie. Ce programme s&rsquo;est inscrit dans le cadre plus large d&rsquo;une recherche pluridisciplinaire regroupant des chercheurs en sciences humaines et sociales et des chercheurs en informatique financ\u00e9e par la R\u00e9gion Haute Normandie.<\/li>\n<li><strong>R\u00e9f\u00e9rent scientifique de l&rsquo;axe 2 du R\u00e9seau R\u00e9gional de Recherche en Asie-Pacifique<\/strong> du CREFAP-OIF :<br \/>\n2012-2014 : Formation \u00e0 la pratique r\u00e9flexive en Asie du Sud-est : quels contextes ? Quels outils ? Quels dispositifs ?<br \/>\n2014-2016 : Groupe \u00ab D\u00e9veloppement professionnel \u00bb<\/li>\n<\/ul>\n<ul>\n<li><strong>Collaboration avec l&rsquo;ESENR (Poitiers) sur le tutorat des nouveaux personnels de direction<\/strong>. Rapport remis en avril 2017 et publication d&rsquo;un ouvrage en cours.<\/li>\n<\/ul>\n\n","protected":false},"excerpt":{"rendered":"<p>Identit\u00e9 MCF Jean-Yves BODERGAT Adresse : Universit\u00e9 de Caen Normandie UFR des Sciences de l&rsquo;Homme et de la Soci\u00e9t\u00e9 Esplanade de la paix 14032 CAEN CEDEX T\u00e9l : Email : jean-yves.bodergat@unicaen.net Site : Mots-cl\u00e9s Accompagnement, \u00e9thique professionnelle, ing\u00e9nierie de formation, professionnalisation et d\u00e9veloppement professionnel, direction m\u00e9moire professionnel Pr\u00e9sentation Collapse Les th\u00e8mes de recherche concernent la &hellip;<\/p>\n<p class=\"read-more\"> <a class=\"\" href=\"https:\/\/cirnef.normandie-univ.fr\/?page_id=1747\"> <span class=\"screen-reader-text\">Jean-Yves BODERGAT<\/span> Lire la suite \u00bb<\/a><\/p>\n","protected":false},"author":80,"featured_media":0,"parent":0,"menu_order":0,"comment_status":"closed","ping_status":"closed","template":"","meta":{"site-sidebar-layout":"default","site-content-layout":"default","ast-global-header-display":"","ast-main-header-display":"","ast-hfb-above-header-display":"","ast-hfb-below-header-display":"","ast-hfb-mobile-header-display":"","site-post-title":"","ast-breadcrumbs-content":"","ast-featured-img":"","footer-sml-layout":"","theme-transparent-header-meta":"","adv-header-id-meta":"","stick-header-meta":"","header-above-stick-meta":"","header-main-stick-meta":"","header-below-stick-meta":"","footnotes":""},"coauthors":[],"class_list":["post-1747","page","type-page","status-publish","hentry"],"_links":{"self":[{"href":"https:\/\/cirnef.normandie-univ.fr\/index.php?rest_route=\/wp\/v2\/pages\/1747","targetHints":{"allow":["GET"]}}],"collection":[{"href":"https:\/\/cirnef.normandie-univ.fr\/index.php?rest_route=\/wp\/v2\/pages"}],"about":[{"href":"https:\/\/cirnef.normandie-univ.fr\/index.php?rest_route=\/wp\/v2\/types\/page"}],"author":[{"embeddable":true,"href":"https:\/\/cirnef.normandie-univ.fr\/index.php?rest_route=\/wp\/v2\/users\/80"}],"replies":[{"embeddable":true,"href":"https:\/\/cirnef.normandie-univ.fr\/index.php?rest_route=%2Fwp%2Fv2%2Fcomments&post=1747"}],"version-history":[{"count":1,"href":"https:\/\/cirnef.normandie-univ.fr\/index.php?rest_route=\/wp\/v2\/pages\/1747\/revisions"}],"predecessor-version":[{"id":7794,"href":"https:\/\/cirnef.normandie-univ.fr\/index.php?rest_route=\/wp\/v2\/pages\/1747\/revisions\/7794"}],"wp:attachment":[{"href":"https:\/\/cirnef.normandie-univ.fr\/index.php?rest_route=%2Fwp%2Fv2%2Fmedia&parent=1747"}],"wp:term":[{"taxonomy":"author","embeddable":true,"href":"https:\/\/cirnef.normandie-univ.fr\/index.php?rest_route=%2Fwp%2Fv2%2Fcoauthors&post=1747"}],"curies":[{"name":"wp","href":"https:\/\/api.w.org\/{rel}","templated":true}]}}