{"id":1733,"date":"2019-05-03T12:17:34","date_gmt":"2019-05-03T10:17:34","guid":{"rendered":"http:\/\/cirnef.normandie-univ.fr\/?page_id=1733"},"modified":"2025-05-14T10:29:36","modified_gmt":"2025-05-14T08:29:36","slug":"antonio-arroyo","status":"publish","type":"page","link":"https:\/\/cirnef.normandie-univ.fr\/?page_id=1733","title":{"rendered":"Antonio ARROYO"},"content":{"rendered":"\n\n\t<h2>Identit\u00e9<\/h2>\n<h4>Dr Antonio ARROYO<\/h4>\nAdresse :<br \/>\nUniversit\u00e9 de Rouen Normandie<br \/>\nUFR des Sciences de l&rsquo;Homme et de la Soci\u00e9t\u00e9<br \/>\nRue Lavoisier<br \/>\n76321 MONT SAINT AIGNAN CEDEX\nT\u00e9l :<br \/>\nEmail : <a href=\"mailto:tony.arroyo@laposte.net\">tony.arroyo@laposte.net<\/a><br \/>\nSite :\n\t\t\t\t<a href=\"https:\/\/cirnef.normandie-univ.fr\/wp-content\/uploads\/2019\/05\/avatarhomme.jpg\" target=\"_self\" itemprop=\"url\">\n\t\t\t\t<img loading=\"lazy\" decoding=\"async\" src=\"https:\/\/cirnef.normandie-univ.fr\/wp-content\/uploads\/2019\/05\/avatarhomme.jpg\" alt=\"avatarhomme\" itemprop=\"image\" height=\"240\" width=\"236\" title=\"avatarhomme\" onerror=\"this.style.display='none'\"  \/>\n\t\t\t\t<\/a>\n\t<h2>Mots-cl\u00e9s<\/h2>\n<blockquote><p>S\u00e9curit\u00e9 priv\u00e9e, Risques, Professionnalisation, Apprentissage et d\u00e9veloppement professionnel, Coproduction publique priv\u00e9e, Continuum d\u00e9fense s\u00e9curit\u00e9, Bricolage de l&rsquo;activit\u00e9, Analyse du travail, Didactique professionnelle, Pr\u00e9vention s\u00e9curit\u00e9, S\u00e9curit\u00e9 -S\u00fbret\u00e9,innovation p\u00e9dagogique,rem\u00e9diations.<\/p><\/blockquote>\n\t\t\t<a href=\"#\" id=\"fl-accordion--label-0\" tabindex=\"0\" aria-controls=\"fl-accordion--panel-0\">Pr\u00e9sentation<\/a>\n\t\t\t\t\t\t\t<a href=\"#\" id=\"fl-accordion--icon-0\" tabindex=\"0\" aria-controls=\"fl-accordion--panel-0\"><i>Collapse<\/i><\/a>\n\t\t<p>Enseignant certifi\u00e9 PLP ( Professeur en lyc\u00e9e professionnel) dans la voie professionnelle \u00ab pr\u00e9vention-s\u00e9curit\u00e9 \u00bb (m\u00e9tiers de la s\u00e9curit\u00e9), et charg\u00e9 d&rsquo;\u00e9tudes en licence professionnelle s\u00e9curit\u00e9 des biens et des personnes (Paris V). Mon parcours de formation s&rsquo;inscrit dans une d\u00e9marche de professionnalisation et de d\u00e9veloppement professionnel tout au long de la vie.\u00a0 L&rsquo;entr\u00e9e dans la voie professionnelle de \u00a0la surveillance humaine et de la s\u00e9curit\u00e9 priv\u00e9e m&rsquo;a permis de prendre conscience de sa complexit\u00e9 en ex\u00e9cutant l&rsquo;activit\u00e9 \u00e0 tous les niveaux de la cha\u00eene op\u00e9rationnelle. Pour appr\u00e9hender l&rsquo;ensemble de ses probl\u00e9matiques et apporter les r\u00e9ponses sp\u00e9cifiques adapt\u00e9es, je me suis inscris au fil du temps dans un parcours de formation pluridisciplinaire en sciences humaines et sociales (psychologie, sociologie, droit, sciences de l&rsquo;\u00e9ducation,criminologie) afin d&rsquo;acqu\u00e9rir une double posture d&rsquo;analyste du travail et de concepteur de dispositifs de professionnalisation \u00e0 partir de l&rsquo;activit\u00e9. Je construit actuellement un mod\u00e8le p\u00e9dagogique \u00e0 partir de mes travaux de th\u00e8se, de l&rsquo;observation de mes \u00e9l\u00e8ves dans les diff\u00e9rents niveaux des classes de la voie professionnelle \u00a0\u00bb pr\u00e9vention-s\u00e9curit\u00e9\u00a0\u00bb , et de mes recherches en Espagne sur la professionnalisation et le d\u00e9veloppement professionnel des agents de s\u00e9curit\u00e9 priv\u00e9e. Ce mod\u00e8le p\u00e9dagogique de r\u00e9f\u00e9rence, devrait permettre aux apprenants de la formation initiale et continue, d&rsquo;acqu\u00e9rir et de d\u00e9velopper des comp\u00e9tences n\u00e9cessaires \u00e0 la pratique et rendre attractive cette nouvelle voie professionnelle.<\/p>\n\t\t\t<a href=\"#\" id=\"fl-accordion--label-1\" tabindex=\"0\" aria-controls=\"fl-accordion--panel-1\">Publications r\u00e9centes<\/a>\n\t\t\t\t\t\t\t<a href=\"#\" id=\"fl-accordion--icon-1\" tabindex=\"0\" aria-controls=\"fl-accordion--panel-1\"><i>Expand<\/i><\/a>\n\t\t<p><strong>Ouvrage\u00a0: <\/strong><\/p>\n<p>ARROYO A. (2012)-professionnalisation des agents de pr\u00e9vention et de s\u00e9curit\u00e9 priv\u00e9e, Editions Universitaires Europ\u00e9ennes.<\/p>\n<p>ARROYO A. (2015)-\u00ab\u00a0la professionnalisation de la surveillance humaine\u00a0\u00bb,in WITTORSKI Richard, MAULINI Olivier, SOREL Maryvonne (eds), Les professionnels et leurs formations. Entre d\u00e9veloppement des sujets et\u00a0 projets des institutions, berne, Peter Lang, pp. 111-131.<\/p>\n<p>ARROYO A. (2017-La s\u00e9curit\u00e9 priv\u00e9e\u00a0: pilier de base de la convivialit\u00e9 et du bien \u00eatre social, in ARDOUIN Thierry, BRIQUET -DUHAZE Sophie, ANNOT Emmanuelle. Le champ de la formation et de la professionnalisation des adultes (attentes sociales, pratiques, lexique et postures identitaires). L&rsquo;harmattan, pp.189-211.<\/p>\n<p>&nbsp;<\/p>\n<p><strong>Publications p\u00e9dagogiques et professionnelles\u00a0:<\/strong><\/p>\n<p>ARROYO A. (2010)- Module 7-7.1- \u00ab\u00a0Pr\u00e9vention des risques\u00a0: identifier des situations \u00e0 risques et la conduite \u00e0 tenir\u00a0\u00bb-Manuel scolaire PSE (Pr\u00e9vention sant\u00e9 environnement), BAC PRO 3ans, premi\u00e8re professionnelle, Paris, Delagrave.<\/p>\n<p>ARROYO A. (2011)- \u00ab Le mod\u00e8le Espagnol de contr\u00f4le de la s\u00e9curit\u00e9 priv\u00e9e \u00bb, s\u00e9curit\u00e9 priv\u00e9e, n\u00b018,2011,pp.58-61. &gt;&gt; <a href=\"https:\/\/issuu.com\/magasine_securite-privee\/docs\/sp18.\">Lien<\/a><\/p>\n<p>ARROYO A. (2012)-\u00ab\u00a0Le mod\u00e8le Espagnol de s\u00e9curit\u00e9 priv\u00e9e\u00a0\u00bb, in Institut National des Hautes Etudes de la S\u00e9curit\u00e9 et de la Justice (INHESJ), s\u00e9curit\u00e9 publique, s\u00e9curit\u00e9 priv\u00e9e..Partenariat ou conflit\u00a0?, Cahiers de la s\u00e9curit\u00e9 n\u00b019, pp.123-132.<\/p>\n<p>ARROYO A. (2012),-\u00ab\u00a0Le mod\u00e8le Espagnol de s\u00e9curit\u00e9 priv\u00e9e\u00a0\u00bb, D\u00e9fense Nationale.277.<\/p>\n<p>ARROYO A (2014)- \u00ab\u00a0S\u00e9curit\u00e9 priv\u00e9e en Espagne\u00a0: une association r\u00e9gul\u00e9e\u00a0\u00bb, Face au risque n\u00b0 506, CNPP (Centre national de pr\u00e9vention et de protection), Octobre 2014.<\/p>\n<p>ARROYO A (2018)- \u00ab\u00a0Vers la fin d&rsquo;un\u00a0: bricolage de l&rsquo;activit\u00e9 en s\u00e9curit\u00e9-s\u00fbret\u00e9\u00a0\u00bb, Face au risque n\u00b0540, CNPP (Centre national de pr\u00e9vention et de protection).<\/p>\n<p><strong>Communications\u00a0 dans des colloques nationaux et internationaux avec actes et sans actes\u00a0:<\/strong><\/p>\n<p>ARROYO A. (2010), \u00ab\u00a0Professionnalisation et d\u00e9veloppement professionnel du secteur priv\u00e9 de s\u00e9curit\u00e9\u00a0: la surveillance humaine, une coproduction de s\u00e9curit\u00e9 prescrite entre l&rsquo;Etat et le march\u00e9\u00a0\u00bb, in WITTORSKI Richard, La professionnalisation entre prescriptions et r\u00e9alit\u00e9s, regards crois\u00e9s en \u00e9ducation et formation, Symposium AREF, Actualit\u00e9 de la recherche en \u00e9ducation et Formation, Gen\u00e8ve (Suisse).<\/p>\n<p>ARROYO A. (2010)- Les m\u00e9tiers de la s\u00e9curit\u00e9 priv\u00e9e\u00a0: quels enjeux de professionnalisation. Rencontres sur l&rsquo;offre de certification dans les m\u00e9tiers de la s\u00e9curit\u00e9 publique et priv\u00e9e, organis\u00e9s par le C\u00e9recq (Centre d&rsquo;\u00e9tudes et de recherches, sur les emplois et les qualifications). Les m\u00e9tiers de la s\u00e9curit\u00e9. Paris, CNAM (Conservatoire national des arts et m\u00e9tiers).<\/p>\n<p>ARROYO A. (2017)-La s\u00e9guridad privada en Francia : aspectos generales, Congreso de jefes de seguridad privada, Asociacion de los jefes de seguridad privada en Espa\u00f1a (AJSE). &gt;&gt; <a href=\"http:\/\/www.congresojefesdeseguridad.com\/2017\/04\/el-ii-congreso-jefes-de-seguridad-se-consolida-como-cita-de-referencia-para-el-sector\/\">Lien<\/a><\/p>\n<p>ARROYO A. ( 2018)- Vers une nouvelle s\u00e9curit\u00e9 priv\u00e9e: prescriptions et r\u00e9alit\u00e9s d&rsquo;un continuum de s\u00e9curit\u00e9 entre l&rsquo;Etat et le march\u00e9-ejuni: Etre prot\u00e9g\u00e9e. e,jug\u00e9e.e et puni-e. Usages du droit,pratiques d&rsquo;intervention et effets sur les populations en France et au Qu\u00e9bec 27&amp;28 Septembre. Universit\u00e9 de Rouen Normandie (France). Colloque organis\u00e9 par DYSOLAB et l&rsquo;Observatoire des profilages.<\/p>\n<p>ARROYO A. (2018)- La s\u00e9curit\u00e9 entre d\u00e9localisation et privatisation: la s\u00e9curit\u00e9 priv\u00e9e en Espagne 6e colloque annuel de l&rsquo;AFDSD (Association Fran\u00e7aise du Droit de la S\u00e9curit\u00e9 et de la D\u00e9fense). 27&amp;28 Septembre. Universit\u00e9 de Bordeaux: p\u00f4le judiciaire et juridique.<\/p>\n<p>ARROYO A. (2018)- Enseigner dans la voie professionnelle \u00ab\u00a0pr\u00e9vention-s\u00e9curit\u00e9\u00a0\u00bb: De la prescription \u00e0 la r\u00e9alit\u00e9 : \u00ab\u00a0prise de conscience de l&rsquo;attractivit\u00e9 des m\u00e9tiers et construction des comp\u00e9tences n\u00e9cessaires \u00e0 l&rsquo;activit\u00e9\u00a0\u00bb. Colloque en sciences de l&rsquo;\u00e9ducation humaines et sociales. Centre universitaire catholique de Bourgogne ,Dijon.<\/p>\n<p>ARROYO A. ( 2019)- \u00ab\u00a0Les agents de s\u00e9curit\u00e9 priv\u00e9e\u00a0\u00bb.\u00a0 La professionnalisation par la formation . Colloque organis\u00e9 par le CERDACFF ( Centre d&rsquo;Etudes et de Recherches en Droit Administratif\u00a0 Constitutionnel et Fiscal) et l&rsquo;AFDSD .\u00a0 Universit\u00e9 Paris Descartes.<\/p>\n\t\t\t<a href=\"#\" id=\"fl-accordion--label-2\" tabindex=\"0\" aria-controls=\"fl-accordion--panel-2\">Collaborations<\/a>\n\t\t\t\t\t\t\t<a href=\"#\" id=\"fl-accordion--icon-2\" tabindex=\"0\" aria-controls=\"fl-accordion--panel-2\"><i>Expand<\/i><\/a>\n\t\t<p><strong>Membre d&rsquo;associations\u00a0:<\/strong><\/p>\n<p>Chercheur associ\u00e9 au laboratoire CIRNEF<\/p>\n<p>Chercheur associ\u00e9 au CRSEA ( Centre de Recherches en Sciences de l&rsquo;Education Appliqu\u00e9e). Universit\u00e9 catholique de Bourgogne.<\/p>\n<p>Chercheur expert associ\u00e9 \u00e0 l&rsquo;INHESJ ( Institut National des Hautes Etudes de la S\u00e9curit\u00e9 et de la Justice).<\/p>\n<p>Membre de l&rsquo;Association des enseignants chercheurs en sciences de l&rsquo;\u00e9ducation (AECSE)<\/p>\n<p>Membre de l&rsquo;Association r\u00e9gionale de psychologie du travail (AREPT-Bordeaux).<\/p>\n<p>Membre de l&rsquo;Association fran\u00e7aise de droit de la s\u00e9curit\u00e9 et de la d\u00e9fense (AFDSD)<\/p>\n<p>Membre repr\u00e9sentant en France de l&rsquo;Association international s\u00e9curity chiefs rattach\u00e9e \u00e0 l&rsquo;Association de jefes de seguridad de Espa\u00f1a (ASJE).<\/p>\n<p>Membre repr\u00e9sentant en France de la Sociedad Espagnola de derecho de la seguridad ( SEDS).<\/p>\n<p><strong>\u00a0<\/strong><\/p>\n<p><strong>Collaborations institutionnelles de l&rsquo;Etat et du march\u00e9\u00a0:<\/strong><\/p>\n<p><strong>\u00a0<\/strong><\/p>\n<p>D\u00e9l\u00e9gation aux coop\u00e9rations de s\u00e9curit\u00e9 (Minist\u00e8re de l&rsquo;int\u00e9rieur)<\/p>\n<p>Conseil national des activit\u00e9s priv\u00e9es de s\u00e9curit\u00e9 (CNAPS), et ses d\u00e9l\u00e9gations r\u00e9gionales et nuitamment le grand Est (Minist\u00e8re de l&rsquo;int\u00e9rieur).<\/p>\n<p>Institut National des Hautes Etudes de la S\u00e9curit\u00e9 et de la Justice (Minist\u00e8re de l&rsquo;int\u00e9rieur, centre de recherche et de formation).<\/p>\n<p>Institut National des Hautes Etudes de la Securit\u00e9 et de la d\u00e9fense (Minist\u00e8re de la d\u00e9fense).<\/p>\n<p>Union Nationale des entreprises de s\u00e9curit\u00e9 priv\u00e9e (USP)<\/p>\n<p>Syndicat national des entreprises de s\u00e9curit\u00e9<\/p>\n<p>Association nationale des m\u00e9tiers de la s\u00e9curit\u00e9\u00a0 (ANDMS)<\/p>\n<p>Union Nationale des Organismes de formation en s\u00e9curit\u00e9 (UNAFOPS)<\/p>\n<p>Unit\u00e9 Centrale de S\u00e9curit\u00e9 Priv\u00e9e (Organe Etatique de police de contr\u00f4le de la s\u00e9curit\u00e9 priv\u00e9e (Minist\u00e8re Espagnol de l&rsquo;int\u00e9rieur, Madrid).<\/p>\n\t\t\t<a href=\"#\" id=\"fl-accordion--label-3\" tabindex=\"0\" aria-controls=\"fl-accordion--panel-3\"><\/a>\n\t\t\t\t\t\t\t<a href=\"#\" id=\"fl-accordion--icon-3\" tabindex=\"0\" aria-controls=\"fl-accordion--panel-3\"><i>Expand<\/i><\/a>\n\n","protected":false},"excerpt":{"rendered":"<p>Identit\u00e9 Dr Antonio ARROYO Adresse : Universit\u00e9 de Rouen Normandie UFR des Sciences de l&rsquo;Homme et de la Soci\u00e9t\u00e9 Rue Lavoisier 76321 MONT SAINT AIGNAN CEDEX T\u00e9l : Email : tony.arroyo@laposte.net Site : Mots-cl\u00e9s S\u00e9curit\u00e9 priv\u00e9e, Risques, Professionnalisation, Apprentissage et d\u00e9veloppement professionnel, Coproduction publique priv\u00e9e, Continuum d\u00e9fense s\u00e9curit\u00e9, Bricolage de l&rsquo;activit\u00e9, Analyse du travail, Didactique &hellip;<\/p>\n<p class=\"read-more\"> <a class=\"\" href=\"https:\/\/cirnef.normandie-univ.fr\/?page_id=1733\"> <span class=\"screen-reader-text\">Antonio ARROYO<\/span> Lire la suite \u00bb<\/a><\/p>\n","protected":false},"author":76,"featured_media":0,"parent":0,"menu_order":0,"comment_status":"closed","ping_status":"closed","template":"","meta":{"site-sidebar-layout":"default","site-content-layout":"default","ast-global-header-display":"","ast-main-header-display":"","ast-hfb-above-header-display":"","ast-hfb-below-header-display":"","ast-hfb-mobile-header-display":"","site-post-title":"","ast-breadcrumbs-content":"","ast-featured-img":"","footer-sml-layout":"","theme-transparent-header-meta":"","adv-header-id-meta":"","stick-header-meta":"","header-above-stick-meta":"","header-main-stick-meta":"","header-below-stick-meta":"","footnotes":""},"coauthors":[],"class_list":["post-1733","page","type-page","status-publish","hentry"],"_links":{"self":[{"href":"https:\/\/cirnef.normandie-univ.fr\/index.php?rest_route=\/wp\/v2\/pages\/1733","targetHints":{"allow":["GET"]}}],"collection":[{"href":"https:\/\/cirnef.normandie-univ.fr\/index.php?rest_route=\/wp\/v2\/pages"}],"about":[{"href":"https:\/\/cirnef.normandie-univ.fr\/index.php?rest_route=\/wp\/v2\/types\/page"}],"author":[{"embeddable":true,"href":"https:\/\/cirnef.normandie-univ.fr\/index.php?rest_route=\/wp\/v2\/users\/76"}],"replies":[{"embeddable":true,"href":"https:\/\/cirnef.normandie-univ.fr\/index.php?rest_route=%2Fwp%2Fv2%2Fcomments&post=1733"}],"version-history":[{"count":2,"href":"https:\/\/cirnef.normandie-univ.fr\/index.php?rest_route=\/wp\/v2\/pages\/1733\/revisions"}],"predecessor-version":[{"id":7787,"href":"https:\/\/cirnef.normandie-univ.fr\/index.php?rest_route=\/wp\/v2\/pages\/1733\/revisions\/7787"}],"wp:attachment":[{"href":"https:\/\/cirnef.normandie-univ.fr\/index.php?rest_route=%2Fwp%2Fv2%2Fmedia&parent=1733"}],"wp:term":[{"taxonomy":"author","embeddable":true,"href":"https:\/\/cirnef.normandie-univ.fr\/index.php?rest_route=%2Fwp%2Fv2%2Fcoauthors&post=1733"}],"curies":[{"name":"wp","href":"https:\/\/api.w.org\/{rel}","templated":true}]}}