{"id":16,"date":"2018-11-30T12:13:02","date_gmt":"2018-11-30T11:13:02","guid":{"rendered":"http:\/\/localhost\/cirnef_wp\/?page_id=16"},"modified":"2022-01-28T18:57:53","modified_gmt":"2022-01-28T17:57:53","slug":"themes","status":"publish","type":"page","link":"https:\/\/cirnef.normandie-univ.fr\/?page_id=16","title":{"rendered":"Th\u00e8mes"},"content":{"rendered":"\n\n\t<h4><strong>Venez d\u00e9couvrir les diff\u00e9rents th\u00e8mes \u00e9tudi\u00e9s par les membres du laboratoire CIRNEF.<\/strong><\/h4>\n<hr \/>\n<h4><strong>Les th\u00e8mes <\/strong><\/h4>\n<p><a href=\"http:\/\/cirnef.normandie-univ.fr\/?page_id=2022\" target=\"_blank\" rel=\"noopener\"><strong>Th\u00e8me<\/strong><strong> 1<\/strong><\/a> : \u00c9ducations inclusives et parcours des enfants et des jeunes (EIPEJ)<\/p>\n<p><strong><a href=\"http:\/\/cirnef.normandie-univ.fr\/?page_id=2029\" target=\"_blank\" rel=\"noopener\">Th\u00e8me 2<\/a> :<\/strong> Professionnalisations et professionnalit\u00e9s : espaces, temporalit\u00e9s et transformations<\/p>\n<p><strong><a href=\"http:\/\/cirnef.normandie-univ.fr\/?page_id=2034\" target=\"_blank\" rel=\"noopener\">Th\u00e8me 3<\/a> :<\/strong> Espaces sociaux, dispositifs et num\u00e9rique en \u00e9ducation et en formation (EDNEF)<\/p>\n<p><strong><a href=\"http:\/\/cirnef.normandie-univ.fr\/?page_id=2038\" target=\"_blank\" rel=\"noopener\">Th\u00e8me 4<\/a> :<\/strong> Savoirs, P\u00e9dagogies, Institutions, Didactiques (SPID)<\/p>\n<p>&nbsp;<\/p>\n\n","protected":false},"excerpt":{"rendered":"<p>Venez d\u00e9couvrir les diff\u00e9rents th\u00e8mes \u00e9tudi\u00e9s par les membres du laboratoire CIRNEF. Les th\u00e8mes Th\u00e8me 1 : \u00c9ducations inclusives et parcours des enfants et des jeunes (EIPEJ) Th\u00e8me 2 : Professionnalisations et professionnalit\u00e9s : espaces, temporalit\u00e9s et transformations Th\u00e8me 3 : Espaces sociaux, dispositifs et num\u00e9rique en \u00e9ducation et en formation (EDNEF) Th\u00e8me 4 : &hellip;<\/p>\n<p class=\"read-more\"> <a class=\"\" href=\"https:\/\/cirnef.normandie-univ.fr\/?page_id=16\"> <span class=\"screen-reader-text\">Th\u00e8mes<\/span> Lire la suite \u00bb<\/a><\/p>\n","protected":false},"author":1,"featured_media":0,"parent":0,"menu_order":0,"comment_status":"closed","ping_status":"closed","template":"","meta":{"site-sidebar-layout":"default","site-content-layout":"default","ast-global-header-display":"","ast-main-header-display":"","ast-hfb-above-header-display":"","ast-hfb-below-header-display":"","ast-hfb-mobile-header-display":"","site-post-title":"","ast-breadcrumbs-content":"","ast-featured-img":"","footer-sml-layout":"","theme-transparent-header-meta":"","adv-header-id-meta":"","stick-header-meta":"","header-above-stick-meta":"","header-main-stick-meta":"","header-below-stick-meta":"","footnotes":""},"coauthors":[34],"class_list":["post-16","page","type-page","status-publish","hentry"],"_links":{"self":[{"href":"https:\/\/cirnef.normandie-univ.fr\/index.php?rest_route=\/wp\/v2\/pages\/16","targetHints":{"allow":["GET"]}}],"collection":[{"href":"https:\/\/cirnef.normandie-univ.fr\/index.php?rest_route=\/wp\/v2\/pages"}],"about":[{"href":"https:\/\/cirnef.normandie-univ.fr\/index.php?rest_route=\/wp\/v2\/types\/page"}],"author":[{"embeddable":true,"href":"https:\/\/cirnef.normandie-univ.fr\/index.php?rest_route=\/wp\/v2\/users\/1"}],"replies":[{"embeddable":true,"href":"https:\/\/cirnef.normandie-univ.fr\/index.php?rest_route=%2Fwp%2Fv2%2Fcomments&post=16"}],"version-history":[{"count":0,"href":"https:\/\/cirnef.normandie-univ.fr\/index.php?rest_route=\/wp\/v2\/pages\/16\/revisions"}],"wp:attachment":[{"href":"https:\/\/cirnef.normandie-univ.fr\/index.php?rest_route=%2Fwp%2Fv2%2Fmedia&parent=16"}],"wp:term":[{"taxonomy":"author","embeddable":true,"href":"https:\/\/cirnef.normandie-univ.fr\/index.php?rest_route=%2Fwp%2Fv2%2Fcoauthors&post=16"}],"curies":[{"name":"wp","href":"https:\/\/api.w.org\/{rel}","templated":true}]}}