{"id":1592,"date":"2019-05-02T14:18:38","date_gmt":"2019-05-02T12:18:38","guid":{"rendered":"http:\/\/cirnef.normandie-univ.fr\/?page_id=1592"},"modified":"2025-05-14T11:04:14","modified_gmt":"2025-05-14T09:04:14","slug":"cyril-dheilly","status":"publish","type":"page","link":"https:\/\/cirnef.normandie-univ.fr\/?page_id=1592","title":{"rendered":"Cyril DHEILLY"},"content":{"rendered":"\n\n\t<h2>Identit\u00e9<\/h2>\n<h4>Mr Cyril DHEILLY<\/h4>\nAdresse :<br \/>\nUniversit\u00e9 de Rouen Normandie<br \/>\nUFR des Sciences de l&rsquo;Homme et de la Soci\u00e9t\u00e9<br \/>\nRue Lavoisier<br \/>\n76321 MONT SAINT AIGNAN CEDEX\nT\u00e9l :<br \/>\nEmail : <a href=\"mailto:cyriltigers@hotmail.com\">dheilly.cyril@gmail.com<\/a>\n\t<h2>Informations<\/h2>\n<p>Th\u00e8se soutenue le 15 novembre 2019, \u00e0 Rouen.<\/p>\n<p>Titre de la th\u00e8se : <em>Les rapports aux risques des animateurs d&rsquo;Accueils Collectifs de Mineurs<\/em><\/p>\n<p>Directeur de th\u00e8se : Mr Jean HOUSSAYE, PE et Mr Laurent LESCOUARCH, PU<\/p>\n<p>Pr\u00e9sidente du jury : Mme V\u00e9ronique BORDES, PU<\/p>\n<p>Rapporteure : Mme Martine JANNER-RAIMONDI, PU<\/p>\n<p>Examinateur : M. Jean-Pierre POURTOIS, PU<\/p>\n<p><a href=\"http:\/\/www.theses.fr\/2019NORMR104\">http:\/\/www.theses.fr\/2019NORMR104<\/a><\/p>\n<p>Th\u00e8me de rattachement : <em>Th\u00e8me 4\u00a0: Ethiques, politiques, p\u00e9dagogies, id\u00e9es et disciplines<\/em><\/p>\n\t\t\t\t<a href=\"https:\/\/cirnef.normandie-univ.fr\/wp-content\/uploads\/2019\/05\/dheilly.jpg\" target=\"_self\" itemprop=\"url\">\n\t\t\t\t<img loading=\"lazy\" decoding=\"async\" src=\"https:\/\/cirnef.normandie-univ.fr\/wp-content\/uploads\/2019\/05\/dheilly.jpg\" alt=\"dheilly\" itemprop=\"image\" height=\"349\" width=\"526\" title=\"dheilly\" onerror=\"this.style.display='none'\"  \/>\n\t\t\t\t<\/a>\n\t\t\t<a href=\"#\" id=\"fl-accordion--label-0\" tabindex=\"0\" aria-controls=\"fl-accordion--panel-0\">Pr\u00e9sentation du projet de th\u00e8se<\/a>\n\t\t\t\t\t\t\t<a href=\"#\" id=\"fl-accordion--icon-0\" tabindex=\"0\" aria-controls=\"fl-accordion--panel-0\"><i>Collapse<\/i><\/a>\n\t\t<p>Les animateurs volontaires agissent aupr\u00e8s d&rsquo;enfants au sein des Accueils Collectifs de Mineurs, structures de loisirs regroupant centres a\u00e9r\u00e9s, colonies de vacances, et scoutisme. La s\u00e9curit\u00e9 est souvent assign\u00e9e comme un point essentiel de leur travail, tandis que bien d&rsquo;autres points participent \u00e0 leur action.<\/p>\n<p>Cette \u00e9tude s&rsquo;est r\u00e9alis\u00e9e par l&rsquo;observation de visites Jeunesse et Sports, puis le passage de questionnaires aupr\u00e8s de stagiaires en BAFA 3, pour aboutir sur des entretiens men\u00e9s aupr\u00e8s d&rsquo;animateurs ayant entre 2 et 6 ans d&rsquo;exp\u00e9rience.<\/p>\n<p>Le mod\u00e8le \u00e9cologique de d\u00e9veloppement humain d\u00e9velopp\u00e9 par Bronfenbrenner (1979, 1986) a permis d&rsquo;organiser les donn\u00e9es issues de ces entretiens, pour concevoir et consid\u00e9rer diff\u00e9rents aspects de l&rsquo;\u00e9cosyst\u00e8me d&rsquo;animateurs en interaction, qui pourront influer sur leurs rapports aux risques.<\/p>\n<p>Si les animateurs peuvent perdre le sens de leur action dans ces structures de vacances, il appara\u00eet, par ailleurs, que ces acteurs de terrain ressentent l&rsquo;animation comme un facteur d&rsquo;\u00e9mancipation, \u00e0 la fois pour les enfants et pour eux-m\u00eames.<\/p>\n<p>&nbsp;<\/p>\n<h4>Mots-cl\u00e9s<\/h4>\n<blockquote><p>animateurs volontaires, colonies de vacances, p\u00e9dagogie, risques, perception des risques, s\u00e9curit\u00e9, \u00e9cologie du d\u00e9veloppement humain, psychologie du travail<\/p><\/blockquote>\n\t\t\t<a href=\"#\" id=\"fl-accordion--label-1\" tabindex=\"0\" aria-controls=\"fl-accordion--panel-1\">Publications<\/a>\n\t\t\t\t\t\t\t<a href=\"#\" id=\"fl-accordion--icon-1\" tabindex=\"0\" aria-controls=\"fl-accordion--panel-1\"><i>Expand<\/i><\/a>\n\t\t<p>Bocquet, J.-M. et Dheilly, C. (2020). D\u00e9bat : Municipales et colonies de vacances, une cause commune ? The Conversation. 12 mars.<\/p>\n<p>Dheilly, C. (2019). <em>Les rapports aux risques des animateurs volontaires d&rsquo;Accueils Collectifs de Mineurs.<\/em> Th\u00e8se dirig\u00e9e par J. Houssaye et L. Lescouarch, soutenue le 15 novembre, Universit\u00e9 de Rouen.<\/p>\n<p>Dheilly, C. (2018). <em>La meilleure fa\u00e7on de risquer : Vers une exploration des repr\u00e9sentations et perceptions du risque propres aux animateurs volontaires.<\/em> Symposium \u00ab\u00a0Accueils Collectifs de Mineurs\u00a0\u00bb, Courcelles-sur-Aujon. 8 au 10 mai.<\/p>\n<p>Bocquet, J.-M. et Dheilly, C. (2018). <em>Les colonies de vacances seraient-elles vraiment devenues du tourisme ?!<\/em> The Conversation. 1er mai.<\/p>\n<p>Dheilly, C. (2018). <em>L&rsquo;ACM \u00e9tait ferm\u00e9 de l&rsquo;int\u00e9rieur.<\/em> Evasoleil. 25 mars.<\/p>\n<p>Bocquet, J.-M. et Dheilly, C. (2017). <em>D\u00e9bat : Les colos, march\u00e9 \u00e0 investir ou syst\u00e8mes \u00e0 repenser collectivement ?<\/em> The Conversation. 25 octobre.<\/p>\n<p>Bocquet, J.-M. &amp; Dheilly, C. (2017). <em>Colos \u00e0 vendre !<\/em> The Conversation, 22 mai.<\/p>\n<p>Bataille J.-M. &amp; al. (2017). <em>Tribune. Groupe Camp Colo<\/em>, 25 avril.<\/p>\n<p>Dheilly, C., Bataille, J.-M. &amp; Besse-Patin, B. (2017). <em>Lire, voir, entendre : des s\u00e9parations aux rencontres<\/em>. VEN, 566, avril.<\/p>\n<p>Besse-Patin, B. &amp; Dheilly, C (2017). <em>Et pourquoi que les colos elles sont encore comme \u00e7a ? Un dispositif bien sous tous rapports.<\/em> VEN, 565, janvier.<\/p>\n<p>Dheilly, C. (2016). <em>Au coeur de Trapajoi. Un portrait sociom\u00e9trique de la cit\u00e9 m\u00e9lang\u00e9e<\/em> in Trapajoi, la cit\u00e9 m\u00e9lang\u00e9e. Les cl\u00e9s de la cit\u00e9. d\u00e9cembre.<\/p>\n<p>Dheilly, C. (2012) <em>Libert\u00e9, tu fais peur. Entre restriction et auto-restriction en Accueils Collectifs de Mineurs<\/em>, dans ACM : Recherches (dir. J. Houssaye). Matrice.<\/p>\n<p>Dheilly, C. (2013). <em>Repenser l&rsquo;usage des objets du quotidien.<\/em> Les Cahiers de l&rsquo;Animation, 83, juillet.<\/p>\n<p>Dheilly, C. (2012). <em>A quoi former les animateurs ?<\/em> Les Cahiers de l&rsquo;Animation, 80, octobre.<\/p>\n<p>Dheilly, C. (2012). <em>\u00c9cologie de l&rsquo;animateur et risques associ\u00e9s aux Accueils Collectifs de Mineurs.<\/em> M\u00e9moire de Master 2 en Sciences de l&rsquo;\u00c9ducation, octobre.<\/p>\n<p>Dheilly, C. (2005). <em>R\u00e9sultats de l&rsquo;enqu\u00eate men\u00e9e aupr\u00e8s des clubs de la M\u00e9tropole ami\u00e9noise.<\/em> mai, Office des Sports d&rsquo;Amiens M\u00e9tropole et Universit\u00e9 de Picardie Jules Verne.<\/p>\n\t\t\t<a href=\"#\" id=\"fl-accordion--label-2\" tabindex=\"0\" aria-controls=\"fl-accordion--panel-2\">Communications<\/a>\n\t\t\t\t\t\t\t<a href=\"#\" id=\"fl-accordion--icon-2\" tabindex=\"0\" aria-controls=\"fl-accordion--panel-2\"><i>Expand<\/i><\/a>\n\t\t<p>2019 (20 novembre) : 2\u00e8me journ\u00e9e de l&rsquo;Ecole Doctorale 556 HSRT, \u00ab\u00a0RisqueS\u00a0\u00bb, Caen. <em>Les rapports aux risques des animateurs d&rsquo;Accueils Collectifs de Mineurs.<\/em><\/p>\n<p>2018 : Symposium ACM \u00e0 Courcelles-sous-Aujon : (\u00e0 para\u00eetre) Dheilly, C. (2019). La meilleure fa\u00e7on de risquer. Bagneux : Le Social en Fabrique, mai.<\/p>\n<p>2017 : Symposium ACM, \u00e0 Courcelles-sous-Aujon. Analyse sociom\u00e9trique d&rsquo;une cit\u00e9 m\u00e9lang\u00e9e, mai.<\/p>\n<p>2016 : Rencontres \u00ab Grandir aujourd&rsquo;hui \u00bb, par l&rsquo;association Cit\u00e9s d&rsquo;Enfants, d\u00e9cembre.<\/p>\n<p>2016 : Intervention \u00ab Vive les colos ! \u00bb organis\u00e9e \u00e0 Longueau par la DDCS de la Somme, septembre.<\/p>\n<p>2015 : Symposium, Courcelles-sous-Aujon, sur la responsabilit\u00e9. Intervention : \u00ab L&rsquo;usage des outils en ACM \u00bb, mai.<\/p>\n<p>2011 : Intervention au Symposium sur la \u00ab Recherche Scientifique en Centre de Loisirs \u00bb \u00e0 Rouen. \u00ab Entre restriction et auto-restriction dans les Accueils Collectifs de Mineurs \u00bb.<\/p>\n<p>2005 : R\u00e9sultats de l&rsquo;enqu\u00eate men\u00e9e aupr\u00e8s des clubs de la M\u00e9tropole ami\u00e9noise, Assises du Sport d&rsquo;Amiens M\u00e9tropole, juin.<\/p>\n<p>&nbsp;<\/p>\n\t\t\t<a href=\"#\" id=\"fl-accordion--label-3\" tabindex=\"0\" aria-controls=\"fl-accordion--panel-3\">Collaborations<\/a>\n\t\t\t\t\t\t\t<a href=\"#\" id=\"fl-accordion--icon-3\" tabindex=\"0\" aria-controls=\"fl-accordion--panel-3\"><i>Expand<\/i><\/a>\n\t\t<p>Kerivel, A., James, S., Vysotskaya, V., Dub\u00e9chot, P et Dheilly, C. (2019). Capital social des enfants et des jeunes en villages d&rsquo;enfants et en foyers, pendant le placement et au moment de la sortie. Quels accompagnements possibles ? Premiers r\u00e9sultats de la recherche-action 2019. Action Enfance.<\/p>\n<p>Bacou &amp; al. (2016), Des s\u00e9parations aux rencontres en camps et colos : rapport d&rsquo;\u00e9valuation du dispositif #G\u00e9n\u00e9ration Camp Colo. Bagneux : Le Social en Fabrique.<\/p>\n\t\t\t<a href=\"#\" id=\"fl-accordion--label-4\" tabindex=\"0\" aria-controls=\"fl-accordion--panel-4\">Cours dispens\u00e9s<\/a>\n\t\t\t\t\t\t\t<a href=\"#\" id=\"fl-accordion--icon-4\" tabindex=\"0\" aria-controls=\"fl-accordion--panel-4\"><i>Expand<\/i><\/a>\n\t\t<p>2019-20 : Charg\u00e9 de cours (60h TD) &#8211; Sciences Humaines et Sociales &#8211; L1 STAPS \u00ab\u00a0Oui Si\u00a0\u00bb 2\u00e8me ann\u00e9e &#8211; \u00e0 Amiens UPJV<\/p>\n<p>2018-20 : Intervention dans le module \u00ab\u00a0Le travail \u00e9ducatif hors institution scolaire\u00a0\u00bb (2h + 2h) &#8211; M1 Sciences de l&rsquo;Education, parcours \u00ab\u00a0Travail \u00e9ducatif, social, sant\u00e9, scolaire\u00a0\u00bb &#8211; \u00e0 l&rsquo;Universit\u00e9 de Lille.<\/p>\n<p>2018-19 : Charg\u00e9 de cours (18h CM et 18h TD) &#8211; Sciences de l&rsquo;\u00c9ducation et de l&rsquo;Intervention &#8211; L2 STAPS \u00c9ducation Motricit\u00e9 &#8211; \u00e0 Amiens UPJV<\/p>\n<p>2004-05 : Charg\u00e9 de cours (20h CM) &#8211; Performance sportive et comportements sociaux en L3 STAPS Entrainement &#8211; \u00e0 Amiens UPJV<\/p>\n\t\t\t<a href=\"#\" id=\"fl-accordion--label-5\" tabindex=\"0\" aria-controls=\"fl-accordion--panel-5\">Prix, bourses, etc&#8230;<\/a>\n\t\t\t\t\t\t\t<a href=\"#\" id=\"fl-accordion--icon-5\" tabindex=\"0\" aria-controls=\"fl-accordion--panel-5\"><i>Expand<\/i><\/a>\n\n","protected":false},"excerpt":{"rendered":"<p>Identit\u00e9 Mr Cyril DHEILLY Adresse : Universit\u00e9 de Rouen Normandie UFR des Sciences de l&rsquo;Homme et de la Soci\u00e9t\u00e9 Rue Lavoisier 76321 MONT SAINT AIGNAN CEDEX T\u00e9l : Email : dheilly.cyril@gmail.com Informations Th\u00e8se soutenue le 15 novembre 2019, \u00e0 Rouen. Titre de la th\u00e8se : Les rapports aux risques des animateurs d&rsquo;Accueils Collectifs de Mineurs &hellip;<\/p>\n<p class=\"read-more\"> <a class=\"\" href=\"https:\/\/cirnef.normandie-univ.fr\/?page_id=1592\"> <span class=\"screen-reader-text\">Cyril DHEILLY<\/span> Lire la suite \u00bb<\/a><\/p>\n","protected":false},"author":59,"featured_media":0,"parent":0,"menu_order":0,"comment_status":"closed","ping_status":"closed","template":"","meta":{"site-sidebar-layout":"default","site-content-layout":"default","ast-global-header-display":"","ast-main-header-display":"","ast-hfb-above-header-display":"","ast-hfb-below-header-display":"","ast-hfb-mobile-header-display":"","site-post-title":"","ast-breadcrumbs-content":"","ast-featured-img":"","footer-sml-layout":"","theme-transparent-header-meta":"default","adv-header-id-meta":"","stick-header-meta":"default","header-above-stick-meta":"","header-main-stick-meta":"","header-below-stick-meta":"","footnotes":""},"coauthors":[],"class_list":["post-1592","page","type-page","status-publish","hentry"],"_links":{"self":[{"href":"https:\/\/cirnef.normandie-univ.fr\/index.php?rest_route=\/wp\/v2\/pages\/1592","targetHints":{"allow":["GET"]}}],"collection":[{"href":"https:\/\/cirnef.normandie-univ.fr\/index.php?rest_route=\/wp\/v2\/pages"}],"about":[{"href":"https:\/\/cirnef.normandie-univ.fr\/index.php?rest_route=\/wp\/v2\/types\/page"}],"author":[{"embeddable":true,"href":"https:\/\/cirnef.normandie-univ.fr\/index.php?rest_route=\/wp\/v2\/users\/59"}],"replies":[{"embeddable":true,"href":"https:\/\/cirnef.normandie-univ.fr\/index.php?rest_route=%2Fwp%2Fv2%2Fcomments&post=1592"}],"version-history":[{"count":1,"href":"https:\/\/cirnef.normandie-univ.fr\/index.php?rest_route=\/wp\/v2\/pages\/1592\/revisions"}],"predecessor-version":[{"id":7800,"href":"https:\/\/cirnef.normandie-univ.fr\/index.php?rest_route=\/wp\/v2\/pages\/1592\/revisions\/7800"}],"wp:attachment":[{"href":"https:\/\/cirnef.normandie-univ.fr\/index.php?rest_route=%2Fwp%2Fv2%2Fmedia&parent=1592"}],"wp:term":[{"taxonomy":"author","embeddable":true,"href":"https:\/\/cirnef.normandie-univ.fr\/index.php?rest_route=%2Fwp%2Fv2%2Fcoauthors&post=1592"}],"curies":[{"name":"wp","href":"https:\/\/api.w.org\/{rel}","templated":true}]}}