{"id":1582,"date":"2019-05-02T13:51:59","date_gmt":"2019-05-02T11:51:59","guid":{"rendered":"http:\/\/cirnef.normandie-univ.fr\/?page_id=1582"},"modified":"2025-05-12T11:33:50","modified_gmt":"2025-05-12T09:33:50","slug":"julien-despois","status":"publish","type":"page","link":"https:\/\/cirnef.normandie-univ.fr\/?page_id=1582","title":{"rendered":"Julien DESPOIS"},"content":{"rendered":"\n\n\t<h2>Identit\u00e9<\/h2>\n<h4>Mr Julien DESPOIS<\/h4>\nAdresse :<br \/>\nUniversit\u00e9 de Rouen Normandie<br \/>\nUFR des Sciences de l&rsquo;Homme et de la Soci\u00e9t\u00e9<br \/>\nRue Lavoisier<br \/>\n76321 MONT SAINT AIGNAN CEDEX\nT\u00e9l :<br \/>\nEmail : <a href=\"mailto:julien.despois2@univ-rouen.fr\">julien.despois2@univ-rouen.fr<\/a>\n\t<h2>Informations<\/h2>\nInscrit en th\u00e8se depuis : 2015<br \/>\nLangue(s) pratiqu\u00e9e(s) : Fran\u00e7ais &#8211; Anglais\n<p>Th\u00e8me de rattachement : <em>Th\u00e8me 1\u00a0: Enfants, jeunes en dialogue\u00a0: singularit\u00e9s, groupes et soci\u00e9t\u00e9s<\/em><\/p>\nTitre de la th\u00e8se : Participation sociale des \u00e9l\u00e8ves porteurs d&rsquo;autisme \u00e0 l&rsquo;\u00e9cole maternelle<br \/>\nDirecteur de th\u00e8se : Martine JANNER-RAIMONDI, PU \/ Ama\u00ebl ANDRE, MCF\n<p>&nbsp;<\/p>\n\t\t\t\t<a href=\"https:\/\/cirnef.normandie-univ.fr\/wp-content\/uploads\/2019\/05\/despois.jpg\" target=\"_self\" itemprop=\"url\">\n\t\t\t\t<img loading=\"lazy\" decoding=\"async\" src=\"https:\/\/cirnef.normandie-univ.fr\/wp-content\/uploads\/2019\/05\/despois.jpg\" alt=\"despois\" itemprop=\"image\" height=\"606\" width=\"372\" title=\"despois\" onerror=\"this.style.display='none'\"  \/>\n\t\t\t\t<\/a>\n\t\t\t<a href=\"#\" id=\"fl-accordion--label-0\" tabindex=\"0\" aria-controls=\"fl-accordion--panel-0\">Pr\u00e9sentation du projet de th\u00e8se<\/a>\n\t\t\t\t\t\t\t<a href=\"#\" id=\"fl-accordion--icon-0\" tabindex=\"0\" aria-controls=\"fl-accordion--panel-0\"><i>Collapse<\/i><\/a>\n\t\t<p>\u00c0 l&rsquo;\u00e9cole, le cadre de travail fix\u00e9 par la loi de 2005, puis celle de 2009, met en place la philosophie de l&rsquo;inclusion \u00e0 l&rsquo;\u00e9cole \u00e9l\u00e9mentaire en France. Cela se traduit notamment par une plus grande diversit\u00e9 des profils d&rsquo;\u00e9l\u00e8ves accueillis. En effet, les \u00e9l\u00e8ves en situation de handicap et plus particuli\u00e8rement les \u00e9l\u00e8ves porteurs de troubles du spectre autistiques ont acc\u00e8s aux m\u00eames structures scolaires que les \u00e9l\u00e8ves de la population ordinaire.<\/p>\n<p>Ce bouleversement r\u00e9interroge les pratiques enseignantes, notamment en ce qui concerne les pratiques d&rsquo;inclusion \u00e0 l&rsquo;\u00e9cole maternelle. Des \u00e9tudes anglo-saxonnes (Tsao el al., 2008\u00a0; Kishida et Kemp, 2006\u00a0; Kemp et al., 2013) montrent \u00e0 la fois que la participation sociale est essentielle dans le d\u00e9veloppement des \u00e9l\u00e8ves, mais aussi qu&rsquo;elle est un indicateur clef de la r\u00e9ussite de l&rsquo;inclusion. De plus, Gr\u00e9mion et Paratte (2009) ou encore Andr\u00e9 el al. (2014) d\u00e9finissent des profils d&rsquo;accueil d&rsquo;\u00e9l\u00e8ves \u00e0 besoins \u00e9ducatifs particuliers en milieu ordinaire.<\/p>\n<p>Ce projet doctoral vise donc un triple objectif\u00a0:<\/p>\n<ul>\n<li>Comparer la participation sociale des \u00e9l\u00e8ves porteurs d&rsquo;autisme \u00e0 celle des \u00e9l\u00e8ves ordinaires lors de deux temps d&rsquo;activit\u00e9 caract\u00e9ristiques de l&rsquo;\u00e9cole maternelle (accueil et atelier)<\/li>\n<li>Etudier les variations de participation sociale des \u00e9l\u00e8ves porteurs d&rsquo;autisme \u00e0 travers diff\u00e9rents temps d&rsquo;activit\u00e9 caract\u00e9ristiques de l&rsquo;\u00e9cole maternelle (accueil et atelier)<\/li>\n<li>Etudier la dynamique d&rsquo;interaction \u00e9l\u00e8ve enseignant au cours de l&rsquo;ann\u00e9e scolaire dans les deux activit\u00e9s.<\/li>\n<\/ul>\n<p>&nbsp;<\/p>\n<h4>Mots-cl\u00e9s<\/h4>\n<blockquote><p>Inclusion, autisme, participation sociale, \u00e9cole maternelle, syst\u00e8mes dynamiques complexes<\/p><\/blockquote>\n\t\t\t<a href=\"#\" id=\"fl-accordion--label-1\" tabindex=\"0\" aria-controls=\"fl-accordion--panel-1\">Publications<\/a>\n\t\t\t\t\t\t\t<a href=\"#\" id=\"fl-accordion--icon-1\" tabindex=\"0\" aria-controls=\"fl-accordion--panel-1\"><i>Expand<\/i><\/a>\n\t\t<p>DESPOIS J., ANDRE A., DENEUVE P. et LOUVET B (2016) Etude de la dynamique d&rsquo;interaction \u00ab\u00a0enseignant-\u00e9l\u00e8ve porteur de troubles du spectre autistiques \u00e0 la maternelle. Spirale, 57, 83-96.<\/p>\n\t\t\t<a href=\"#\" id=\"fl-accordion--label-2\" tabindex=\"0\" aria-controls=\"fl-accordion--panel-2\">Communications<\/a>\n\t\t\t\t\t\t\t<a href=\"#\" id=\"fl-accordion--icon-2\" tabindex=\"0\" aria-controls=\"fl-accordion--panel-2\"><i>Expand<\/i><\/a>\n\t\t<p>Engagement social d&rsquo;un \u00e9l\u00e8ve autiste inclus en s\u00e9ance de motricit\u00e9 \u00e0 l&rsquo;\u00e9cole maternelle (2016) A. ANDRE, P. DENEUVE et J. DESPOIS, AFAPA, Amiens<\/p>\n<p>Influence du type d&rsquo;activit\u00e9 sur l&rsquo;engagement social d&rsquo;un \u00e9l\u00e8ve porteur de troubles du spectre autistique \u00e0 l&rsquo;\u00e9cole maternelle fran\u00e7aise (2016). J DESPOIS, A. ANDRE, INSHEA, Suresnes<\/p>\n\t\t\t<a href=\"#\" id=\"fl-accordion--label-3\" tabindex=\"0\" aria-controls=\"fl-accordion--panel-3\">Collaborations<\/a>\n\t\t\t\t\t\t\t<a href=\"#\" id=\"fl-accordion--icon-3\" tabindex=\"0\" aria-controls=\"fl-accordion--panel-3\"><i>Expand<\/i><\/a>\n\t\t\t<a href=\"#\" id=\"fl-accordion--label-4\" tabindex=\"0\" aria-controls=\"fl-accordion--panel-4\">Cours dispens\u00e9s<\/a>\n\t\t\t\t\t\t\t<a href=\"#\" id=\"fl-accordion--icon-4\" tabindex=\"0\" aria-controls=\"fl-accordion--panel-4\"><i>Expand<\/i><\/a>\n\t\t\t<a href=\"#\" id=\"fl-accordion--label-5\" tabindex=\"0\" aria-controls=\"fl-accordion--panel-5\">Prix, bourses, etc&#8230;<\/a>\n\t\t\t\t\t\t\t<a href=\"#\" id=\"fl-accordion--icon-5\" tabindex=\"0\" aria-controls=\"fl-accordion--panel-5\"><i>Expand<\/i><\/a>\n\n","protected":false},"excerpt":{"rendered":"<p>Identit\u00e9 Mr Julien DESPOIS Adresse : Universit\u00e9 de Rouen Normandie UFR des Sciences de l&rsquo;Homme et de la Soci\u00e9t\u00e9 Rue Lavoisier 76321 MONT SAINT AIGNAN CEDEX T\u00e9l : Email : julien.despois2@univ-rouen.fr Informations Inscrit en th\u00e8se depuis : 2015 Langue(s) pratiqu\u00e9e(s) : Fran\u00e7ais &#8211; Anglais Th\u00e8me de rattachement : Th\u00e8me 1\u00a0: Enfants, jeunes en dialogue\u00a0: singularit\u00e9s, &hellip;<\/p>\n<p class=\"read-more\"> <a class=\"\" href=\"https:\/\/cirnef.normandie-univ.fr\/?page_id=1582\"> <span class=\"screen-reader-text\">Julien DESPOIS<\/span> Lire la suite \u00bb<\/a><\/p>\n","protected":false},"author":58,"featured_media":0,"parent":0,"menu_order":0,"comment_status":"closed","ping_status":"closed","template":"","meta":{"site-sidebar-layout":"default","site-content-layout":"default","ast-global-header-display":"","ast-main-header-display":"","ast-hfb-above-header-display":"","ast-hfb-below-header-display":"","ast-hfb-mobile-header-display":"","site-post-title":"","ast-breadcrumbs-content":"","ast-featured-img":"","footer-sml-layout":"","theme-transparent-header-meta":"","adv-header-id-meta":"","stick-header-meta":"","header-above-stick-meta":"","header-main-stick-meta":"","header-below-stick-meta":"","footnotes":""},"coauthors":[],"class_list":["post-1582","page","type-page","status-publish","hentry"],"_links":{"self":[{"href":"https:\/\/cirnef.normandie-univ.fr\/index.php?rest_route=\/wp\/v2\/pages\/1582","targetHints":{"allow":["GET"]}}],"collection":[{"href":"https:\/\/cirnef.normandie-univ.fr\/index.php?rest_route=\/wp\/v2\/pages"}],"about":[{"href":"https:\/\/cirnef.normandie-univ.fr\/index.php?rest_route=\/wp\/v2\/types\/page"}],"author":[{"embeddable":true,"href":"https:\/\/cirnef.normandie-univ.fr\/index.php?rest_route=\/wp\/v2\/users\/58"}],"replies":[{"embeddable":true,"href":"https:\/\/cirnef.normandie-univ.fr\/index.php?rest_route=%2Fwp%2Fv2%2Fcomments&post=1582"}],"version-history":[{"count":1,"href":"https:\/\/cirnef.normandie-univ.fr\/index.php?rest_route=\/wp\/v2\/pages\/1582\/revisions"}],"predecessor-version":[{"id":7738,"href":"https:\/\/cirnef.normandie-univ.fr\/index.php?rest_route=\/wp\/v2\/pages\/1582\/revisions\/7738"}],"wp:attachment":[{"href":"https:\/\/cirnef.normandie-univ.fr\/index.php?rest_route=%2Fwp%2Fv2%2Fmedia&parent=1582"}],"wp:term":[{"taxonomy":"author","embeddable":true,"href":"https:\/\/cirnef.normandie-univ.fr\/index.php?rest_route=%2Fwp%2Fv2%2Fcoauthors&post=1582"}],"curies":[{"name":"wp","href":"https:\/\/api.w.org\/{rel}","templated":true}]}}