{"id":1544,"date":"2019-05-01T01:05:24","date_gmt":"2019-04-30T23:05:24","guid":{"rendered":"http:\/\/cirnef.normandie-univ.fr\/?page_id=1544"},"modified":"2025-05-14T10:24:57","modified_gmt":"2025-05-14T08:24:57","slug":"messanh-amavi","status":"publish","type":"page","link":"https:\/\/cirnef.normandie-univ.fr\/?page_id=1544","title":{"rendered":"Messanh AMAVI"},"content":{"rendered":"\n\n\t<h2>Identit\u00e9<\/h2>\n<h4>Mr Robert, Messanh AMAVI<\/h4>\nAdresse :<br \/>\nUniversit\u00e9 de Caen Normandie<br \/>\nUFR des Sciences de l&rsquo;Homme et de la Soci\u00e9t\u00e9<br \/>\nEsplanade de la paix<br \/>\n14032 CAEN CEDEX\nT\u00e9l : 07 58 91 62 09 \/ 07 44 59 73 11<br \/>\nEmail : <a href=\"mailto:amavirobert@gmail.com\">amavirobert@gmail.com<\/a>\n\t<h2>Informations<\/h2>\nInscrit en th\u00e8se depuis : 2016<br \/>\nLangue(s) pratiqu\u00e9e(s) : Fran\u00e7ais &#8211; Anglais &#8211; Espagnol\n<p>Th\u00e8me de rattachement : <em>Th\u00e8me 2\u00a0: Professionnalit\u00e9(s) et professionnalisation\u00a0: temporalit\u00e9s, espaces, transformations<\/em><\/p>\n<p>Titre de la th\u00e8se : Professionnalisation d&rsquo;un \u00e9tablissement dans le champ social et\u00a0 m\u00e9dico-social : une monographie fran\u00e7aise apr\u00e8s la loi n\u00b0 2002-02 du 02 janvier 2002.<\/p>\n<p>Directeur de th\u00e8se : Thierry ARDOUIN, PU<\/p>\n\t\t\t\t<a href=\"https:\/\/cirnef.normandie-univ.fr\/wp-content\/uploads\/2019\/05\/amavi.jpg\" target=\"_self\" itemprop=\"url\">\n\t\t\t\t<img loading=\"lazy\" decoding=\"async\" src=\"https:\/\/cirnef.normandie-univ.fr\/wp-content\/uploads\/2019\/05\/amavi.jpg\" alt=\"amavi\" itemprop=\"image\" height=\"100\" width=\"100\" title=\"amavi\" onerror=\"this.style.display='none'\"  \/>\n\t\t\t\t<\/a>\n\t\t\t<a href=\"#\" id=\"fl-accordion--label-0\" tabindex=\"0\" aria-controls=\"fl-accordion--panel-0\">Pr\u00e9sentation<\/a>\n\t\t\t\t\t\t\t<a href=\"#\" id=\"fl-accordion--icon-0\" tabindex=\"0\" aria-controls=\"fl-accordion--panel-0\"><i>Collapse<\/i><\/a>\n\t\t<p><strong>PRESENTATION\u00a0<\/strong><\/p>\n<p>AMAVI Robert, Messanh est docteur en science de l&rsquo;Education et de la formation, dipl\u00f4m\u00e9 MBA ; en \u00e9conomie et en droit. Chercheur associ\u00e9 au laboratoire CIRNEF de Normandie Universit\u00e9. Ses recherches se centrent sur la <em>professionnalisation<\/em> via la <em>formation des adultes<\/em>, le <em>Care organisationnel<\/em>, <em>\u00e9valuation diff\u00e9renci\u00e9e des politiques publiques<\/em>, le <em>co-construire<\/em>, <em>l&rsquo;inclusion<\/em>&#8230; Il porte un int\u00e9r\u00eat particulier pour les questions d&rsquo;\u00e9ducation, de formation, de professionnalisation et de co-d\u00e9veloppement en Afrique, en France, en Europe, et ailleurs.<\/p>\n<p><a href=\"mailto:massanh.amavi@univ-rouen.fr\">massanh.amavi@univ-rouen.fr<\/a><\/p>\n<p><strong>Mots cl\u00e9s<\/strong> : Evaluation diff\u00e9renci\u00e9e, recherche, enjeu, social, \u00e9ducatif, formation p\u00e9dagogique, professionnalit\u00e9s, professionnalisation.<\/p>\n<p>AMAVI Robert, Messanh is Ph. D. in education and training, MBA graduate ; in economics and law. Associated researcher at the CIRNEF laboratory at Normandy University. His research focuses on <em>professionalization<\/em> through <em>adult training<\/em>, <em>organizational care<\/em>, <em>evaluation of public policies<\/em>, <em>co-construction<\/em>, <em>inclusion<\/em>&#8230; He has a particular interest in questions of education, training, professionalization and co-development in Africa, France, Europe, and elsewhere.<\/p>\n<p><a href=\"mailto:massanh.amavi@univ-rouen.fr\">massanh.amavi@univ-rouen.fr<\/a><\/p>\n<p><strong>Keywords<\/strong> : Evaluation, Research, Issues, Social, Educational, Pedagogical, Training Professionalism, Professionalization.<\/p>\n<blockquote><p>&nbsp;<\/p><\/blockquote>\n\t\t\t<a href=\"#\" id=\"fl-accordion--label-1\" tabindex=\"0\" aria-controls=\"fl-accordion--panel-1\">Ouvrages<\/a>\n\t\t\t\t\t\t\t<a href=\"#\" id=\"fl-accordion--icon-1\" tabindex=\"0\" aria-controls=\"fl-accordion--panel-1\"><i>Expand<\/i><\/a>\n\t\t<p>-Amavi, R.M. (2022) <em>\u00ab\u00a0Professionnalisation du social en France\u00a0\u00bb<\/em> L&rsquo;Harmattan.<\/p>\n<p><a href=\"https:\/\/www.editions-harmattan.fr\/livre-professionnalisation_du_social_en_france_robert_messanh_amavi-9782140265082-73901.html\">PROFESSIONNALISATION DU SOCIAL EN FRANCE, Robert Messanh Amavi &#8211; livre, ebook, epub (editions-harmattan.fr)<\/a><\/p>\n<p>-Amavi, R.M. (2023). <em>\u00ab The Interactions Between \u00ab\u00a0Business\u00a0\u00bb Culture, \u00ab\u00a0Professional\u00a0\u00bb Culture and Training \u00bb<\/em>. Sociology Study, Sept.-Oct. 2023, Vol. 13, No. 5, 215-241. Wilmington (<strong>USA<\/strong>).<\/p>\n<p>-Amavi, R.M. (2024).<em> \u00ab Professionnalisation des organisations du social : les imbrications dialectiques entre culture \u00ab m\u00e9tier \u00bb, culture \u00ab professionnelle \u00bb et formation pour comprendre les transformations et enjeux en cours dans le champ \u00bb<\/em>. Dans <em>\u00ab L&rsquo;EDUCATION EN CONTEXTE DE CRISE Une question prioritaire pour l&rsquo;\u00e9ducation compar\u00e9e \u00bb<\/em>. L&rsquo;harmattan. Paris. (<strong>France<\/strong>).<\/p>\n<p><a href=\"https:\/\/www.editions-harmattan.fr\/livre-l_education_en_contexte_de_crise_une_question_prioritaire_pour_l_education_comparee_dominique_groux_corinne_gillon_arthur_yenga_maombe_neko_ma_umba_mabiala_prisca_fenoglio_maria_cantisano_marie_felide_fafard-9782336444734-80029.html\">L&rsquo;\u00c9DUCATION EN CONTEXTE DE CRISE &#8211; Une question prioritaire pour l&rsquo;\u00e9ducation compar\u00e9e, \u00a0Dirig\u00e9 par Arthur Yenga Maombe Neko \u00a0Dirig\u00e9 par Corinne Gillon \u00a0Dirig\u00e9 par Dominique Groux \u00a0Dirig\u00e9 par Ma-Umba Mabiala \u00a0Dirig\u00e9 par Prisca Fenoglio \u00a0Dirig\u00e9 par Maria Cantisano \u00a0Dirig\u00e9 par Marie-F\u00e9lide Fafard &#8211; livre, ebook, epub (editions-harmattan.fr)<\/a><\/p>\n\t\t\t<a href=\"#\" id=\"fl-accordion--label-2\" tabindex=\"0\" aria-controls=\"fl-accordion--panel-2\">Articles<\/a>\n\t\t\t\t\t\t\t<a href=\"#\" id=\"fl-accordion--icon-2\" tabindex=\"0\" aria-controls=\"fl-accordion--panel-2\"><i>Expand<\/i><\/a>\n\t\t<p>&#8211; Amavi, R.M (2023) <em>\u00ab The Interactions between business culture, professional culture and training \u00bb.<\/em> octobre 2023. Sociology Study. (<strong>USA<\/strong>). <a href=\"https:\/\/www.davidpublisher.com\/index.php\/Home\/Article\/index?id=49794.html\">The Interactions Between \u00ab\u00a0Business\u00a0\u00bb Culture, \u00ab\u00a0Professional\u00a0\u00bb Culture and Training-David Publishing Company (davidpublisher.com)<\/a><\/p>\n<p>-Amavi, R.M (2023) <em>\u00ab\u00a0Entre aspirations et injonctions dans le champ social et m\u00e9dico-social en France : enjeu social, \u00e9ducatif, p\u00e9dagogique et de professionnalisation apr\u00e8s la loi 2002-02 du 02 janvier 2002\u00a0\u00bb<\/em>. d\u00e9cembre 2023. LAKISA. ( <strong>R\u00e9publique du Congo<\/strong>). <a href=\"https:\/\/www.lakisa.larsced.cg\/index.php\/lakisa\/article\/view\/111\">Entre aspirations et injonctions dans le champ social et m\u00e9dico-social en France : enjeu social, \u00e9ducatif, p\u00e9dagogique et de professionnalisation apr\u00e8s la loi 2002-02 du 02 janvier 2002 | LAKISA, Revue des Sciences de l&rsquo;\u00c9ducation (larsced.cg)<\/a><\/p>\n<p>-Amavi, R.M (en cours) <em>\u00ab\u00a0L&rsquo;ASSOCIATION : UNE ORGANISATION NORMANDE DU SOCIAL ET DU MEDICO-SOCIAL COMME VECTEUR DE PROFESSIONNALISATION DES ACTEURS ET DES PRATIQUES\u00a0\u00bb<\/em> 2024. <strong>(FRANCE)<\/strong>.<\/p>\n\t\t\t<a href=\"#\" id=\"fl-accordion--label-3\" tabindex=\"0\" aria-controls=\"fl-accordion--panel-3\">Collaborations<\/a>\n\t\t\t\t\t\t\t<a href=\"#\" id=\"fl-accordion--icon-3\" tabindex=\"0\" aria-controls=\"fl-accordion--panel-3\"><i>Expand<\/i><\/a>\n\t\t-Coordination d&rsquo;ouvrage paru en 2013<br \/>\n<em>D&rsquo;UNIVERS CROISES A IMAG&rsquo;UNION<\/em>, El\u00e8ves de Premi\u00e8res stmg, Lyc\u00e9e jean Gu\u00e9henno Flers (Orne) 2012 &#8211; 2013.\n<p>-Membre de l&rsquo;\u00e9quipe des responsables scientifiques et d&rsquo;organisation de la journ\u00e9e scientifique du th\u00e8me 2 du laboratoire CIRNEF de Normandie universit\u00e9. 12 mars 2024. INSP, Universit\u00e9 de Rouen Normandie. <a href=\"https:\/\/webtv.univ-rouen.fr\/videos\/table-ronde-lapproche-par-les-competences-origines-introduction-et-usages-dans-le-domaine-de-leducation-et-de-la-formation-animee-par-robert-amavi\/\">02-Table ronde \u00ab L&rsquo;approche par les comp\u00e9tences, origines, introduction et usages dans le domaine de l&rsquo;\u00e9ducation et de la formation \u00bb anim\u00e9e par Robert Amavi &#8211; Portail vid\u00e9o de l&rsquo;Universit\u00e9 de Rouen Normandie (univ-rouen.fr)<\/a><\/p>\n<p>&nbsp;<\/p>\n\t\t\t<a href=\"#\" id=\"fl-accordion--label-4\" tabindex=\"0\" aria-controls=\"fl-accordion--panel-4\">Cours dispens\u00e9s<\/a>\n\t\t\t\t\t\t\t<a href=\"#\" id=\"fl-accordion--icon-4\" tabindex=\"0\" aria-controls=\"fl-accordion--panel-4\"><i>Expand<\/i><\/a>\n\t\t<p>2012 &#8211; 2017\u00a0: Cours Economie.\u00a0 Iut Lisieux.\u00a0 (Caen) Normandie Universit\u00e9.<\/p>\n<p>2009 &#8211; 2015\u00a0: Cours Economie. Secondaire. (Rectorat de Caen)<\/p>\n\t\t\t<a href=\"#\" id=\"fl-accordion--label-5\" tabindex=\"0\" aria-controls=\"fl-accordion--panel-5\">Prix, bourses, etc&#8230;<\/a>\n\t\t\t\t\t\t\t<a href=\"#\" id=\"fl-accordion--icon-5\" tabindex=\"0\" aria-controls=\"fl-accordion--panel-5\"><i>Expand<\/i><\/a>\n\t\t\t<a href=\"#\" id=\"fl-accordion--label-6\" tabindex=\"0\" aria-controls=\"fl-accordion--panel-6\">Communications<\/a>\n\t\t\t\t\t\t\t<a href=\"#\" id=\"fl-accordion--icon-6\" tabindex=\"0\" aria-controls=\"fl-accordion--panel-6\"><i>Expand<\/i><\/a>\n\t\t-Amavi, R.M (2021) \u00ab\u00a0<em>Professionnalisation du social et du m\u00e9dico-social : une monographie <\/em><br \/>\n<em>fran\u00e7aise apr\u00e8s la loi du 2 janvier 2002&Prime; <\/em>La Recherche en Travail Social et Sant\u00e9 dans les sciences de<br \/>\nl&rsquo;Education et de la Formation<em>\u00ab Le travail de la relation \u00bb <\/em>Colloque International TRESSE (2021) universit\u00e9 de Rouen. (France).\n-Amavi, R.M (2022) \u00ab\u00a0<em>Professionnalisation du social et du m\u00e9dico-social : une monographie <\/em><br \/>\n<em>fran\u00e7aise apr\u00e8s la loi du 2 janvier 2002&Prime;<\/em> Colloque International GIS Hybrida-IS Transformations des m\u00e9tiers et des activit\u00e9s du social, travail des fronti\u00e8res dans l&rsquo;intervention sociale et la recherche. Rennes 18 au 20 mai 2022. (France)\n-Amavi, R.M (2022) <em>\u00ab\u00a0Le concept de Care : <\/em><br \/>\n<em>dimensionnalit\u00e9 du Care Organisationnel \u00ab\u00a0<\/em> Workshop <em>Care<\/em> en sciences de gestion, le 24 et 25 octobre 2022 Colloque du laboratoire NIMEC. Normandie universit\u00e9 (France).\n<p>&#8211; Amavi, R.M (2023) <em>\u00ab Interactions between busines \u00ab culture \u00bb<\/em>, professional <em>\u00ab culture \u00bb<\/em> <em>and training \u00bb<\/em> Colloque combating skillsmismacth in education. (Gr\u00e8ce).<\/p>\n<p>&#8211; Amavi, R.M (2023) <em>\u00a0\u00ab\u00a0Professionnalisation du social et m\u00e9dico-social en France : Le prendre soin organisationnel comme enjeux et comme r\u00e9sultats \u00bb\u00a0 <\/em>Faire r\u00e9sultat(s) dans les recherches en \u00e9ducation : Pour quoi ? Avec qui ? Comment ? Colloque international UMR EFTS. Toulouse. (France)<\/p>\n<p>&#8211; Amavi, R.M (2023) <em>\u00ab Interactions entre culture m\u00e9tier, culture professionnelle et formation \u00bb<\/em>. Le 19\u00e8me colloque international de l&rsquo;AFDECE (Association Fran\u00e7aise d&rsquo;Education Compar\u00e9e et des Echanges). 1-3 ao\u00fbt 2023 IFASIC, KINSHASA, RDC.<\/p>\n<p>-Amavi, R.M (2023) <em>\u00ab\u00a0Care organisationnel cultiv\u00e9 : mesure, dimensionnalit\u00e9 et impulsion\u00a0\u00bb<\/em>. K-OR, 2 \u00e9mes JOURNEES PLURIDISPLINAIRES CARE ORGANISATIONNEL. <strong>7 et 8 d\u00e9cembre 2023. Nimec<\/strong>. Universit\u00e9 de Rouen Normandie. (France)<\/p>\n<p>-Amavi, R.M (2024) \u00ab\u00a0<em>Cit\u00e9s Educatives : une \u00e9valuation via l&rsquo;enjeu social, \u00e9ducatif, p\u00e9dagogique et de professionnalisation\u00a0\u00bb. <\/em>35\u00e8me colloque de <strong>l&rsquo;ADMEE-Europe du 24 au 26 janvier 2024<\/strong> Universit\u00e9 du Minho. (Braga), Portugal<\/p>\n<p>-Amavi, R.M (2024) <em>\u00ab\u00a0Cit\u00e9s Educatives : une politique publique \u00e9ducative inclusive territorialis\u00e9e, \u00e9valu\u00e9e via l&rsquo;enjeu social, \u00e9ducatif, p\u00e9dagogique et de professionnalisation\u00a0\u00bb<\/em> COLLOQUE UCO \/ DIPLOMA. Penser les pratiques inclusives, dans et hors les murs, de l&rsquo;\u00e9cole \u00e0 l&rsquo;universit\u00e9 : enjeux sociaux politiques et \u00e9ducatifs. 30 et <strong>31 janvier 2024<\/strong>. Anger (France)<\/p>\n<p>Amavi, R.M (2024) <em>\u00ab\u00a0Recherche-action collaborative : une approche par les comp\u00e9tences en recherche\u00a0\u00bb<\/em> les Printemps de la Recherche de l&rsquo;UNISFEC les <strong>22 et 23 mars 2024<\/strong>. Angers (France). <a href=\"https:\/\/sites.google.com\/view\/printemps-de-lunisfec\/ateliers-samedi-10h45\">Printemps de la recherche UNISFEC &#8211; Ateliers samedi 10h45 (google.com)<\/a><\/p>\n\t\t\t<a href=\"#\" id=\"fl-accordion--label-7\" tabindex=\"0\" aria-controls=\"fl-accordion--panel-7\">Recherches en cours<\/a>\n\t\t\t\t\t\t\t<a href=\"#\" id=\"fl-accordion--icon-7\" tabindex=\"0\" aria-controls=\"fl-accordion--panel-7\"><i>Expand<\/i><\/a>\n\t\t<p>-Recherche bibliographique : la professionnalisation \/ entr\u00e9e sp\u00e9cifique : la formation des adultes.<\/p>\n<p>-Evaluateur : politique publique \u00e9ducative inclusive territorialis\u00e9e <em>\u00ab\u00a0Cit\u00e9s Educatives\u00a0\u00bb de Evreux ; Porte de Normandie<\/em><\/p>\n<p>-Evaluateur : politique publique \u00e9ducative inclusive territorialis\u00e9e <em>\u00ab\u00a0Cit\u00e9s Educatives\u00a0\u00bb<\/em> de Val-de-Reuil ; QPV Centre-ville<\/p>\n<p>-Recherche en \u00e9valuation de politique publique \u00e9ducative inclusive territorialis\u00e9e <em>\u00ab\u00a0Cit\u00e9s Educatives\u00a0\u00bb<\/em><\/p>\n\t\t\t<a href=\"#\" id=\"fl-accordion--label-8\" tabindex=\"0\" aria-controls=\"fl-accordion--panel-8\">Impliqu\u00e9 dans des recherches en cours<\/a>\n\t\t\t\t\t\t\t<a href=\"#\" id=\"fl-accordion--icon-8\" tabindex=\"0\" aria-controls=\"fl-accordion--panel-8\"><i>Expand<\/i><\/a>\n\t\t<p>-Recherche action collaborative : mission d&rsquo;accompagnement \u00e0 la recherche-action\u00a0: <em>\u00a0\u00bb Voies de professionnalisation et transformations des pratiques p\u00e9dagogiques \u00e0 l&rsquo;ISFEC \u00ab\u00a0<\/em><\/p>\n\t\t\t<a href=\"#\" id=\"fl-accordion--label-9\" tabindex=\"0\" aria-controls=\"fl-accordion--panel-9\">Actes de colloques<\/a>\n\t\t\t\t\t\t\t<a href=\"#\" id=\"fl-accordion--icon-9\" tabindex=\"0\" aria-controls=\"fl-accordion--panel-9\"><i>Expand<\/i><\/a>\n\t\t&#8211; Amavi, R.M (Publication en cours). <em>\u00ab Professionnalisation des organisations du social : <\/em><br \/>\n<em>les imbrications dialectiques entre culture \u00ab m\u00e9tier \u00bb, culture \u00ab professionnelle \u00bb et formation pour <\/em><br \/>\n<em>comprendre les transformations et enjeux en cours dans les pays en d\u00e9veloppement \u00bb<\/em>. Colloque<br \/>\ninternational AFDECE \/IFASIC. 2023. Kinshasa. (<strong>R\u00e9publique D\u00e9mocratique du Congo<\/strong>).\n\t\t\t<a href=\"#\" id=\"fl-accordion--label-10\" tabindex=\"0\" aria-controls=\"fl-accordion--panel-10\">Symposium<\/a>\n\t\t\t\t\t\t\t<a href=\"#\" id=\"fl-accordion--icon-10\" tabindex=\"0\" aria-controls=\"fl-accordion--panel-10\"><i>Expand<\/i><\/a>\n\t\t-Formation des adultes (2023). Universit\u00e9 Johann Wolfgang Goethe <em>\u00ab Wrap-up \u00bb<\/em>, \u00ab Adult Learning at<br \/>\nthe Nexus of Life Course, Work &amp; Transitions \u00bb Goethe University Frankfurt, September 27th &#8211; 29th,<br \/>\n2023. (<strong>ALLEMAGNE<\/strong>).\n<p>&nbsp;<\/p>\n\n","protected":false},"excerpt":{"rendered":"<p>Identit\u00e9 Mr Robert, Messanh AMAVI Adresse : Universit\u00e9 de Caen Normandie UFR des Sciences de l&rsquo;Homme et de la Soci\u00e9t\u00e9 Esplanade de la paix 14032 CAEN CEDEX T\u00e9l : 07 58 91 62 09 \/ 07 44 59 73 11 Email : amavirobert@gmail.com Informations Inscrit en th\u00e8se depuis : 2016 Langue(s) pratiqu\u00e9e(s) : Fran\u00e7ais &#8211; &hellip;<\/p>\n<p class=\"read-more\"> <a class=\"\" href=\"https:\/\/cirnef.normandie-univ.fr\/?page_id=1544\"> <span class=\"screen-reader-text\">Messanh AMAVI<\/span> Lire la suite \u00bb<\/a><\/p>\n","protected":false},"author":55,"featured_media":0,"parent":0,"menu_order":0,"comment_status":"closed","ping_status":"closed","template":"","meta":{"site-sidebar-layout":"default","site-content-layout":"default","ast-global-header-display":"","ast-main-header-display":"","ast-hfb-above-header-display":"","ast-hfb-below-header-display":"","ast-hfb-mobile-header-display":"","site-post-title":"","ast-breadcrumbs-content":"","ast-featured-img":"","footer-sml-layout":"","theme-transparent-header-meta":"","adv-header-id-meta":"","stick-header-meta":"","header-above-stick-meta":"","header-main-stick-meta":"","header-below-stick-meta":"","footnotes":""},"coauthors":[],"class_list":["post-1544","page","type-page","status-publish","hentry"],"_links":{"self":[{"href":"https:\/\/cirnef.normandie-univ.fr\/index.php?rest_route=\/wp\/v2\/pages\/1544","targetHints":{"allow":["GET"]}}],"collection":[{"href":"https:\/\/cirnef.normandie-univ.fr\/index.php?rest_route=\/wp\/v2\/pages"}],"about":[{"href":"https:\/\/cirnef.normandie-univ.fr\/index.php?rest_route=\/wp\/v2\/types\/page"}],"author":[{"embeddable":true,"href":"https:\/\/cirnef.normandie-univ.fr\/index.php?rest_route=\/wp\/v2\/users\/55"}],"replies":[{"embeddable":true,"href":"https:\/\/cirnef.normandie-univ.fr\/index.php?rest_route=%2Fwp%2Fv2%2Fcomments&post=1544"}],"version-history":[{"count":1,"href":"https:\/\/cirnef.normandie-univ.fr\/index.php?rest_route=\/wp\/v2\/pages\/1544\/revisions"}],"predecessor-version":[{"id":7784,"href":"https:\/\/cirnef.normandie-univ.fr\/index.php?rest_route=\/wp\/v2\/pages\/1544\/revisions\/7784"}],"wp:attachment":[{"href":"https:\/\/cirnef.normandie-univ.fr\/index.php?rest_route=%2Fwp%2Fv2%2Fmedia&parent=1544"}],"wp:term":[{"taxonomy":"author","embeddable":true,"href":"https:\/\/cirnef.normandie-univ.fr\/index.php?rest_route=%2Fwp%2Fv2%2Fcoauthors&post=1544"}],"curies":[{"name":"wp","href":"https:\/\/api.w.org\/{rel}","templated":true}]}}