{"id":1540,"date":"2019-05-01T00:47:13","date_gmt":"2019-04-30T22:47:13","guid":{"rendered":"http:\/\/cirnef.normandie-univ.fr\/?page_id=1540"},"modified":"2025-05-14T10:21:11","modified_gmt":"2025-05-14T08:21:11","slug":"gabriela-paz-ahlers-vergara","status":"publish","type":"page","link":"https:\/\/cirnef.normandie-univ.fr\/?page_id=1540","title":{"rendered":"Gabriela AHLERS VERGARA"},"content":{"rendered":"\n\n\t<h2>Identit\u00e9<\/h2>\n<h4>Mme Gabriela AHLERS VERGARA<\/h4>\nAdresse :<br \/>\nUniversit\u00e9 de Rouen Normandie<br \/>\nUFR des Sciences de l&rsquo;Homme et de la Soci\u00e9t\u00e9<br \/>\nRue Lavoisier<br \/>\n76321 MONT SAINT AIGNAN CEDEX\n<p>Email : gabriela.ahlers@univ-rouen.fr<\/p>\n<p>&nbsp;<\/p>\n<p>&nbsp;<\/p>\n\t<h2>Informations<\/h2>\n<p>Attach\u00e9e temporaire d&rsquo;enseignement et recherche<\/p>\n<p>Docteure en sciences de l&rsquo;\u00e9ducation et de la formation<\/p>\n<h4>Mots-cl\u00e9s:<\/h4>\n<blockquote><p><strong>Travail collaboratif, relations entre \u00e9cole et familles, \u00e9cole maternelle, pratiques enseignantes, dispositifs dits non-formels.<\/strong><\/p><\/blockquote>\n<p>Th\u00e8me de rattachement: \u00c9ducation inclusives et parcours des enfants et des jeunes (EIPEJ)<\/p>\n<p>&nbsp;<\/p>\n\t\t\t\t<a href=\"https:\/\/cirnef.normandie-univ.fr\/wp-content\/uploads\/2019\/07\/Photo-Gaby-1.jpg\" target=\"_self\" itemprop=\"url\">\n\t\t\t\t<img loading=\"lazy\" decoding=\"async\" src=\"https:\/\/cirnef.normandie-univ.fr\/wp-content\/uploads\/2019\/07\/Photo-Gaby-1.jpg\" alt=\"Photo Gaby\" itemprop=\"image\" height=\"552\" width=\"448\" title=\"Photo Gaby\" onerror=\"this.style.display='none'\"  \/>\n\t\t\t\t<\/a>\n\t\t\t<a href=\"#\" id=\"fl-accordion--label-0\" tabindex=\"0\" aria-controls=\"fl-accordion--panel-0\">Pr\u00e9sentation<\/a>\n\t\t\t\t\t\t\t<a href=\"#\" id=\"fl-accordion--icon-0\" tabindex=\"0\" aria-controls=\"fl-accordion--panel-0\"><i>Collapse<\/i><\/a>\n\t\t<p>Apr\u00e8s des \u00e9tudes en \u00e9ducation \u00e0 la Pontificia Universidad Cat\u00f3lica de Valpara\u00edso entre 2003- et 2006, je suis devenue enseignante en divers contextes \u00e9ducatifs chiliens.<\/p>\n<p>J&rsquo;ai continu\u00e9 mes \u00e9tudes par un doctorat en sciences de l&rsquo;\u00e9ducation \u00e0 l&rsquo;Universit\u00e9 de Rouen Normandie. En 2022 j&rsquo;ai soutenu la th\u00e8se \u00ab Jard\u00edn sobre Ruedas, une recherche en camionnette au Chili \u00bb dirig\u00e9e par Jean-Luc Rinaudo (universit\u00e9 de Normandie) et Cynthia Adlerstein Grimberg (Pontificia Universidad Cat\u00f3lica de Chile).<\/p>\n<p>Ce travail de recherche centr\u00e9 sur le Jard\u00edn sobre Ruedas, un dispositif d&rsquo;\u00e9cole maternelle itin\u00e9rante au Chili avait pour objectif la compr\u00e9hension des dynamiques collaboratives au sein de cette \u00e9cole. Par les biais d&rsquo;une approche inductive et des m\u00e9thodes qualitatives comme l&rsquo;observation et les entretiens, cette d\u00e9marche est centr\u00e9e sur l&rsquo;individu en relation. De ce fait, je m&rsquo;int\u00e9resse \u00e0 l&rsquo;\u00e9laboration de pratiques collaboratives, aux alliances \u00e9ducatives entre les familles et l&rsquo;\u00e9cole et aux dynamiques sous-jacentes qui favorisent un lien entre les diff\u00e9rents acteurs \u00e9ducatifs. Mes axes de recherche incluent \u00e9galement les pratiques enseignantes, l&rsquo;\u00e9ducation itin\u00e9rante et le contexte \u00e9ducatif Latino-am\u00e9ricain.<\/p>\n<p>Actuellement j&rsquo;occupe un poste d&rsquo;ATER au d\u00e9partement de sciences de l&rsquo;\u00e9ducation \u00e0 l&rsquo;Universit\u00e9 de Rouen. Ces enseignements abordent des th\u00e9matiques comme l&rsquo;analyse des pratiques professionnelles, les projets coop\u00e9ratifs tutor\u00e9s en parcours pr\u00e9paratoire de professeurs des \u00e9coles (PPPE) et la m\u00e9thodologie de la recherche. Je suis \u00e9galement r\u00e9f\u00e9rente de stage pour la licence 2 en sciences de l&rsquo;\u00e9ducation.<\/p>\n<p>Je participe au th\u00e8me 1 du laboratoire \u00ab\u00a0\u00e9ducations inclusives et parcours des enfants et des jeunes (EIPEJ)\u00a0\u00bb et je suis membre de l&rsquo;AECSE.<\/p>\n\t\t\t<a href=\"#\" id=\"fl-accordion--label-1\" tabindex=\"0\" aria-controls=\"fl-accordion--panel-1\">Publications<\/a>\n\t\t\t\t\t\t\t<a href=\"#\" id=\"fl-accordion--icon-1\" tabindex=\"0\" aria-controls=\"fl-accordion--panel-1\"><i>Expand<\/i><\/a>\n\t\t<p>Dubois E., Ahlers Vergara G. et Lescouarch L. (2021). Paulo Freire : une pens\u00e9e, une inspiration pour une p\u00e9dagogie sociale \u00e9mancipatrice ?. <em>Les Dossiers des Sciences de l&rsquo;\u00c9ducation, 44<\/em>, 28-44.<\/p>\n<p>Ahlers Vergara, G. (2019). Innovaci\u00f3n y cambio: percepci\u00f3n de vivencias en una escuela infantil itinerante. <i>Campo Abierto. Revista De Educaci\u00f3n<\/i>, <i>38(<\/i>2), 175-184. https:\/\/mascvuex.unex.es\/revistas\/index.php\/campoabierto\/article\/view\/3515<\/p>\n<p>Ahlers, G. et Rinaudo, J. (2018). Construire des relations co\u00e9ducatives. Le cas d&rsquo;une \u00e9cole itin\u00e9rante au Chili. <i>La revue internationale de l&rsquo;\u00e9ducation fa<\/i><em>miliale, 44,<\/em> 131-152. <\/p>\n\t\t\t<a href=\"#\" id=\"fl-accordion--label-2\" tabindex=\"0\" aria-controls=\"fl-accordion--panel-2\">Communications<\/a>\n\t\t\t\t\t\t\t<a href=\"#\" id=\"fl-accordion--icon-2\" tabindex=\"0\" aria-controls=\"fl-accordion--panel-2\"><i>Expand<\/i><\/a>\n\t\t<p>Ahlers Vergara, G. (2022, Sept.). <em>Le lien comme un processus inclusif : l&rsquo;exemple d&rsquo;enseignantes et d&rsquo;animateurs-chauffeurs dans une \u00e9cole maternelle itin\u00e9rante.<\/em> Communication en colloque internationale AREF. Universit\u00e9 de Lausanne, Suisse.<\/p>\n<p>Dubois E. et Ahlers Vergara (2021, Oct.). <em>Paulo Freire: une pens\u00e9e, une inspiration pour une p\u00e9dagogie sociale \u00e9mancipatrice?<\/em> Communication en colloque internationale Freire: hoje (approcher), ENSFEA de Toulouse, France.<\/p>\n<p>Ahlers Vergara G. et Bamb\u00e9 F. (2021, Mars). <em>Habiter sa classe, habiter son \u00e9cole.<\/em> Communication \u00e0 la 3\u00e8me journ\u00e9e de l&rsquo;\u00e9cole doctoral HSRT, Rouen, France.<\/p>\n<p>Ahlers Vergara, G. (2019, Juillet). <em>Une recherche en camionnette au Chili<\/em>. Communication \u00e0 la journ\u00e9e de doctorants. Rencontres Internationales du R\u00e9seau de Recherche en Education et en Formation, REF, Toulouse, France.<\/p>\n<p>Ahlers Vergara, G. (2019, Juin). <em>Pr\u00e1cticas colaborativas en una escuela infantil itinerante.<\/em> Communication au II Encuentro de doctorandos\/as Investigadores noveles. XIX Congreso Internacional de Investigaci\u00f3n Educativa, AIDIPE, Madrid, Espagne.<\/p>\n<p>Ahlers Vergara, G. (2018, Juillet). <em>Entre el cambio y la innovaci\u00f3n en una escuela infantil itinerante<\/em>. Communication au 7\u00b0 Congreso Iberoamericano en Investigaci\u00f3n Cualitativa, Fortaleza, Br\u00e9sil.<\/p>\n\t\t\t<a href=\"#\" id=\"fl-accordion--label-3\" tabindex=\"0\" aria-controls=\"fl-accordion--panel-3\">Enseignements <\/a>\n\t\t\t\t\t\t\t<a href=\"#\" id=\"fl-accordion--icon-3\" tabindex=\"0\" aria-controls=\"fl-accordion--panel-3\"><i>Expand<\/i><\/a>\n\t\t<ul>\n<li>2021-2022. Master international francophone en \u00e9ducation et formation (CNED). Suivi de dossiers exploratoires de recherche en 1\u00e8re ann\u00e9e de master.<\/li>\n<li>2021-2022. Licence 3 en sciences de l&rsquo;\u00e9ducation. Cours des pratiques collaboratives (4CM + 5TD = 22HTD)<\/li>\n<li>2019-2020. Licence 2 en sciences de l&rsquo;\u00e9ducation. Cours d&rsquo;\u00e9ducation compar\u00e9e et Interculturalit\u00e9 (8CM+ 15 TD= 64HTD). Cours dispens\u00e9 dans le cadre d&rsquo;une mission enseignement.<\/li>\n<li>2018-2019. Licence 2 en sciences de l&rsquo;\u00e9ducation. Cours d&rsquo;\u00e9ducation compar\u00e9e et Interculturalit\u00e9 (8CM+ 15 TD= 64HTD). Cours dispens\u00e9 dans le cadre d&rsquo;une mission enseignement.<\/li>\n<\/ul>\n<p>&nbsp;<\/p>\n\t\t\t<a href=\"#\" id=\"fl-accordion--label-4\" tabindex=\"0\" aria-controls=\"fl-accordion--panel-4\">Collaborations<\/a>\n\t\t\t\t\t\t\t<a href=\"#\" id=\"fl-accordion--icon-4\" tabindex=\"0\" aria-controls=\"fl-accordion--panel-4\"><i>Expand<\/i><\/a>\n\t\t<p>Participation au dispositif \u00ab\u00a0Les Cord\u00e9es de la r\u00e9ussite\u00a0\u00bb \u00e0 l&rsquo;INSPE de Rouen Normandie. F\u00e9vrier 2022.<\/p>\n<p>Participation \u00e0 la journ\u00e9e d&rsquo;\u00e9tudes \u00ab\u00a0Une sp\u00e9cificit\u00e9 des politiques inclusives: les EREA. Animation de table ronde sur l&rsquo;espace. Laboratoire CIRNEF, Universit\u00e9 de Rouen Normandie. D\u00e9cembre 2021.<\/p>\n<p>Membre du comit\u00e9 de r\u00e9daction pour les actes de la 3\u00e8me journ\u00e9e de l&rsquo;\u00e9cole doctoral HSRT, Universit\u00e9 de Rouen Normandie. 2021.<\/p>\n<p>Membre du comit\u00e9 d&rsquo;organisation pour les r\u00e9unions d&rsquo;accueil des doctorants du CIRNEF. F\u00e9vrier 2019, janvier 2020 et novembre 2021.<\/p>\n<p>Stage de recherche \u00e0 la Pontificia Universidad Cat\u00f3lica de Chile. Mars &#8211; juin 2019.<\/p>\n<p>Participation \u00e0 la 10\u00e8me journ\u00e9e sur l&rsquo;enfance au quotidien. Animation de table ronde sur la co\u00e9ducation. Laboratoire CIRNEF, Universit\u00e9 de Caen Normandie. D\u00e9cembre 2018.<\/p>\n<p>Membre du comit\u00e9 d&rsquo;organisation pour la 1\u00e8re journ\u00e9e de l&rsquo;\u00e9cole doctoral HSRT, Universit\u00e9 de Rouen Normandie. Octobre, 2018.<\/p>\n<p>\u00c9lue repr\u00e9sentante de doctorants \u00e0 l&rsquo;\u00c9cole doctoral HSRT 556, Universit\u00e9 de Rouen Normandie. P\u00e9riode : janvier 2018 \u00e0 janvier 2020.<\/p>\n\t\t\t<a href=\"#\" id=\"fl-accordion--label-5\" tabindex=\"0\" aria-controls=\"fl-accordion--panel-5\">Prix, bourses, etc&#8230;<\/a>\n\t\t\t\t\t\t\t<a href=\"#\" id=\"fl-accordion--icon-5\" tabindex=\"0\" aria-controls=\"fl-accordion--panel-5\"><i>Expand<\/i><\/a>\n\t\t<p>Th\u00e8se financ\u00e9e par un contrat doctoral.<\/p>\n\n","protected":false},"excerpt":{"rendered":"<p>Identit\u00e9 Mme Gabriela AHLERS VERGARA Adresse : Universit\u00e9 de Rouen Normandie UFR des Sciences de l&rsquo;Homme et de la Soci\u00e9t\u00e9 Rue Lavoisier 76321 MONT SAINT AIGNAN CEDEX Email : gabriela.ahlers@univ-rouen.fr &nbsp; &nbsp; Informations Attach\u00e9e temporaire d&rsquo;enseignement et recherche Docteure en sciences de l&rsquo;\u00e9ducation et de la formation Mots-cl\u00e9s: Travail collaboratif, relations entre \u00e9cole et familles, &hellip;<\/p>\n<p class=\"read-more\"> <a class=\"\" href=\"https:\/\/cirnef.normandie-univ.fr\/?page_id=1540\"> <span class=\"screen-reader-text\">Gabriela AHLERS VERGARA<\/span> Lire la suite \u00bb<\/a><\/p>\n","protected":false},"author":54,"featured_media":0,"parent":0,"menu_order":0,"comment_status":"closed","ping_status":"closed","template":"","meta":{"site-sidebar-layout":"default","site-content-layout":"default","ast-global-header-display":"","ast-main-header-display":"","ast-hfb-above-header-display":"","ast-hfb-below-header-display":"","ast-hfb-mobile-header-display":"","site-post-title":"","ast-breadcrumbs-content":"","ast-featured-img":"","footer-sml-layout":"","theme-transparent-header-meta":"default","adv-header-id-meta":"","stick-header-meta":"default","header-above-stick-meta":"","header-main-stick-meta":"","header-below-stick-meta":"","footnotes":""},"coauthors":[],"class_list":["post-1540","page","type-page","status-publish","hentry"],"_links":{"self":[{"href":"https:\/\/cirnef.normandie-univ.fr\/index.php?rest_route=\/wp\/v2\/pages\/1540","targetHints":{"allow":["GET"]}}],"collection":[{"href":"https:\/\/cirnef.normandie-univ.fr\/index.php?rest_route=\/wp\/v2\/pages"}],"about":[{"href":"https:\/\/cirnef.normandie-univ.fr\/index.php?rest_route=\/wp\/v2\/types\/page"}],"author":[{"embeddable":true,"href":"https:\/\/cirnef.normandie-univ.fr\/index.php?rest_route=\/wp\/v2\/users\/54"}],"replies":[{"embeddable":true,"href":"https:\/\/cirnef.normandie-univ.fr\/index.php?rest_route=%2Fwp%2Fv2%2Fcomments&post=1540"}],"version-history":[{"count":1,"href":"https:\/\/cirnef.normandie-univ.fr\/index.php?rest_route=\/wp\/v2\/pages\/1540\/revisions"}],"predecessor-version":[{"id":7782,"href":"https:\/\/cirnef.normandie-univ.fr\/index.php?rest_route=\/wp\/v2\/pages\/1540\/revisions\/7782"}],"wp:attachment":[{"href":"https:\/\/cirnef.normandie-univ.fr\/index.php?rest_route=%2Fwp%2Fv2%2Fmedia&parent=1540"}],"wp:term":[{"taxonomy":"author","embeddable":true,"href":"https:\/\/cirnef.normandie-univ.fr\/index.php?rest_route=%2Fwp%2Fv2%2Fcoauthors&post=1540"}],"curies":[{"name":"wp","href":"https:\/\/api.w.org\/{rel}","templated":true}]}}