{"id":1524,"date":"2019-04-30T23:37:56","date_gmt":"2019-04-30T21:37:56","guid":{"rendered":"http:\/\/cirnef.normandie-univ.fr\/?page_id=1524"},"modified":"2025-05-13T11:43:31","modified_gmt":"2025-05-13T09:43:31","slug":"claudie-bobineau-2","status":"publish","type":"page","link":"https:\/\/cirnef.normandie-univ.fr\/?page_id=1524","title":{"rendered":"Claudie BOBINEAU"},"content":{"rendered":"\n\n\t\t\t\t<a href=\"https:\/\/cirnef.normandie-univ.fr\/wp-content\/uploads\/2019\/05\/bobineau.jpg\" target=\"_self\" itemprop=\"url\">\n\t\t\t\t<img loading=\"lazy\" decoding=\"async\" src=\"https:\/\/cirnef.normandie-univ.fr\/wp-content\/uploads\/2019\/05\/bobineau.jpg\" alt=\"bobineau\" itemprop=\"image\" height=\"1456\" width=\"2592\" title=\"bobineau\" onerror=\"this.style.display='none'\"  \/>\n\t\t\t\t<\/a>\n\t<h2>Identit\u00e9<\/h2>\n<h4>Claudie BOBINEAU<\/h4>\nAdresse :<br \/>\nUniversit\u00e9 de Rouen Normandie<br \/>\nUFR des Sciences de l&rsquo;Homme et de la Soci\u00e9t\u00e9<br \/>\nRue Lavoisier<br \/>\n76321 MONT SAINT AIGNAN CEDEX\nT\u00e9l : 02 35 14 71 18<br \/>\nEmail : <a href=\"mailto:claudie.bobineau@univ-rouen.fr\">claudie.bobineau@univ-rouen.fr<\/a>\n\t\t\t<a href=\"#\" id=\"fl-accordion--label-0\" tabindex=\"0\" aria-controls=\"fl-accordion--panel-0\">Fonction<\/a>\n\t\t\t\t\t\t\t<a href=\"#\" id=\"fl-accordion--icon-0\" tabindex=\"0\" aria-controls=\"fl-accordion--panel-0\"><i>Collapse<\/i><\/a>\n\t\t<p>Ing\u00e9nieur d&rsquo;\u00e9tudes BAP D Production, traitement, analyse de donn\u00e9es et enqu\u00eates<\/p>\n\t\t\t<a href=\"#\" id=\"fl-accordion--label-1\" tabindex=\"0\" aria-controls=\"fl-accordion--panel-1\">Activit\u00e9s<\/a>\n\t\t\t\t\t\t\t<a href=\"#\" id=\"fl-accordion--icon-1\" tabindex=\"0\" aria-controls=\"fl-accordion--panel-1\"><i>Expand<\/i><\/a>\n\t\t<strong>Production scientifique<\/strong> : participation aux projets de recherche du laboratoire<br \/>\n<strong>Formation\u00a0<\/strong>aux logiciels d&rsquo;analyse de donn\u00e9es (NVivo, LimeSurvey, Sonal)<br \/>\n<strong>Soutien m\u00e9thodologique<\/strong> aux doctorants<br \/>\n<strong>Communication :\u00a0<\/strong>veille, diffusion, site web<br \/>\n<strong>Publication <\/strong>: secr\u00e9taire de r\u00e9daction de la revue <em>Penser l&rsquo;\u00e9ducation<\/em><br \/>\n<strong>Organisation :\u00a0<\/strong>comit\u00e9\u00a0d&rsquo;organisation<strong>\u00a0<\/strong>de colloques internationaux<br \/>\n<strong>Animation :\u00a0<\/strong>membre du\u00a0r\u00e9seau\u00a0MATE-SHS\u00a0Normandie\n\n","protected":false},"excerpt":{"rendered":"<p>Identit\u00e9 Claudie BOBINEAU Adresse : Universit\u00e9 de Rouen Normandie UFR des Sciences de l&rsquo;Homme et de la Soci\u00e9t\u00e9 Rue Lavoisier 76321 MONT SAINT AIGNAN CEDEX T\u00e9l : 02 35 14 71 18 Email : claudie.bobineau@univ-rouen.fr Fonction Collapse Ing\u00e9nieur d&rsquo;\u00e9tudes BAP D Production, traitement, analyse de donn\u00e9es et enqu\u00eates Activit\u00e9s Expand Production scientifique : participation aux &hellip;<\/p>\n<p class=\"read-more\"> <a class=\"\" href=\"https:\/\/cirnef.normandie-univ.fr\/?page_id=1524\"> <span class=\"screen-reader-text\">Claudie BOBINEAU<\/span> Lire la suite \u00bb<\/a><\/p>\n","protected":false},"author":8,"featured_media":0,"parent":0,"menu_order":0,"comment_status":"closed","ping_status":"closed","template":"","meta":{"site-sidebar-layout":"default","site-content-layout":"default","ast-global-header-display":"","ast-main-header-display":"","ast-hfb-above-header-display":"","ast-hfb-below-header-display":"","ast-hfb-mobile-header-display":"","site-post-title":"","ast-breadcrumbs-content":"","ast-featured-img":"","footer-sml-layout":"","theme-transparent-header-meta":"","adv-header-id-meta":"","stick-header-meta":"","header-above-stick-meta":"","header-main-stick-meta":"","header-below-stick-meta":"","footnotes":""},"coauthors":[23],"class_list":["post-1524","page","type-page","status-publish","hentry"],"_links":{"self":[{"href":"https:\/\/cirnef.normandie-univ.fr\/index.php?rest_route=\/wp\/v2\/pages\/1524","targetHints":{"allow":["GET"]}}],"collection":[{"href":"https:\/\/cirnef.normandie-univ.fr\/index.php?rest_route=\/wp\/v2\/pages"}],"about":[{"href":"https:\/\/cirnef.normandie-univ.fr\/index.php?rest_route=\/wp\/v2\/types\/page"}],"author":[{"embeddable":true,"href":"https:\/\/cirnef.normandie-univ.fr\/index.php?rest_route=\/wp\/v2\/users\/8"}],"replies":[{"embeddable":true,"href":"https:\/\/cirnef.normandie-univ.fr\/index.php?rest_route=%2Fwp%2Fv2%2Fcomments&post=1524"}],"version-history":[{"count":1,"href":"https:\/\/cirnef.normandie-univ.fr\/index.php?rest_route=\/wp\/v2\/pages\/1524\/revisions"}],"predecessor-version":[{"id":7768,"href":"https:\/\/cirnef.normandie-univ.fr\/index.php?rest_route=\/wp\/v2\/pages\/1524\/revisions\/7768"}],"wp:attachment":[{"href":"https:\/\/cirnef.normandie-univ.fr\/index.php?rest_route=%2Fwp%2Fv2%2Fmedia&parent=1524"}],"wp:term":[{"taxonomy":"author","embeddable":true,"href":"https:\/\/cirnef.normandie-univ.fr\/index.php?rest_route=%2Fwp%2Fv2%2Fcoauthors&post=1524"}],"curies":[{"name":"wp","href":"https:\/\/api.w.org\/{rel}","templated":true}]}}