{"id":1475,"date":"2019-04-30T20:03:47","date_gmt":"2019-04-30T18:03:47","guid":{"rendered":"http:\/\/cirnef.normandie-univ.fr\/?page_id=1475"},"modified":"2025-09-12T14:43:48","modified_gmt":"2025-09-12T12:43:48","slug":"richard-wittorski-2","status":"publish","type":"page","link":"https:\/\/cirnef.normandie-univ.fr\/?page_id=1475","title":{"rendered":"Richard WITTORSKI"},"content":{"rendered":"\n\n\t\t\t\t<a href=\"https:\/\/cirnef.normandie-univ.fr\/wp-content\/uploads\/2019\/05\/wittorski-e1615895341642.png\" target=\"_self\" itemprop=\"url\">\n\t\t\t\t<img loading=\"lazy\" decoding=\"async\" src=\"https:\/\/cirnef.normandie-univ.fr\/wp-content\/uploads\/2019\/05\/wittorski-e1615895341642.png\" alt=\"wittorski\" itemprop=\"image\" height=\"90\" width=\"90\" title=\"wittorski\" onerror=\"this.style.display='none'\"  \/>\n\t\t\t\t<\/a>\n\t<h2>Identit\u00e9<\/h2>\n<h4>Pr Richard WITTORSKI<\/h4>\nAdresse :<br \/>\nUniversit\u00e9 de Rouen Normandie<br \/>\nUFR des Sciences de l&rsquo;Homme et de la Soci\u00e9t\u00e9 &#8211; CIRNEF UR 7454<br \/>\nRue Lavoisier<br \/>\n76821 MONT SAINT AIGNAN CEDEX\nT\u00e9l : 06 33 87 65 15<br \/>\nEmail : <a href=\"richard.wittorski@univ-rouen.fr\">richard.wittorski@univ-rouen.fr<\/a><br \/>\nListe des publications dans HAL : <a href=\"https:\/\/normandie-univ.hal.science\/CIRNEF\/search\/index\/?structId_i=520112+OR+1088227&amp;q=authIdHal_s%3A%22richard-wittorski%22\" target=\"_blank\" rel=\"noopener\">lien<\/a>\n\t<h2>Mots-cl\u00e9s<\/h2>\n<blockquote><p>Formation des adultes, rapports travail-formation, professionnalisation<\/p><\/blockquote>\n\t\t\t<a href=\"#\" id=\"fl-accordion--label-0\" tabindex=\"0\" aria-controls=\"fl-accordion--panel-0\">Pr\u00e9sentation<\/a>\n\t\t\t\t\t\t\t<a href=\"#\" id=\"fl-accordion--icon-0\" tabindex=\"0\" aria-controls=\"fl-accordion--panel-0\"><i>Collapse<\/i><\/a>\n\t\t<p>Mes travaux de recherche concernent les liens entre formation des adultes et professionnalisation, les rapports travail-formation dans des dispositifs et des secteurs vari\u00e9s allant de l&rsquo;industrie (premiers travaux), le travail social, les m\u00e9tiers de la formation et de l&rsquo;enseignement. La volont\u00e9 de disposer de r\u00e9sultats de recherche concernant des secteurs professionnels diff\u00e9rents est li\u00e9e \u00e0 l&rsquo;intention de construire des outils d&rsquo;analyse de la professionnalisation d\u00e9gageant des tendances communes susceptibles de les rendre ainsi largement transf\u00e9rables, ce qui est probablement un des enjeux de nos recherches.<\/p>\n<p>De mani\u00e8re \u00e0 \u00e9tudier \u00e0 la fois le fonctionnement des dispositifs propos\u00e9s et les effets qu&rsquo;ils produisent sur les individus, mes travaux de recherche combinent les apports de la sociologie (du travail et des organisations, notamment) et des courants de l&rsquo;analyse du travail. Ces travaux empiriques m&rsquo;ont ainsi conduit \u00e0 identifier plusieurs sens du mot professionnalisation selon les pratiques sociales mises en \u0153uvre et \u00e0 proposer une grille de lecture des voies de la professionnalisation reposant sur l&rsquo;id\u00e9e d&rsquo;un d\u00e9bat entre organisations, collectifs et individus. Cette grille a pu \u00eatre remarqu\u00e9e \u00e0 la fois par les milieux de la recherche en consid\u00e9rant qu&rsquo;elle peut constituer un outil d&rsquo;analyse pour comprendre un certain nombre de pratiques sociales et par les milieux professionnels en consid\u00e9rant qu&rsquo;elle constitue un outil d&rsquo;orientation et de lecture des modalit\u00e9s et des pratiques de formation (par exemple s&rsquo;agissant de la formation des personnels en soins infirmiers, &#8230;). Cet outil d&rsquo;analyse semble donc s&rsquo;adresser conjointement aux milieux de la recherche et aux milieux professionnels et c&rsquo;est probablement l\u00e0 une des fonctions importantes des produits de nos recherches en g\u00e9n\u00e9ral.<\/p>\n\n","protected":false},"excerpt":{"rendered":"<p>Identit\u00e9 Pr Richard WITTORSKI Adresse : Universit\u00e9 de Rouen Normandie UFR des Sciences de l&rsquo;Homme et de la Soci\u00e9t\u00e9 &#8211; CIRNEF UR 7454 Rue Lavoisier 76821 MONT SAINT AIGNAN CEDEX T\u00e9l : 06 33 87 65 15 Email : richard.wittorski@univ-rouen.fr Liste des publications dans HAL : lien Mots-cl\u00e9s Formation des adultes, rapports travail-formation, professionnalisation Pr\u00e9sentation &hellip;<\/p>\n<p class=\"read-more\"> <a class=\"\" href=\"https:\/\/cirnef.normandie-univ.fr\/?page_id=1475\"> <span class=\"screen-reader-text\">Richard WITTORSKI<\/span> Lire la suite \u00bb<\/a><\/p>\n","protected":false},"author":48,"featured_media":0,"parent":0,"menu_order":0,"comment_status":"closed","ping_status":"closed","template":"","meta":{"site-sidebar-layout":"default","site-content-layout":"default","ast-global-header-display":"","ast-main-header-display":"","ast-hfb-above-header-display":"","ast-hfb-below-header-display":"","ast-hfb-mobile-header-display":"","site-post-title":"","ast-breadcrumbs-content":"","ast-featured-img":"","footer-sml-layout":"","theme-transparent-header-meta":"default","adv-header-id-meta":"","stick-header-meta":"default","header-above-stick-meta":"","header-main-stick-meta":"","header-below-stick-meta":"","footnotes":""},"coauthors":[],"class_list":["post-1475","page","type-page","status-publish","hentry"],"_links":{"self":[{"href":"https:\/\/cirnef.normandie-univ.fr\/index.php?rest_route=\/wp\/v2\/pages\/1475","targetHints":{"allow":["GET"]}}],"collection":[{"href":"https:\/\/cirnef.normandie-univ.fr\/index.php?rest_route=\/wp\/v2\/pages"}],"about":[{"href":"https:\/\/cirnef.normandie-univ.fr\/index.php?rest_route=\/wp\/v2\/types\/page"}],"author":[{"embeddable":true,"href":"https:\/\/cirnef.normandie-univ.fr\/index.php?rest_route=\/wp\/v2\/users\/48"}],"replies":[{"embeddable":true,"href":"https:\/\/cirnef.normandie-univ.fr\/index.php?rest_route=%2Fwp%2Fv2%2Fcomments&post=1475"}],"version-history":[{"count":2,"href":"https:\/\/cirnef.normandie-univ.fr\/index.php?rest_route=\/wp\/v2\/pages\/1475\/revisions"}],"predecessor-version":[{"id":8080,"href":"https:\/\/cirnef.normandie-univ.fr\/index.php?rest_route=\/wp\/v2\/pages\/1475\/revisions\/8080"}],"wp:attachment":[{"href":"https:\/\/cirnef.normandie-univ.fr\/index.php?rest_route=%2Fwp%2Fv2%2Fmedia&parent=1475"}],"wp:term":[{"taxonomy":"author","embeddable":true,"href":"https:\/\/cirnef.normandie-univ.fr\/index.php?rest_route=%2Fwp%2Fv2%2Fcoauthors&post=1475"}],"curies":[{"name":"wp","href":"https:\/\/api.w.org\/{rel}","templated":true}]}}