{"id":1468,"date":"2019-04-30T19:58:17","date_gmt":"2019-04-30T17:58:17","guid":{"rendered":"http:\/\/cirnef.normandie-univ.fr\/?page_id=1468"},"modified":"2025-05-13T11:47:46","modified_gmt":"2025-05-13T09:47:46","slug":"hubert-vincent-2","status":"publish","type":"page","link":"https:\/\/cirnef.normandie-univ.fr\/?page_id=1468","title":{"rendered":"Hubert VINCENT"},"content":{"rendered":"\n\n\t\t\t\t<a href=\"https:\/\/cirnef.normandie-univ.fr\/wp-content\/uploads\/2019\/05\/vincent.jpeg\" target=\"_self\" itemprop=\"url\">\n\t\t\t\t<img loading=\"lazy\" decoding=\"async\" src=\"https:\/\/cirnef.normandie-univ.fr\/wp-content\/uploads\/2019\/05\/vincent.jpeg\" alt=\"vincent\" itemprop=\"image\" height=\"640\" width=\"480\" title=\"vincent\" onerror=\"this.style.display='none'\"  \/>\n\t\t\t\t<\/a>\n\t<h2>Identit\u00e9<\/h2>\n<h4>Pr Hubert VINCENT<\/h4>\nAdresse :<br \/>\nUniversit\u00e9 de Rouen Normandie<br \/>\nUFR des Sciences de l&rsquo;Homme et de la Soci\u00e9t\u00e9<br \/>\nRue Lavoisier<br \/>\n76321 MONT SAINT AIGNAN CEDEX\nT\u00e9l :<br \/>\nEmail : <a href=\"http:\/\/cirnef.normandie-univ.fr\/hubert.vincent@univ-rouen.fr\">hubert.vincent@univ-rouen.fr<\/a><br \/>\nCV :\n\t<h2>Mots-cl\u00e9s<\/h2>\n<blockquote><p>Philosophie, \u00e9ducation, formation, confiance, pluralisme<\/p><\/blockquote>\n\t\t\t<a href=\"#\" id=\"fl-accordion--label-0\" tabindex=\"0\" aria-controls=\"fl-accordion--panel-0\">Pr\u00e9sentation<\/a>\n\t\t\t\t\t\t\t<a href=\"#\" id=\"fl-accordion--icon-0\" tabindex=\"0\" aria-controls=\"fl-accordion--panel-0\"><i>Collapse<\/i><\/a>\n\t\t<p>J&rsquo;ai eu une scolarit\u00e9 ainsi qu&rsquo;une enfance tr\u00e8s erratiques et puis, \u00e0 la fin de mon adolescence, je d\u00e9couvris et compris que j&rsquo;aimais lire, et que j&rsquo;aimais les \u0153uvres de la culture. Toutes les cultures, toutes les \u0153uvres. J&rsquo;ai commenc\u00e9 \u00e0 beaucoup travailler, ce qui voulut dire \u00e0 l&rsquo;\u00e9poque \u00e0 beaucoup m&rsquo;abreuver d&rsquo;\u0153uvres et de savoirs multiples. C&rsquo;est comme si je d\u00e9couvrais un nouveau monde que l&rsquo;on m&rsquo;avait bien longtemps cach\u00e9.<\/p>\n<p>Apr\u00e8s des \u00e9tudes de philosophie, d&rsquo;histoire et de lettres (hypo-khagne, trois khagnes, Ecole Normale sup\u00e9rieure, 1980, licence d&rsquo;histoire, licence, ma\u00eetrise et DEA de philosophie, agr\u00e9gation de philosophie, 1984) j&rsquo;ai pris mon premier poste d&rsquo;enseignant du public \u00e0 Belfort, puis \u00e0\u00a0 l&rsquo;Ecole Normale de Blois, au moment de la transformation de ces \u00e9coles en IUFM (1989).<\/p>\n<p>Plaisir de l&rsquo;enseignement dans ces instituts, qui permettaient et exigeaient \u00e0 la fois, des enseignements d&rsquo;ordres vari\u00e9s (certes la philosophie, mais aussi la psychologie, la sociologie et l&rsquo;anthropologie, la litt\u00e9rature et l&rsquo;histoire). Mais d\u00e9plaisir aussi li\u00e9 \u00e0 la mont\u00e9e en puissance dans ces institutions d&rsquo;un pouvoir administratif se croyant comp\u00e9tent pour la formation, qui plus est moralisateur, et s&rsquo;adossant \u00e0 de constants changements de r\u00e9formes et aux id\u00e9ologues qui les portaient, r\u00e9publicains comme p\u00e9dagogues, qui vid\u00e8rent cette formation de sa polyculture en croyant la professionnaliser et la moraliser.<\/p>\n<p>Il devint n\u00e9cessaire aussi, en tant que philosophe, de s&rsquo;int\u00e9resser \u00e0 l&rsquo;\u00e9ducation et Montaigne, que je d\u00e9couvris \u00e0 ce moment, y fut ma porte d&rsquo;entr\u00e9e. J&rsquo;abandonnai une th\u00e8se sur Merleau-Ponty, pour me consacrer \u00e0 Montaigne. \u00a0De l\u00e0 une th\u00e8se, soutenue en 1996 sur ses pens\u00e9es touchant l&rsquo;\u00e9ducation, et sur son scepticisme. Parall\u00e8lement, un enseignement \u00e0 Sciences Po- Paris, o\u00f9 j&rsquo;ai constitu\u00e9 ma culture en sciences et philosophie politique.<\/p>\n<p>Je fus recrut\u00e9 comme Ma\u00eetre de Conf\u00e9rence de philosophe \u00e0 l&rsquo;IUFM de Lille en 1998, puis comme Professeur, toujours en 17\u00b0 section, en 2004. J&rsquo;avais entre temps achev\u00e9 un travail d&rsquo;habilitation \u00e0 diriger des recherches, sur la th\u00e9matique de l&rsquo;Usage du Monde, th\u00e8me trouv\u00e9 certes chez Montaigne, mais que je tentais d&rsquo;\u00e9largir avec Kant et Heidegger. Deux ouvrages (<em>Lieux et Usages du monde 1 et 2<\/em>) de mise en pratique de cet usage accompagnaient ce m\u00e9moire. Depuis lors, c&rsquo;est cette th\u00e9matique qui m&rsquo;aura retenu.<\/p>\n<p>En 2011, lass\u00e9 des IUFM o\u00f9 il \u00e9tait de plus en plus difficile de travailler correctement, sachant bien que tant la diversit\u00e9 de mes travaux et int\u00e9r\u00eats (en particulier pour les pratiques), que les travaux men\u00e9es en \u00e9ducation, m&rsquo;orientaient en Sciences de l&rsquo;Education, soucieux \u00e9galement d&rsquo;une diversit\u00e9s d&rsquo;approches et de cultures qui fit toujours mon travail, j&rsquo;ai voulu int\u00e9grer un d\u00e9partement de sciences de l&rsquo;\u00e9ducation et j&rsquo;ai donc chang\u00e9 de section CNU. Ce fut finalement Rouen et son d\u00e9partement de Sciences de l&rsquo;Education qui m&rsquo;int\u00e9gra.<\/p>\n<p>J&rsquo;y exerce depuis ce moment, en m&rsquo;int\u00e9ressant particuli\u00e8rement, outre \u00e0 la philosophie de l&rsquo;\u00e9ducation,\u00a0 outre aux philosophes des ann\u00e9es 60 fran\u00e7ais et leur impact sur les pratiques \u00e9ducatives et formatives (Foucault, Deleuze, Derrida, Lyotard en particulier), aux questions relatives \u00e0 la confiance ainsi qu&rsquo;au pluralisme. Quelques publications attestent de ces nouveaux int\u00e9r\u00eats.<\/p>\n<p>Des enseignements en \u00e9ducation th\u00e9rapeutique ainsi qu&rsquo;en ing\u00e9nierie de la formation m&rsquo;ont permis aussi d&rsquo;investir\u00a0 intellectuellement ces champs du soin et de l&rsquo;entreprise.<\/p>\n\t<h1>Publications et Communications<\/h1>\n\t\t\t\t\t<a href=\"#\" id=\"fl-tabs--label-0\" data-index=\"0\" aria-selected=\"true\" aria-controls=\"fl-tabs--panel-0\" aria-expanded=\"true\" role=\"tab\" tabindex=\"0\">\t\t\t\tACL\t\t\t<\/a>\n\t\t\t\t\t<a href=\"#\" id=\"fl-tabs--label-1\" data-index=\"1\" aria-selected=\"false\" aria-controls=\"fl-tabs--panel-1\" aria-expanded=\"false\" role=\"tab\" tabindex=\"0\">\t\t\t\tACLN\t\t\t<\/a>\n\t\t\t\t\t<a href=\"#\" id=\"fl-tabs--label-2\" data-index=\"2\" aria-selected=\"false\" aria-controls=\"fl-tabs--panel-2\" aria-expanded=\"false\" role=\"tab\" tabindex=\"0\">\t\t\t\tASCL\t\t\t<\/a>\n\t\t\t\t\t<a href=\"#\" id=\"fl-tabs--label-3\" data-index=\"3\" aria-selected=\"false\" aria-controls=\"fl-tabs--panel-3\" aria-expanded=\"false\" role=\"tab\" tabindex=\"0\">\t\t\t\tOS\t\t\t<\/a>\n\t\t\t\t\t<a href=\"#\" id=\"fl-tabs--label-4\" data-index=\"4\" aria-selected=\"false\" aria-controls=\"fl-tabs--panel-4\" aria-expanded=\"false\" role=\"tab\" tabindex=\"0\">\t\t\t\tCOS\t\t\t<\/a>\n\t\t\t\t\t<a href=\"#\" id=\"fl-tabs--label-5\" data-index=\"5\" aria-selected=\"false\" aria-controls=\"fl-tabs--panel-5\" aria-expanded=\"false\" role=\"tab\" tabindex=\"0\">\t\t\t\tPT\t\t\t<\/a>\n\t\t\t\t\t<a href=\"#\" id=\"fl-tabs--label-6\" data-index=\"6\" aria-selected=\"false\" aria-controls=\"fl-tabs--panel-6\" aria-expanded=\"false\" role=\"tab\" tabindex=\"0\">\t\t\t\tBRE\t\t\t<\/a>\n\t\t\t\t\t<a href=\"#\" id=\"fl-tabs--label-7\" data-index=\"7\" aria-selected=\"false\" aria-controls=\"fl-tabs--panel-7\" aria-expanded=\"false\" role=\"tab\" tabindex=\"0\">\t\t\t\tC-INV\t\t\t<\/a>\n\t\t\t\t\t<a href=\"#\" id=\"fl-tabs--label-8\" data-index=\"8\" aria-selected=\"false\" aria-controls=\"fl-tabs--panel-8\" aria-expanded=\"false\" role=\"tab\" tabindex=\"0\">\t\t\t\tC-ACTI\t\t\t<\/a>\n\t\t\t\t\t<a href=\"#\" id=\"fl-tabs--label-9\" data-index=\"9\" aria-selected=\"false\" aria-controls=\"fl-tabs--panel-9\" aria-expanded=\"false\" role=\"tab\" tabindex=\"0\">\t\t\t\tC-ACTN\t\t\t<\/a>\n\t\t\t\t\t<a href=\"#\" id=\"fl-tabs--label-10\" data-index=\"10\" aria-selected=\"false\" aria-controls=\"fl-tabs--panel-10\" aria-expanded=\"false\" role=\"tab\" tabindex=\"0\">\t\t\t\tC-COM\t\t\t<\/a>\n\t\t\t\t\t<a href=\"#\" id=\"fl-tabs--label-11\" data-index=\"11\" aria-selected=\"false\" aria-controls=\"fl-tabs--panel-11\" aria-expanded=\"false\" role=\"tab\" tabindex=\"0\">\t\t\t\tC-AFF\t\t\t<\/a>\n\t\t\t\t\t<a href=\"#\" id=\"fl-tabs--label-12\" data-index=\"12\" aria-selected=\"false\" aria-controls=\"fl-tabs--panel-12\" aria-expanded=\"false\" role=\"tab\" tabindex=\"0\">\t\t\t\tDO\t\t\t<\/a>\n\t\t\t\t\t<a href=\"#\" id=\"fl-tabs--label-13\" data-index=\"13\" aria-selected=\"false\" aria-controls=\"fl-tabs--panel-13\" aria-expanded=\"false\" role=\"tab\" tabindex=\"0\">\t\t\t\tOR\t\t\t<\/a>\n\t\t\t\t\t<a href=\"#\" id=\"fl-tabs--label-14\" data-index=\"14\" aria-selected=\"false\" aria-controls=\"fl-tabs--panel-14\" aria-expanded=\"false\" role=\"tab\" tabindex=\"0\">\t\t\t\tPV\t\t\t<\/a>\n\t\t\t\t\t<a href=\"#\" id=\"fl-tabs--label-15\" data-index=\"15\" aria-selected=\"false\" aria-controls=\"fl-tabs--panel-15\" aria-expanded=\"false\" role=\"tab\" tabindex=\"0\">\t\t\t\tPAT\t\t\t<\/a>\n\t\t\t\t\t<a href=\"#\" id=\"fl-tabs--label-16\" data-index=\"16\" aria-selected=\"false\" aria-controls=\"fl-tabs--panel-16\" aria-expanded=\"false\" role=\"tab\" tabindex=\"0\">\t\t\t\tAP\t\t\t<\/a>\n\t\t\t\t\t<a href=\"#\" id=\"fl-tabs--label-17\" data-index=\"17\" aria-selected=\"false\" aria-controls=\"fl-tabs--panel-17\" aria-expanded=\"false\" role=\"tab\" tabindex=\"0\">\t\t\t\tTH\t\t\t<\/a>\n\t\t\t\tACL\n\t\t\t\t\t\t\t<p><strong>Articles dans des revues internationales ou nationales avec comit\u00e9 de lecture r\u00e9pertori\u00e9es par l&rsquo;HCERES ou dans les bases de donn\u00e9es internationales (ISI Web of Knowledge, Pub Med, Scopus&#8230;).<\/strong><\/p>\n<p>&nbsp;<\/p>\n<p><strong>Publications r\u00e9centes<\/strong>\u00a0(depuis 2012 inclus)<\/p>\n<p><strong>Livres<\/strong>\u00a0:<\/p>\n<ul>\n<li><em>Le peuple enfant et l&rsquo;\u00e9cole. Pourquoi pas Alain\u00a0?<\/em>\u00a0L&rsquo;Harmattan\u00a0; coll\u00a0: P\u00e9dagogie\u00a0: crises, m\u00e9moires, rep\u00e8res. 2012<\/li>\n<li><em>Des humains confiants et dociles,\u00a0<\/em>L&rsquo;Harmattan\u00a0; coll. La philosophie en commun, 2017.<\/li>\n<li><em>Principes des pratiques \u00e9ducatives et formatives\u00a0;\u00a0<\/em>Editions du CNRS, janvier 2018.<\/li>\n<\/ul>\n<p><strong>Co-direction d&rsquo;ouvrage\u00a0<\/strong>:<\/p>\n<p>&#8211;\u00a0\u00a0\u00a0\u00a0<em>Qu&rsquo;est-ce qu&rsquo;une discipline de pens\u00e9e\u00a0?<\/em>\u00a0Presses Universitaires d&rsquo;Artois.\u00a0 2013<\/p>\n<p><strong>Direction de num\u00e9ros de revue\u00a0<\/strong>:<\/p>\n<ul>\n<li>revue \u00e9lectronique du CREN\u00a0: \u00ab\u00a0p\u00e9dagogie et prise en compte des repr\u00e9sentations\u00a0\u00bb.<\/li>\n<li>revue Le T\u00e9l\u00e9maque\u00a0:<\/li>\n<\/ul>\n<p>&#8211;\u00a0 \u00ab\u00a0Michel Foucault et l&rsquo;\u00e9ducation et la formation\u00a0: h\u00e9ritages et perspectives\u00a0\u00bb. 2015\u00a0;<\/p>\n<p>&#8211; \u00ab\u00a0Lectures et usages de Paul Ricoeur\u00a0: l&rsquo;identit\u00e9 narrative et la transmission. (2017)<\/p>\n<ul>\n<li>Revue du CREN\u00a0: num\u00e9ro sur la confiance\u00a0; sortie pr\u00e9vue en janvier 2018.<\/li>\n<\/ul>\n<p><strong>Chapitres dans livres<\/strong><\/p>\n<ul>\n<li>\u00ab\u00a0Prendre soin de la connaissance aveugle\u00a0\u00bb\u00a0; in\u00a0<em>Philosophie et \u00e9ducation<\/em>, H.L. Go (dir) Transverse, 2012<\/li>\n<li>\u00ab\u00a0 Alain et le sens des humanit\u00e9s\u00a0\u00bb, titre fran\u00e7ais d&rsquo;un texte en br\u00e9silien\u00a0; in Education et philosophie dans le monde contemporain. A para\u00eetre aux \u00e9ditions Authentica. Le m\u00eame texte, avec quelques modifications, a \u00e9t\u00e9 traduit en grec et sera un chapitre dans le livre dirig\u00e9 par Elena Theorodopoulou\u00a0: \u00ab<\/li>\n<li>\u00ab\u00a0Michel Foucault et la tradition des moralistes fran\u00e7ais\u00a0: une approche pluraliste de l&rsquo;enseignement moral\u00a0\u00bb. In \u00ab\u00a0<em>Foucault et l&rsquo;\u00e9ducation\u00a0<\/em>\u00bb\u00a0; dir Eirick Prairat, 2014<\/li>\n<li>\u00a0\u00ab\u00a0Alain, une p\u00e9dagogie de la cr\u00e9ation\u00a0\u00bb, titre fran\u00e7ais d&rsquo;un chapitre de livre publi\u00e9 par l&rsquo;UNESP, Rio Claro.<\/li>\n<li>\u00ab\u00a0Repr\u00e9sentation du pluralisme\u00a0\u00bb.\u00a0 In\u00a0<em>La la\u00efcit\u00e9 en question,\u00a0<\/em>L&rsquo;harmattan, dir M. Janner.<\/li>\n<\/ul>\n<p>Articles dans revues ou num\u00e9ros sp\u00e9ciaux de revues avec comit\u00e9 de lecture\u00a0:<\/p>\n<ul>\n<li>Cliopsy, n\u00b08\u00a0:\u00a0<em>Du rapport au savoir\u00a0: un exercice. 2013<\/em><\/li>\n<li>\u00ab\u00a0Etude des repr\u00e9sentations versus prise en compte des repr\u00e9sentations en p\u00e9dagogie\u00a0\u00bb\u00a0\u00bb, titre fran\u00e7ais d&rsquo;un texte publi\u00e9 en br\u00e9silien dans la revue Educa\u00e7ao em foco (revue br\u00e9silienne de science de l&rsquo;\u00e9ducation\u00a0; universit\u00e9 f\u00e9d\u00e9ral de Juiz de Fora. 2012-13.<\/li>\n<li>\u00ab\u00a0<em>M Foucault \u00e9ducateur\u00a0: un art de l&rsquo;\u00e9criture et un mod\u00e8le d&rsquo;auto-formation\u00a0<\/em>\u00bb. Titre fran\u00e7ais d&rsquo;un texte publi\u00e9 en br\u00e9silien dans la revue Pro-Posi\u00e7\u00f4es de l&rsquo;Unicamp (ao\u00fbt, 14)<\/li>\n<li><em>\u00ab\u00a0P\u00e9dagogie universitaire\u00a0: trois le\u00e7ons de Michel Foucault\u00a0<\/em>\u00bb. Titre fran\u00e7ais d&rsquo;un texte publi\u00e9 en grec, dans la revue de l&rsquo;Universit\u00e9 de Patras\u00a0:<\/li>\n<li>\u00ab\u00a0<em>Individu, subjectivation et culture\u00a0<\/em>\u00bb, titre fran\u00e7ais d&rsquo;un texte en br\u00e9silien publi\u00e9 au Br\u00e9sil sous la direction d&rsquo;A Filordi\u00a0: \u00ab\u00a0Did\u00e1ticas para as diferen\u00e7as\u00a0\u00bb. Num\u00e9ro de la revue Pro-Posi\u00e7\u00f5es. D\u00e9but de 2015. (ISSN : 1980-6248)<\/li>\n<li>\u00ab\u00a0Gen\u00e8se de la confiance et \u00e9ducation \u00e0 l&rsquo;\u00eatre ensemble\u00a0\u00bb, titre fran\u00e7ais d&rsquo;un texte publi\u00e9 en br\u00e9silien dans la revue Educa\u00e7aoemfoco (revue br\u00e9silienne de science de l&rsquo;\u00e9ducation\u00a0; universit\u00e9 f\u00e9d\u00e9ral de Juiz de Fora. 2015.<\/li>\n<li>\u00ab\u00a0Un concept fondamental de l&rsquo;\u00e9ducation\u00a0: l&rsquo;essai\u00a0\u00bb. Titre fran\u00e7ais d&rsquo;une publication et d&rsquo;une intervention au colloque de Rio de Janeiro de septembre 2014, UERJ, W. Kohan directeur.<\/li>\n<li>Revue Cliopsy\u00a0:\u00a0<em>L&rsquo;analyse des pratiques : une perspective philosophique \u00e0 partir de Michel Foucault,\u00a0<\/em>mai 2017.<\/li>\n<\/ul>\n<p><strong>Comptes rendus<\/strong>\u00a0(je mentionne ceux au del\u00e0 de 15.000 signes)<\/p>\n<ul>\n<li>Livre de M. Fabre\u00a0: \u00ab\u00a0Eduquer pour un monde probl\u00e9matique\u00a0\u00bb, PUF\u00a0; in\u00a0<em>Penser l&rsquo;\u00e9ducation<\/em>. 2012<\/li>\n<li>Livre de B. Frelat Kahn\u00a0: \u00ab\u00a0Pragmatisme et \u00e9ducation\u00a0: James, Dewey, Rorty\u00a0\u00bb\u00a0; ed Vrin. In\u00a0<em>Penser l&rsquo;\u00e9ducation<\/em>. 2013.<\/li>\n<li>Livre de A. Firode\u00a0: \u00ab\u00a0Th\u00e9orie de l&rsquo;esprit et p\u00e9dagogie chez K. Popper\u00a0\u00bb. Ed L&rsquo;harmattan. In\u00a0<em>Les cahiers philosophiques\u00a0<\/em>\u00bb, 2013.<\/li>\n<li>Livre de S\u00e9bastien Charbonnier\u00a0: Que peut la philosophie\u00a0? in\u00a0<em>Les Cahiers philosophiques.\u00a0<\/em>2013<\/li>\n<li>Livre de C. Blanchard-Laville\u00a0: \u00ab\u00a0Au risque d&rsquo;enseigner\u00a0\u00bb, PUF. In\u00a0<em>Le T\u00e9l\u00e9maque<\/em>. 2014<\/li>\n<\/ul>\n<p><strong>Article dans revue sans comit\u00e9 de lecture\u00a0<\/strong>:<\/p>\n<ul>\n<li>Sens public, avec P. Hsu\u00a0:\u00a0<em>Sens et valeur de l&rsquo;affrontement en \u00e9ducation\u00a0: entre l&rsquo;Europe et la Chine.<\/em><\/li>\n<\/ul>\n\t\t\t\tACLN\n\t\t\t\t\t\t\t<p><strong>Articles dans des revues avec comit\u00e9 de lecture non r\u00e9pertori\u00e9es par l&rsquo;HCERES ou dans des bases de donn\u00e9es internationales.<\/strong><\/p>\n\t\t\t\tASCL\n\t\t\t\t\t\t\t<p><strong>Articles dans des revues sans comit\u00e9 de lecture.<\/strong><\/p>\n\t\t\t\tOS\n\t\t\t\t\t\t\t<p><strong>Ouvrages scientifiques (y compris les \u00e9ditions critiques et les traductions scientifiques)<\/strong><\/p>\n\t\t\t\tCOS\n\t\t\t\t\t\t\t<p><strong>Chapitres d&rsquo;ouvrages scientifiques<\/strong><\/p>\n\t\t\t\tPT\n\t\t\t\t\t\t\t<p><strong>Publications de transfert.<\/strong><\/p>\n\t\t\t\tBRE\n\t\t\t\t\t\t\t<p><strong>Brevets<\/strong><\/p>\n\t\t\t\tC-INV\n\t\t\t\t\t\t\t<p><strong>Conf\u00e9rences donn\u00e9es \u00e0 l&rsquo;invitation du Comit\u00e9 d&rsquo;organisation dans un congr\u00e8s national ou international.<\/strong><\/p>\n\t\t\t\tC-ACTI\n\t\t\t\t\t\t\t<p><strong>Communications avec actes dans un congr\u00e8s international.<\/strong><\/p>\n\t\t\t\tC-ACTN\n\t\t\t\t\t\t\t<p><strong>Communications avec actes dans un congr\u00e8s national.<\/strong><\/p>\n\t\t\t\tC-COM\n\t\t\t\t\t\t\t<p><strong>Communications orales sans actes dans un congr\u00e8s international ou national.<\/strong><\/p>\n\t\t\t\tC-AFF\n\t\t\t\t\t\t\t<p><strong>Communications par affiche dans un congr\u00e8s international ou national.<\/strong><\/p>\n\t\t\t\tDO\n\t\t\t\t\t\t\t<p><strong>Directions d&rsquo;ouvrages ou de revues.<\/strong><\/p>\n\t\t\t\tOR\n\t\t\t\t\t\t\t<p><strong>Outils de recherche (bases de donn\u00e9es, corpus de recherche&#8230;).<\/strong><\/p>\n\t\t\t\tPV\n\t\t\t\t\t\t\t<p><strong>Publications de vulgarisation.<\/strong><\/p>\n\t\t\t\tPAT\n\t\t\t\t\t\t\t<p><strong>Productions artistiques th\u00e9oris\u00e9es (compositions musicales, cin\u00e9matographiques, expositions, installations&#8230;).<\/strong><\/p>\n\t\t\t\tAP\n\t\t\t\t\t\t\t<p><strong>Autres productions. Bases de donn\u00e9es, logiciels enregistr\u00e9s, comptes rendus d&rsquo;ouvrages, rapports de fouilles, guides techniques, catalogues d&rsquo;exposition, rapports interm\u00e9diaires de grands projets internationaux, etc.<\/strong><\/p>\n\t\t\t\tTH\n\t\t\t\t\t\t\t<p><strong>Th\u00e8ses de doctorat<\/strong><\/p>\n\t\t\t<a href=\"#\" id=\"fl-accordion--label-0\" tabindex=\"0\" aria-controls=\"fl-accordion--panel-0\">Programmes de recherche<\/a>\n\t\t\t\t\t\t\t<a href=\"#\" id=\"fl-accordion--icon-0\" tabindex=\"0\" aria-controls=\"fl-accordion--panel-0\"><i>Expand<\/i><\/a>\n\t\t\t<a href=\"#\" id=\"fl-accordion--label-1\" tabindex=\"0\" aria-controls=\"fl-accordion--panel-1\">Enseignements et Formations<\/a>\n\t\t\t\t\t\t\t<a href=\"#\" id=\"fl-accordion--icon-1\" tabindex=\"0\" aria-controls=\"fl-accordion--panel-1\"><i>Expand<\/i><\/a>\n\t\t\t<a href=\"#\" id=\"fl-accordion--label-2\" tabindex=\"0\" aria-controls=\"fl-accordion--panel-2\">Autres activit\u00e9s<\/a>\n\t\t\t\t\t\t\t<a href=\"#\" id=\"fl-accordion--icon-2\" tabindex=\"0\" aria-controls=\"fl-accordion--panel-2\"><i>Expand<\/i><\/a>\n\t\t<p>Organisation de colloque et JE<\/p>\n<ul>\n<li>Juin 2013\u00a0: organisation d&rsquo;un colloque\u00a0: Foucault \u00e9ducateur.<\/li>\n<li>Juin 2015\u00a0: organisation d&rsquo;un colloque\u00a0: Ricoeur \u00e9ducateur.<\/li>\n<li>Juin 2016\u00a0: organisation d&rsquo;une journ\u00e9e d&rsquo;\u00e9tude\u00a0: confiance et entr\u00e9e en relation.<\/li>\n<li>Juillet 2016\u00a0: organisation d&rsquo;un symposium, \u00e0 Mons\u00a0; colloque de l&rsquo;Aciref.<\/li>\n<li>Juin 2017\u00a0: organisation d&rsquo;une journ\u00e9e d&rsquo;\u00e9tude\u00a0: confiance, \u00e9preuve et savoir\u00a0: les passages difficiles.<\/li>\n<\/ul>\n<p>Coordination de groupes et programmes de recherche\u00a0:<\/p>\n<ul>\n<li>groupe de recherche dans le cadre d&rsquo;un projet de recherche du Capes-Cofecub\u00a0: 2015-2018.<\/li>\n<li>Groupe de recherche interdisciplinaire sur la confiance, Universit\u00e9 de Rouen (2014- 2017).<\/li>\n<li>S\u00e9jours de recherche et d&rsquo;enseignement \u00e0 l&rsquo;\u00e9tranger\u00a0: 6 mois \u00e0 l&rsquo;universit\u00e9 de Campinas, Br\u00e9sil\u00a0; 3 mois en Russie, Universit\u00e9 de Tula, fondation Polenov\u00a0; 3 semaines \u00e0 l&rsquo;Universit\u00e9 de Patras<\/li>\n<\/ul>\n\n","protected":false},"excerpt":{"rendered":"<p>Identit\u00e9 Pr Hubert VINCENT Adresse : Universit\u00e9 de Rouen Normandie UFR des Sciences de l&rsquo;Homme et de la Soci\u00e9t\u00e9 Rue Lavoisier 76321 MONT SAINT AIGNAN CEDEX T\u00e9l : Email : hubert.vincent@univ-rouen.fr CV : Mots-cl\u00e9s Philosophie, \u00e9ducation, formation, confiance, pluralisme Pr\u00e9sentation Collapse J&rsquo;ai eu une scolarit\u00e9 ainsi qu&rsquo;une enfance tr\u00e8s erratiques et puis, \u00e0 la fin &hellip;<\/p>\n<p class=\"read-more\"> <a class=\"\" href=\"https:\/\/cirnef.normandie-univ.fr\/?page_id=1468\"> <span class=\"screen-reader-text\">Hubert VINCENT<\/span> Lire la suite \u00bb<\/a><\/p>\n","protected":false},"author":46,"featured_media":0,"parent":0,"menu_order":0,"comment_status":"closed","ping_status":"closed","template":"","meta":{"site-sidebar-layout":"default","site-content-layout":"default","ast-global-header-display":"","ast-main-header-display":"","ast-hfb-above-header-display":"","ast-hfb-below-header-display":"","ast-hfb-mobile-header-display":"","site-post-title":"","ast-breadcrumbs-content":"","ast-featured-img":"","footer-sml-layout":"","theme-transparent-header-meta":"","adv-header-id-meta":"","stick-header-meta":"","header-above-stick-meta":"","header-main-stick-meta":"","header-below-stick-meta":"","footnotes":""},"coauthors":[],"class_list":["post-1468","page","type-page","status-publish","hentry"],"_links":{"self":[{"href":"https:\/\/cirnef.normandie-univ.fr\/index.php?rest_route=\/wp\/v2\/pages\/1468","targetHints":{"allow":["GET"]}}],"collection":[{"href":"https:\/\/cirnef.normandie-univ.fr\/index.php?rest_route=\/wp\/v2\/pages"}],"about":[{"href":"https:\/\/cirnef.normandie-univ.fr\/index.php?rest_route=\/wp\/v2\/types\/page"}],"author":[{"embeddable":true,"href":"https:\/\/cirnef.normandie-univ.fr\/index.php?rest_route=\/wp\/v2\/users\/46"}],"replies":[{"embeddable":true,"href":"https:\/\/cirnef.normandie-univ.fr\/index.php?rest_route=%2Fwp%2Fv2%2Fcomments&post=1468"}],"version-history":[{"count":1,"href":"https:\/\/cirnef.normandie-univ.fr\/index.php?rest_route=\/wp\/v2\/pages\/1468\/revisions"}],"predecessor-version":[{"id":7771,"href":"https:\/\/cirnef.normandie-univ.fr\/index.php?rest_route=\/wp\/v2\/pages\/1468\/revisions\/7771"}],"wp:attachment":[{"href":"https:\/\/cirnef.normandie-univ.fr\/index.php?rest_route=%2Fwp%2Fv2%2Fmedia&parent=1468"}],"wp:term":[{"taxonomy":"author","embeddable":true,"href":"https:\/\/cirnef.normandie-univ.fr\/index.php?rest_route=%2Fwp%2Fv2%2Fcoauthors&post=1468"}],"curies":[{"name":"wp","href":"https:\/\/api.w.org\/{rel}","templated":true}]}}