{"id":1459,"date":"2019-04-30T19:50:17","date_gmt":"2019-04-30T17:50:17","guid":{"rendered":"http:\/\/cirnef.normandie-univ.fr\/?page_id=1459"},"modified":"2026-03-27T11:23:12","modified_gmt":"2026-03-27T10:23:12","slug":"judit-vari-2","status":"publish","type":"page","link":"https:\/\/cirnef.normandie-univ.fr\/?page_id=1459","title":{"rendered":"Judit VARI-DUMAS"},"content":{"rendered":"\n\n\t\t\t\t<img decoding=\"async\" src=\"http:\/\/cirnef.normandie-univ.fr\/wp-content\/uploads\/2019\/04\/avatarfemme.jpg\" alt=\"\" itemprop=\"image\" onerror=\"this.style.display='none'\"  \/>\n\t<h2>Identit\u00e9<\/h2>\n<h4>MCF HDR Judit VARI-DUMAS<\/h4>\nAdresse :<br \/>\nUniversit\u00e9 de Rouen Normandie<br \/>\nUFR des Sciences de l&rsquo;Homme et de la Soci\u00e9t\u00e9<br \/>\nRue Lavoisier<br \/>\n76321 MONT SAINT AIGNAN CEDEX\n<p>Email : <a href=\"http:\/\/cirnef.normandie-univ.fr\/judit.vari@univ-rouen.fr\">judit.vari@univ-rouen.fr<\/a><\/p>\n\t<h2>Mots-cl\u00e9s<\/h2>\n<blockquote><p>Parole de l&rsquo;enfant &#8211; Jouer &#8211; Socialisation morale et politique &#8211; P\u00e9dagogie num\u00e9rique et universitaire<\/p><\/blockquote>\n\t\t\t<a href=\"#\" id=\"fl-accordion--label-0\" tabindex=\"0\" aria-controls=\"fl-accordion--panel-0\">Statuts et formation <\/a>\n\t\t\t\t\t\t\t<a href=\"#\" id=\"fl-accordion--icon-0\" tabindex=\"0\" aria-controls=\"fl-accordion--panel-0\"><i>Collapse<\/i><\/a>\n\t\t<p>Depuis 2012\u00a0\u00a0\u00a0\u00a0 Enseignante-Chercheure, MCF, Universit\u00e9 de Rouen, D\u00e9partement des sciences de l&rsquo;Education. Laboratoire du CIRNEF. Axe 1\u00a0:<\/p>\n<p>\u00ab\u00a0Enfants, jeunes en dialogue\u00a0: singularit\u00e9s, groupes et soci\u00e9t\u00e9s\u00a0\u00bb<\/p>\n<p>Directrice du d\u00e9partement de Carri\u00e8res Sociales de l&rsquo;IUT d&rsquo;Evreux de 2013 \u00e0 2017.<\/p>\n<p>Directrice du d\u00e9partement des Sciences de l&rsquo;Education Universit\u00e9 de Rouen de 2018 \u00e0 2019.<\/p>\n<p>&nbsp;<\/p>\n<p>Th\u00e8se en sociologie soutenue \u00e0 l&rsquo;EHESS en 2009.<\/p>\n<p>Qualifi\u00e9e en 19<sup>\u00e8me<\/sup> et 70<sup>\u00e8me<\/sup> section du CNU (sociologie et sciences de l&rsquo;\u00e9ducation)<\/p>\n<p>&nbsp;<\/p>\n<p>&nbsp;<\/p>\n<p>&nbsp;<\/p>\n\t\t\t<a href=\"#\" id=\"fl-accordion--label-1\" tabindex=\"0\" aria-controls=\"fl-accordion--panel-1\">Responsabilit\u00e9s scientifiques<\/a>\n\t\t\t\t\t\t\t<a href=\"#\" id=\"fl-accordion--icon-1\" tabindex=\"0\" aria-controls=\"fl-accordion--panel-1\"><i>Expand<\/i><\/a>\n\t\t<p>Depuis 2017 \u00a0\u00a0\u00a0\u00a0\u00a0\u00a0 Membr\u00e9 \u00e9lu du conseil de laboratoire CIRNEF<\/p>\n<p>De 2013 \u00e0 2019\u00a0\u00a0 Membre du comit\u00e9 de lecture <em>Penser l&rsquo;Education<\/em>.<\/p>\n<p>De 2014 \u00e0 2018 \u00a0 Membre \u00e9lu de la Commission Consultative de Sp\u00e9cialistes d&rsquo;Etablissement (CCSE) en section 70<sup>\u00e8me<\/sup> (recrutement des ATER, des enseignants contractuels)<\/p>\n\t<h1>Publications et Communications<\/h1>\n\t\t\t\t\t<a href=\"#\" id=\"fl-tabs--label-0\" data-index=\"0\" aria-selected=\"true\" aria-controls=\"fl-tabs--panel-0\" aria-expanded=\"true\" role=\"tab\" tabindex=\"0\">\t\t\t\tACL\t\t\t<\/a>\n\t\t\t\t\t<a href=\"#\" id=\"fl-tabs--label-1\" data-index=\"1\" aria-selected=\"false\" aria-controls=\"fl-tabs--panel-1\" aria-expanded=\"false\" role=\"tab\" tabindex=\"0\">\t\t\t\tACLN\t\t\t<\/a>\n\t\t\t\t\t<a href=\"#\" id=\"fl-tabs--label-2\" data-index=\"2\" aria-selected=\"false\" aria-controls=\"fl-tabs--panel-2\" aria-expanded=\"false\" role=\"tab\" tabindex=\"0\">\t\t\t\tASCL\t\t\t<\/a>\n\t\t\t\t\t<a href=\"#\" id=\"fl-tabs--label-3\" data-index=\"3\" aria-selected=\"false\" aria-controls=\"fl-tabs--panel-3\" aria-expanded=\"false\" role=\"tab\" tabindex=\"0\">\t\t\t\tOS\t\t\t<\/a>\n\t\t\t\t\t<a href=\"#\" id=\"fl-tabs--label-4\" data-index=\"4\" aria-selected=\"false\" aria-controls=\"fl-tabs--panel-4\" aria-expanded=\"false\" role=\"tab\" tabindex=\"0\">\t\t\t\tCOS\t\t\t<\/a>\n\t\t\t\t\t<a href=\"#\" id=\"fl-tabs--label-5\" data-index=\"5\" aria-selected=\"false\" aria-controls=\"fl-tabs--panel-5\" aria-expanded=\"false\" role=\"tab\" tabindex=\"0\">\t\t\t\tPT\t\t\t<\/a>\n\t\t\t\t\t<a href=\"#\" id=\"fl-tabs--label-6\" data-index=\"6\" aria-selected=\"false\" aria-controls=\"fl-tabs--panel-6\" aria-expanded=\"false\" role=\"tab\" tabindex=\"0\">\t\t\t\tBRE\t\t\t<\/a>\n\t\t\t\t\t<a href=\"#\" id=\"fl-tabs--label-7\" data-index=\"7\" aria-selected=\"false\" aria-controls=\"fl-tabs--panel-7\" aria-expanded=\"false\" role=\"tab\" tabindex=\"0\">\t\t\t\tC-INV\t\t\t<\/a>\n\t\t\t\t\t<a href=\"#\" id=\"fl-tabs--label-8\" data-index=\"8\" aria-selected=\"false\" aria-controls=\"fl-tabs--panel-8\" aria-expanded=\"false\" role=\"tab\" tabindex=\"0\">\t\t\t\tC-ACTI\t\t\t<\/a>\n\t\t\t\t\t<a href=\"#\" id=\"fl-tabs--label-9\" data-index=\"9\" aria-selected=\"false\" aria-controls=\"fl-tabs--panel-9\" aria-expanded=\"false\" role=\"tab\" tabindex=\"0\">\t\t\t\tC-ACTN\t\t\t<\/a>\n\t\t\t\t\t<a href=\"#\" id=\"fl-tabs--label-10\" data-index=\"10\" aria-selected=\"false\" aria-controls=\"fl-tabs--panel-10\" aria-expanded=\"false\" role=\"tab\" tabindex=\"0\">\t\t\t\tC-COM\t\t\t<\/a>\n\t\t\t\t\t<a href=\"#\" id=\"fl-tabs--label-11\" data-index=\"11\" aria-selected=\"false\" aria-controls=\"fl-tabs--panel-11\" aria-expanded=\"false\" role=\"tab\" tabindex=\"0\">\t\t\t\tC-AFF\t\t\t<\/a>\n\t\t\t\t\t<a href=\"#\" id=\"fl-tabs--label-12\" data-index=\"12\" aria-selected=\"false\" aria-controls=\"fl-tabs--panel-12\" aria-expanded=\"false\" role=\"tab\" tabindex=\"0\">\t\t\t\tDO\t\t\t<\/a>\n\t\t\t\t\t<a href=\"#\" id=\"fl-tabs--label-13\" data-index=\"13\" aria-selected=\"false\" aria-controls=\"fl-tabs--panel-13\" aria-expanded=\"false\" role=\"tab\" tabindex=\"0\">\t\t\t\tOR\t\t\t<\/a>\n\t\t\t\t\t<a href=\"#\" id=\"fl-tabs--label-14\" data-index=\"14\" aria-selected=\"false\" aria-controls=\"fl-tabs--panel-14\" aria-expanded=\"false\" role=\"tab\" tabindex=\"0\">\t\t\t\tPV\t\t\t<\/a>\n\t\t\t\t\t<a href=\"#\" id=\"fl-tabs--label-15\" data-index=\"15\" aria-selected=\"false\" aria-controls=\"fl-tabs--panel-15\" aria-expanded=\"false\" role=\"tab\" tabindex=\"0\">\t\t\t\tPAT\t\t\t<\/a>\n\t\t\t\t\t<a href=\"#\" id=\"fl-tabs--label-16\" data-index=\"16\" aria-selected=\"false\" aria-controls=\"fl-tabs--panel-16\" aria-expanded=\"false\" role=\"tab\" tabindex=\"0\">\t\t\t\tAP\t\t\t<\/a>\n\t\t\t\t\t<a href=\"#\" id=\"fl-tabs--label-17\" data-index=\"17\" aria-selected=\"false\" aria-controls=\"fl-tabs--panel-17\" aria-expanded=\"false\" role=\"tab\" tabindex=\"0\">\t\t\t\tTH\t\t\t<\/a>\n\t\t\t\tACL\n\t\t\t\t\t\t\t<p><strong>Articles dans des revues internationales ou nationales avec comit\u00e9 de lecture r\u00e9pertori\u00e9es par l&rsquo;HCERES ou dans les bases de donn\u00e9es internationales (ISI Web of Knowledge, Pub Med, Scopus&#8230;).<\/strong><\/p>\n<p>&nbsp;<\/p>\n<p>2020 (\u00e0 para\u00eetre) \u00ab La parole de l&rsquo;enfant, enjeux \u00e9pist\u00e9mologiques, m\u00e9thodologiques et \u00e9thiques\u00a0\u00bb\u00a0in Recherche en Education, coordination du num\u00e9ro avec C. DAVERNE-BAILLY.<\/p>\n<p>2019\u00a0\u00a0\u00a0\u00a0\u00a0\u00a0\u00a0\u00a0\u00a0\u00a0\u00a0 Avec Emmanuelle Annoot (dir) :\u00a0<em>Politiques, pratiques et dispositifs d&rsquo;aide \u00e0 la r\u00e9ussite pour les \u00e9tudiants des premiers cycles \u00e0 l&rsquo;universit\u00e9 : bilan et perspectives. <\/em><\/p>\n<p>2018 \u00a0\u00a0\u00a0\u00a0\u00a0\u00a0\u00a0\u00a0\u00a0 \u00ab\u00a0Jouer s\u00e9rieusement pour se former \u00e0 l&rsquo;\u00e9thique\u00a0? D\u00e9briefer ses \u00e9motions pour apprendre\u00a0\u00bb in\u00a0<em>Spirale<\/em>\u00a0coord. Didier Ch, Melin V\u00a0;, Aigier G\u00a0? \u00ab\u00a0(Se) former \u00e0 l&rsquo;\u00e9thique professionnelle\u00a0: enjeux et perspectives\u00a0\u00bb, n\u00b061, janvier 2018.<\/p>\n<p>2016 \u00a0\u00a0\u00a0\u00a0\u00a0\u00a0\u00a0\u00a0\u00a0 \u00ab\u00a0L&rsquo;\u00e9thique professionnelle mise en jeu\u00a0\u00bb in\u00a0<em>Sciences du jeu<\/em>, n\u00b06.<\/p>\n<p>2010 \u00a0\u00a0\u00a0\u00a0\u00a0\u00a0\u00a0\u00a0\u00a0 \u00ab Les espaces d&rsquo;accompagnement \u00e0 la scolarit\u00e9. Vers une institutionnalisation des pratiques issues de l&rsquo;Education Nouvelle\u00a0\u00bb, in\u00a0<em>Spirale sous la coor.\u00a0<\/em>Casanova et Cara, \u00ab\u00a0P\u00e9dagogies alternatives. Quelles d\u00e9finitions, quels enjeux, quelles r\u00e9alit\u00e9s\u00a0?\u00a0\u00bb, n\u00b045, pp. 151-166.<\/p>\n<p>2008 \u00a0\u00a0\u00a0\u00a0\u00a0\u00a0\u00a0\u00a0\u00a0 Avec GHEORGHIU M.D., GRUSON P. \u00ab\u00a0Trocas intergeracionais e constru\u00e7ao de fronteiras nas exper\u00eancias educativas das classes m\u00e9dias\u00a0\u00bb (Echanges interg\u00e9n\u00e9rationnels et construction des fronti\u00e8res dans les exp\u00e9riences \u00e9ducatives des classes moyennes),\u00a0<em>Educa\u00e7ao et Sociedade, Revista de Ci\u00eancia da Educa\u00e7ao<\/em>, n\u00b0103, vol.29, Maio\/Ago, Universit\u00e9 de Campinas, Br\u00e9sil, ,pp.377-399.<\/p>\n<p>2007\u00a0 \u00a0\u00a0\u00a0\u00a0\u00a0\u00a0\u00a0\u00a0 Avec SAINT-MARTIN M.,\u00a0 BAUCHAT B., \u00ab\u00a0Entre respect des r\u00f4les et contestation. Les repr\u00e9sentations de l&rsquo;autonomie : une affaire de genre\u00a0\u00bb, avec Saint-Martin M. de et Bauchat B., in\u00a0<em>Agora<\/em>,\u00a0<em>D\u00e9bats\/Jeunesse, n\u00b045, pp.<\/em>100-114.<\/p>\n<p>2004\u00a0 \u00a0\u00a0\u00a0\u00a0\u00a0\u00a0\u00a0\u00a0 \u00ab\u00a0N\u00e9gociations en centres de vacances\u00a0\u00bb in\u00a0<em>Agora D\u00e9bats\/Jeunesse<\/em>\u00a0n\u00b035, pp. 61-75.<\/p>\n<p><strong><em>Chapitres d&rsquo;ouvrage<\/em><\/strong><\/p>\n<p>2018\u00a0\u00a0\u00a0\u00a0\u00a0\u00a0\u00a0\u00a0\u00a0\u00a0 Avec LESCOUARCH L., \u00ab Une co\u00e9ducation t\u00e2tonnante\u00a0: les enjeux de la professionnalisation des rythmes scolaires.\u00a0\u00bb\u00a0<em>, in \u00a0<\/em>Liot F. &amp; Rubi S.<em>\u00a0Ouvrons l&rsquo;\u00e9cole. Quand la r\u00e9forme des rythmes scolaires interroge les territoires et les partenariats<\/em>\u00a0Carri\u00e8res Sociales edition, p.245-264.<\/p>\n<p>2016\u00a0\u00a0\u00a0\u00a0\u00a0\u00a0\u00a0\u00a0\u00a0\u00a0 Avec VINCENT H., \u00ab\u00a0Confiance et temporalit\u00e9, un autre paternalisme\u00a0\u00bb, in Agulhon S. Guarnieri F., Perseil S., Pesqueux Y.,\u00a0<em>La confiance en questions<\/em>, L&rsquo;Harmattan, pp175.-188.<\/p>\n<p>2012\u00a0\u00a0\u00a0\u00a0\u00a0\u00a0\u00a0\u00a0\u00a0\u00a0 \u00ab\u00a0Des espaces d&rsquo;exp\u00e9rimentation \u00e0 la d\u00e9mocratie. Les centres de vacances et de loisirs\u00a0\u00bb, in Houssaye J. (dir.),\u00a0<em>Accueils collectifs de mineurs\u00a0: recherches.<\/em><\/p>\n<p>2010\u00a0\u00a0\u00a0\u00a0\u00a0\u00a0\u00a0\u00a0\u00a0\u00a0 \u00ab\u00a0Le jeu en r\u00e9seau\u00a0: une exp\u00e9rience \u00e9ducative particuli\u00e8re\u00a0\u00bb,\u00a0<em>Actes du colloque francophone<\/em>\u00a0\u00ab\u00a0Le jeu vid\u00e9o, au croisement du social, de l&rsquo;art et de la culture\u00a0\u00bb, CeRes, Universit\u00e9 de Limoges<em>.<\/em><\/p>\n<p>2010\u00a0\u00a0\u00a0\u00a0\u00a0\u00a0\u00a0\u00a0\u00a0\u00a0 Avec GRUSON P., \u00ab\u00a0Exp\u00e9riences \u00e9ducatives et socialisation. Fronti\u00e8res discriminantes, fronti\u00e8res transgress\u00e9es, fronti\u00e8res souhait\u00e9es\u00a0\u00bb, in Saint Martin M. de, Georghiu M.D. (dir.), Montvalon B. de (coord.),\u00a0<em>Education et Fronti\u00e8res sociales. Un grand bricolage,\u00a0<\/em>Paris, Ed. Michalon, pp.53-64.<\/p>\n<ol>\n<li>Avec LABACHE L., \u00ab\u00a0Les familles immigr\u00e9es\u00a0: une exp\u00e9rimentation continue des fronti\u00e8res\u00a0\u00bb, in Saint Martin de M., Georghiu M.D., Montvalon de B. (coord.),\u00a0<em>Education et Fronti\u00e8res sociales. Un grand bricolage,\u00a0<\/em>Paris, Ed. Michalon, pp.71-103.<\/li>\n<li>\u00a0\u00ab\u00a0Un accompagnement infaillible\u00a0\u00bb, in Gheorghiu M.D., Gruson P., Rocha D. (Ed).,\u00a0<em>Parcours d&rsquo;une sociologue, figures d&rsquo;un engagement. De la sociologie des \u00e9lites \u00e0 la transmission des savoirs<\/em>.\u00a0<em>Hommage \u00e0 Monique de Saint Martin<\/em>, pp. 185-192.<\/li>\n<\/ol>\n<p>2011\u00a0 \u00a0\u00a0\u00a0\u00a0\u00a0\u00a0\u00a0\u00a0 \u00ab\u00a0Le m\u00e9tier d&rsquo;animateur\u00a0: une exp\u00e9rience affective de la reconnaissance\u00a0\u00bb, in Blanc M., Causer J-Y., Hamman Ph.,\u00a0<em>Travail, Formation, Transactions sociales<\/em>, Peter Lang.<\/p>\n<ol>\n<li>\u00ab\u00a0Une autorit\u00e9 sexu\u00e9e. Les jeunes animatrices face aux gar\u00e7ons \u00ab\u00a0difficiles\u00a0\u00bb\u00a0\u00bb\u00a0 in\u00a0<em>Mixit\u00e9, Parit\u00e9, Genre dans les m\u00e9tiers de l&rsquo;animation,<\/em>\u00a0sous la direction de Gillet J-C et Raibaud Y., Paris, L&rsquo;Harmattan,<\/li>\n<li>\u00a0\u00ab\u00a0Les jeunes des quartiers face \u00e0 la politique \u00e9ducative de Gennevilliers. L&rsquo;exemple de l&rsquo;accompagnement \u00e0 la scolarit\u00e9\u00a0\u00bb in\u00a0<em>La place des jeunes dans la cit\u00e9 tome 1, De l&rsquo;Ecole \u00e0 l&#8217;emploi ?<\/em>, sous la direction de Baron C., Dugu\u00e9 E. et Nivolle P., Paris, L&rsquo;Harmattan, collection \u00ab\u00a0Logiques sociales\u00a0\u00bb, Paris, octobre 2005.<\/li>\n<\/ol>\n\t\t\t\tACLN\n\t\t\t\t\t\t\t<p><strong>Articles dans des revues avec comit\u00e9 de lecture non r\u00e9pertori\u00e9es par l&rsquo;HCERES ou dans des bases de donn\u00e9es internationales.<\/strong><\/p>\n\t\t\t\tASCL\n\t\t\t\t\t\t\t<p><strong>Articles dans des revues sans comit\u00e9 de lecture.<\/strong><\/p>\n\t\t\t\tOS\n\t\t\t\t\t\t\t<p><strong>Ouvrages scientifiques (y compris les \u00e9ditions critiques et les traductions scientifiques)<\/strong><\/p>\n<p>&nbsp;<\/p>\n\t\t\t\tCOS\n\t\t\t\t\t\t\t<p><strong>Chapitres d&rsquo;ouvrages scientifiques<\/strong><\/p>\n<p>&nbsp;<\/p>\n<p>2019\u00a0\u00a0\u00a0\u00a0\u00a0\u00a0\u00a0\u00a0\u00a0\u00a0\u00a0 \u00ab\u00a0Des exp\u00e9riences ludiques de vuln\u00e9rabilit\u00e9. Jouer pour apprendre \u00e0 s&rsquo;\u00e9prouver\u00a0\u00bb in Belleguic T., Hourcade A., \u00ab\u00a0R\u00e9parer les vivants\u00a0\u00bb\u00a0: la vuln\u00e9rabilit\u00e9 et ses r\u00e9gimes de repr\u00e9sentation, Hermann, Paris.<\/p>\n<p>2018\u00a0\u00a0\u00a0\u00a0\u00a0\u00a0\u00a0\u00a0\u00a0\u00a0\u00a0 Avec LESCOUARCH L., \u00ab Une co\u00e9ducation t\u00e2tonnante\u00a0: les enjeux de la professionnalisation des rythmes scolaires.\u00a0\u00bb<em>, in Carri\u00e8res Sociales edition<\/em>.<\/p>\n<p>2016\u00a0\u00a0\u00a0\u00a0\u00a0\u00a0\u00a0\u00a0\u00a0\u00a0\u00a0 Avec VINCENT H., \u00ab\u00a0Confiance et temporalit\u00e9, un autre paternalisme\u00a0\u00bb, in Agulhon S. Guarnieri F., Perseil S., Pesqueux Y., <em>La confiance en questions<\/em>, L&rsquo;Harmattan, pp175.-188.<\/p>\n<p>2012\u00a0\u00a0\u00a0\u00a0\u00a0\u00a0\u00a0\u00a0\u00a0\u00a0\u00a0 \u00ab\u00a0Des espaces d&rsquo;exp\u00e9rimentation \u00e0 la d\u00e9mocratie. Les centres de vacances et de loisirs\u00a0\u00bb, in Houssaye J. (dir.), <em>Accueils collectifs de mineurs\u00a0: recherches.<\/em><\/p>\n<p>2010\u00a0\u00a0\u00a0\u00a0\u00a0\u00a0\u00a0\u00a0\u00a0\u00a0\u00a0 \u00ab\u00a0Le jeu en r\u00e9seau\u00a0: une exp\u00e9rience \u00e9ducative particuli\u00e8re\u00a0\u00bb, <em>Actes du colloque francophone<\/em> \u00ab\u00a0Le jeu vid\u00e9o, au croisement du social, de l&rsquo;art et de la culture\u00a0\u00bb, CeRes, Universit\u00e9 de Limoges<em>.<\/em><\/p>\n<p>2010\u00a0\u00a0\u00a0\u00a0\u00a0\u00a0\u00a0\u00a0\u00a0\u00a0\u00a0 Avec GRUSON P., \u00ab\u00a0Exp\u00e9riences \u00e9ducatives et socialisation. Fronti\u00e8res discriminantes, fronti\u00e8res transgress\u00e9es, fronti\u00e8res souhait\u00e9es\u00a0\u00bb, in Saint Martin M. de, Georghiu M.D. (dir.), Montvalon B. de (coord.), <em>Education et Fronti\u00e8res sociales. Un grand bricolage, <\/em>Paris, Ed. Michalon, pp.53-64.<\/p>\n<ul>\n<li>Avec LABACHE L., \u00ab\u00a0Les familles immigr\u00e9es\u00a0: une exp\u00e9rimentation continue des fronti\u00e8res\u00a0\u00bb, in Saint Martin de M., Georghiu M.D., Montvalon de B. (coord.), <em>Education et Fronti\u00e8res sociales. Un grand bricolage, <\/em>Paris, Ed. Michalon, pp.71-103.<\/li>\n<li>\u00ab\u00a0Un accompagnement infaillible\u00a0\u00bb, in Gheorghiu M.D., Gruson P., Rocha D. (Ed)., <em>Parcours d&rsquo;une sociologue, figures d&rsquo;un engagement. De la sociologie des \u00e9lites \u00e0 la transmission des savoirs<\/em>. <em>Hommage \u00e0 Monique de Saint Martin<\/em>, pp. 185-192.<\/li>\n<\/ul>\n<p>2011\u00a0 \u00a0\u00a0\u00a0\u00a0\u00a0\u00a0\u00a0\u00a0\u00a0 \u00ab\u00a0Le m\u00e9tier d&rsquo;animateur\u00a0: une exp\u00e9rience affective de la reconnaissance\u00a0\u00bb, in Blanc M., Causer J-Y., Hamman Ph., <em>Travail, Formation, Transactions sociales<\/em>, Peter Lang.<\/p>\n<ul>\n<li>\u00ab\u00a0Une autorit\u00e9 sexu\u00e9e. Les jeunes animatrices face aux gar\u00e7ons \u00ab\u00a0difficiles\u00a0\u00bb\u00bb\u00a0 in <em>Mixit\u00e9, Parit\u00e9, Genre dans les m\u00e9tiers de l&rsquo;animation,<\/em> sous la direction de Gillet J-C et Raibaud Y., Paris, L&rsquo;Harmattan,<\/li>\n<li>\u00ab\u00a0Les jeunes des quartiers face \u00e0 la politique \u00e9ducative de Gennevilliers. L&rsquo;exemple de l&rsquo;accompagnement \u00e0 la scolarit\u00e9\u00a0\u00bb in <em>La place des jeunes dans la cit\u00e9 tome 1, De l&rsquo;Ecole \u00e0 l&#8217;emploi ?<\/em>, sous la direction de Baron C., Dugu\u00e9 E. et Nivolle P., Paris, L&rsquo;Harmattan, collection \u00ab\u00a0Logiques sociales\u00a0\u00bb, Paris, octobre 2005.<\/li>\n<\/ul>\n<p>&nbsp;<\/p>\n\t\t\t\tPT\n\t\t\t\t\t\t\t<p><strong>Publications de transfert.<\/strong><\/p>\n\t\t\t\tBRE\n\t\t\t\t\t\t\t<p><strong>Brevets<\/strong><\/p>\n\t\t\t\tC-INV\n\t\t\t\t\t\t\t<p><strong>Conf\u00e9rences donn\u00e9es \u00e0 l&rsquo;invitation du Comit\u00e9 d&rsquo;organisation dans un congr\u00e8s national ou international.<\/strong><\/p>\n\t\t\t\tC-ACTI\n\t\t\t\t\t\t\t<p><strong>Communications avec actes dans un congr\u00e8s international.<\/strong><\/p>\n\t\t\t\tC-ACTN\n\t\t\t\t\t\t\t<p><strong>Communications avec actes dans un congr\u00e8s national.<\/strong><\/p>\n\t\t\t\tC-COM\n\t\t\t\t\t\t\t<p><strong>Communications orales sans actes dans un congr\u00e8s international ou national.<\/strong><\/p>\n\t\t\t\tC-AFF\n\t\t\t\t\t\t\t<p><strong>Communications par affiche dans un congr\u00e8s international ou national.<\/strong><\/p>\n\t\t\t\tDO\n\t\t\t\t\t\t\t<p><strong>Directions d&rsquo;ouvrages ou de revues.<\/strong><\/p>\n\t\t\t\tOR\n\t\t\t\t\t\t\t<p><strong>Outils de recherche (bases de donn\u00e9es, corpus de recherche&#8230;).<\/strong><\/p>\n\t\t\t\tPV\n\t\t\t\t\t\t\t<p><strong>Publications de vulgarisation.<\/strong><\/p>\n\t\t\t\tPAT\n\t\t\t\t\t\t\t<p><strong>Productions artistiques th\u00e9oris\u00e9es (compositions musicales, cin\u00e9matographiques, expositions, installations&#8230;).<\/strong><\/p>\n\t\t\t\tAP\n\t\t\t\t\t\t\t<p><strong>Autres productions. Bases de donn\u00e9es, logiciels enregistr\u00e9s, comptes rendus d&rsquo;ouvrages, rapports de fouilles, guides techniques, catalogues d&rsquo;exposition, rapports interm\u00e9diaires de grands projets internationaux, etc.<\/strong><\/p>\n\t\t\t\tTH\n\t\t\t\t\t\t\t<p><strong>Th\u00e8ses de doctorat<\/strong><\/p>\n\t\t\t<a href=\"#\" id=\"fl-accordion--label-0\" tabindex=\"0\" aria-controls=\"fl-accordion--panel-0\">Programmes de recherche<\/a>\n\t\t\t\t\t\t\t<a href=\"#\" id=\"fl-accordion--icon-0\" tabindex=\"0\" aria-controls=\"fl-accordion--panel-0\"><i>Expand<\/i><\/a>\n\t\t\t<a href=\"#\" id=\"fl-accordion--label-1\" tabindex=\"0\" aria-controls=\"fl-accordion--panel-1\">Enseignements et Formations<\/a>\n\t\t\t\t\t\t\t<a href=\"#\" id=\"fl-accordion--icon-1\" tabindex=\"0\" aria-controls=\"fl-accordion--panel-1\"><i>Expand<\/i><\/a>\n\t\t\t<a href=\"#\" id=\"fl-accordion--label-2\" tabindex=\"0\" aria-controls=\"fl-accordion--panel-2\">Autres activit\u00e9s<\/a>\n\t\t\t\t\t\t\t<a href=\"#\" id=\"fl-accordion--icon-2\" tabindex=\"0\" aria-controls=\"fl-accordion--panel-2\"><i>Expand<\/i><\/a>\n\t\t<p><strong><em>Communications (s\u00e9lection)<\/em><\/strong><\/p>\n<p>Juillet 2018\u00a0\u00a0\u00a0\u00a0\u00a0 Avec Jean-Philippe NAU\u00ab\u00a0De la vuln\u00e9rabilit\u00e9 de l&rsquo;enqu\u00eat\u00e9 \u00e0 celle du chercheur : les bonnes surprises des al\u00e9as de l&rsquo;enqu\u00eate de terrain\u00a0\u00bb\u00a0<em>,<\/em>Conf\u00e9rence ALTER.\u00a0<em>Transformer les pratiques et les connaissances au prisme du handicap\u00a0: exp\u00e9riences, transmissions, formations, organisations<\/em>, Lille, 4-6 juillet.<\/p>\n<p>Juin 2018\u00a0\u00a0\u00a0\u00a0\u00a0\u00a0\u00a0\u00a0 \u00ab La vuln\u00e9rabilit\u00e9 comme capacit\u00e9 morale : enjeu de confiance et de reconnaissance \u00bb, Colloque international\u00a0: \u00a0<em>R\u00e9parer les vivants. La vuln\u00e9rabilit\u00e9 et ses r\u00e9gimes de repr\u00e9sentation.\u00a0<\/em>Qu\u00e9bec, 14-15 juin.<\/p>\n<p>Janv. 2018\u00a0\u00a0\u00a0\u00a0\u00a0\u00a0 \u00ab\u00a0Jouer pour r\u00e9aliser la confiance, jouer pour se r\u00e9aliser. La valeur \u00e9thique et politique des jeux dans l&rsquo;animation socioculturelle\u00a0\u00bb. Colloque ISIAT\u00a0<strong><em>\u00a0Jeu et enjeux pour l&rsquo;animation socioculturelle,<\/em>\u00a0<\/strong>Bordeaux, 29-30 janvier.<\/p>\n<p>Oct. 2017\u00a0\u00a0\u00a0\u00a0\u00a0\u00a0\u00a0\u00a0 Avec Carole DAVERNE-BAILLY, organisation du symposium, \u00ab\u00a0Place et enjeux de la parole des enfants et des adolescents\u00a0\u00bb, Colloque international\u00a0:\u00a0<em>Enjeux, d\u00e9bats, perspectives. 50 ans des sciences de l&rsquo;\u00e9ducation\u00a0<\/em>du 18 au 20 octobre 2017 \u00e0 Caen.<\/p>\n<p>Oct. 2016 \u00a0\u00a0\u00a0\u00a0\u00a0\u00a0\u00a0 Avec BOUTET M.,\u00a0 \u00ab\u00a0Eprouver l&rsquo;\u00e9thique\u00a0? Une approche pragmatiste de l&rsquo;engagement dans le jeux vid\u00e9o\u00a0\u00bb. Colloque\u00a0international :<em>\u00a0A quoi nous engage le jeu\u00a0<\/em>?, LABJMV, Bruxelles.<\/p>\n<p>Juillet 2016\u00a0\u00a0\u00a0\u00a0\u00a0 Avec BOUTET M., \u00ab\u00a0Exprimer ses \u00e9motions \u00e0 l&rsquo;\u00e8re du 2.0. Pragmatisme et jeu vid\u00e9o\u00a0\u00bb,\u00a0 AISLF, Colloque international, Montr\u00e9al.<\/p>\n<p>Mai 2016\u00a0\u00a0\u00a0\u00a0\u00a0\u00a0\u00a0\u00a0 \u00ab\u00a0La r\u00e9forme des rythmes scolaires. Un enjeu pour la reconnaissance \u00e9ducative des acteurs\u00a0\u00bb, Journ\u00e9e d&rsquo;\u00e9tudes\u00a0:\u00a0<em>Les rythmes scolaires, diversit\u00e9 des formes d&rsquo;engagement professionnel et de r\u00e9organisation des parcours \u00e9ducatifs\u00a0: avance\u00e9s d&rsquo;une recherche partenariale dans l&rsquo;acad\u00e9mie de Caen<\/em>, CERSE, ESPE Caen.<\/p>\n<p>Janv. 2016 \u00a0\u00a0\u00a0\u00a0\u00a0 Avec LESCOUARCH L., \u00ab Une co\u00e9ducation t\u00e2tonnante\u00a0: les enjeux de la professionnalisation des rythmes scolaires.\u00a0\u00bb\u00a0 Colloque ISIAT\u00a0:\u00a0<em>Ecole, animation, culture\u00a0: quand les rythmes scolaires interrogent les territoires et les partenariats,<\/em>\u00a0Bordeaux.<\/p>\n<p>Sept. 2015 \u00a0\u00a0\u00a0\u00a0\u00a0 \u00ab\u00a0<em>Aesthetics and ethics in pragmatism.\u00a0<\/em><em>A videogame experiment and its educational virtues<\/em>\u00ab\u00a0, Second Colloque Europ\u00e9en sur le Pragmatisme Paris.<\/p>\n<p>Nov. 2014 \u00a0\u00a0\u00a0\u00a0\u00a0\u00a0 \u00ab\u00a0Enjeux \u00e9thiques et usage des jeux dans l&rsquo;enseignement sup\u00e9rieur : Des mises en situation \u00e0 la cr\u00e9ation d&rsquo;un\u00a0<em>serious game<\/em>\u00a0\u00bb Colloque\u00a0international :\u00a0<em>Des jeux \u00ab\u00a0traditionnels\u00a0\u00bb aux Jeux num\u00e9riques,<\/em>\u00a0IUT Nancy.<\/p>\n<p>Mai 2013\u00a0\u00a0\u00a0\u00a0\u00a0\u00a0\u00a0\u00a0\u00a0\u00a0 \u00ab\u00a0La p\u00e9dagogie du jeu\u00a0\u00bb, JIES, Chamonix.<\/p>\n<p>Avril 2010\u00a0\u00a0\u00a0\u00a0\u00a0\u00a0 \u00ab S&rsquo;exp\u00e9rimenter \u00e0 l&rsquo;autorit\u00e9\u00a0: une question de genre\u00a0?\u00a0\u00bb,\u00a0<em>Journ\u00e9e d&rsquo;Etudes<\/em>\u00a0\u00ab\u00a0Genre et\u00a0 Animation\u00a0\u00bb, Universit\u00e9 de Toulouse Le Mirail.<\/p>\n<p>Juin 2009\u00a0\u00a0\u00a0\u00a0\u00a0\u00a0\u00a0\u00a0 \u00ab\u00a0Le jeu en r\u00e9seau\u00a0: une exp\u00e9rience \u00e9ducative particuli\u00e8re\u00a0\u00bb<\/p>\n<p>Colloque international francophone\u00a0:\u00a0<em>Le jeu vid\u00e9o, au croisement du social, de l&rsquo;art et de la culture<\/em>, CeRes, Universit\u00e9 de Limoges.<\/p>\n\n","protected":false},"excerpt":{"rendered":"<p>Identit\u00e9 MCF HDR Judit VARI-DUMAS Adresse : Universit\u00e9 de Rouen Normandie UFR des Sciences de l&rsquo;Homme et de la Soci\u00e9t\u00e9 Rue Lavoisier 76321 MONT SAINT AIGNAN CEDEX Email : judit.vari@univ-rouen.fr Mots-cl\u00e9s Parole de l&rsquo;enfant &#8211; Jouer &#8211; Socialisation morale et politique &#8211; P\u00e9dagogie num\u00e9rique et universitaire Statuts et formation Collapse Depuis 2012\u00a0\u00a0\u00a0\u00a0 Enseignante-Chercheure, MCF, Universit\u00e9 &hellip;<\/p>\n<p class=\"read-more\"> <a class=\"\" href=\"https:\/\/cirnef.normandie-univ.fr\/?page_id=1459\"> <span class=\"screen-reader-text\">Judit VARI-DUMAS<\/span> Lire la suite \u00bb<\/a><\/p>\n","protected":false},"author":43,"featured_media":0,"parent":0,"menu_order":0,"comment_status":"closed","ping_status":"closed","template":"","meta":{"site-sidebar-layout":"default","site-content-layout":"default","ast-global-header-display":"","ast-main-header-display":"","ast-hfb-above-header-display":"","ast-hfb-below-header-display":"","ast-hfb-mobile-header-display":"","site-post-title":"","ast-breadcrumbs-content":"","ast-featured-img":"","footer-sml-layout":"","theme-transparent-header-meta":"default","adv-header-id-meta":"","stick-header-meta":"default","header-above-stick-meta":"","header-main-stick-meta":"","header-below-stick-meta":"","footnotes":""},"coauthors":[225],"class_list":["post-1459","page","type-page","status-publish","hentry"],"_links":{"self":[{"href":"https:\/\/cirnef.normandie-univ.fr\/index.php?rest_route=\/wp\/v2\/pages\/1459","targetHints":{"allow":["GET"]}}],"collection":[{"href":"https:\/\/cirnef.normandie-univ.fr\/index.php?rest_route=\/wp\/v2\/pages"}],"about":[{"href":"https:\/\/cirnef.normandie-univ.fr\/index.php?rest_route=\/wp\/v2\/types\/page"}],"author":[{"embeddable":true,"href":"https:\/\/cirnef.normandie-univ.fr\/index.php?rest_route=\/wp\/v2\/users\/43"}],"replies":[{"embeddable":true,"href":"https:\/\/cirnef.normandie-univ.fr\/index.php?rest_route=%2Fwp%2Fv2%2Fcomments&post=1459"}],"version-history":[{"count":4,"href":"https:\/\/cirnef.normandie-univ.fr\/index.php?rest_route=\/wp\/v2\/pages\/1459\/revisions"}],"predecessor-version":[{"id":8474,"href":"https:\/\/cirnef.normandie-univ.fr\/index.php?rest_route=\/wp\/v2\/pages\/1459\/revisions\/8474"}],"wp:attachment":[{"href":"https:\/\/cirnef.normandie-univ.fr\/index.php?rest_route=%2Fwp%2Fv2%2Fmedia&parent=1459"}],"wp:term":[{"taxonomy":"author","embeddable":true,"href":"https:\/\/cirnef.normandie-univ.fr\/index.php?rest_route=%2Fwp%2Fv2%2Fcoauthors&post=1459"}],"curies":[{"name":"wp","href":"https:\/\/api.w.org\/{rel}","templated":true}]}}