{"id":1455,"date":"2019-04-30T19:43:47","date_gmt":"2019-04-30T17:43:47","guid":{"rendered":"http:\/\/cirnef.normandie-univ.fr\/?page_id=1455"},"modified":"2025-05-14T14:56:11","modified_gmt":"2025-05-14T12:56:11","slug":"laurence-thouroude-2","status":"publish","type":"page","link":"https:\/\/cirnef.normandie-univ.fr\/?page_id=1455","title":{"rendered":"Laurence THOUROUDE"},"content":{"rendered":"\n\n\t\t\t\t<a href=\"https:\/\/cirnef.normandie-univ.fr\/wp-content\/uploads\/2019\/05\/thouroude.jpg\" target=\"_self\" itemprop=\"url\">\n\t\t\t\t<img decoding=\"async\" src=\"http:\/\/cirnef.normandie-univ.fr\/wp-content\/uploads\/2019\/05\/thouroude.jpg\" alt=\"thouroude\" itemprop=\"image\" title=\"thouroude\" onerror=\"this.style.display='none'\"  \/>\n\t\t\t\t<\/a>\n\t<h2>Identit\u00e9<\/h2>\n<h4>MCF Laurence THOUROUDE<\/h4>\nAdresse :<br \/>\nUniversit\u00e9 de Rouen Normandie<br \/>\nUFR des Sciences de l&rsquo;Homme et de la Soci\u00e9t\u00e9<br \/>\nLaboratoire CIRNEF<br \/>\nRue Lavoisier<br \/>\n76321 MONT SAINT AIGNAN CEDEX\n<p>Email : <a href=\"http:\/\/cirnef.normandie-univ.fr\/laurence.thouroude@univ-rouen.fr\">laurence.thouroude@univ-rouen.fr<\/a><\/p>\n\t<h2>Mots-cl\u00e9s<\/h2>\n<blockquote><p>Handicap, violence, entre-deux, besoins \u00e9ducatifs, posture \u00e9ducative, pr\u00e9vention, liens sociaux, liens d&rsquo;identification<\/p><\/blockquote>\n\t\t\t<a href=\"#\" id=\"fl-accordion--label-0\" tabindex=\"0\" aria-controls=\"fl-accordion--panel-0\">Pr\u00e9sentation<\/a>\n\t\t\t\t\t\t\t<a href=\"#\" id=\"fl-accordion--icon-0\" tabindex=\"0\" aria-controls=\"fl-accordion--panel-0\"><i>Collapse<\/i><\/a>\n\t\t<p>Laurence Thouroude est ma\u00eetresse de Conf\u00e9rences en sciences de l&rsquo;\u00e9ducation \u00e0 l&rsquo;universit\u00e9 de Rouen depuis 2003 et membre du laboratoire CIRNEF (Centre Interdisciplinaire de Recherche Normand en \u00c9ducation et Formation).<\/p>\n<p>Ses recherches portent sur l&rsquo;enfance en difficult\u00e9 et en situation de handicap, l&rsquo;\u00e9ducation sp\u00e9cialis\u00e9e, les conflits et violences en milieu scolaire.<\/p>\n<p>Elle travaille actuellement \u00e0 l&rsquo;\u00e9laboration d&rsquo;une posture \u00e9ducative pr\u00e9ventive des handicaps et des violences en milieu scolaire, autour du concept <em>d&rsquo;entre-deux. <\/em>L&rsquo;entre-deux en \u00e9ducation d\u00e9signe essentiellement une posture \u00e9ducative ax\u00e9e sur les points communs et les points de rencontre entre les protagonistes de la relation \u00e9ducative, par-del\u00e0 leurs diff\u00e9rences.<\/p>\n<p>La posture de l&rsquo;entre-deux prend appui sur l&rsquo;approche psychanalytique, qui recommande l&rsquo;\u00e9vitement des exc\u00e8s et des d\u00e9rives en \u00e9ducation (ni rigidit\u00e9 ni laxisme, mais souplesse).<\/p>\n<p><strong>Publications :<\/strong><\/p>\n<p>Conflits \u00e0 r\u00e9p\u00e9tition en milieu scolaire et paradigme de l&rsquo;entre-deux.  In <em>L&rsquo;action publique en r\u00e9ponse \u00e0 la crise de l&rsquo;\u00e9cole,<\/em> sous la direction de Val\u00e9rie Becquet et Alain Vulbeau, Arras, Artois Presses Universit\u00e9, collection \u00c9ducation, formation et lien social, 2015, p. 49-63.<\/p>\n<p>L&rsquo;approche interactionniste du handicap : obstacles et liens dans la rencontre parents-enseignants. <em>Spirale 57<\/em>, num\u00e9ro sp\u00e9cial : Petite enfance et politique inclusive : quelle prise en compte du handicap ? Coord. Martine Janner-Raimondi, janvier 2016, p. 81-92.<\/p>\n<p>Les conditions du lien d&rsquo;identification m\u00e8re-enseignante dans les situations de handicap de l&rsquo;enfant. <em>Carrefours de l&rsquo;\u00e9ducation<\/em> n\u00b0 43, mars 2017, p. 26-41.<\/p>\n<p>La posture de l&rsquo;entre-deux des professionnels des secteurs m\u00e9dico-social et sanitaire et la coordination des parcours des jeunes en situation de handicap. \u00bb <em>Alter, European Journal of disability research <\/em>12, 2018, p. 13-25. Disponible en ligne sur : www.sciencedirect.com<\/p>\n<p>L&rsquo;entre-deux comme posture p\u00e9dagogique aupr\u00e8s d&rsquo;\u00e9l\u00e8ves autistes de type Kann\u00e9rien : trouver sa voix &#8211; sa voie ? <em>Cliopsy<\/em> 20, 2018, p. 55-69.<\/p>\n<p>La participation parentale \u00e0 l&rsquo;\u00e9cole maternelle \u00e0 l&rsquo;\u00e9preuve du handicap. <em>La Nouvelle Revue Education et Soci\u00e9t\u00e9 Inclusives<\/em>, 83-84, 2018, p. 71-83.<\/p>\n<p><em>Pr\u00e9venir les handicaps et les violences. La posture de l&rsquo;entre-deux en \u00e9ducation.<\/em> Champ social \u00e9ditions, 2022.<\/p>\n<p>Sant\u00e9 et ressources de ch\u00f4meurs organis\u00e9s <em>versus<\/em> accompagn\u00e9s \u00bb. <em>Bulletin de psychologie,<\/em> Tome 75 (3), n\u00b0577, 2022, p.195-208.<\/p>\n\n","protected":false},"excerpt":{"rendered":"<p>Identit\u00e9 MCF Laurence THOUROUDE Adresse : Universit\u00e9 de Rouen Normandie UFR des Sciences de l&rsquo;Homme et de la Soci\u00e9t\u00e9 Laboratoire CIRNEF Rue Lavoisier 76321 MONT SAINT AIGNAN CEDEX Email : laurence.thouroude@univ-rouen.fr Mots-cl\u00e9s Handicap, violence, entre-deux, besoins \u00e9ducatifs, posture \u00e9ducative, pr\u00e9vention, liens sociaux, liens d&rsquo;identification Pr\u00e9sentation Collapse Laurence Thouroude est ma\u00eetresse de Conf\u00e9rences en sciences de &hellip;<\/p>\n<p class=\"read-more\"> <a class=\"\" href=\"https:\/\/cirnef.normandie-univ.fr\/?page_id=1455\"> <span class=\"screen-reader-text\">Laurence THOUROUDE<\/span> Lire la suite \u00bb<\/a><\/p>\n","protected":false},"author":42,"featured_media":0,"parent":0,"menu_order":0,"comment_status":"closed","ping_status":"closed","template":"","meta":{"site-sidebar-layout":"default","site-content-layout":"default","ast-global-header-display":"","ast-main-header-display":"","ast-hfb-above-header-display":"","ast-hfb-below-header-display":"","ast-hfb-mobile-header-display":"","site-post-title":"","ast-breadcrumbs-content":"","ast-featured-img":"","footer-sml-layout":"","theme-transparent-header-meta":"default","adv-header-id-meta":"","stick-header-meta":"default","header-above-stick-meta":"","header-main-stick-meta":"","header-below-stick-meta":"","footnotes":""},"coauthors":[],"class_list":["post-1455","page","type-page","status-publish","hentry"],"_links":{"self":[{"href":"https:\/\/cirnef.normandie-univ.fr\/index.php?rest_route=\/wp\/v2\/pages\/1455","targetHints":{"allow":["GET"]}}],"collection":[{"href":"https:\/\/cirnef.normandie-univ.fr\/index.php?rest_route=\/wp\/v2\/pages"}],"about":[{"href":"https:\/\/cirnef.normandie-univ.fr\/index.php?rest_route=\/wp\/v2\/types\/page"}],"author":[{"embeddable":true,"href":"https:\/\/cirnef.normandie-univ.fr\/index.php?rest_route=\/wp\/v2\/users\/42"}],"replies":[{"embeddable":true,"href":"https:\/\/cirnef.normandie-univ.fr\/index.php?rest_route=%2Fwp%2Fv2%2Fcomments&post=1455"}],"version-history":[{"count":1,"href":"https:\/\/cirnef.normandie-univ.fr\/index.php?rest_route=\/wp\/v2\/pages\/1455\/revisions"}],"predecessor-version":[{"id":7830,"href":"https:\/\/cirnef.normandie-univ.fr\/index.php?rest_route=\/wp\/v2\/pages\/1455\/revisions\/7830"}],"wp:attachment":[{"href":"https:\/\/cirnef.normandie-univ.fr\/index.php?rest_route=%2Fwp%2Fv2%2Fmedia&parent=1455"}],"wp:term":[{"taxonomy":"author","embeddable":true,"href":"https:\/\/cirnef.normandie-univ.fr\/index.php?rest_route=%2Fwp%2Fv2%2Fcoauthors&post=1455"}],"curies":[{"name":"wp","href":"https:\/\/api.w.org\/{rel}","templated":true}]}}