{"id":1401,"date":"2019-04-30T17:20:15","date_gmt":"2019-04-30T15:20:15","guid":{"rendered":"http:\/\/cirnef.normandie-univ.fr\/?page_id=1401"},"modified":"2025-05-12T15:17:36","modified_gmt":"2025-05-12T13:17:36","slug":"matthieu-laville-2","status":"publish","type":"page","link":"https:\/\/cirnef.normandie-univ.fr\/?page_id=1401","title":{"rendered":"Matthieu LAVILLE"},"content":{"rendered":"\n\n\t\t\t\t<a href=\"https:\/\/cirnef.normandie-univ.fr\/wp-content\/uploads\/2019\/05\/laville.jpg\" target=\"_self\" itemprop=\"url\">\n\t\t\t\t<img decoding=\"async\" src=\"http:\/\/cirnef.normandie-univ.fr\/wp-content\/uploads\/2019\/05\/laville.jpg\" alt=\"laville\" itemprop=\"image\" title=\"laville\" onerror=\"this.style.display='none'\"  \/>\n\t\t\t\t<\/a>\n\t<h2>Identit\u00e9<\/h2>\n<h4>MCF Matthieu LAVILLE<\/h4>\n<p>Adresse :<\/p>\nUniversit\u00e9 de Caen Normandie<br \/>\nUFR des Sciences de l&rsquo;Homme et de la Soci\u00e9t\u00e9<br \/>\nEsplanade de la Paix &#8211; Campus 1<br \/>\n14032 CAEN CEDEX\nT\u00e9l :<br \/>\nEmail : <a href=\"http:\/\/cirnef.normandie-univ.fr\/matthieu.laville@unicaen.fr\">matthieu.laville@unicae<\/a><a href=\"http:\/\/cirnef.normandie-univ.fr\/matthieu.laville@unicaen.fr\">n.fr<\/a><br \/>\nCV :\n\t<h2>Mots-cl\u00e9s<\/h2>\n<blockquote><p>Politiques publiques du handicap, \u00e9l\u00e8ves \u00e0 besoins \u00e9ducatifs particuliers, \u00e9ducation inclusive, sociohistoire et sociologie des groupes professionnels<\/p><\/blockquote>\n\t\t\t<a href=\"#\" id=\"fl-accordion--label-0\" tabindex=\"0\" aria-controls=\"fl-accordion--panel-0\">Pr\u00e9sentation<\/a>\n\t\t\t\t\t\t\t<a href=\"#\" id=\"fl-accordion--icon-0\" tabindex=\"0\" aria-controls=\"fl-accordion--panel-0\"><i>Collapse<\/i><\/a>\n\t\t<p>Membre du th\u00e8me 2 \u00ab Professionnalit\u00e9s et Professionnalisation : temporalit\u00e9s, espaces, transformations \u00bb.<\/p>\n<p>Mes travaux portent sur la scolarisation des jeunes en situation de handicap et abordent les enjeux li\u00e9s \u00e0 la mise en \u0153uvre progressive d&rsquo;une \u00e9ducation inclusive. Ils s&rsquo;int\u00e9ressent plus largement \u00e0 la professionnalisation des m\u00e9tiers adress\u00e9s \u00e0 autrui et s&rsquo;inscrivent dans une perspective dialogique entre les diff\u00e9rentes approches disciplinaires qui ambitionnent d&rsquo;\u00e9tudier l&rsquo;\u00e9volution de ces m\u00e9tiers, tant du point de vue des identit\u00e9s professionnelles que des pratiques mises en \u0153uvre ou des comp\u00e9tences \u00e0 mobiliser.<\/p>\n\t<h1>Publications et Communications<\/h1>\n\t\t\t\t\t<a href=\"#\" id=\"fl-tabs--label-0\" data-index=\"0\" aria-selected=\"true\" aria-controls=\"fl-tabs--panel-0\" aria-expanded=\"true\" role=\"tab\" tabindex=\"0\">\t\t\t\tACL\t\t\t<\/a>\n\t\t\t\t\t<a href=\"#\" id=\"fl-tabs--label-1\" data-index=\"1\" aria-selected=\"false\" aria-controls=\"fl-tabs--panel-1\" aria-expanded=\"false\" role=\"tab\" tabindex=\"0\">\t\t\t\tACLN\t\t\t<\/a>\n\t\t\t\t\t<a href=\"#\" id=\"fl-tabs--label-2\" data-index=\"2\" aria-selected=\"false\" aria-controls=\"fl-tabs--panel-2\" aria-expanded=\"false\" role=\"tab\" tabindex=\"0\">\t\t\t\tASCL\t\t\t<\/a>\n\t\t\t\t\t<a href=\"#\" id=\"fl-tabs--label-3\" data-index=\"3\" aria-selected=\"false\" aria-controls=\"fl-tabs--panel-3\" aria-expanded=\"false\" role=\"tab\" tabindex=\"0\">\t\t\t\tOS\t\t\t<\/a>\n\t\t\t\t\t<a href=\"#\" id=\"fl-tabs--label-4\" data-index=\"4\" aria-selected=\"false\" aria-controls=\"fl-tabs--panel-4\" aria-expanded=\"false\" role=\"tab\" tabindex=\"0\">\t\t\t\tCOS\t\t\t<\/a>\n\t\t\t\t\t<a href=\"#\" id=\"fl-tabs--label-5\" data-index=\"5\" aria-selected=\"false\" aria-controls=\"fl-tabs--panel-5\" aria-expanded=\"false\" role=\"tab\" tabindex=\"0\">\t\t\t\tPT\t\t\t<\/a>\n\t\t\t\t\t<a href=\"#\" id=\"fl-tabs--label-6\" data-index=\"6\" aria-selected=\"false\" aria-controls=\"fl-tabs--panel-6\" aria-expanded=\"false\" role=\"tab\" tabindex=\"0\">\t\t\t\tBRE\t\t\t<\/a>\n\t\t\t\t\t<a href=\"#\" id=\"fl-tabs--label-7\" data-index=\"7\" aria-selected=\"false\" aria-controls=\"fl-tabs--panel-7\" aria-expanded=\"false\" role=\"tab\" tabindex=\"0\">\t\t\t\tC-INV\t\t\t<\/a>\n\t\t\t\t\t<a href=\"#\" id=\"fl-tabs--label-8\" data-index=\"8\" aria-selected=\"false\" aria-controls=\"fl-tabs--panel-8\" aria-expanded=\"false\" role=\"tab\" tabindex=\"0\">\t\t\t\tC-ACTI\t\t\t<\/a>\n\t\t\t\t\t<a href=\"#\" id=\"fl-tabs--label-9\" data-index=\"9\" aria-selected=\"false\" aria-controls=\"fl-tabs--panel-9\" aria-expanded=\"false\" role=\"tab\" tabindex=\"0\">\t\t\t\tC-ACTN\t\t\t<\/a>\n\t\t\t\t\t<a href=\"#\" id=\"fl-tabs--label-10\" data-index=\"10\" aria-selected=\"false\" aria-controls=\"fl-tabs--panel-10\" aria-expanded=\"false\" role=\"tab\" tabindex=\"0\">\t\t\t\tC-COM\t\t\t<\/a>\n\t\t\t\t\t<a href=\"#\" id=\"fl-tabs--label-11\" data-index=\"11\" aria-selected=\"false\" aria-controls=\"fl-tabs--panel-11\" aria-expanded=\"false\" role=\"tab\" tabindex=\"0\">\t\t\t\tC-AFF\t\t\t<\/a>\n\t\t\t\t\t<a href=\"#\" id=\"fl-tabs--label-12\" data-index=\"12\" aria-selected=\"false\" aria-controls=\"fl-tabs--panel-12\" aria-expanded=\"false\" role=\"tab\" tabindex=\"0\">\t\t\t\tDO\t\t\t<\/a>\n\t\t\t\t\t<a href=\"#\" id=\"fl-tabs--label-13\" data-index=\"13\" aria-selected=\"false\" aria-controls=\"fl-tabs--panel-13\" aria-expanded=\"false\" role=\"tab\" tabindex=\"0\">\t\t\t\tOR\t\t\t<\/a>\n\t\t\t\t\t<a href=\"#\" id=\"fl-tabs--label-14\" data-index=\"14\" aria-selected=\"false\" aria-controls=\"fl-tabs--panel-14\" aria-expanded=\"false\" role=\"tab\" tabindex=\"0\">\t\t\t\tPV\t\t\t<\/a>\n\t\t\t\t\t<a href=\"#\" id=\"fl-tabs--label-15\" data-index=\"15\" aria-selected=\"false\" aria-controls=\"fl-tabs--panel-15\" aria-expanded=\"false\" role=\"tab\" tabindex=\"0\">\t\t\t\tPAT\t\t\t<\/a>\n\t\t\t\t\t<a href=\"#\" id=\"fl-tabs--label-16\" data-index=\"16\" aria-selected=\"false\" aria-controls=\"fl-tabs--panel-16\" aria-expanded=\"false\" role=\"tab\" tabindex=\"0\">\t\t\t\tAP\t\t\t<\/a>\n\t\t\t\t\t<a href=\"#\" id=\"fl-tabs--label-17\" data-index=\"17\" aria-selected=\"false\" aria-controls=\"fl-tabs--panel-17\" aria-expanded=\"false\" role=\"tab\" tabindex=\"0\">\t\t\t\tTH\t\t\t<\/a>\n\t\t\t\tACL\n\t\t\t\t\t\t\t<p><strong>Articles dans des revues internationales ou nationales avec comit\u00e9 de lecture r\u00e9pertori\u00e9es par l&rsquo;HCERES ou dans les bases de donn\u00e9es internationales (ISI Web of Knowledge, Pub Med, Scopus&#8230;).<\/strong><\/p>\n<p>Laville, M. et Mazereau, P. (2021). La reconnaissance des acquis de l&rsquo;exp\u00e9rience professionnelle des travailleurs handicap\u00e9s : les effets \u00e9mancipatoires d&rsquo;un dispositif de formation. <em>Recherche et formation, 96<\/em>, 37-50. URL : <a href=\"http:\/\/journals.openedition.org\/rechercheformation\/7800\">http:\/\/journals.openedition.org\/rechercheformation\/7800<\/a><\/p>\n<p>Laville, M. et Mazereau, P. (2021). Aux sources d&rsquo;une p\u00e9dagogie universelle : l&rsquo;\u0153uvre de Joseph-Antoine Anglade, instituteur \u00e0 Alger (1914-1939). <em>Recherches &amp; \u00e9ducations, varia. <\/em>URL : <a href=\"http:\/\/journals.openedition.org\/rechercheseducations\/12172\">http:\/\/journals.openedition.org\/rechercheseducations\/12172<\/a><\/p>\n<p>Andr\u00e9, A., Hamon, S., <u>Laville, M.<\/u> et Ruelland, G. (2021). Former les enseignants \u00e0 soutenir l&rsquo;autonomie de leurs \u00e9l\u00e8ves : le r\u00f4le de l&rsquo;analyse vid\u00e9o. <em>\u00c9ducation et socialisation. Les Cahiers du CERFEE, 62.<\/em> URL : <a href=\"https:\/\/journals.openedition.org\/edso\/16713\">https:\/\/journals.openedition.org\/edso\/16713<\/a><\/p>\n<p>Laville, M. et Mazereau, P. (2019). Sociohistoire des enjeux de la collaboration m\u00e9dico-p\u00e9dagogique\u2009: des commissions d&rsquo;orientation de l&rsquo;\u00e9ducation sp\u00e9ciale aux \u00e9quipes pluridisciplinaires d&rsquo;\u00e9valuation (1909-2018). <i>La nouvelle revue &#8211; \u00c9ducation et soci\u00e9t\u00e9 inclusives<\/i><em>, 87 (3)<\/em>, 207-222. <\/p>\n<p>Laville, M. et Saillot, \u00c9 (2019). Un coll\u00e8ge fran\u00e7ais \u00e0 l&rsquo;\u00e9preuve de l&rsquo;inclusion : une situation d&rsquo;entre-deux source de dilemmes. <i>McGill Journal of Education<\/i><em>, Revue des sciences de l&rsquo;\u00e9ducation de McGill, 54 (2)<\/em>, 305-325. URL : <a href=\"https:\/\/mje.mcgill.ca\/article\/view\/9603\/7481\">https:\/\/mje.mcgill.ca\/article\/view\/9603\/7481<\/a><\/p>\n<p>Laville, M. (2019). L&rsquo;envers des \u00c9quipes de suivi de scolarisation : un indicateur de la qualit\u00e9 des relations interprofessionnelles ? <em>Carrefours de l&rsquo;\u00e9ducation, 47<\/em>, 139-153.<\/p>\n<p>Laville, M. (2018). Accompagner les familles : les \u00ab savoir-faire discrets \u00bb des Enseignants r\u00e9f\u00e9rents. <em>Questions vives, recherches en \u00e9ducation, 29<\/em>. URL : <a href=\"http:\/\/journals.openedition.org\/questionsvives\/3649\">http:\/\/journals.openedition.org\/questionsvives\/3649<\/a><\/p>\n<p>Laville, M. (2018). Que recouvre la fonction d&rsquo;enseignant r\u00e9f\u00e9rent ? Cartographie d&rsquo;une activit\u00e9. <em>Recherches en \u00e9ducation, 33,<\/em> 102-120. URL : <a href=\"https:\/\/journals.openedition.org\/ree\/2108\">https:\/\/journals.openedition.org\/ree\/2108<\/a><\/p>\n<p>Laville, M. (2016). Dix ans de droit \u00e0 la scolarisation en France, quels changements ? Point de vue des enseignants r\u00e9f\u00e9rents. <em>ALTER-European Journal of Disability Research\/Revue Europ\u00e9enne de Recherche sur le Handicap, <\/em><em>10 (4)<\/em>, 327-344. URL : <a href=\"https:\/\/www.sciencedirect.com\/science\/article\/pii\/S1875067216300487\">https:\/\/www.sciencedirect.com\/science\/article\/pii\/S1875067216300487<\/a><\/p>\n<p>Laville, M. (2014). De la prescription nationale \u00e0 sa mise en acte sur le terrain. Analyse de certaines activit\u00e9s de l&rsquo;enseignant r\u00e9f\u00e9rent. <em>La nouvelle revue de l&rsquo;adaptation et de la scolarisation<\/em><em>, 65<\/em>, 241-258.<\/p>\n\t\t\t\tACLN\n\t\t\t\t\t\t\t<p><strong>Articles dans des revues avec comit\u00e9 de lecture non r\u00e9pertori\u00e9es par l&rsquo;HCERES ou dans des bases de donn\u00e9es internationales.<\/strong><\/p>\n<p>&nbsp;<\/p>\n\t\t\t\tASCL\n\t\t\t\t\t\t\t<p><strong>Articles dans des revues sans comit\u00e9 de lecture.<\/strong><\/p>\n\t\t\t\tOS\n\t\t\t\t\t\t\t<p><strong>Ouvrages scientifiques (y compris les \u00e9ditions critiques et les traductions scientifiques)<\/strong><\/p>\n<p>&nbsp;<\/p>\n<p>Laville, M. (2020).<em> L&rsquo;enseignant r\u00e9f\u00e9rent : une fonction au c\u0153ur de l&rsquo;\u00e9ducation inclusive<\/em>. N\u00eemes : INSHEA-Champ social.<\/p>\n\t\t\t\tCOS\n\t\t\t\t\t\t\t<p><strong>Chapitres d&rsquo;ouvrages scientifiques<\/strong><\/p>\n<p>Laville, M. et Saillot, \u00c9. (2021). Des \u00e9l\u00e8ves \u00e0 besoins \u00e9ducatifs particuliers aux enseignants \u00e0 besoins professionnels particuliers : Quand la vuln\u00e9rabilit\u00e9 s&rsquo;immisce dans le quotidien des pratiques. In M. Laville et P. Mazereau (dir.). <em>Vuln\u00e9rabilit\u00e9s en \u00e9cho dans les m\u00e9tiers relationnels : les savoirs professionnels interrog\u00e9s<\/em> (pp. 51-83). N\u00eemes : INS HEA-Champ social.<\/p>\n\t\t\t\tPT\n\t\t\t\t\t\t\t<p><strong>Publications de transfert.<\/strong><\/p>\n\t\t\t\tBRE\n\t\t\t\t\t\t\t<p><strong>Brevets<\/strong><\/p>\n\t\t\t\tC-INV\n\t\t\t\t\t\t\t<p><strong>Conf\u00e9rences donn\u00e9es \u00e0 l&rsquo;invitation du Comit\u00e9 d&rsquo;organisation dans un congr\u00e8s national ou international.<\/strong><\/p>\n\t\t\t\tC-ACTI\n\t\t\t\t\t\t\t<p><strong>Communications avec actes dans un congr\u00e8s international.<\/strong><\/p>\n\t\t\t\tC-ACTN\n\t\t\t\t\t\t\t<p><strong>Communications avec actes dans un congr\u00e8s national.<\/strong><\/p>\n\t\t\t\tC-COM\n\t\t\t\t\t\t\t<p><strong>Communications orales sans actes dans un congr\u00e8s international ou national.<\/strong><\/p>\n\t\t\t\tC-AFF\n\t\t\t\t\t\t\t<p><strong>Communications par affiche dans un congr\u00e8s international ou national.<\/strong><\/p>\n\t\t\t\tDO\n\t\t\t\t\t\t\t<p><strong>Directions d&rsquo;ouvrages ou de revues.<\/strong><\/p>\n<p>Laville, M. et Mazereau, P. (dir.). (2021). <em>Vuln\u00e9rabilit\u00e9s en \u00e9cho dans les m\u00e9tiers relationnels : les savoirs professionnels interrog\u00e9s<\/em>. N\u00eemes : INS HEA-Champ social.<\/p>\n<p>&nbsp;<\/p>\n\t\t\t\tOR\n\t\t\t\t\t\t\t<p><strong>Outils de recherche (bases de donn\u00e9es, corpus de recherche&#8230;).<\/strong><\/p>\n\t\t\t\tPV\n\t\t\t\t\t\t\t<p><strong>Publications de vulgarisation.<\/strong><\/p>\n\t\t\t\tPAT\n\t\t\t\t\t\t\t<p><strong>Productions artistiques th\u00e9oris\u00e9es (compositions musicales, cin\u00e9matographiques, expositions, installations&#8230;).<\/strong><\/p>\n\t\t\t\tAP\n\t\t\t\t\t\t\t<p><strong>Autres productions. Bases de donn\u00e9es, logiciels enregistr\u00e9s, comptes rendus d&rsquo;ouvrages, rapports de fouilles, guides techniques, catalogues d&rsquo;exposition, rapports interm\u00e9diaires de grands projets internationaux, etc.<\/strong><\/p>\n<p>&nbsp;<\/p>\n<p>Laville, M. (2020). Note de lecture de l&rsquo;ouvrage de Claire de Saint Martin. La parole des \u00e9l\u00e8ves en situation de handicap. Grenoble : Presses Universitaires de Grenoble, 2019, 299 pages. <em>Les sciences de l&rsquo;\u00e9ducation. Pour l&rsquo;\u00c8re nouvelle<\/em>, 109-116.<\/p>\n\t\t\t\tTH\n\t\t\t\t\t\t\t<p><strong>Th\u00e8ses de doctorat<\/strong><\/p>\n\t\t\t<a href=\"#\" id=\"fl-accordion--label-0\" tabindex=\"0\" aria-controls=\"fl-accordion--panel-0\">Programmes de recherche<\/a>\n\t\t\t\t\t\t\t<a href=\"#\" id=\"fl-accordion--icon-0\" tabindex=\"0\" aria-controls=\"fl-accordion--panel-0\"><i>Expand<\/i><\/a>\n\t\t<p><em>Parcours inclusif du jeune enfant ayant un trouble du spectre autistique scolaris\u00e9 dans les Unit\u00e9s d&rsquo;Enseignement Maternelle : quelle articulation entre le milieu sp\u00e9cialis\u00e9 et le milieu ordinaire ?<\/em> Recherche sur les troubles du spectre autistique en maternelle, 2018-2021,  budget : 81 620 euros (financement CNSA et IReSP) (coordination Amael Andr\u00e9, MCF HDR, CIRNEF)<\/p>\n<p><em>L&rsquo;\u00e9valuation des effets de la reconnaissance des acquis de l&rsquo;exp\u00e9rience en termes de participation sociale des travailleurs handicap\u00e9s, <\/em>Recherche collaborative avec le Diff\u00e9rent et Comp\u00e9tent r\u00e9seau, Janvier 2018- octobre 2019, budget : 7 000 euros (coordination Philippe Mazereau, PU \u00e9m\u00e9rite, CIRNEF)<\/p>\n<p><em>Endoscopie d&rsquo;un coll\u00e8ge inclusif, <\/em>Rectorat de Versailles, octobre 2016-octobre 2018. Financement 3 000 euros (coordination Philippe Mazereau, PU \u00e9m\u00e9rite, CIRNEF).<\/p>\n\t\t\t<a href=\"#\" id=\"fl-accordion--label-1\" tabindex=\"0\" aria-controls=\"fl-accordion--panel-1\">Enseignements et Formations<\/a>\n\t\t\t\t\t\t\t<a href=\"#\" id=\"fl-accordion--icon-1\" tabindex=\"0\" aria-controls=\"fl-accordion--panel-1\"><i>Expand<\/i><\/a>\n\t\t<strong>Ann\u00e9e universitaire 2021-22 (UFR HSS, Caen Normandie)<br \/>\n<\/strong>\n<p>Enseignements en L1, L3 et M2<\/p>\n<p>Encadrements de m\u00e9moires (M1 et M2)<\/p>\n<p>&nbsp;<\/p>\n<p><strong>Ann\u00e9es universitaires 2018-2021 (INSPE de Rouen Normandie)<\/strong><\/p>\n<p>Enseignements en masters MEEF (1<sup>er<\/sup> et 2<sup>nd<\/sup> degr\u00e9s)<\/p>\n<p>Enseignements en master BEP<\/p>\n<p>Enseignements en master PEPAD<\/p>\n<p>Suivi de stages et encadrements de m\u00e9moires MEEF et BEP<\/p>\n\t\t\t<a href=\"#\" id=\"fl-accordion--label-2\" tabindex=\"0\" aria-controls=\"fl-accordion--panel-2\">Autres activit\u00e9s<\/a>\n\t\t\t\t\t\t\t<a href=\"#\" id=\"fl-accordion--icon-2\" tabindex=\"0\" aria-controls=\"fl-accordion--panel-2\"><i>Expand<\/i><\/a>\n\n","protected":false},"excerpt":{"rendered":"<p>Identit\u00e9 MCF Matthieu LAVILLE Adresse : Universit\u00e9 de Caen Normandie UFR des Sciences de l&rsquo;Homme et de la Soci\u00e9t\u00e9 Esplanade de la Paix &#8211; Campus 1 14032 CAEN CEDEX T\u00e9l : Email : matthieu.laville@unicaen.fr CV : Mots-cl\u00e9s Politiques publiques du handicap, \u00e9l\u00e8ves \u00e0 besoins \u00e9ducatifs particuliers, \u00e9ducation inclusive, sociohistoire et sociologie des groupes professionnels Pr\u00e9sentation &hellip;<\/p>\n<p class=\"read-more\"> <a class=\"\" href=\"https:\/\/cirnef.normandie-univ.fr\/?page_id=1401\"> <span class=\"screen-reader-text\">Matthieu LAVILLE<\/span> Lire la suite \u00bb<\/a><\/p>\n","protected":false},"author":31,"featured_media":0,"parent":0,"menu_order":0,"comment_status":"closed","ping_status":"closed","template":"","meta":{"site-sidebar-layout":"default","site-content-layout":"default","ast-global-header-display":"","ast-main-header-display":"","ast-hfb-above-header-display":"","ast-hfb-below-header-display":"","ast-hfb-mobile-header-display":"","site-post-title":"","ast-breadcrumbs-content":"","ast-featured-img":"","footer-sml-layout":"","theme-transparent-header-meta":"default","adv-header-id-meta":"","stick-header-meta":"default","header-above-stick-meta":"","header-main-stick-meta":"","header-below-stick-meta":"","footnotes":""},"coauthors":[],"class_list":["post-1401","page","type-page","status-publish","hentry"],"_links":{"self":[{"href":"https:\/\/cirnef.normandie-univ.fr\/index.php?rest_route=\/wp\/v2\/pages\/1401","targetHints":{"allow":["GET"]}}],"collection":[{"href":"https:\/\/cirnef.normandie-univ.fr\/index.php?rest_route=\/wp\/v2\/pages"}],"about":[{"href":"https:\/\/cirnef.normandie-univ.fr\/index.php?rest_route=\/wp\/v2\/types\/page"}],"author":[{"embeddable":true,"href":"https:\/\/cirnef.normandie-univ.fr\/index.php?rest_route=\/wp\/v2\/users\/31"}],"replies":[{"embeddable":true,"href":"https:\/\/cirnef.normandie-univ.fr\/index.php?rest_route=%2Fwp%2Fv2%2Fcomments&post=1401"}],"version-history":[{"count":1,"href":"https:\/\/cirnef.normandie-univ.fr\/index.php?rest_route=\/wp\/v2\/pages\/1401\/revisions"}],"predecessor-version":[{"id":7751,"href":"https:\/\/cirnef.normandie-univ.fr\/index.php?rest_route=\/wp\/v2\/pages\/1401\/revisions\/7751"}],"wp:attachment":[{"href":"https:\/\/cirnef.normandie-univ.fr\/index.php?rest_route=%2Fwp%2Fv2%2Fmedia&parent=1401"}],"wp:term":[{"taxonomy":"author","embeddable":true,"href":"https:\/\/cirnef.normandie-univ.fr\/index.php?rest_route=%2Fwp%2Fv2%2Fcoauthors&post=1401"}],"curies":[{"name":"wp","href":"https:\/\/api.w.org\/{rel}","templated":true}]}}