{"id":1382,"date":"2019-04-30T17:04:26","date_gmt":"2019-04-30T15:04:26","guid":{"rendered":"http:\/\/cirnef.normandie-univ.fr\/?page_id=1382"},"modified":"2025-05-12T14:08:13","modified_gmt":"2025-05-12T12:08:13","slug":"isabelle-harle-2","status":"publish","type":"page","link":"https:\/\/cirnef.normandie-univ.fr\/?page_id=1382","title":{"rendered":"Isabelle HARL\u00c9"},"content":{"rendered":"\n\n\t\t\t\t<a href=\"https:\/\/cirnef.normandie-univ.fr\/wp-content\/uploads\/2019\/09\/IMG_1354.jpg\" target=\"_self\" itemprop=\"url\">\n\t\t\t\t<img loading=\"lazy\" decoding=\"async\" src=\"https:\/\/cirnef.normandie-univ.fr\/wp-content\/uploads\/2019\/09\/IMG_1354.jpg\" alt=\"IMG_1354\" itemprop=\"image\" height=\"3456\" width=\"5184\" title=\"IMG_1354\" onerror=\"this.style.display='none'\"  \/>\n\t\t\t\t<\/a>\n\t<h2>Identit\u00e9<\/h2>\n<h4>Isabelle HARL\u00c9<\/h4>\n<p>PU<\/p>\nAdresse :<br \/>\nINSPE Normandie Caen<br \/>\n186 rue de la D\u00e9livrande<br \/>\n14032 CAEN CEDEX\nT\u00e9l :<br \/>\nEmail : <a href=\"http:\/\/cirnef.normandie-univ.fr\/isabelle.harle@unicaen.fr\">isabelle.harle@unicaen.fr<\/a><br \/>\nCV :\n\t<h2>Mots-cl\u00e9s<\/h2>\n<blockquote><p>Sociologie du curriculum, socio-histoire des disciplines, r\u00e9formes des programmes scolaires, innovations curriculaires<\/p><\/blockquote>\n\t\t\t<a href=\"#\" id=\"fl-accordion--label-0\" tabindex=\"0\" aria-controls=\"fl-accordion--panel-0\">Pr\u00e9sentation<\/a>\n\t\t\t\t\t\t\t<a href=\"#\" id=\"fl-accordion--icon-0\" tabindex=\"0\" aria-controls=\"fl-accordion--panel-0\"><i>Collapse<\/i><\/a>\n\t\t<p>Je suis sociologue, Professeur des Universit\u00e9s en Sciences de l&rsquo;Education depuis le 1er septembre 2019. J&rsquo;interviens dans deux composantes de l&rsquo;Universit\u00e9 de Caen: l&rsquo;INSPE et le d\u00e9partement des Sciences de l&rsquo;Education.<\/p>\n<p>Mes recherches concernent les contenus d&rsquo;enseignement et empruntent deux directions : une analyse socio historique des conditions de s\u00e9lection et d&rsquo;inscription de cat\u00e9gories de savoirs ou de pratiques dans les programmes d&rsquo;enseignement ; le r\u00f4le des enseignants dans ces processus et l&rsquo;adaptation qu&rsquo;ils manifestent face aux \u00e9volutions curriculaires, les ressources qu&rsquo;ils mobilisent ainsi que les r\u00e9percussions de ces \u00e9volutions sur leur identit\u00e9 disciplinaire. Je porte une attention particuli\u00e8re aux innovations ou \u00e9volutions curriculaires que constituent par exemple les dispositifs interdisciplinaires, les \u00e9ducations \u00e0&#8230;. ou les parcours \u00e9ducatifs.<\/p>\n<p>Mes travaux s&rsquo;inscrivent dans le champ de la sociologie du curriculum mais visent \u00e9galement \u00e0 proposer une r\u00e9flexion \u00e9pist\u00e9mologique sur l&rsquo;articulation possible entre les approches sociologique, historique et didactique des contenus d&rsquo;enseignement et \u00e0 dresser un \u00e9tat des lieux de l&rsquo;\u00e9volution de la recherche sur ces questions. Quelles sont les conditions de possibilit\u00e9 du dialogue entre didactiques et sociologie ? Quel r\u00f4le la m\u00e9diation de l&rsquo;histoire peut-il jouer ? Quels concepts, comme celui de \u00ab\u00a0configuration disciplinaire\u00a0\u00bb sont susceptibles d&rsquo;\u00eatre partag\u00e9s ?<\/p>\n\t<h1>Publications et Communications<\/h1>\n\t\t\t\t\t<a href=\"#\" id=\"fl-tabs--label-0\" data-index=\"0\" aria-selected=\"true\" aria-controls=\"fl-tabs--panel-0\" aria-expanded=\"true\" role=\"tab\" tabindex=\"0\">\t\t\t\tACL\t\t\t<\/a>\n\t\t\t\t\t<a href=\"#\" id=\"fl-tabs--label-1\" data-index=\"1\" aria-selected=\"false\" aria-controls=\"fl-tabs--panel-1\" aria-expanded=\"false\" role=\"tab\" tabindex=\"0\">\t\t\t\tACLN\t\t\t<\/a>\n\t\t\t\t\t<a href=\"#\" id=\"fl-tabs--label-2\" data-index=\"2\" aria-selected=\"false\" aria-controls=\"fl-tabs--panel-2\" aria-expanded=\"false\" role=\"tab\" tabindex=\"0\">\t\t\t\tASCL\t\t\t<\/a>\n\t\t\t\t\t<a href=\"#\" id=\"fl-tabs--label-3\" data-index=\"3\" aria-selected=\"false\" aria-controls=\"fl-tabs--panel-3\" aria-expanded=\"false\" role=\"tab\" tabindex=\"0\">\t\t\t\tOS\t\t\t<\/a>\n\t\t\t\t\t<a href=\"#\" id=\"fl-tabs--label-4\" data-index=\"4\" aria-selected=\"false\" aria-controls=\"fl-tabs--panel-4\" aria-expanded=\"false\" role=\"tab\" tabindex=\"0\">\t\t\t\tCOS\t\t\t<\/a>\n\t\t\t\t\t<a href=\"#\" id=\"fl-tabs--label-5\" data-index=\"5\" aria-selected=\"false\" aria-controls=\"fl-tabs--panel-5\" aria-expanded=\"false\" role=\"tab\" tabindex=\"0\">\t\t\t\tPT\t\t\t<\/a>\n\t\t\t\t\t<a href=\"#\" id=\"fl-tabs--label-6\" data-index=\"6\" aria-selected=\"false\" aria-controls=\"fl-tabs--panel-6\" aria-expanded=\"false\" role=\"tab\" tabindex=\"0\">\t\t\t\tBRE\t\t\t<\/a>\n\t\t\t\t\t<a href=\"#\" id=\"fl-tabs--label-7\" data-index=\"7\" aria-selected=\"false\" aria-controls=\"fl-tabs--panel-7\" aria-expanded=\"false\" role=\"tab\" tabindex=\"0\">\t\t\t\tC-INV\t\t\t<\/a>\n\t\t\t\t\t<a href=\"#\" id=\"fl-tabs--label-8\" data-index=\"8\" aria-selected=\"false\" aria-controls=\"fl-tabs--panel-8\" aria-expanded=\"false\" role=\"tab\" tabindex=\"0\">\t\t\t\tC-ACTI\t\t\t<\/a>\n\t\t\t\t\t<a href=\"#\" id=\"fl-tabs--label-9\" data-index=\"9\" aria-selected=\"false\" aria-controls=\"fl-tabs--panel-9\" aria-expanded=\"false\" role=\"tab\" tabindex=\"0\">\t\t\t\tC-ACTN\t\t\t<\/a>\n\t\t\t\t\t<a href=\"#\" id=\"fl-tabs--label-10\" data-index=\"10\" aria-selected=\"false\" aria-controls=\"fl-tabs--panel-10\" aria-expanded=\"false\" role=\"tab\" tabindex=\"0\">\t\t\t\tC-COM\t\t\t<\/a>\n\t\t\t\t\t<a href=\"#\" id=\"fl-tabs--label-11\" data-index=\"11\" aria-selected=\"false\" aria-controls=\"fl-tabs--panel-11\" aria-expanded=\"false\" role=\"tab\" tabindex=\"0\">\t\t\t\tC-AFF\t\t\t<\/a>\n\t\t\t\t\t<a href=\"#\" id=\"fl-tabs--label-12\" data-index=\"12\" aria-selected=\"false\" aria-controls=\"fl-tabs--panel-12\" aria-expanded=\"false\" role=\"tab\" tabindex=\"0\">\t\t\t\tDO\t\t\t<\/a>\n\t\t\t\t\t<a href=\"#\" id=\"fl-tabs--label-13\" data-index=\"13\" aria-selected=\"false\" aria-controls=\"fl-tabs--panel-13\" aria-expanded=\"false\" role=\"tab\" tabindex=\"0\">\t\t\t\tOR\t\t\t<\/a>\n\t\t\t\t\t<a href=\"#\" id=\"fl-tabs--label-14\" data-index=\"14\" aria-selected=\"false\" aria-controls=\"fl-tabs--panel-14\" aria-expanded=\"false\" role=\"tab\" tabindex=\"0\">\t\t\t\tPV\t\t\t<\/a>\n\t\t\t\t\t<a href=\"#\" id=\"fl-tabs--label-15\" data-index=\"15\" aria-selected=\"false\" aria-controls=\"fl-tabs--panel-15\" aria-expanded=\"false\" role=\"tab\" tabindex=\"0\">\t\t\t\tPAT\t\t\t<\/a>\n\t\t\t\t\t<a href=\"#\" id=\"fl-tabs--label-16\" data-index=\"16\" aria-selected=\"false\" aria-controls=\"fl-tabs--panel-16\" aria-expanded=\"false\" role=\"tab\" tabindex=\"0\">\t\t\t\tAP\t\t\t<\/a>\n\t\t\t\t\t<a href=\"#\" id=\"fl-tabs--label-17\" data-index=\"17\" aria-selected=\"false\" aria-controls=\"fl-tabs--panel-17\" aria-expanded=\"false\" role=\"tab\" tabindex=\"0\">\t\t\t\tTH\t\t\t<\/a>\n\t\t\t\tACL\n\t\t\t\t\t\t\t<p><strong>Articles dans des revues internationales ou nationales avec comit\u00e9 de lecture r\u00e9pertori\u00e9es par l&rsquo;HCERES ou dans les bases de donn\u00e9es internationales (ISI Web of Knowledge, Pub Med, Scopus&#8230;).<\/strong><\/p>\n<p>&nbsp;<\/p>\n<p>Harl\u00e9, I. (2019). Interroger les contenus d&rsquo;enseignement pour \u00ab fabriquer de l&rsquo;enseignable \u00bb : de l&rsquo;usage du concept de \u00ab\u00a0configuration disciplinaire\u00a0\u00bb en formation. <em>Le Fran\u00e7ais aujourd&rsquo;hui, 204, <\/em>139-148.<\/p>\n<p>Harl\u00e9, I. (2016). Analyse de reconfigurations disciplinaires\u00a0: les apports de la didactique \u00e0 la sociologie. <em>Spirale &#8211; Revue de Recherches en Education<\/em>, <em>58, <\/em>23-34.<\/p>\n<p>Harl\u00e9, I. &amp; Lan\u00e9elle, X. (2015). Enjeux et tensions autour de la r\u00e9forme du lyc\u00e9e (2010-2012) en Sciences \u00c9conomiques et Sociales. <em>Education et soci\u00e9t\u00e9s <\/em>L&rsquo;enseignement de l&rsquo;\u00e9conomie\u00a0: conflits, d\u00e9bats et controverses, <em>35<\/em>, 51-66.<\/p>\n<p>Harl\u00e9, I. &amp; Josso-Perrochaud, A. (2013). Les \u00e9valuations nationales en CE1 et CM2 en France\u00a0: entre enjeux institutionnels et tensions professionnelles. <em>Spirale &#8211; Revue de Recherches en Education<\/em>, <em>51<\/em>, 45-58.<\/p>\n<p>Harl\u00e9, I. (2012). La construction des contenus d&rsquo;enseignement\u00a0: quelle compl\u00e9mentarit\u00e9 des approches sociologique, didactique et historique\u00a0? <em>Recherches en didactique. Les cahiers Th\u00e9odile<\/em>, <em>13<\/em>, 11-23.<\/p>\n<p>&nbsp;<\/p>\n<p>&nbsp;<\/p>\n\t\t\t\tACLN\n\t\t\t\t\t\t\t<p><strong>Articles dans des revues avec comit\u00e9 de lecture non r\u00e9pertori\u00e9es par l&rsquo;HCERES ou dans des bases de donn\u00e9es internationales.<\/strong><\/p>\n\t\t\t\tASCL\n\t\t\t\t\t\t\t<p><strong>Articles dans des revues sans comit\u00e9 de lecture.<\/strong><\/p>\n\t\t\t\tOS\n\t\t\t\t\t\t\t<p><strong>Ouvrages scientifiques (y compris les \u00e9ditions critiques et les traductions scientifiques)<\/strong><\/p>\n<p>Harl\u00e9, I. (2010). <em>La fabrique des savoirs scolaires<\/em>. Paris\u00a0: La Dispute.<\/p>\n\t\t\t\tCOS\n\t\t\t\t\t\t\t<p><strong>Chapitres d&rsquo;ouvrages scientifiques<\/strong><\/p>\n<p>Harl\u00e9, I. (2018). Enseigner hors discipline\u00a0: limites et enjeux. In P.Bance et J.Fournier (dir.). <em>Education et int\u00e9r\u00eat g\u00e9n\u00e9ral<\/em>. (pp. 119-134). Presses Universitaires de Rouen et du Havre.<\/p>\n<p>Harl\u00e9, I. &amp; Jeannin, M. (2018). Reliance des territoires, reliance des acteurs : le d\u00e9fi de l&rsquo;ouverture culturelle de l&rsquo;\u00e9cole. In F. Liot et S. Ruby (dir.), <em>Ouvrons l&rsquo;\u00e9cole. Quand la r\u00e9forme des rythmes scolaires interroge les territoires et les partenariats.<\/em> (pp. 315-332). Carri\u00e8res Sociales.<\/p>\n<p>Harl\u00e9, I. (2017). L&rsquo;apport de la sociologie \u00e0 l&rsquo;analyse des \u00e9volutions curriculaires. In C. Vergnolle Mainar et O. Tripier Mondancin (dir.), <em>Programmes et disciplines scolaires. Quelles reconfigurations curriculaires\u00a0?<\/em> (pp. 21-32). Toulouse\u00a0: Presses universitaires du midi.<\/p>\n<p>Harl\u00e9, I. &amp; Lan\u00e9elle, X. (2016). Disciplines et num\u00e9rique\u00a0: des influences r\u00e9ciproques. In P. Cottier, F. Burban (dir.), <em>Le lyc\u00e9e en r\u00e9gime num\u00e9rique<\/em>. <em>Usages et compositions des acteurs<\/em>. (pp. 82-95). Toulouse : Octares.<\/p>\n<p>Harl\u00e9, I. &amp; Lan\u00e9elle, X. (2015). Exp\u00e9rimentations en Sciences de l&rsquo;ing\u00e9nieur et interdisciplinarit\u00e9\u00a0: obstacles et ressources. In J. Lebeaume et A. Hasni (dir.), <em>\u00c9ducation technologique et sciences de l&rsquo;ing\u00e9nieur\u00a0: Regards sur les curricula et les pratiques<\/em>. (pp. 99-108). Lille\u00a0: Presses Universitaires du Septentrion.<\/p>\n<p>Harl\u00e9, I. &amp; Josso, A. (2014). Les \u00e9valuations nationales \u00e0 l&rsquo;\u00e9cole primaire et la professionnalit\u00e9 enseignante\u00a0: adaptations et strat\u00e9gies des acteurs. In T. Perez-Roux et A. Balleux (dir.), <em>Mutations dans l&rsquo;enseignement et la formation\u00a0: brouillages identitaires et strat\u00e9gies d&rsquo;acteurs<\/em>. (pp. 191-208). Paris\u00a0: L&rsquo;Harmattan.<\/p>\n\t\t\t\tPT\n\t\t\t\t\t\t\t<p><strong>Publications de transfert.<\/strong><\/p>\n\t\t\t\tBRE\n\t\t\t\t\t\t\t<p><strong>Brevets<\/strong><\/p>\n\t\t\t\tC-INV\n\t\t\t\t\t\t\t<p><strong>Conf\u00e9rences donn\u00e9es \u00e0 l&rsquo;invitation du Comit\u00e9 d&rsquo;organisation dans un congr\u00e8s national ou international.<\/strong><\/p>\n\t\t\t\tC-ACTI\n\t\t\t\t\t\t\t<p><strong>Communications avec actes dans un congr\u00e8s international.<\/strong><\/p>\n\t\t\t\tC-ACTN\n\t\t\t\t\t\t\t<p><strong>Communications avec actes dans un congr\u00e8s national.<\/strong><\/p>\n\t\t\t\tC-COM\n\t\t\t\t\t\t\t<p><strong>Communications orales sans actes dans un congr\u00e8s international ou national.<\/strong><\/p>\n<p>Harl\u00e9, I. (2019). <em>Curriculum\u00a0: comment, quelle organisation et quelle coh\u00e9rence d&rsquo;ensemble\u00a0? table ronde.<\/em> Journ\u00e9e d&rsquo;\u00e9tude Le curriculum en France\u00a0: quelles actualit\u00e9s, quelles perspectives\u00a0? Universit\u00e9 de Paris Descartes, 31 janvier.<\/p>\n<p>Harl\u00e9, I. (2018), <em>La recherche sociologique en ESPE\u00a0: pourquoi proposer aux \u00e9tudiants une d\u00e9marche compr\u00e9hensive\u00a0?<\/em> Journ\u00e9e d&rsquo;\u00e9tude\u00a0L&rsquo;enseignement de la sociologie en ESPE\u00a0: contextes, objectifs, effets, ESPE d&rsquo;Aquitaine, M\u00e9rignac, 14-15 juin.<\/p>\n<p>Harl\u00e9, I. (2016, juillet). <em>Construction et transmission des curricula\u00a0: l&rsquo;\u00e9volution de la recherche vers des approches crois\u00e9es\u00a0?<\/em> Symposium\u00a0: A quelles questions cherchons-nous des r\u00e9ponses&#8230;. \u00e0 propos du champ des curricula\u00a0? (Roger-Fran\u00e7ois Gautier, Jo\u00ebl Lebaume). Congr\u00e8s AREF, Universit\u00e9 de Mons, 4-7 juillet<\/p>\n<p>Harl\u00e9, I. &amp; Jeannin, M. (2016, janvier),<em> Culture(s) et r\u00e9forme des rythmes scolaires\u00a0: le pari de la mobilit\u00e9\u00a0?<\/em> Ecole, animation, culture\u00a0: quand les rythmes scolaires interrogent les territoires et les partenariats, Colloque ISIAT, LACES, Universit\u00e9 de Bordeaux, 25-26 janvier.<strong>\u00a0<\/strong><\/p>\n<p>Harl\u00e9, I. Jeannin, M., et Levrard, S. (2015, juillet), <em>Coop\u00e9rer au rythme de l&rsquo;\u00e9cole\u00a0: Les acteurs \u00e9ducatifs au d\u00e9fi de l&rsquo;ouverture culturelle<\/em>, Biennale 2015 \u00ab\u00a0coop\u00e9rer\u00a0?\u00a0\u00bb, CNAM, Paris, 30 juin-3 juillet.<\/p>\n<p>Harl\u00e9, I. &amp; Jeannin, M. (2015), <em>Des enseignements sans discipline\u00a0? Le regard de la sociologie et de la litt\u00e9rature sur l&rsquo;\u00e9ducation morale et civique et l&rsquo;\u00e9ducation \u00e0 l&rsquo;interculturalit\u00e9<\/em>, Le Printemps de la recherche en ESPE, premier colloque du r\u00e9seau nationale des ESPE Recherches en \u00e9ducation, recherches sur la professionnalisation, Consensus et dissensus, Paris, 23 mars.<\/p>\n\t\t\t\tC-AFF\n\t\t\t\t\t\t\t<p><strong>Communications par affiche dans un congr\u00e8s international ou national.<\/strong><\/p>\n\t\t\t\tDO\n\t\t\t\t\t\t\t<p><strong>Directions d&rsquo;ouvrages ou de revues.<\/strong><\/p>\n\t\t\t\tOR\n\t\t\t\t\t\t\t<p><strong>Outils de recherche (bases de donn\u00e9es, corpus de recherche&#8230;).<\/strong><\/p>\n\t\t\t\tPV\n\t\t\t\t\t\t\t<p><strong>Publications de vulgarisation.<\/strong><\/p>\n\t\t\t\tPAT\n\t\t\t\t\t\t\t<p><strong>Productions artistiques th\u00e9oris\u00e9es (compositions musicales, cin\u00e9matographiques, expositions, installations&#8230;).<\/strong><\/p>\n\t\t\t\tAP\n\t\t\t\t\t\t\t<p><strong>Autres productions. Bases de donn\u00e9es, logiciels enregistr\u00e9s, comptes rendus d&rsquo;ouvrages, rapports de fouilles, guides techniques, catalogues d&rsquo;exposition, rapports interm\u00e9diaires de grands projets internationaux, etc.<\/strong><\/p>\n\t\t\t\tTH\n\t\t\t\t\t\t\t<p><strong>Th\u00e8ses de doctorat<\/strong><\/p>\n\t\t\t<a href=\"#\" id=\"fl-accordion--label-0\" tabindex=\"0\" aria-controls=\"fl-accordion--panel-0\">Programmes de recherche<\/a>\n\t\t\t\t\t\t\t<a href=\"#\" id=\"fl-accordion--icon-0\" tabindex=\"0\" aria-controls=\"fl-accordion--panel-0\"><i>Expand<\/i><\/a>\n\t\t\t<a href=\"#\" id=\"fl-accordion--label-1\" tabindex=\"0\" aria-controls=\"fl-accordion--panel-1\">Enseignements et Formations<\/a>\n\t\t\t\t\t\t\t<a href=\"#\" id=\"fl-accordion--icon-1\" tabindex=\"0\" aria-controls=\"fl-accordion--panel-1\"><i>Expand<\/i><\/a>\n\t\t\t<a href=\"#\" id=\"fl-accordion--label-2\" tabindex=\"0\" aria-controls=\"fl-accordion--panel-2\">Autres activit\u00e9s<\/a>\n\t\t\t\t\t\t\t<a href=\"#\" id=\"fl-accordion--icon-2\" tabindex=\"0\" aria-controls=\"fl-accordion--panel-2\"><i>Expand<\/i><\/a>\n\t\t<p>Groupe de Recherche sur la D\u00e9mocratisation Scolaire (GRDS)<\/p>\n<p>Association Transdisciplinaire pour les Recherches Historiques en Education (ATRHE)<\/p>\n\n","protected":false},"excerpt":{"rendered":"<p>Identit\u00e9 Isabelle HARL\u00c9 PU Adresse : INSPE Normandie Caen 186 rue de la D\u00e9livrande 14032 CAEN CEDEX T\u00e9l : Email : isabelle.harle@unicaen.fr CV : Mots-cl\u00e9s Sociologie du curriculum, socio-histoire des disciplines, r\u00e9formes des programmes scolaires, innovations curriculaires Pr\u00e9sentation Collapse Je suis sociologue, Professeur des Universit\u00e9s en Sciences de l&rsquo;Education depuis le 1er septembre 2019. J&rsquo;interviens &hellip;<\/p>\n<p class=\"read-more\"> <a class=\"\" href=\"https:\/\/cirnef.normandie-univ.fr\/?page_id=1382\"> <span class=\"screen-reader-text\">Isabelle HARL\u00c9<\/span> Lire la suite \u00bb<\/a><\/p>\n","protected":false},"author":23,"featured_media":0,"parent":0,"menu_order":0,"comment_status":"closed","ping_status":"closed","template":"","meta":{"site-sidebar-layout":"default","site-content-layout":"default","ast-global-header-display":"","ast-main-header-display":"","ast-hfb-above-header-display":"","ast-hfb-below-header-display":"","ast-hfb-mobile-header-display":"","site-post-title":"","ast-breadcrumbs-content":"","ast-featured-img":"","footer-sml-layout":"","theme-transparent-header-meta":"","adv-header-id-meta":"","stick-header-meta":"","header-above-stick-meta":"","header-main-stick-meta":"","header-below-stick-meta":"","footnotes":""},"coauthors":[],"class_list":["post-1382","page","type-page","status-publish","hentry"],"_links":{"self":[{"href":"https:\/\/cirnef.normandie-univ.fr\/index.php?rest_route=\/wp\/v2\/pages\/1382","targetHints":{"allow":["GET"]}}],"collection":[{"href":"https:\/\/cirnef.normandie-univ.fr\/index.php?rest_route=\/wp\/v2\/pages"}],"about":[{"href":"https:\/\/cirnef.normandie-univ.fr\/index.php?rest_route=\/wp\/v2\/types\/page"}],"author":[{"embeddable":true,"href":"https:\/\/cirnef.normandie-univ.fr\/index.php?rest_route=\/wp\/v2\/users\/23"}],"replies":[{"embeddable":true,"href":"https:\/\/cirnef.normandie-univ.fr\/index.php?rest_route=%2Fwp%2Fv2%2Fcomments&post=1382"}],"version-history":[{"count":1,"href":"https:\/\/cirnef.normandie-univ.fr\/index.php?rest_route=\/wp\/v2\/pages\/1382\/revisions"}],"predecessor-version":[{"id":7744,"href":"https:\/\/cirnef.normandie-univ.fr\/index.php?rest_route=\/wp\/v2\/pages\/1382\/revisions\/7744"}],"wp:attachment":[{"href":"https:\/\/cirnef.normandie-univ.fr\/index.php?rest_route=%2Fwp%2Fv2%2Fmedia&parent=1382"}],"wp:term":[{"taxonomy":"author","embeddable":true,"href":"https:\/\/cirnef.normandie-univ.fr\/index.php?rest_route=%2Fwp%2Fv2%2Fcoauthors&post=1382"}],"curies":[{"name":"wp","href":"https:\/\/api.w.org\/{rel}","templated":true}]}}